{"id":2342,"date":"2025-07-22T04:01:03","date_gmt":"2025-07-22T04:01:03","guid":{"rendered":"https:\/\/www.linkceramics.com\/?post_type=product&#038;p=2342"},"modified":"2025-07-22T04:01:05","modified_gmt":"2025-07-22T04:01:05","slug":"teapots-wholesale","status":"publish","type":"product","link":"https:\/\/www.linkceramics.com\/fr\/product\/teapots-wholesale\/","title":{"rendered":"Solecasa 1.5L Th\u00e9i\u00e8res en porcelaine Grossiste, Boissons en vrac"},"content":{"rendered":"<div class=\"wp-block-columns is-layout-flex wp-container-core-columns-is-layout-9d6595d7 wp-block-columns-is-layout-flex\">\n<div class=\"wp-block-column is-layout-flow wp-block-column-is-layout-flow\" style=\"flex-basis:50%\">\n<h3 class=\"wp-block-heading\">Th\u00e9i\u00e8res en porcelaine de qualit\u00e9 sup\u00e9rieure Caract\u00e9ristiques :<\/h3>\n\n\n\n<ul class=\"wp-block-list\">\n<li><strong>Motif classique bleu et blanc :<\/strong> Nos th\u00e9i\u00e8res en c\u00e9ramique adoptent le motif classique bleu et blanc comme style de conception, \u00e0 la fois \u00e9l\u00e9gant et g\u00e9n\u00e9reux, montrant une forte saveur culturelle traditionnelle, fournissant une saveur artistique pour le d\u00eener ou le th\u00e9 de l'apr\u00e8s-midi.<\/li>\n\n\n\n<li><strong>Mat\u00e9riau en porcelaine de haute qualit\u00e9 :<\/strong> La porcelaine de haute qualit\u00e9 utilis\u00e9e pour la fabrication de nos articles de restauration garantit la solidit\u00e9 et la durabilit\u00e9 de chaque th\u00e9i\u00e8re, qui peut r\u00e9sister \u00e0 des temp\u00e9ratures \u00e9lev\u00e9es sans se d\u00e9former et se nettoyer facilement, tout en conservant sa beaut\u00e9 et sa valeur d'utilisation \u00e0 long terme.<\/li>\n\n\n\n<li><strong>Option LOGO personnalis\u00e9 : <\/strong>Nous proposons un service de LOGO personnalis\u00e9 pour les th\u00e9i\u00e8res en gros, qui convient \u00e0 la promotion de la marque, aux activit\u00e9s d'entreprise, aux h\u00f4tels ou aux restaurants et \u00e0 d'autres lieux. Les th\u00e9i\u00e8res portant le logo d'une marque personnalis\u00e9e peuvent am\u00e9liorer efficacement l'image de l'entreprise.<\/li>\n\n\n\n<li><strong>Conception \u00e0 grande capacit\u00e9 : <\/strong>Cette th\u00e9i\u00e8re d'une capacit\u00e9 de 1,5 litre convient pour les r\u00e9unions de famille, les go\u00fbters ou les occasions commerciales.<\/li>\n\n\n\n<li><strong>Applicable \u00e0 de multiples occasions :<\/strong> Qu'il s'agisse d'une utilisation quotidienne \u00e0 la maison, dans les h\u00f4tels, les restaurants, les bureaux, ou comme cadeaux d'affaires ou souvenirs personnalis\u00e9s, ces th\u00e9i\u00e8res en porcelaine en gros s'int\u00e8grent parfaitement dans divers environnements.<\/li>\n<\/ul>\n<\/div>\n\n\n\n<div class=\"wp-block-column is-layout-flow wp-block-column-is-layout-flow\" style=\"flex-basis:50%\">\n<figure class=\"wp-block-image size-full\"><img decoding=\"async\" width=\"426\" height=\"426\" src=\"https:\/\/www.linkceramics.com\/wp-content\/uploads\/2025\/07\/Solecasa-Porcelain-Teapots-Wholesale-Custom-Logo-Drinkware-3.webp\" alt=\"Solecasa-Porcelaine-Th\u00e9i\u00e8res-Commerce de gros-Logo-Vinces \u00e0 boire personnalis\u00e9es-3\" class=\"wp-image-2345\" srcset=\"https:\/\/www.linkceramics.com\/wp-content\/uploads\/2025\/07\/Solecasa-Porcelain-Teapots-Wholesale-Custom-Logo-Drinkware-3.webp 426w, https:\/\/www.linkceramics.com\/wp-content\/uploads\/2025\/07\/Solecasa-Porcelain-Teapots-Wholesale-Custom-Logo-Drinkware-3-300x300.webp 300w, https:\/\/www.linkceramics.com\/wp-content\/uploads\/2025\/07\/Solecasa-Porcelain-Teapots-Wholesale-Custom-Logo-Drinkware-3-150x150.webp 150w, https:\/\/www.linkceramics.com\/wp-content\/uploads\/2025\/07\/Solecasa-Porcelain-Teapots-Wholesale-Custom-Logo-Drinkware-3-12x12.webp 12w, https:\/\/www.linkceramics.com\/wp-content\/uploads\/2025\/07\/Solecasa-Porcelain-Teapots-Wholesale-Custom-Logo-Drinkware-3-100x100.webp 100w\" sizes=\"(max-width: 426px) 100vw, 426px\" \/><\/figure>\n<\/div>\n<\/div>","protected":false},"excerpt":{"rendered":"<div id=\"brxe-0ee1ca\" class=\"brxe-product-meta product_meta\">\n<p>Bienvenue sur le site d'achat de vaisselle de restaurant. Nos th\u00e9i\u00e8res en c\u00e9ramique \u00e0 motif floral sont fabriqu\u00e9es dans un style \u00e9l\u00e9gant et des couleurs pures, avec des styles \u00e0 la fois classiques et modernes, et conviennent \u00e0 tous les types de sc\u00e8nes de repas.<\/p>\n<\/div>\n<div id=\"brxe-8c5ca9\" class=\"brxe-product-short-description\">\n<div class=\"woocommerce-product-details__short-description\">\n<h2>Th\u00e9i\u00e8res en gros Sp\u00e9cifications :<\/h2>\n<table border=\"0\" width=\"370\" cellspacing=\"0\" cellpadding=\"0\">\n<tbody>\n<tr>\n<td width=\"139\" height=\"18\">Fabricant<\/td>\n<td width=\"231\">SOLECASA<\/td>\n<\/tr>\n<tr>\n<td width=\"139\" height=\"18\">Collection Appartenance<\/td>\n<td width=\"231\">Bleu gamma<\/td>\n<\/tr>\n<tr>\n<td width=\"139\" height=\"18\">Type de produit<\/td>\n<td width=\"231\">Th\u00e9i\u00e8re de 1,3 L \u00e0 gla\u00e7ure<\/td>\n<\/tr>\n<tr>\n<td width=\"139\" height=\"18\">Num\u00e9ro de mod\u00e8le<\/td>\n<td width=\"231\">BD006F03540-XB<\/td>\n<\/tr>\n<tr>\n<td width=\"139\" height=\"18\">Mat\u00e9riau<\/td>\n<td width=\"231\">Porcelaine<\/td>\n<\/tr>\n<tr>\n<td width=\"139\" height=\"18\">Dimension<\/td>\n<td width=\"231\">1.3L<\/td>\n<\/tr>\n<tr>\n<td width=\"139\" height=\"18\">MOQ<\/td>\n<td width=\"231\">Faible MOQ<\/td>\n<\/tr>\n<tr>\n<td width=\"139\" height=\"18\">\u00c9chantillon gratuit<\/td>\n<td width=\"231\">Disponible<\/td>\n<\/tr>\n<tr>\n<td width=\"139\" height=\"18\">Option personnalis\u00e9e<\/td>\n<td width=\"231\">Couleur\/Taille\/Glaze\/Logo\/Emballage<\/td>\n<\/tr>\n<\/tbody>\n<\/table>\n<\/div>\n<\/div>","protected":false},"featured_media":2343,"comment_status":"open","ping_status":"closed","template":"","meta":{"_acf_changed":true},"certification":[63,64,66,58,65,61,60,62,57],"product_brand":[],"product_cat":[19,34],"product_tag":[],"class_list":{"0":"post-2342","1":"product","2":"type-product","3":"status-publish","4":"has-post-thumbnail","6":"certification-amfori","7":"certification-bsci","8":"certification-cnas","9":"certification-fda","10":"certification-iaf","11":"certification-iso-14001","12":"certification-iso-45001","13":"certification-iso-9001","14":"certification-lfgb","15":"product_cat-ceramic-tea-set-wholesale","16":"product_cat-custom-household-ceramics","18":"first","19":"instock","20":"shipping-taxable","21":"product-type-simple"},"acf":[],"_links":{"self":[{"href":"https:\/\/www.linkceramics.com\/fr\/wp-json\/wp\/v2\/product\/2342","targetHints":{"allow":["GET"]}}],"collection":[{"href":"https:\/\/www.linkceramics.com\/fr\/wp-json\/wp\/v2\/product"}],"about":[{"href":"https:\/\/www.linkceramics.com\/fr\/wp-json\/wp\/v2\/types\/product"}],"replies":[{"embeddable":true,"href":"https:\/\/www.linkceramics.com\/fr\/wp-json\/wp\/v2\/comments?post=2342"}],"wp:featuredmedia":[{"embeddable":true,"href":"https:\/\/www.linkceramics.com\/fr\/wp-json\/wp\/v2\/media\/2343"}],"wp:attachment":[{"href":"https:\/\/www.linkceramics.com\/fr\/wp-json\/wp\/v2\/media?parent=2342"}],"wp:term":[{"taxonomy":"certification","embeddable":true,"href":"https:\/\/www.linkceramics.com\/fr\/wp-json\/wp\/v2\/certification?post=2342"},{"taxonomy":"product_brand","embeddable":true,"href":"https:\/\/www.linkceramics.com\/fr\/wp-json\/wp\/v2\/product_brand?post=2342"},{"taxonomy":"product_cat","embeddable":true,"href":"https:\/\/www.linkceramics.com\/fr\/wp-json\/wp\/v2\/product_cat?post=2342"},{"taxonomy":"product_tag","embeddable":true,"href":"https:\/\/www.linkceramics.com\/fr\/wp-json\/wp\/v2\/product_tag?post=2342"}],"curies":[{"name":"wp","href":"https:\/\/api.w.org\/{rel}","templated":true}]}}