{"id":2346,"date":"2025-07-22T04:11:46","date_gmt":"2025-07-22T04:11:46","guid":{"rendered":"https:\/\/www.linkceramics.com\/?post_type=product&#038;p=2346"},"modified":"2025-08-04T06:50:32","modified_gmt":"2025-08-04T06:50:32","slug":"wholesale-dinnerware","status":"publish","type":"product","link":"https:\/\/www.linkceramics.com\/fr\/product\/wholesale-dinnerware\/","title":{"rendered":"Assiettes, bols et tasses Rustic Vintage Wholesale Dinnerware"},"content":{"rendered":"<div class=\"wp-block-columns is-layout-flex wp-container-core-columns-is-layout-9d6595d7 wp-block-columns-is-layout-flex\">\n<div class=\"wp-block-column is-layout-flow wp-block-column-is-layout-flow\" style=\"flex-basis:50%\">\n<h3 class=\"wp-block-heading\">Premium Rustic Vintage Wholesale Dinnerware Caract\u00e9ristiques :<\/h3>\n\n\n\n<ul class=\"wp-block-list\">\n<li><strong>Design pastoral r\u00e9tro :<\/strong> Le design de ce service de vaisselle en gros s'inspire des c\u00e9ramiques polonaises traditionnelles. Le motif floral est chaleureux et naturel, ajoutant au style de la table.<\/li>\n\n\n\n<li><strong>Combinaisons multiples :<\/strong> Ce set de vaisselle en vrac contient des assiettes, des bols, des tasses et d'autres types d'ustensiles pour r\u00e9pondre \u00e0 diff\u00e9rents besoins.<\/li>\n\n\n\n<li><strong>Cuisson \u00e0 haute temp\u00e9rature, s\u00fbre et durable :<\/strong> Notre vaisselle en gros adopte une technologie d'\u00e9maillage \u00e0 haute temp\u00e9rature, qui ne se d\u00e9colore pas facilement, r\u00e9siste aux rayures et \u00e0 la chaleur, et convient \u00e0 un usage quotidien.<\/li>\n\n\n\n<li><strong>Applicable \u00e0 un grand nombre de sc\u00e9narios :<\/strong> Qu'il s'agisse d'un d\u00eener familial, d'un festival, d'un caf\u00e9 ou d'un restaurant, notre vaisselle de style r\u00e9tro en vrac s'int\u00e8gre parfaitement.<\/li>\n\n\n\n<li><strong>Prise en charge de la vente en gros et de la personnalisation<\/strong>: Nous proposons des services de vente en gros de vaisselle en gros et pouvons personnaliser les motifs, les logos et l'emballage pour r\u00e9pondre aux besoins d'approvisionnement des marques ou des projets.<\/li>\n<\/ul>\n<\/div>\n\n\n\n<div class=\"wp-block-column is-layout-flow wp-block-column-is-layout-flow\" style=\"flex-basis:50%\">\n<figure class=\"wp-block-image size-full\"><img decoding=\"async\" width=\"800\" height=\"800\" src=\"https:\/\/www.linkceramics.com\/wp-content\/uploads\/2025\/07\/Rustic-Vintage-Wholesale-Dinnerware-Plate-Bowl-Cup-Sets-3.webp\" alt=\"Rustic-Vintage-Wholesale-Dinnerware-Plate-Bowl-Cup-Sets-3\" class=\"wp-image-2348\" srcset=\"https:\/\/www.linkceramics.com\/wp-content\/uploads\/2025\/07\/Rustic-Vintage-Wholesale-Dinnerware-Plate-Bowl-Cup-Sets-3.webp 800w, https:\/\/www.linkceramics.com\/wp-content\/uploads\/2025\/07\/Rustic-Vintage-Wholesale-Dinnerware-Plate-Bowl-Cup-Sets-3-300x300.webp 300w, https:\/\/www.linkceramics.com\/wp-content\/uploads\/2025\/07\/Rustic-Vintage-Wholesale-Dinnerware-Plate-Bowl-Cup-Sets-3-150x150.webp 150w, https:\/\/www.linkceramics.com\/wp-content\/uploads\/2025\/07\/Rustic-Vintage-Wholesale-Dinnerware-Plate-Bowl-Cup-Sets-3-768x768.webp 768w, https:\/\/www.linkceramics.com\/wp-content\/uploads\/2025\/07\/Rustic-Vintage-Wholesale-Dinnerware-Plate-Bowl-Cup-Sets-3-12x12.webp 12w, https:\/\/www.linkceramics.com\/wp-content\/uploads\/2025\/07\/Rustic-Vintage-Wholesale-Dinnerware-Plate-Bowl-Cup-Sets-3-600x600.webp 600w, https:\/\/www.linkceramics.com\/wp-content\/uploads\/2025\/07\/Rustic-Vintage-Wholesale-Dinnerware-Plate-Bowl-Cup-Sets-3-100x100.webp 100w\" sizes=\"(max-width: 800px) 100vw, 800px\" \/><\/figure>\n<\/div>\n<\/div>","protected":false},"excerpt":{"rendered":"<div id=\"brxe-0ee1ca\" class=\"brxe-product-meta product_meta\">\n<p>Bienvenue dans l'achat de vaisselle en gros. Cet ensemble de vaisselle en vrac de style r\u00e9tro a une base en porcelaine blanche laiteuse avec des motifs floraux et des contours bleus, ce qui est frais et naturel. Il comprend des assiettes, des bols, des tasses et d'autres types d'ustensiles, adapt\u00e9s aux sc\u00e8nes domestiques ou commerciales.<\/p>\n<\/div>\n<div id=\"brxe-8c5ca9\" class=\"brxe-product-short-description\">\n<div class=\"woocommerce-product-details__short-description\">\n<h2>Vaisselle rustique vintage en gros Sp\u00e9cifications :<\/h2>\n<table border=\"0\" width=\"370\" cellspacing=\"0\" cellpadding=\"0\">\n<tbody>\n<tr>\n<td width=\"139\" height=\"18\">Fabricant<\/td>\n<td width=\"231\">SOLECASA<\/td>\n<\/tr>\n<tr>\n<td width=\"139\" height=\"18\">Nom de la collection<\/td>\n<td width=\"231\">Breloque en porcelaine polonaise<\/td>\n<\/tr>\n<tr>\n<td width=\"139\" height=\"18\">Produits inclus<\/td>\n<td width=\"231\">Assiette, bol, tasse et soucoupe, cuill\u00e8re<\/td>\n<\/tr>\n<tr>\n<td width=\"139\" height=\"18\">Mat\u00e9riau<\/td>\n<td width=\"231\">Porcelaine<\/td>\n<\/tr>\n<tr>\n<td width=\"139\" height=\"18\">Paquet<\/td>\n<td width=\"231\">Emballage en vrac<\/td>\n<\/tr>\n<tr>\n<td width=\"139\" height=\"18\">Unit\u00e9s de vente<\/td>\n<td width=\"231\">Article unique<\/td>\n<\/tr>\n<tr>\n<td width=\"139\" height=\"18\">MOQ<\/td>\n<td width=\"231\">Faible MOQ<\/td>\n<\/tr>\n<tr>\n<td width=\"139\" height=\"18\">\u00c9chantillon gratuit<\/td>\n<td width=\"231\">Disponible<\/td>\n<\/tr>\n<tr>\n<td width=\"139\" height=\"18\">Option personnalis\u00e9e<\/td>\n<td width=\"231\">Couleur\/Taille\/Glaze\/Logo\/Emballage<\/td>\n<\/tr>\n<\/tbody>\n<\/table>\n<p><\/div>\n<\/div>\n<p>\n<script src=\"chrome-extension:\/\/fpelahbljekknahkcaegamhcndkfpfnc\/iFrame.js\" type=\"text\/javascript\"><\/script><\/p>","protected":false},"featured_media":2350,"comment_status":"open","ping_status":"closed","template":"","meta":{"_acf_changed":false},"certification":[63,64,66,58,65,61,60,62,57],"product_brand":[],"product_cat":[34,18],"product_tag":[],"class_list":{"0":"post-2346","1":"product","2":"type-product","3":"status-publish","4":"has-post-thumbnail","6":"certification-amfori","7":"certification-bsci","8":"certification-cnas","9":"certification-fda","10":"certification-iaf","11":"certification-iso-14001","12":"certification-iso-45001","13":"certification-iso-9001","14":"certification-lfgb","15":"product_cat-custom-household-ceramics","16":"product_cat-ceramic-tableware-wholesale","18":"first","19":"instock","20":"shipping-taxable","21":"product-type-simple"},"acf":[],"_links":{"self":[{"href":"https:\/\/www.linkceramics.com\/fr\/wp-json\/wp\/v2\/product\/2346","targetHints":{"allow":["GET"]}}],"collection":[{"href":"https:\/\/www.linkceramics.com\/fr\/wp-json\/wp\/v2\/product"}],"about":[{"href":"https:\/\/www.linkceramics.com\/fr\/wp-json\/wp\/v2\/types\/product"}],"replies":[{"embeddable":true,"href":"https:\/\/www.linkceramics.com\/fr\/wp-json\/wp\/v2\/comments?post=2346"}],"wp:featuredmedia":[{"embeddable":true,"href":"https:\/\/www.linkceramics.com\/fr\/wp-json\/wp\/v2\/media\/2350"}],"wp:attachment":[{"href":"https:\/\/www.linkceramics.com\/fr\/wp-json\/wp\/v2\/media?parent=2346"}],"wp:term":[{"taxonomy":"certification","embeddable":true,"href":"https:\/\/www.linkceramics.com\/fr\/wp-json\/wp\/v2\/certification?post=2346"},{"taxonomy":"product_brand","embeddable":true,"href":"https:\/\/www.linkceramics.com\/fr\/wp-json\/wp\/v2\/product_brand?post=2346"},{"taxonomy":"product_cat","embeddable":true,"href":"https:\/\/www.linkceramics.com\/fr\/wp-json\/wp\/v2\/product_cat?post=2346"},{"taxonomy":"product_tag","embeddable":true,"href":"https:\/\/www.linkceramics.com\/fr\/wp-json\/wp\/v2\/product_tag?post=2346"}],"curies":[{"name":"wp","href":"https:\/\/api.w.org\/{rel}","templated":true}]}}