{"id":2403,"date":"2025-07-28T04:18:12","date_gmt":"2025-07-28T04:18:12","guid":{"rendered":"https:\/\/www.linkceramics.com\/?post_type=product&#038;p=2403"},"modified":"2025-07-28T04:18:14","modified_gmt":"2025-07-28T04:18:14","slug":"wholesale-wall-hung-toilets","status":"publish","type":"product","link":"https:\/\/www.linkceramics.com\/fr\/product\/wholesale-wall-hung-toilets\/","title":{"rendered":"Wholesale Wall Hung Toilets, Ceramic Toilet for Bathroom Bulk (Toilette en c\u00e9ramique pour salle de bain en vrac)"},"content":{"rendered":"<div class=\"wp-block-columns is-layout-flex wp-container-core-columns-is-layout-9d6595d7 wp-block-columns-is-layout-flex\">\n<div class=\"wp-block-column is-layout-flow wp-block-column-is-layout-flow\" style=\"flex-basis:50%\">\n<h3 class=\"wp-block-heading\">Toilettes suspendues en gros Caract\u00e9ristiques\uff1a<\/h3>\n\n\n\n<ul class=\"wp-block-list\">\n<li><strong>Conception murale :<\/strong> Les toilettes en c\u00e9ramique personnalis\u00e9es sont mont\u00e9es au mur pour lib\u00e9rer de l'espace au sol, ce qui convient particuli\u00e8rement aux salles de bains modernes et compactes.<\/li>\n\n\n\n<li><strong>Aspect \u00e9l\u00e9gant et simple : <\/strong>Les toilettes suspendues en gros de forme carr\u00e9e sont assorties de coins arrondis pour am\u00e9liorer l'espace global de la salle de bains.<\/li>\n\n\n\n<li><strong>C\u00e9ramiques cuites \u00e0 haute temp\u00e9rature : <\/strong>Les toilettes suspendues en gros sont en c\u00e9ramique de haute qualit\u00e9, l'\u00e9mail est lisse et n'a pas tendance \u00e0 cacher la salet\u00e9, ce qui facilite le nettoyage.<\/li>\n\n\n\n<li><strong>Syst\u00e8me de rin\u00e7age \u00e0 faible consommation d'eau :<\/strong> Il adopte un syst\u00e8me de chasse d'eau \u00e0 haut rendement, avec une force de chasse \u00e9lev\u00e9e et une faible consommation d'eau, et fournit des solutions de salle de bains \u00e9cologiques et \u00e9conomes en \u00e9nergie.<\/li>\n\n\n\n<li><strong>Des solutions flexibles et personnalis\u00e9es :<\/strong> La taille des toilettes, l'arriv\u00e9e d'eau, le syst\u00e8me d'\u00e9vacuation et la hauteur de suspension peuvent \u00eatre personnalis\u00e9s en fonction des diff\u00e9rentes conditions d'installation et peuvent s'adapter aux diff\u00e9rentes conditions de construction.<\/li>\n<\/ul>\n<\/div>\n\n\n\n<div class=\"wp-block-column is-layout-flow wp-block-column-is-layout-flow\" style=\"flex-basis:50%\">\n<figure class=\"wp-block-image size-full\"><img decoding=\"async\" width=\"827\" height=\"827\" src=\"https:\/\/www.linkceramics.com\/wp-content\/uploads\/2025\/07\/wholesale-wall-hung-toilets-ceramic-toilet-for-bathroom-bulk-1.webp\" alt=\"wholesale-wall-hung-toilets-ceramic-toiletteries-pour-salle-de-bain-bulk-1\" class=\"wp-image-2404\" srcset=\"https:\/\/www.linkceramics.com\/wp-content\/uploads\/2025\/07\/wholesale-wall-hung-toilets-ceramic-toilet-for-bathroom-bulk-1.webp 827w, https:\/\/www.linkceramics.com\/wp-content\/uploads\/2025\/07\/wholesale-wall-hung-toilets-ceramic-toilet-for-bathroom-bulk-1-300x300.webp 300w, https:\/\/www.linkceramics.com\/wp-content\/uploads\/2025\/07\/wholesale-wall-hung-toilets-ceramic-toilet-for-bathroom-bulk-1-150x150.webp 150w, https:\/\/www.linkceramics.com\/wp-content\/uploads\/2025\/07\/wholesale-wall-hung-toilets-ceramic-toilet-for-bathroom-bulk-1-768x768.webp 768w, https:\/\/www.linkceramics.com\/wp-content\/uploads\/2025\/07\/wholesale-wall-hung-toilets-ceramic-toilet-for-bathroom-bulk-1-12x12.webp 12w, https:\/\/www.linkceramics.com\/wp-content\/uploads\/2025\/07\/wholesale-wall-hung-toilets-ceramic-toilet-for-bathroom-bulk-1-600x600.webp 600w, https:\/\/www.linkceramics.com\/wp-content\/uploads\/2025\/07\/wholesale-wall-hung-toilets-ceramic-toilet-for-bathroom-bulk-1-100x100.webp 100w\" sizes=\"(max-width: 827px) 100vw, 827px\" \/><\/figure>\n<\/div>\n<\/div>","protected":false},"excerpt":{"rendered":"<div id=\"brxe-0ee1ca\" class=\"brxe-product-meta product_meta\">\n<div id=\"brxe-0ee1ca\" class=\"brxe-product-meta product_meta\">\n<p>Toilettes suspendues en gros pour les salles de bains haut de gamme. Mat\u00e9riau en c\u00e9ramique blanche, durable et facile \u00e0 nettoyer. Nous fournissons des solutions compl\u00e8tes en mati\u00e8re d'articles sanitaires pour la salle de bains, y compris des vanit\u00e9s de salle de bains. N'h\u00e9sitez pas \u00e0 nous contacter pour un devis !<\/p>\n<h2>Toilettes suspendues en gros Attributs\uff1a<\/h2>\n<p>Num\u00e9ro d'article:SYT250301<br \/>Mat\u00e9riau : C\u00e9ramique<br \/>Couleur : blanc<br \/>Dimensions (L\u00d7L\u00d7H) : 52x36x35 cm<br \/>Poids brut : 15kg\/PCS<br \/>OEM et ODM : pris en charge<\/p>\n<p>&nbsp;<\/p>\n<\/div>\n<\/div>\n<p>\n<script src=\"chrome-extension:\/\/fpelahbljekknahkcaegamhcndkfpfnc\/iFrame.js\" type=\"text\/javascript\"><\/script><\/p>","protected":false},"featured_media":2404,"comment_status":"open","ping_status":"closed","template":"","meta":{"_acf_changed":false},"certification":[59,61,60,62],"product_brand":[],"product_cat":[35,36],"product_tag":[],"class_list":{"0":"post-2403","1":"product","2":"type-product","3":"status-publish","4":"has-post-thumbnail","6":"certification-ce","7":"certification-iso-14001","8":"certification-iso-45001","9":"certification-iso-9001","10":"product_cat-bathroom-ceramics-supply","11":"product_cat-ceramic-toilet-wholesale","13":"first","14":"instock","15":"shipping-taxable","16":"product-type-simple"},"acf":[],"_links":{"self":[{"href":"https:\/\/www.linkceramics.com\/fr\/wp-json\/wp\/v2\/product\/2403","targetHints":{"allow":["GET"]}}],"collection":[{"href":"https:\/\/www.linkceramics.com\/fr\/wp-json\/wp\/v2\/product"}],"about":[{"href":"https:\/\/www.linkceramics.com\/fr\/wp-json\/wp\/v2\/types\/product"}],"replies":[{"embeddable":true,"href":"https:\/\/www.linkceramics.com\/fr\/wp-json\/wp\/v2\/comments?post=2403"}],"wp:featuredmedia":[{"embeddable":true,"href":"https:\/\/www.linkceramics.com\/fr\/wp-json\/wp\/v2\/media\/2404"}],"wp:attachment":[{"href":"https:\/\/www.linkceramics.com\/fr\/wp-json\/wp\/v2\/media?parent=2403"}],"wp:term":[{"taxonomy":"certification","embeddable":true,"href":"https:\/\/www.linkceramics.com\/fr\/wp-json\/wp\/v2\/certification?post=2403"},{"taxonomy":"product_brand","embeddable":true,"href":"https:\/\/www.linkceramics.com\/fr\/wp-json\/wp\/v2\/product_brand?post=2403"},{"taxonomy":"product_cat","embeddable":true,"href":"https:\/\/www.linkceramics.com\/fr\/wp-json\/wp\/v2\/product_cat?post=2403"},{"taxonomy":"product_tag","embeddable":true,"href":"https:\/\/www.linkceramics.com\/fr\/wp-json\/wp\/v2\/product_tag?post=2403"}],"curies":[{"name":"wp","href":"https:\/\/api.w.org\/{rel}","templated":true}]}}