{"id":2409,"date":"2025-08-04T01:24:37","date_gmt":"2025-08-04T01:24:37","guid":{"rendered":"https:\/\/www.linkceramics.com\/?post_type=product&#038;p=2409"},"modified":"2025-08-04T03:59:29","modified_gmt":"2025-08-04T03:59:29","slug":"wholesale-wall-cabinet-bathroom","status":"publish","type":"product","link":"https:\/\/www.linkceramics.com\/fr\/product\/wholesale-wall-cabinet-bathroom\/","title":{"rendered":"Wholesale Wall Cabinet Bathroom, White Bathroom Vanity with Drawers High-quality Mirror Cabinet Manufacturer"},"content":{"rendered":"<div class=\"wp-block-columns is-layout-flex wp-container-core-columns-is-layout-9d6595d7 wp-block-columns-is-layout-flex\">\n<div class=\"wp-block-column is-layout-flow wp-block-column-is-layout-flow\" style=\"flex-basis:50%\">\n<h3 class=\"wp-block-heading\">Wholesale Wall Cabinet Bathroom Features\uff1a<\/h3>\n\n\n\n<ul class=\"wp-block-list\">\n<li>Aspect moderne : La combinaison de deux tiroirs et d'une seule porte d'armoire cr\u00e9e une disposition nette et ordonn\u00e9e. L'ensemble du corps adopte un ton blanc doux et l\u00e9ger, avec un degr\u00e9 \u00e9lev\u00e9 d'uniformit\u00e9 des couleurs du corps de l'armoire au comptoir et \u00e0 l'armoire de toilette.<\/li>\n\n\n\n<li>Mat\u00e9riau en contreplaqu\u00e9 de haute qualit\u00e9 : L'armoire murale de salle de bains est fabriqu\u00e9e par pressage crois\u00e9 de plusieurs couches de placage, le mat\u00e9riau contreplaqu\u00e9 a une structure stable et peut supporter l'ouverture et la fermeture fr\u00e9quentes des tiroirs et des portes de l'armoire sans se d\u00e9former. Il r\u00e9siste bien \u00e0 l'humidit\u00e9.<\/li>\n\n\n\n<li>Fonction de rangement : Les deux tiroirs sont utilis\u00e9s pour classer les petits objets, et la porte unique de l'armoire permet de cacher les gros objets. Combin\u00e9e \u00e0 l'armoire de toilette \u00e0 LED pour le rangement, les zones de rangement sont clairement d\u00e9finies, ce qui facilite la prise des objets et \u00e9limine le d\u00e9sordre, r\u00e9pondant ainsi aux besoins de rangement des articles de toilette quotidiens.<\/li>\n\n\n\n<li>Avantages de la taille : La largeur de l'armoire murale de salle de bain de 100 cm est une taille id\u00e9ale, adapt\u00e9e \u00e0 la plupart des salles de bain familiales. L'espace est spacieux et non exigu, capable d'accueillir des tiroirs doubles et des armoires simples, d'\u00e9quilibrer le stockage et le mouvement, de ne pas encombrer les petits appartements et d'\u00eatre harmonieux dans les grandes salles de bains.<\/li>\n\n\n\n<li>Approvisionnement de l'usine de Shouya : La personnalisation en vrac permet de b\u00e9n\u00e9ficier de plus de remises pour r\u00e9pondre aux besoins d'approvisionnement.<\/li>\n<\/ul>\n<\/div>\n\n\n\n<div class=\"wp-block-column is-layout-flow wp-block-column-is-layout-flow\" style=\"flex-basis:50%\">\n<figure class=\"wp-block-image size-full\"><img decoding=\"async\" width=\"700\" height=\"700\" src=\"https:\/\/www.linkceramics.com\/wp-content\/uploads\/2025\/08\/white-bathroom-cabinet-with-two-drawers-and-one-door.webp\" alt=\"armoire-salle-de-bain-blanche-avec-deux-tiroirs-et-une-porte\" class=\"wp-image-2412\" srcset=\"https:\/\/www.linkceramics.com\/wp-content\/uploads\/2025\/08\/white-bathroom-cabinet-with-two-drawers-and-one-door.webp 700w, https:\/\/www.linkceramics.com\/wp-content\/uploads\/2025\/08\/white-bathroom-cabinet-with-two-drawers-and-one-door-300x300.webp 300w, https:\/\/www.linkceramics.com\/wp-content\/uploads\/2025\/08\/white-bathroom-cabinet-with-two-drawers-and-one-door-150x150.webp 150w, https:\/\/www.linkceramics.com\/wp-content\/uploads\/2025\/08\/white-bathroom-cabinet-with-two-drawers-and-one-door-12x12.webp 12w, https:\/\/www.linkceramics.com\/wp-content\/uploads\/2025\/08\/white-bathroom-cabinet-with-two-drawers-and-one-door-600x600.webp 600w, https:\/\/www.linkceramics.com\/wp-content\/uploads\/2025\/08\/white-bathroom-cabinet-with-two-drawers-and-one-door-100x100.webp 100w\" sizes=\"(max-width: 700px) 100vw, 700px\" \/><\/figure>\n<\/div>\n<\/div>","protected":false},"excerpt":{"rendered":"<div id=\"brxe-0ee1ca\" class=\"brxe-product-meta product_meta\">\n<div id=\"brxe-0ee1ca\" class=\"brxe-product-meta product_meta\">\n<p>Bienvenue sur le site de vente en gros d'armoires murales pour la salle de bains. Le design mural combine une armoire de toilette avec un grand espace de rangement pour apporter propret\u00e9 et commodit\u00e9 \u00e0 votre salle de bains. Il comprend des tiroirs et de grandes armoires pour r\u00e9pondre parfaitement \u00e0 divers besoins de stockage. Contactez-nous pour un devis et un catalogue de produits !<\/p>\n<h2>Armoire murale Salle de bain Attributs\uff1a<\/h2>\n<p>Num\u00e9ro d'article : 9501-100c<br \/>Mat\u00e9riau de l'armoire : Contreplaqu\u00e9<br \/>Couleur du meuble : blanc<br \/>Miroir : Miroir LED (3,5 mm\/3,8 mm), \u00e9clairage tricolore, d\u00e9sembuage par simple pression d'une touche, s\u00e9curis\u00e9 par un emballage en mousse multicouche.<br \/>Type d'installation : Montage mural<br \/>Dimensions (L\u00d7L\u00d7H) : 100x50x51 cm<br \/>Poids brut : 32 kg\/ensemble<\/p>\n<h2>Personnalisation et services :<\/h2>\n<p>OEM et ODM : pris en charge<br \/>Conception : Gratuit<br \/>Accessoires : Lavabos, miroirs, robinets et autres accessoires de salle de bains<br \/>Emballage : Pr\u00eat \u00e0 assembler<\/p>\n<\/div>\n<\/div>\n<p>\n<script src=\"chrome-extension:\/\/fpelahbljekknahkcaegamhcndkfpfnc\/iFrame.js\" type=\"text\/javascript\"><\/script><\/p>","protected":false},"featured_media":2416,"comment_status":"open","ping_status":"closed","template":"","meta":{"_acf_changed":false},"certification":[59,61,60,62],"product_brand":[],"product_cat":[35,83],"product_tag":[],"class_list":{"0":"post-2409","1":"product","2":"type-product","3":"status-publish","4":"has-post-thumbnail","6":"certification-ce","7":"certification-iso-14001","8":"certification-iso-45001","9":"certification-iso-9001","10":"product_cat-bathroom-ceramics-supply","11":"product_cat-wholesale-bathroom-vanity","13":"first","14":"instock","15":"shipping-taxable","16":"product-type-simple"},"acf":[],"_links":{"self":[{"href":"https:\/\/www.linkceramics.com\/fr\/wp-json\/wp\/v2\/product\/2409","targetHints":{"allow":["GET"]}}],"collection":[{"href":"https:\/\/www.linkceramics.com\/fr\/wp-json\/wp\/v2\/product"}],"about":[{"href":"https:\/\/www.linkceramics.com\/fr\/wp-json\/wp\/v2\/types\/product"}],"replies":[{"embeddable":true,"href":"https:\/\/www.linkceramics.com\/fr\/wp-json\/wp\/v2\/comments?post=2409"}],"wp:featuredmedia":[{"embeddable":true,"href":"https:\/\/www.linkceramics.com\/fr\/wp-json\/wp\/v2\/media\/2416"}],"wp:attachment":[{"href":"https:\/\/www.linkceramics.com\/fr\/wp-json\/wp\/v2\/media?parent=2409"}],"wp:term":[{"taxonomy":"certification","embeddable":true,"href":"https:\/\/www.linkceramics.com\/fr\/wp-json\/wp\/v2\/certification?post=2409"},{"taxonomy":"product_brand","embeddable":true,"href":"https:\/\/www.linkceramics.com\/fr\/wp-json\/wp\/v2\/product_brand?post=2409"},{"taxonomy":"product_cat","embeddable":true,"href":"https:\/\/www.linkceramics.com\/fr\/wp-json\/wp\/v2\/product_cat?post=2409"},{"taxonomy":"product_tag","embeddable":true,"href":"https:\/\/www.linkceramics.com\/fr\/wp-json\/wp\/v2\/product_tag?post=2409"}],"curies":[{"name":"wp","href":"https:\/\/api.w.org\/{rel}","templated":true}]}}