{"id":2419,"date":"2025-08-04T07:09:11","date_gmt":"2025-08-04T07:09:11","guid":{"rendered":"https:\/\/www.linkceramics.com\/?post_type=product&#038;p=2419"},"modified":"2025-08-04T07:09:13","modified_gmt":"2025-08-04T07:09:13","slug":"bulk-dinnerware-sets-2","status":"publish","type":"product","link":"https:\/\/www.linkceramics.com\/fr\/product\/bulk-dinnerware-sets-2\/","title":{"rendered":"Vaisselle blanche en vrac, vaisselle l\u00e9g\u00e8re en porcelaine"},"content":{"rendered":"<div class=\"wp-block-columns is-layout-flex wp-container-core-columns-is-layout-9d6595d7 wp-block-columns-is-layout-flex\">\n<div class=\"wp-block-column is-layout-flow wp-block-column-is-layout-flow\" style=\"flex-basis:50%\">\n<h3 class=\"wp-block-heading\">Ensemble de vaisselle en vrac blanc de qualit\u00e9 sup\u00e9rieure Caract\u00e9ristiques :<\/h3>\n\n\n\n<ul class=\"wp-block-list\">\n<li><strong>Design exquis en forme de p\u00e9tales :<\/strong> Ces services de vaisselle en vrac poss\u00e8dent une magnifique forme de p\u00e9tale, ce qui conf\u00e8re une atmosph\u00e8re artistique \u00e0 la table et am\u00e9liore l'exp\u00e9rience culinaire.<\/li>\n\n\n\n<li><strong>Mat\u00e9riau l\u00e9ger en porcelaine :<\/strong> Notre vaisselle en c\u00e9ramique en vrac est compos\u00e9e de porcelaine l\u00e9g\u00e8re, qui est extr\u00eamement fine mais pas r\u00e9sistante, ce qui rend la vaisselle l\u00e9g\u00e8re \u00e0 transporter et \u00e0 utiliser.<\/li>\n\n\n\n<li><strong>Embellissement subtil des couleurs :<\/strong> Le design en forme de p\u00e9tales de ces services de vaisselle en vrac est associ\u00e9 \u00e0 des accents de couleur subtils, ce qui est simple et \u00e9l\u00e9gant, et peut apporter une couleur chaude et confortable \u00e0 la table.<\/li>\n\n\n\n<li><strong>Diverses combinaisons de tailles :<\/strong> Notre vaisselle en c\u00e9ramique en vrac comprend des bols et des assiettes de diff\u00e9rentes tailles pour r\u00e9pondre aux besoins de diff\u00e9rents aliments. Des assiettes \u00e0 plats principaux aux assiettes \u00e0 dessert, en passant par les bols \u00e0 soupe et les bols \u00e0 riz, les options de taille flexibles permettent de faire face \u00e0 une grande vari\u00e9t\u00e9 de repas.<\/li>\n<\/ul>\n<\/div>\n\n\n\n<div class=\"wp-block-column is-layout-flow wp-block-column-is-layout-flow\" style=\"flex-basis:50%\">\n<figure class=\"wp-block-image size-full\"><img decoding=\"async\" width=\"800\" height=\"800\" src=\"https:\/\/www.linkceramics.com\/wp-content\/uploads\/2025\/08\/SOLECASA-Bulk-Dinnerware-Sets-White-Porcelain-Tableware-4-2.webp\" alt=\"SOLECASA-Sets de vaisselle en vrac-Vaisselle en porcelaine blanche-4-2\" class=\"wp-image-2422\" srcset=\"https:\/\/www.linkceramics.com\/wp-content\/uploads\/2025\/08\/SOLECASA-Bulk-Dinnerware-Sets-White-Porcelain-Tableware-4-2.webp 800w, https:\/\/www.linkceramics.com\/wp-content\/uploads\/2025\/08\/SOLECASA-Bulk-Dinnerware-Sets-White-Porcelain-Tableware-4-2-300x300.webp 300w, https:\/\/www.linkceramics.com\/wp-content\/uploads\/2025\/08\/SOLECASA-Bulk-Dinnerware-Sets-White-Porcelain-Tableware-4-2-150x150.webp 150w, https:\/\/www.linkceramics.com\/wp-content\/uploads\/2025\/08\/SOLECASA-Bulk-Dinnerware-Sets-White-Porcelain-Tableware-4-2-768x768.webp 768w, https:\/\/www.linkceramics.com\/wp-content\/uploads\/2025\/08\/SOLECASA-Bulk-Dinnerware-Sets-White-Porcelain-Tableware-4-2-12x12.webp 12w, https:\/\/www.linkceramics.com\/wp-content\/uploads\/2025\/08\/SOLECASA-Bulk-Dinnerware-Sets-White-Porcelain-Tableware-4-2-600x600.webp 600w, https:\/\/www.linkceramics.com\/wp-content\/uploads\/2025\/08\/SOLECASA-Bulk-Dinnerware-Sets-White-Porcelain-Tableware-4-2-100x100.webp 100w\" sizes=\"(max-width: 800px) 100vw, 800px\" \/><\/figure>\n<\/div>\n<\/div>","protected":false},"excerpt":{"rendered":"<div id=\"brxe-0ee1ca\" class=\"brxe-product-meta product_meta\">\n<p>Bienvenue dans l'achat de vaisselle en c\u00e9ramique en vrac. Nos services de vaisselle en porcelaine blanche et l\u00e9g\u00e8re en vrac pr\u00e9sentent des accents de couleur d\u00e9licats en forme de p\u00e9tales, qui ajoutent de l'\u00e9l\u00e9gance et de la douceur \u00e0 la table.<\/p>\n<\/div>\n<div id=\"brxe-8c5ca9\" class=\"brxe-product-short-description\">\n<div class=\"woocommerce-product-details__short-description\">\n<h2>Ensemble de vaisselle blanche en vrac Sp\u00e9cifications :<\/h2>\n<table border=\"0\" width=\"390\" cellspacing=\"0\" cellpadding=\"0\">\n<tbody>\n<tr>\n<td width=\"155\" height=\"18\">Fabricant<\/td>\n<td width=\"235\">SOLECASA<\/td>\n<\/tr>\n<tr>\n<td width=\"155\" height=\"18\">Nom de la collection<\/td>\n<td width=\"235\">Iridescence de la galaxie<\/td>\n<\/tr>\n<tr>\n<td width=\"155\" height=\"18\">Produits inclus<\/td>\n<td width=\"235\">Assiette, bol<\/td>\n<\/tr>\n<tr>\n<td width=\"155\" height=\"18\">Mat\u00e9riau<\/td>\n<td width=\"235\">Porcelaine<\/td>\n<\/tr>\n<tr>\n<td width=\"155\" height=\"18\">Paquet<\/td>\n<td width=\"235\">Emballage en vrac<\/td>\n<\/tr>\n<tr>\n<td width=\"155\" height=\"18\">Unit\u00e9s de vente<\/td>\n<td width=\"235\">Article unique<\/td>\n<\/tr>\n<tr>\n<td width=\"155\" height=\"18\">MOQ<\/td>\n<td width=\"235\">Faible MOQ<\/td>\n<\/tr>\n<tr>\n<td width=\"155\" height=\"18\">\u00c9chantillon gratuit<\/td>\n<td width=\"235\">Disponible<\/td>\n<\/tr>\n<tr>\n<td width=\"155\" height=\"18\">Option personnalis\u00e9e<\/td>\n<td width=\"235\">Couleur\/Taille\/Glaze\/Logo\/Emballage<\/td>\n<\/tr>\n<\/tbody>\n<\/table>\n<\/div>\n<\/div>\n<p>\n<script src=\"chrome-extension:\/\/fpelahbljekknahkcaegamhcndkfpfnc\/iFrame.js\" type=\"text\/javascript\"><\/script><\/p>","protected":false},"featured_media":2421,"comment_status":"open","ping_status":"closed","template":"","meta":{"_acf_changed":false},"certification":[63,64,66,58,65,61,60,62,57],"product_brand":[],"product_cat":[34,18],"product_tag":[],"class_list":{"0":"post-2419","1":"product","2":"type-product","3":"status-publish","4":"has-post-thumbnail","6":"certification-amfori","7":"certification-bsci","8":"certification-cnas","9":"certification-fda","10":"certification-iaf","11":"certification-iso-14001","12":"certification-iso-45001","13":"certification-iso-9001","14":"certification-lfgb","15":"product_cat-custom-household-ceramics","16":"product_cat-ceramic-tableware-wholesale","18":"first","19":"instock","20":"shipping-taxable","21":"product-type-simple"},"acf":[],"_links":{"self":[{"href":"https:\/\/www.linkceramics.com\/fr\/wp-json\/wp\/v2\/product\/2419","targetHints":{"allow":["GET"]}}],"collection":[{"href":"https:\/\/www.linkceramics.com\/fr\/wp-json\/wp\/v2\/product"}],"about":[{"href":"https:\/\/www.linkceramics.com\/fr\/wp-json\/wp\/v2\/types\/product"}],"replies":[{"embeddable":true,"href":"https:\/\/www.linkceramics.com\/fr\/wp-json\/wp\/v2\/comments?post=2419"}],"wp:featuredmedia":[{"embeddable":true,"href":"https:\/\/www.linkceramics.com\/fr\/wp-json\/wp\/v2\/media\/2421"}],"wp:attachment":[{"href":"https:\/\/www.linkceramics.com\/fr\/wp-json\/wp\/v2\/media?parent=2419"}],"wp:term":[{"taxonomy":"certification","embeddable":true,"href":"https:\/\/www.linkceramics.com\/fr\/wp-json\/wp\/v2\/certification?post=2419"},{"taxonomy":"product_brand","embeddable":true,"href":"https:\/\/www.linkceramics.com\/fr\/wp-json\/wp\/v2\/product_brand?post=2419"},{"taxonomy":"product_cat","embeddable":true,"href":"https:\/\/www.linkceramics.com\/fr\/wp-json\/wp\/v2\/product_cat?post=2419"},{"taxonomy":"product_tag","embeddable":true,"href":"https:\/\/www.linkceramics.com\/fr\/wp-json\/wp\/v2\/product_tag?post=2419"}],"curies":[{"name":"wp","href":"https:\/\/api.w.org\/{rel}","templated":true}]}}