{"id":2465,"date":"2025-08-19T10:19:20","date_gmt":"2025-08-19T10:19:20","guid":{"rendered":"https:\/\/www.linkceramics.com\/?post_type=product&#038;p=2465"},"modified":"2025-08-19T10:19:22","modified_gmt":"2025-08-19T10:19:22","slug":"wholesale-vanity-cabinets-bathroom","status":"publish","type":"product","link":"https:\/\/www.linkceramics.com\/fr\/product\/wholesale-vanity-cabinets-bathroom\/","title":{"rendered":"Wholesale Vanity Cabinets Bathroom, Procurement Preferred Bathroom Vanity Supplier"},"content":{"rendered":"<div class=\"wp-block-columns is-layout-flex wp-container-core-columns-is-layout-9d6595d7 wp-block-columns-is-layout-flex\">\n<div class=\"wp-block-column is-layout-flow wp-block-column-is-layout-flow\" style=\"flex-basis:50%\">\n<h3 class=\"wp-block-heading\">Wholesale Vanity Cabinets Caract\u00e9ristiques de la salle de bain\uff1a<\/h3>\n\n\n\n<ul class=\"wp-block-list\">\n<li><strong>Forte compatibilit\u00e9 de taille :<\/strong> Le meuble sous-vasque pour salle de bains est de 80 cm, ce qui permet de l'adapter \u00e0 diff\u00e9rents espaces de salle de bains. Qu'il s'agisse d'un petit agencement compact ou d'un agencement r\u00e9gulier, il permet d'utiliser efficacement la surface murale et d'\u00e9viter le gaspillage d'espace.<\/li>\n\n\n\n<li><strong>Mat\u00e9riau pratique et durable : <\/strong>Le corps de l'armoire est en contreplaqu\u00e9, ce qui lui conf\u00e8re une certaine portance et stabilit\u00e9, ainsi qu'un rapport co\u00fbt\/performance \u00e9lev\u00e9, ce qui le rend adapt\u00e9 \u00e0 la consommation de masse.<\/li>\n\n\n\n<li><strong>Armoire de toilette \u00e0 LED int\u00e9gr\u00e9e :<\/strong> Elle permet non seulement de b\u00e9n\u00e9ficier d'un \u00e9clairage clair pour se laver, se toiletter, etc., mais aussi de ranger les articles de toilette dans l'armoire, ce qui permet d'obtenir une disposition ordonn\u00e9e des articles de salle de bains et de rendre l'espace plus propre.<\/li>\n\n\n\n<li><strong>Nettoyage facile :<\/strong> Compl\u00e9t\u00e9e par des \u00e9viers en c\u00e9ramique, la surface des meubles de salle de bains est r\u00e9sistante aux taches et \u00e0 la salet\u00e9, facile \u00e0 nettoyer, et simple \u00e0 utiliser et \u00e0 entretenir au quotidien.<\/li>\n\n\n\n<li><strong>Conception g\u00e9n\u00e9rale pr\u00e9vue : <\/strong>Le meuble de salle de bain, l'\u00e9vier en c\u00e9ramique et l'armoire de toilette LED sont un ensemble, coh\u00e9rent dans leur style, qui peut \u00eatre introduit dans de nombreux plans de d\u00e9coration de salle de bain modernes, minimalistes et autres, et qui peut \u00e0 la fois remplir des fonctions fonctionnelles et am\u00e9liorer l'attractivit\u00e9 de la salle de bain.<\/li>\n<\/ul>\n<\/div>\n\n\n\n<div class=\"wp-block-column is-layout-flow wp-block-column-is-layout-flow\" style=\"flex-basis:50%\">\n<figure class=\"wp-block-image size-full\"><img decoding=\"async\" width=\"700\" height=\"700\" src=\"https:\/\/www.linkceramics.com\/wp-content\/uploads\/2025\/08\/wholesale-vanity-cabinets-bathroom-engineering-procurement-preferred-bathroom-vanity-supplier-2.webp\" alt=\"grossiste-agencement-agencement-salle de bain-ing\u00e9nierie-approvisionnement-salle de bain pr\u00e9f\u00e9r\u00e9e-agencement-fournisseur-2\" class=\"wp-image-2467\" srcset=\"https:\/\/www.linkceramics.com\/wp-content\/uploads\/2025\/08\/wholesale-vanity-cabinets-bathroom-engineering-procurement-preferred-bathroom-vanity-supplier-2.webp 700w, https:\/\/www.linkceramics.com\/wp-content\/uploads\/2025\/08\/wholesale-vanity-cabinets-bathroom-engineering-procurement-preferred-bathroom-vanity-supplier-2-300x300.webp 300w, https:\/\/www.linkceramics.com\/wp-content\/uploads\/2025\/08\/wholesale-vanity-cabinets-bathroom-engineering-procurement-preferred-bathroom-vanity-supplier-2-150x150.webp 150w, https:\/\/www.linkceramics.com\/wp-content\/uploads\/2025\/08\/wholesale-vanity-cabinets-bathroom-engineering-procurement-preferred-bathroom-vanity-supplier-2-12x12.webp 12w, https:\/\/www.linkceramics.com\/wp-content\/uploads\/2025\/08\/wholesale-vanity-cabinets-bathroom-engineering-procurement-preferred-bathroom-vanity-supplier-2-600x600.webp 600w, https:\/\/www.linkceramics.com\/wp-content\/uploads\/2025\/08\/wholesale-vanity-cabinets-bathroom-engineering-procurement-preferred-bathroom-vanity-supplier-2-100x100.webp 100w\" sizes=\"(max-width: 700px) 100vw, 700px\" \/><\/figure>\n<\/div>\n<\/div>","protected":false},"excerpt":{"rendered":"<div id=\"brxe-0ee1ca\" class=\"brxe-product-meta product_meta\">\n<div id=\"brxe-0ee1ca\" class=\"brxe-product-meta product_meta\">\n<p>Bienvenue sur le site de vente en gros d'armoires de toilette pour la salle de bain. L'armoire de salle de bain en contreplaqu\u00e9 de 80cm avec vasque en c\u00e9ramique + armoire de toilette LED. Rentable et durable, adapt\u00e9 aux sc\u00e9narios de masse tels que les h\u00f4tels et les appartements. Possibilit\u00e9 de personnalisation technique. Nous vous invitons \u00e0 vous renseigner et \u00e0 n\u00e9gocier \u00e0 tout moment !<\/p>\n<h2>Attributs des meubles-lavabos et des armoires de salle de bains\uff1a<\/h2>\n<p><strong>Num\u00e9ro d'article<\/strong>: 7028-80<br \/><strong>Mat\u00e9riau de l'armoire :<\/strong>\u00a0Contreplaqu\u00e9<br \/><strong>Couleur de l'armoire :\u00a0<\/strong>Marron<br \/><strong>Miroir :<\/strong>\u00a0Miroir LED (3,5 mm\/3,8 mm), \u00e9clairage tricolore, d\u00e9sembuage par simple pression d'une touche, s\u00e9curis\u00e9 par un emballage en mousse multicouche.<br \/><strong>Type d'installation :<\/strong>\u00a0Montage mural<br \/><strong>Dimensions (L\u00d7L\u00d7H) :<\/strong>\u00a080x50x52 cm<br \/><strong>Poids brut :<\/strong>\u00a030 kg\/set<\/p>\n<h2>Personnalisation et services :<\/h2>\n<p><strong>OEM ET ODM<\/strong>: Pris en charge<br \/><strong>Conception<\/strong>: Gratuit<br \/><strong>Accessoires<\/strong>: Lavabos, miroirs, robinets et autres accessoires de salle de bains<br \/><strong>Emballage<\/strong>: Pr\u00eat \u00e0 monter<\/p>\n<\/div>\n<\/div>\n<p>\n<script src=\"chrome-extension:\/\/fpelahbljekknahkcaegamhcndkfpfnc\/iFrame.js\" type=\"text\/javascript\"><\/script><\/p>","protected":false},"featured_media":2466,"comment_status":"open","ping_status":"closed","template":"","meta":{"_acf_changed":false},"certification":[59,61,60,62],"product_brand":[],"product_cat":[35,83],"product_tag":[],"class_list":{"0":"post-2465","1":"product","2":"type-product","3":"status-publish","4":"has-post-thumbnail","6":"certification-ce","7":"certification-iso-14001","8":"certification-iso-45001","9":"certification-iso-9001","10":"product_cat-bathroom-ceramics-supply","11":"product_cat-wholesale-bathroom-vanity","13":"first","14":"instock","15":"shipping-taxable","16":"product-type-simple"},"acf":[],"_links":{"self":[{"href":"https:\/\/www.linkceramics.com\/fr\/wp-json\/wp\/v2\/product\/2465","targetHints":{"allow":["GET"]}}],"collection":[{"href":"https:\/\/www.linkceramics.com\/fr\/wp-json\/wp\/v2\/product"}],"about":[{"href":"https:\/\/www.linkceramics.com\/fr\/wp-json\/wp\/v2\/types\/product"}],"replies":[{"embeddable":true,"href":"https:\/\/www.linkceramics.com\/fr\/wp-json\/wp\/v2\/comments?post=2465"}],"wp:featuredmedia":[{"embeddable":true,"href":"https:\/\/www.linkceramics.com\/fr\/wp-json\/wp\/v2\/media\/2466"}],"wp:attachment":[{"href":"https:\/\/www.linkceramics.com\/fr\/wp-json\/wp\/v2\/media?parent=2465"}],"wp:term":[{"taxonomy":"certification","embeddable":true,"href":"https:\/\/www.linkceramics.com\/fr\/wp-json\/wp\/v2\/certification?post=2465"},{"taxonomy":"product_brand","embeddable":true,"href":"https:\/\/www.linkceramics.com\/fr\/wp-json\/wp\/v2\/product_brand?post=2465"},{"taxonomy":"product_cat","embeddable":true,"href":"https:\/\/www.linkceramics.com\/fr\/wp-json\/wp\/v2\/product_cat?post=2465"},{"taxonomy":"product_tag","embeddable":true,"href":"https:\/\/www.linkceramics.com\/fr\/wp-json\/wp\/v2\/product_tag?post=2465"}],"curies":[{"name":"wp","href":"https:\/\/api.w.org\/{rel}","templated":true}]}}