{"id":2470,"date":"2025-08-20T02:17:11","date_gmt":"2025-08-20T02:17:11","guid":{"rendered":"https:\/\/www.linkceramics.com\/?post_type=product&#038;p=2470"},"modified":"2025-08-20T02:17:13","modified_gmt":"2025-08-20T02:17:13","slug":"bathroom-cabinets-and-vanities-custom","status":"publish","type":"product","link":"https:\/\/www.linkceramics.com\/fr\/product\/bathroom-cabinets-and-vanities-custom\/","title":{"rendered":"Armoires de salle de bain et meubles-lavabos Custom, Wholesale Vanity with Mirror Sink"},"content":{"rendered":"<div class=\"wp-block-columns is-layout-flex wp-container-core-columns-is-layout-9d6595d7 wp-block-columns-is-layout-flex\">\n<div class=\"wp-block-column is-layout-flow wp-block-column-is-layout-flow\" style=\"flex-basis:50%\">\n<h3 class=\"wp-block-heading\">Armoires et meubles-lavabos de salle de bains Caract\u00e9ristiques sur mesure\uff1a<\/h3>\n\n\n\n<ul class=\"wp-block-list\">\n<li>Mat\u00e9riau de haute qualit\u00e9 : Les armoires et meubles-lavabos de salle de bains sont fabriqu\u00e9s \u00e0 partir de mat\u00e9riaux composites en pierre plastique, qui pr\u00e9sentent d'excellentes performances en mati\u00e8re d'\u00e9tanch\u00e9it\u00e9 et de r\u00e9sistance \u00e0 l'humidit\u00e9 et conviennent aux salles de bains situ\u00e9es dans des environnements humides.<\/li>\n\n\n\n<li>Apparence moderne et atmosph\u00e9rique : Les armoires de toilette et les meubles-lavabos personnalis\u00e9s avec une armoire gris-bleu et la vasque en c\u00e9ramique blanche se compl\u00e8tent mutuellement, cr\u00e9ant une exp\u00e9rience visuelle harmonieuse et confortable.<\/li>\n\n\n\n<li>Conception unique de l'armoire de toilette : le miroir de gauche r\u00e9pond aux besoins d'habillage et de toilette quotidiens ; le c\u00f4t\u00e9 droit est un espace ouvert \u00e0 trois grilles, qui peut \u00eatre utilis\u00e9 pour placer les produits de soin de la peau et les articles de toilette courants.<\/li>\n\n\n\n<li><strong>Miroir anti-humidit\u00e9 et anti-bu\u00e9e :<\/strong> Le miroir est dot\u00e9 d'une fonction antibu\u00e9e afin d'\u00e9viter les interf\u00e9rences avec la vapeur d'eau. Il est assorti d'une armoire anti-humidit\u00e9 afin de le maintenir sec et hygi\u00e9nique pendant une longue p\u00e9riode.<\/li>\n\n\n\n<li><strong>Facile \u00e0 nettoyer :<\/strong> Dans le cadre d'une utilisation quotidienne, les taches n'adh\u00e8rent pas facilement. Les taches d'eau, de dentifrice, etc., peuvent \u00eatre \u00e9limin\u00e9es en les essuyant doucement. Il n'est pas facile de cacher la salet\u00e9 et il est facile \u00e0 entretenir.<\/li>\n\n\n\n<li><strong>Adaptation multi-sc\u00e8ne :<\/strong> Les armoires et meubles-lavabos sur mesure sont de dimensions standardis\u00e9es, compatibles avec la plupart des espaces de salle de bains. Leur apparence \u00e9l\u00e9gante s'adapte \u00e0 diff\u00e9rents styles de d\u00e9coration et permet des combinaisons personnalis\u00e9es pour r\u00e9pondre \u00e0 divers besoins.<\/li>\n<\/ul>\n<\/div>\n\n\n\n<div class=\"wp-block-column is-layout-flow wp-block-column-is-layout-flow\" style=\"flex-basis:50%\">\n<figure class=\"wp-block-image size-full\"><img decoding=\"async\" width=\"800\" height=\"800\" src=\"https:\/\/www.linkceramics.com\/wp-content\/uploads\/2025\/08\/Bathroom-Cabinets-and-Vanities-Custom-Factory-Wholesale-Bathroom-Vanity-with-Mirror-1.jpg\" alt=\"Salle de bain-armoires et vanit\u00e9s-personnalis\u00e9es-fabrication en gros-salle de bain-vanit\u00e9-avec-miroir-1\" class=\"wp-image-2472\" srcset=\"https:\/\/www.linkceramics.com\/wp-content\/uploads\/2025\/08\/Bathroom-Cabinets-and-Vanities-Custom-Factory-Wholesale-Bathroom-Vanity-with-Mirror-1.jpg 800w, https:\/\/www.linkceramics.com\/wp-content\/uploads\/2025\/08\/Bathroom-Cabinets-and-Vanities-Custom-Factory-Wholesale-Bathroom-Vanity-with-Mirror-1-300x300.jpg 300w, https:\/\/www.linkceramics.com\/wp-content\/uploads\/2025\/08\/Bathroom-Cabinets-and-Vanities-Custom-Factory-Wholesale-Bathroom-Vanity-with-Mirror-1-150x150.jpg 150w, https:\/\/www.linkceramics.com\/wp-content\/uploads\/2025\/08\/Bathroom-Cabinets-and-Vanities-Custom-Factory-Wholesale-Bathroom-Vanity-with-Mirror-1-768x768.jpg 768w, https:\/\/www.linkceramics.com\/wp-content\/uploads\/2025\/08\/Bathroom-Cabinets-and-Vanities-Custom-Factory-Wholesale-Bathroom-Vanity-with-Mirror-1-12x12.jpg 12w, https:\/\/www.linkceramics.com\/wp-content\/uploads\/2025\/08\/Bathroom-Cabinets-and-Vanities-Custom-Factory-Wholesale-Bathroom-Vanity-with-Mirror-1-600x600.jpg 600w, https:\/\/www.linkceramics.com\/wp-content\/uploads\/2025\/08\/Bathroom-Cabinets-and-Vanities-Custom-Factory-Wholesale-Bathroom-Vanity-with-Mirror-1-100x100.jpg 100w\" sizes=\"(max-width: 800px) 100vw, 800px\" \/><\/figure>\n<\/div>\n<\/div>","protected":false},"excerpt":{"rendered":"<div id=\"brxe-0ee1ca\" class=\"brxe-product-meta product_meta\">\n<div id=\"brxe-0ee1ca\" class=\"brxe-product-meta product_meta\">\n<p>Nous vous invitons \u00e0 acheter des armoires de salle de bains et des meubles-lavabos sur mesure, en mat\u00e9riau SPC, des armoires de toilette multifonctionnelles, \u00e9quip\u00e9es de lavabos en c\u00e9ramique, de robinets, etc. Les couleurs bleu, gris et blanc s'adaptent aux diff\u00e9rents styles de salles de bains. Shouya prend en charge la personnalisation en vrac. Contactez-nous pour obtenir un devis !<\/p>\n<h2>Attributs des armoires et meubles-lavabos de salle de bains\uff1a<\/h2>\n<p><strong>Num\u00e9ro d'article :<\/strong>HR2201-80<strong><br \/>Mat\u00e9riau de l'armoire :<\/strong>\u00a0Panneau de pierre en plastique<br \/><strong>Couleur de l'armoire :<\/strong>\u00a0Bleu Gris<br \/><strong>Miroir :<\/strong>\u00a0Miroir LED (3,5 mm \/ 3,8 mm), \u00e9clairage tricolore, d\u00e9sembuage par simple pression d'une touche, s\u00e9curis\u00e9 par un emballage en mousse multicouche<br \/><strong>Type d'installation :<\/strong>\u00a0Montage mural<br \/><strong>Dimensions (L \u00d7 L \u00d7 H) :<\/strong>\u00a080*47.5*48cm<br \/><strong>Poids brut :<\/strong>\u00a032kg\/set<\/p>\n<h2>Personnalisation et services :<\/h2>\n<p><strong>OEM ET ODM<\/strong>: Pris en charge<br \/><strong>Conception<\/strong>: Gratuit<br \/><strong>Accessoires<\/strong>: Lavabos, miroirs, robinets et autres accessoires de salle de bains<br \/><strong>Emballage<\/strong>: Pr\u00eat \u00e0 monter<\/p>\n<\/div>\n<\/div>\n<p><script src=\"chrome-extension:\/\/fpelahbljekknahkcaegamhcndkfpfnc\/iFrame.js\" type=\"text\/javascript\"><\/script><\/p>\n<p>\n<script src=\"chrome-extension:\/\/fpelahbljekknahkcaegamhcndkfpfnc\/iFrame.js\" type=\"text\/javascript\"><\/script><\/p>","protected":false},"featured_media":2473,"comment_status":"open","ping_status":"closed","template":"","meta":{"_acf_changed":false},"certification":[59,61,60,62],"product_brand":[],"product_cat":[35,83],"product_tag":[],"class_list":{"0":"post-2470","1":"product","2":"type-product","3":"status-publish","4":"has-post-thumbnail","6":"certification-ce","7":"certification-iso-14001","8":"certification-iso-45001","9":"certification-iso-9001","10":"product_cat-bathroom-ceramics-supply","11":"product_cat-wholesale-bathroom-vanity","13":"first","14":"instock","15":"shipping-taxable","16":"product-type-simple"},"acf":[],"_links":{"self":[{"href":"https:\/\/www.linkceramics.com\/fr\/wp-json\/wp\/v2\/product\/2470","targetHints":{"allow":["GET"]}}],"collection":[{"href":"https:\/\/www.linkceramics.com\/fr\/wp-json\/wp\/v2\/product"}],"about":[{"href":"https:\/\/www.linkceramics.com\/fr\/wp-json\/wp\/v2\/types\/product"}],"replies":[{"embeddable":true,"href":"https:\/\/www.linkceramics.com\/fr\/wp-json\/wp\/v2\/comments?post=2470"}],"wp:featuredmedia":[{"embeddable":true,"href":"https:\/\/www.linkceramics.com\/fr\/wp-json\/wp\/v2\/media\/2473"}],"wp:attachment":[{"href":"https:\/\/www.linkceramics.com\/fr\/wp-json\/wp\/v2\/media?parent=2470"}],"wp:term":[{"taxonomy":"certification","embeddable":true,"href":"https:\/\/www.linkceramics.com\/fr\/wp-json\/wp\/v2\/certification?post=2470"},{"taxonomy":"product_brand","embeddable":true,"href":"https:\/\/www.linkceramics.com\/fr\/wp-json\/wp\/v2\/product_brand?post=2470"},{"taxonomy":"product_cat","embeddable":true,"href":"https:\/\/www.linkceramics.com\/fr\/wp-json\/wp\/v2\/product_cat?post=2470"},{"taxonomy":"product_tag","embeddable":true,"href":"https:\/\/www.linkceramics.com\/fr\/wp-json\/wp\/v2\/product_tag?post=2470"}],"curies":[{"name":"wp","href":"https:\/\/api.w.org\/{rel}","templated":true}]}}