{"id":2502,"date":"2025-09-11T02:34:15","date_gmt":"2025-09-11T02:34:15","guid":{"rendered":"https:\/\/www.linkceramics.com\/?post_type=product&#038;p=2502"},"modified":"2025-09-11T02:34:17","modified_gmt":"2025-09-11T02:34:17","slug":"countertop-sinks-in-bulk","status":"publish","type":"product","link":"https:\/\/www.linkceramics.com\/fr\/product\/countertop-sinks-in-bulk\/","title":{"rendered":"Mini \u00e9viers de comptoir en vrac, bassin de forme ronde sur mesure"},"content":{"rendered":"<div class=\"wp-block-columns is-layout-flex wp-container-core-columns-is-layout-9d6595d7 wp-block-columns-is-layout-flex\">\n<div class=\"wp-block-column is-layout-flow wp-block-column-is-layout-flow\" style=\"flex-basis:50%\">\n<h3 class=\"wp-block-heading\">Premium Countertop Sinks In Bulk Caract\u00e9ristiques :<\/h3>\n\n\n\n<ul class=\"wp-block-list\">\n<li><strong>Conception compacte, adaptation flexible : <\/strong>Nos \u00e9viers de comptoir en vrac Avec sa taille compacte et son design rond, notre mini \u00e9vier de comptoir rond s'int\u00e8gre parfaitement dans n'importe quel espace. Son aspect moderne peut \u00e9galement rehausser le style g\u00e9n\u00e9ral de la d\u00e9coration et r\u00e9soudre les probl\u00e8mes d'am\u00e9nagement des petits espaces.<\/li>\n\n\n\n<li><strong>Bonne mati\u00e8re :<\/strong> Nos \u00e9viers pour comptoir en gros sont fabriqu\u00e9s \u00e0 partir de mat\u00e9riaux c\u00e9ramiques de haute qualit\u00e9 qui pr\u00e9sentent une excellente durabilit\u00e9 et une r\u00e9sistance aux taches. M\u00eame apr\u00e8s avoir \u00e9t\u00e9 utilis\u00e9s \u00e0 plusieurs reprises, ils peuvent para\u00eetre aussi neufs que possible. Tout en \u00e9tant facile \u00e0 entretenir, il r\u00e9duit le travail de maintenance. En m\u00eame temps, il est facile \u00e0 nettoyer, ce qui r\u00e9duit le travail d'entretien.<\/li>\n\n\n\n<li><strong>Emballage personnalis\u00e9 :<\/strong> Nous fournissons des solutions d'emballage sur mesure pour les \u00e9viers de comptoir en vrac et pouvons concevoir des emballages uniques en fonction des besoins des clients, tels que l'image de marque, les exigences du produit et le positionnement sur le march\u00e9.<\/li>\n\n\n\n<li><strong>Remises sur les achats en gros, \u00e9conomies de co\u00fbts :<\/strong> Nos \u00e9viers de comptoir en vrac offrent des remises comp\u00e9titives pour les achats \u00e0 grande \u00e9chelle, ce qui vous permet de r\u00e9duire consid\u00e9rablement vos co\u00fbts.<\/li>\n<\/ul>\n<\/div>\n\n\n\n<div class=\"wp-block-column is-layout-flow wp-block-column-is-layout-flow\" style=\"flex-basis:50%\">\n<figure class=\"wp-block-image size-full\"><img decoding=\"async\" width=\"750\" height=\"750\" src=\"https:\/\/www.linkceramics.com\/wp-content\/uploads\/2025\/09\/mini-size-countertop-sinks-in-bulk-round-shape-basin-custom-1.webp\" alt=\"mini-\u00e9vier de comptoir en vrac-bassin de forme ronde-personnalis\u00e9-1\" class=\"wp-image-2503\" srcset=\"https:\/\/www.linkceramics.com\/wp-content\/uploads\/2025\/09\/mini-size-countertop-sinks-in-bulk-round-shape-basin-custom-1.webp 750w, https:\/\/www.linkceramics.com\/wp-content\/uploads\/2025\/09\/mini-size-countertop-sinks-in-bulk-round-shape-basin-custom-1-300x300.webp 300w, https:\/\/www.linkceramics.com\/wp-content\/uploads\/2025\/09\/mini-size-countertop-sinks-in-bulk-round-shape-basin-custom-1-150x150.webp 150w, https:\/\/www.linkceramics.com\/wp-content\/uploads\/2025\/09\/mini-size-countertop-sinks-in-bulk-round-shape-basin-custom-1-12x12.webp 12w, https:\/\/www.linkceramics.com\/wp-content\/uploads\/2025\/09\/mini-size-countertop-sinks-in-bulk-round-shape-basin-custom-1-600x600.webp 600w, https:\/\/www.linkceramics.com\/wp-content\/uploads\/2025\/09\/mini-size-countertop-sinks-in-bulk-round-shape-basin-custom-1-100x100.webp 100w\" sizes=\"(max-width: 750px) 100vw, 750px\" \/><\/figure>\n<\/div>\n<\/div>","protected":false},"excerpt":{"rendered":"<div id=\"brxe-0ee1ca\" class=\"brxe-product-meta product_meta\">\n<div id=\"brxe-0ee1ca\" class=\"brxe-product-meta product_meta\">Nous vous invitons \u00e0 acheter des \u00e9viers de comptoir en vrac. Nos mini \u00e9viers ronds en vrac ont un design compact et moderne qui s'adapte \u00e0 tous les espaces, qu'ils soient \u00e0 usage domestique ou commercial. Ils sont construits avec de bons mat\u00e9riaux et ont une longue dur\u00e9e de vie tout en \u00e9tant tr\u00e8s pratiques \u00e0 g\u00e9rer. Nous offrons un service d'emballage personnalis\u00e9 pour r\u00e9pondre \u00e0 vos besoins sp\u00e9cifiques, et des tarifs pr\u00e9f\u00e9rentiels si vous achetez en vrac, ce qui est id\u00e9al pour les quantit\u00e9s importantes.<\/div>\n<\/div>\n<div id=\"brxe-8c5ca9\" class=\"brxe-product-short-description\">\n<div class=\"woocommerce-product-details__short-description\">\n<h2>\u00c9viers de comptoir en vrac Sp\u00e9cifications :<\/h2>\n<table border=\"0\" width=\"311\" cellspacing=\"0\" cellpadding=\"0\">\n<tbody>\n<tr>\n<td width=\"108\" height=\"17\">Fabricant<\/td>\n<td width=\"202\">HanYu<\/td>\n<\/tr>\n<tr>\n<td height=\"17\">Num\u00e9ro de mod\u00e8le<\/td>\n<td>HY-8200<\/td>\n<\/tr>\n<tr>\n<td height=\"18\">Type<\/td>\n<td width=\"202\">Bassin de comptoir<\/td>\n<\/tr>\n<tr>\n<td height=\"17\">Forme<\/td>\n<td>Forme ronde<\/td>\n<\/tr>\n<tr>\n<td height=\"18\">Couleur<\/td>\n<td width=\"202\">Blanc<\/td>\n<\/tr>\n<tr>\n<td height=\"18\">Dimension<\/td>\n<td width=\"202\">20*20*9<\/td>\n<\/tr>\n<tr>\n<td height=\"17\">N.W \/SET<\/td>\n<td>5KGS\/PCS<\/td>\n<\/tr>\n<tr>\n<td height=\"17\">MOQ<\/td>\n<td>20pcs<\/td>\n<\/tr>\n<tr>\n<td height=\"17\">Option personnalis\u00e9e<\/td>\n<td>Couleur\/Pattenue\/Taille\/Logo\/Emballage<\/td>\n<\/tr>\n<\/tbody>\n<\/table>\n<p><\/div>\n<\/div>","protected":false},"featured_media":2506,"comment_status":"open","ping_status":"closed","template":"","meta":{"_acf_changed":false},"certification":[59,61,60,62],"product_brand":[],"product_cat":[35,21],"product_tag":[],"class_list":{"0":"post-2502","1":"product","2":"type-product","3":"status-publish","4":"has-post-thumbnail","6":"certification-ce","7":"certification-iso-14001","8":"certification-iso-45001","9":"certification-iso-9001","10":"product_cat-bathroom-ceramics-supply","11":"product_cat-wholesale-ceramic-basin","13":"first","14":"instock","15":"shipping-taxable","16":"product-type-simple"},"acf":[],"_links":{"self":[{"href":"https:\/\/www.linkceramics.com\/fr\/wp-json\/wp\/v2\/product\/2502","targetHints":{"allow":["GET"]}}],"collection":[{"href":"https:\/\/www.linkceramics.com\/fr\/wp-json\/wp\/v2\/product"}],"about":[{"href":"https:\/\/www.linkceramics.com\/fr\/wp-json\/wp\/v2\/types\/product"}],"replies":[{"embeddable":true,"href":"https:\/\/www.linkceramics.com\/fr\/wp-json\/wp\/v2\/comments?post=2502"}],"wp:featuredmedia":[{"embeddable":true,"href":"https:\/\/www.linkceramics.com\/fr\/wp-json\/wp\/v2\/media\/2506"}],"wp:attachment":[{"href":"https:\/\/www.linkceramics.com\/fr\/wp-json\/wp\/v2\/media?parent=2502"}],"wp:term":[{"taxonomy":"certification","embeddable":true,"href":"https:\/\/www.linkceramics.com\/fr\/wp-json\/wp\/v2\/certification?post=2502"},{"taxonomy":"product_brand","embeddable":true,"href":"https:\/\/www.linkceramics.com\/fr\/wp-json\/wp\/v2\/product_brand?post=2502"},{"taxonomy":"product_cat","embeddable":true,"href":"https:\/\/www.linkceramics.com\/fr\/wp-json\/wp\/v2\/product_cat?post=2502"},{"taxonomy":"product_tag","embeddable":true,"href":"https:\/\/www.linkceramics.com\/fr\/wp-json\/wp\/v2\/product_tag?post=2502"}],"curies":[{"name":"wp","href":"https:\/\/api.w.org\/{rel}","templated":true}]}}