{"id":2508,"date":"2025-09-11T03:16:38","date_gmt":"2025-09-11T03:16:38","guid":{"rendered":"https:\/\/www.linkceramics.com\/?post_type=product&#038;p=2508"},"modified":"2025-09-11T03:16:40","modified_gmt":"2025-09-11T03:16:40","slug":"corner-wall-hang-basin-wholesale","status":"publish","type":"product","link":"https:\/\/www.linkceramics.com\/fr\/product\/corner-wall-hang-basin-wholesale\/","title":{"rendered":"Cuvette d'angle suspendue Wholesale, Custom Ceramic Corner Sink"},"content":{"rendered":"<div class=\"wp-block-columns is-layout-flex wp-container-core-columns-is-layout-9d6595d7 wp-block-columns-is-layout-flex\">\n<div class=\"wp-block-column is-layout-flow wp-block-column-is-layout-flow\" style=\"flex-basis:50%\">\n<h3 class=\"wp-block-heading\">Premium Corner Wall Hang Basin Wholesale Features<\/h3>\n\n\n\n<ul class=\"wp-block-list\">\n<li><strong>Conception d'angle peu encombrante :<\/strong> Ce lavabo d'angle \u00e0 suspendre est con\u00e7u pour les petites salles de bains ou les espaces compacts. Il tire pleinement parti de la position de l'angle et am\u00e9liore l'efficacit\u00e9 de l'utilisation de l'espace. Il est id\u00e9al pour les maisons, les h\u00f4tels et les complexes commerciaux o\u00f9 l'espace doit \u00eatre pr\u00e9serv\u00e9.<\/li>\n\n\n\n<li><strong>Produits c\u00e9ramiques cuits \u00e0 haute temp\u00e9rature :<\/strong> Notre \u00e9vier d'angle personnalis\u00e9 est fabriqu\u00e9 en c\u00e9ramique de haute qualit\u00e9, cuite \u00e0 haute temp\u00e9rature, avec une surface lisse et \u00e9l\u00e9gante. Il pr\u00e9sente une bonne r\u00e9sistance aux rayures, aux taches et \u00e0 la durabilit\u00e9, ce qui garantit qu'il ne perdra jamais son \u00e9clat et sa brillance apr\u00e8s une utilisation prolong\u00e9e, et qu'il peut \u00eatre gard\u00e9 propre et entretenu facilement.<\/li>\n\n\n\n<li><strong>Montage mural :<\/strong> Cette conception de montage mural de lavabo d'angle \u00e0 suspendre en gros permet non seulement d'\u00e9conomiser de l'espace au sol, mais aussi de donner une impression g\u00e9n\u00e9rale d'espace \u00e0 la salle de bains.<\/li>\n\n\n\n<li><strong>Soutenir les services personnalis\u00e9s :<\/strong> Nous fournissons des services personnalis\u00e9s pour les \u00e9viers d'angle personnalis\u00e9s dans une vari\u00e9t\u00e9 de tailles, de couleurs et de formes, qui peuvent \u00eatre adapt\u00e9s en fonction des diff\u00e9rentes exigences du projet pour r\u00e9pondre aux exigences de conception personnalis\u00e9es de la d\u00e9coration de la maison, des projets h\u00f4teliers ou des projets commerciaux.<\/li>\n<\/ul>\n<\/div>\n\n\n\n<div class=\"wp-block-column is-layout-flow wp-block-column-is-layout-flow\" style=\"flex-basis:50%\">\n<figure class=\"wp-block-image size-full\"><img decoding=\"async\" width=\"573\" height=\"800\" src=\"https:\/\/www.linkceramics.com\/wp-content\/uploads\/2025\/09\/corner-wall-hang-basin-wholesale-custom-ceramic-corner-sink-6.webp\" alt=\"coin-mur-hang-basin-wholesale-custom-ceramic-corner-sink-6\" class=\"wp-image-2514\" srcset=\"https:\/\/www.linkceramics.com\/wp-content\/uploads\/2025\/09\/corner-wall-hang-basin-wholesale-custom-ceramic-corner-sink-6.webp 573w, https:\/\/www.linkceramics.com\/wp-content\/uploads\/2025\/09\/corner-wall-hang-basin-wholesale-custom-ceramic-corner-sink-6-215x300.webp 215w, https:\/\/www.linkceramics.com\/wp-content\/uploads\/2025\/09\/corner-wall-hang-basin-wholesale-custom-ceramic-corner-sink-6-9x12.webp 9w\" sizes=\"(max-width: 573px) 100vw, 573px\" \/><\/figure>\n<\/div>\n<\/div>\n\n\n\n<p><\/p>","protected":false},"excerpt":{"rendered":"<div id=\"brxe-0ee1ca\" class=\"brxe-product-meta product_meta\">\n<div id=\"brxe-0ee1ca\" class=\"brxe-product-meta product_meta\">Bienvenue sur le site de l'\u00e9vier d'angle personnalis\u00e9, un \u00e9vier d'angle mural de qualit\u00e9 en gros, au design peu encombrant, id\u00e9al pour les petites salles de bains et les projets commerciaux. Fabriqu\u00e9s en c\u00e9ramique durable avec des options personnalisables, nos lavabos d'angle combinent \u00e9l\u00e9gance, praticit\u00e9 et facilit\u00e9 d'entretien.<\/div>\n<\/div>\n<div id=\"brxe-8c5ca9\" class=\"brxe-product-short-description\">\n<div class=\"woocommerce-product-details__short-description\">\n<h2>Cuvette d'angle suspendue \u00e0 un mur Wholesale Sp\u00e9cifications :<\/h2>\n<table border=\"0\" width=\"478\" cellspacing=\"0\" cellpadding=\"0\">\n<tbody>\n<tr>\n<td width=\"166\" height=\"23\">Fabricant<\/td>\n<td width=\"312\">HanYu<\/td>\n<\/tr>\n<tr>\n<td height=\"23\">Num\u00e9ro de mod\u00e8le<\/td>\n<td>HY-3042<\/td>\n<\/tr>\n<tr>\n<td height=\"23\">Type<\/td>\n<td width=\"312\">\u00c9viers muraux, petites cuves<\/td>\n<\/tr>\n<tr>\n<td height=\"24\">Forme<\/td>\n<td>Forme ronde<\/td>\n<\/tr>\n<tr>\n<td height=\"46\">Couleur<\/td>\n<td width=\"312\">noir\/blanc\/bleu\/gris\/rose\/vert\/marron\/kaki<\/td>\n<\/tr>\n<tr>\n<td height=\"24\">Dimension<\/td>\n<td width=\"312\">31*43*12.5<\/td>\n<\/tr>\n<tr>\n<td height=\"23\">N.W \/SET<\/td>\n<td>7KGS\/PCS<\/td>\n<\/tr>\n<tr>\n<td height=\"23\">MOQ<\/td>\n<td>20pcs<\/td>\n<\/tr>\n<tr>\n<td height=\"23\">Option personnalis\u00e9e<\/td>\n<td>Couleur\/Pattenue\/Taille\/Logo\/Emballage<\/td>\n<\/tr>\n<\/tbody>\n<\/table>\n<p><\/div>\n<\/div>","protected":false},"featured_media":2512,"comment_status":"open","ping_status":"closed","template":"","meta":{"_acf_changed":true},"certification":[59,61,60,62],"product_brand":[],"product_cat":[35,21],"product_tag":[],"class_list":{"0":"post-2508","1":"product","2":"type-product","3":"status-publish","4":"has-post-thumbnail","6":"certification-ce","7":"certification-iso-14001","8":"certification-iso-45001","9":"certification-iso-9001","10":"product_cat-bathroom-ceramics-supply","11":"product_cat-wholesale-ceramic-basin","13":"first","14":"instock","15":"shipping-taxable","16":"product-type-simple"},"acf":[],"_links":{"self":[{"href":"https:\/\/www.linkceramics.com\/fr\/wp-json\/wp\/v2\/product\/2508","targetHints":{"allow":["GET"]}}],"collection":[{"href":"https:\/\/www.linkceramics.com\/fr\/wp-json\/wp\/v2\/product"}],"about":[{"href":"https:\/\/www.linkceramics.com\/fr\/wp-json\/wp\/v2\/types\/product"}],"replies":[{"embeddable":true,"href":"https:\/\/www.linkceramics.com\/fr\/wp-json\/wp\/v2\/comments?post=2508"}],"wp:featuredmedia":[{"embeddable":true,"href":"https:\/\/www.linkceramics.com\/fr\/wp-json\/wp\/v2\/media\/2512"}],"wp:attachment":[{"href":"https:\/\/www.linkceramics.com\/fr\/wp-json\/wp\/v2\/media?parent=2508"}],"wp:term":[{"taxonomy":"certification","embeddable":true,"href":"https:\/\/www.linkceramics.com\/fr\/wp-json\/wp\/v2\/certification?post=2508"},{"taxonomy":"product_brand","embeddable":true,"href":"https:\/\/www.linkceramics.com\/fr\/wp-json\/wp\/v2\/product_brand?post=2508"},{"taxonomy":"product_cat","embeddable":true,"href":"https:\/\/www.linkceramics.com\/fr\/wp-json\/wp\/v2\/product_cat?post=2508"},{"taxonomy":"product_tag","embeddable":true,"href":"https:\/\/www.linkceramics.com\/fr\/wp-json\/wp\/v2\/product_tag?post=2508"}],"curies":[{"name":"wp","href":"https:\/\/api.w.org\/{rel}","templated":true}]}}