{"id":2515,"date":"2025-09-11T05:45:52","date_gmt":"2025-09-11T05:45:52","guid":{"rendered":"https:\/\/www.linkceramics.com\/?post_type=product&#038;p=2515"},"modified":"2025-09-11T06:06:45","modified_gmt":"2025-09-11T06:06:45","slug":"ceramic-vase-wholesale","status":"publish","type":"product","link":"https:\/\/www.linkceramics.com\/fr\/product\/ceramic-vase-wholesale\/","title":{"rendered":"Solecasa Ceramic Vase wholesale, Elegant Green Flower Vases"},"content":{"rendered":"<div class=\"wp-block-columns is-layout-flex wp-container-core-columns-is-layout-9d6595d7 wp-block-columns-is-layout-flex\">\n<div class=\"wp-block-column is-layout-flow wp-block-column-is-layout-flow\" style=\"flex-basis:50%\">\n<h3 class=\"wp-block-heading\">Vase en c\u00e9ramique de premi\u00e8re qualit\u00e9 :<\/h3>\n\n\n\n<ul class=\"wp-block-list\">\n<li><strong>Forme de la bouteille pleine :<\/strong> Ce vase en c\u00e9ramique combine praticit\u00e9 et beaut\u00e9 artistique, avec un design rond et net, une forme nette et atmosph\u00e9rique, et rehausse le niveau de d\u00e9coration de l'espace.<\/li>\n\n\n\n<li><strong>L'\u00e9l\u00e9ment de couleur et la couleur du confort : <\/strong>La couleur beige et la couleur verte utilis\u00e9es dans nos vases \u00e0 fleurs en vrac donnent l'effet naturel d'une atmosph\u00e8re a\u00e9r\u00e9e et fra\u00eeche pour les styles de d\u00e9coration d'int\u00e9rieur tels que moderne, pastoral et \u00e9l\u00e9gant.<\/li>\n\n\n\n<li><strong>Motif floral en ligne verte : <\/strong>Ce vase en c\u00e9ramique de gros est simple et exquis, avec des fleurs peintes \u00e0 la main qui embellissent le corps de la bouteille, pr\u00e9sentant une atmosph\u00e8re de vivacit\u00e9 artistique et de naturel.<\/li>\n\n\n\n<li><strong>Mat\u00e9riau c\u00e9ramique haute temp\u00e9rature :<\/strong> Le mat\u00e9riau de nos vases \u00e0 fleurs en vrac est d\u00e9licat et lisse, stable et durable. Le mat\u00e9riau est \u00e9pais et la surface est lisse ; les deux styles conviennent \u00e0 un usage quotidien ou \u00e0 une exposition artistique.<\/li>\n\n\n\n<li><strong>Adaptable \u00e0 de multiples sc\u00e9narios :<\/strong> Notre vase en c\u00e9ramique en gros convient pour la vente au d\u00e9tail, les cadeaux ou l'am\u00e9nagement d'un espace. Il peut \u00e9galement \u00eatre utilis\u00e9 comme cadeau de f\u00eate, d\u00e9coration de magasin ou d\u00e9coration int\u00e9rieure.<\/li>\n<\/ul>\n<\/div>\n\n\n\n<div class=\"wp-block-column is-layout-flow wp-block-column-is-layout-flow\" style=\"flex-basis:50%\">\n<figure class=\"wp-block-image size-full\"><img decoding=\"async\" width=\"1440\" height=\"1440\" src=\"https:\/\/www.linkceramics.com\/wp-content\/uploads\/2025\/09\/Solecasa-Ceramic-Vase-wholesale-Elegant-Green-Flower-Vases.webp\" alt=\"Solecasa-Vase en c\u00e9ramique-wholesale-Elegant-Green-Flower-Vases\" class=\"wp-image-2516\" srcset=\"https:\/\/www.linkceramics.com\/wp-content\/uploads\/2025\/09\/Solecasa-Ceramic-Vase-wholesale-Elegant-Green-Flower-Vases.webp 1440w, https:\/\/www.linkceramics.com\/wp-content\/uploads\/2025\/09\/Solecasa-Ceramic-Vase-wholesale-Elegant-Green-Flower-Vases-300x300.webp 300w, https:\/\/www.linkceramics.com\/wp-content\/uploads\/2025\/09\/Solecasa-Ceramic-Vase-wholesale-Elegant-Green-Flower-Vases-150x150.webp 150w, https:\/\/www.linkceramics.com\/wp-content\/uploads\/2025\/09\/Solecasa-Ceramic-Vase-wholesale-Elegant-Green-Flower-Vases-768x768.webp 768w, https:\/\/www.linkceramics.com\/wp-content\/uploads\/2025\/09\/Solecasa-Ceramic-Vase-wholesale-Elegant-Green-Flower-Vases-12x12.webp 12w, https:\/\/www.linkceramics.com\/wp-content\/uploads\/2025\/09\/Solecasa-Ceramic-Vase-wholesale-Elegant-Green-Flower-Vases-1200x1200.webp 1200w, https:\/\/www.linkceramics.com\/wp-content\/uploads\/2025\/09\/Solecasa-Ceramic-Vase-wholesale-Elegant-Green-Flower-Vases-600x600.webp 600w, https:\/\/www.linkceramics.com\/wp-content\/uploads\/2025\/09\/Solecasa-Ceramic-Vase-wholesale-Elegant-Green-Flower-Vases-100x100.webp 100w\" sizes=\"(max-width: 1440px) 100vw, 1440px\" \/><\/figure>\n<\/div>\n<\/div>\n\n\n\n<p><\/p>","protected":false},"excerpt":{"rendered":"<div id=\"brxe-0ee1ca\" class=\"brxe-product-meta product_meta\">\n<p>Bienvenue pour l'achat de vases \u00e0 fleurs en gros. Ce vase en c\u00e9ramique en gros adopte un design de bouteille pleine avec des lignes douces et arrondies, montrant une beaut\u00e9 orientale douce et \u00e9l\u00e9gante. Les couleurs beige et verte sont naturelles et harmonieuses, fra\u00eeches et \u00e9l\u00e9gantes.<\/p>\n<\/div>\n<div id=\"brxe-8c5ca9\" class=\"brxe-product-short-description\">\n<div class=\"woocommerce-product-details__short-description\">\n<h2>Solecasa Vase en c\u00e9ramique wholesale Sp\u00e9cifications :<\/h2>\n<div id=\"brxe-e78fbc\" class=\"brxe-product-short-description brxe-text-basic\">\n<div class=\"woocommerce-product-details__short-description\">\n<table border=\"0\" width=\"370\" cellspacing=\"0\" cellpadding=\"0\">\n<tbody>\n<tr>\n<td width=\"139\" height=\"18\">Fabricant<\/td>\n<td width=\"231\">SOLECASA<\/td>\n<\/tr>\n<tr>\n<td width=\"139\" height=\"18\">Collection Appartenance<\/td>\n<td width=\"231\">Moments de verdure<\/td>\n<\/tr>\n<tr>\n<td width=\"139\" height=\"18\">Type de produit<\/td>\n<td width=\"231\">Vase en gla\u00e7ure<\/td>\n<\/tr>\n<tr>\n<td width=\"139\" height=\"18\">Num\u00e9ro de mod\u00e8le<\/td>\n<td width=\"231\">17772F03838-XG-CH5<\/td>\n<\/tr>\n<tr>\n<td width=\"139\" height=\"18\">Mat\u00e9riau<\/td>\n<td width=\"231\">Porcelaine<\/td>\n<\/tr>\n<tr>\n<td width=\"139\" height=\"18\">Dimension<\/td>\n<td width=\"231\">140mm<\/td>\n<\/tr>\n<tr>\n<td width=\"139\" height=\"18\">MOQ<\/td>\n<td width=\"231\">Faible MOQ<\/td>\n<\/tr>\n<tr>\n<td width=\"139\" height=\"18\">\u00c9chantillon gratuit<\/td>\n<td width=\"231\">Disponible<\/td>\n<\/tr>\n<tr>\n<td width=\"139\" height=\"18\">Option personnalis\u00e9e<\/td>\n<td width=\"231\">Couleur\/Taille\/Glaze\/Logo\/Emballage<\/td>\n<\/tr>\n<\/tbody>\n<\/table>\n<\/div>\n<\/div>\n<div id=\"brxe-93988a\" class=\"brxe-block\">\u00a0<\/div>\n<\/div>\n<\/div>\n<p><script src=\"chrome-extension:\/\/fpelahbljekknahkcaegamhcndkfpfnc\/iFrame.js\" type=\"text\/javascript\"><\/script><\/p>","protected":false},"featured_media":2516,"comment_status":"open","ping_status":"closed","template":"","meta":{"_acf_changed":false},"certification":[63,64,66,58,65,61,60,62,57],"product_brand":[],"product_cat":[37,17],"product_tag":[],"class_list":{"0":"post-2515","1":"product","2":"type-product","3":"status-publish","4":"has-post-thumbnail","6":"certification-amfori","7":"certification-bsci","8":"certification-cnas","9":"certification-fda","10":"certification-iaf","11":"certification-iso-14001","12":"certification-iso-45001","13":"certification-iso-9001","14":"certification-lfgb","15":"product_cat-decorative-ceramic-wholesale","16":"product_cat-ceramic-vases-wholesale","18":"first","19":"instock","20":"shipping-taxable","21":"product-type-simple"},"acf":[],"_links":{"self":[{"href":"https:\/\/www.linkceramics.com\/fr\/wp-json\/wp\/v2\/product\/2515","targetHints":{"allow":["GET"]}}],"collection":[{"href":"https:\/\/www.linkceramics.com\/fr\/wp-json\/wp\/v2\/product"}],"about":[{"href":"https:\/\/www.linkceramics.com\/fr\/wp-json\/wp\/v2\/types\/product"}],"replies":[{"embeddable":true,"href":"https:\/\/www.linkceramics.com\/fr\/wp-json\/wp\/v2\/comments?post=2515"}],"wp:featuredmedia":[{"embeddable":true,"href":"https:\/\/www.linkceramics.com\/fr\/wp-json\/wp\/v2\/media\/2516"}],"wp:attachment":[{"href":"https:\/\/www.linkceramics.com\/fr\/wp-json\/wp\/v2\/media?parent=2515"}],"wp:term":[{"taxonomy":"certification","embeddable":true,"href":"https:\/\/www.linkceramics.com\/fr\/wp-json\/wp\/v2\/certification?post=2515"},{"taxonomy":"product_brand","embeddable":true,"href":"https:\/\/www.linkceramics.com\/fr\/wp-json\/wp\/v2\/product_brand?post=2515"},{"taxonomy":"product_cat","embeddable":true,"href":"https:\/\/www.linkceramics.com\/fr\/wp-json\/wp\/v2\/product_cat?post=2515"},{"taxonomy":"product_tag","embeddable":true,"href":"https:\/\/www.linkceramics.com\/fr\/wp-json\/wp\/v2\/product_tag?post=2515"}],"curies":[{"name":"wp","href":"https:\/\/api.w.org\/{rel}","templated":true}]}}