{"id":2519,"date":"2025-09-11T07:55:27","date_gmt":"2025-09-11T07:55:27","guid":{"rendered":"https:\/\/www.linkceramics.com\/?post_type=product&#038;p=2519"},"modified":"2025-09-11T07:55:29","modified_gmt":"2025-09-11T07:55:29","slug":"chinese-crockery-wholesale-2","status":"publish","type":"product","link":"https:\/\/www.linkceramics.com\/fr\/product\/chinese-crockery-wholesale-2\/","title":{"rendered":"Vaisselle chinoise d\u00e9licate en gros, Service de table complet en vrac"},"content":{"rendered":"<div class=\"wp-block-columns is-layout-flex wp-container-core-columns-is-layout-9d6595d7 wp-block-columns-is-layout-flex\">\n<div class=\"wp-block-column is-layout-flow wp-block-column-is-layout-flow\" style=\"flex-basis:50%\">\n<h3 class=\"wp-block-heading\">Premium Chinese Crockery Wholesale Caract\u00e9ristiques :<\/h3>\n\n\n\n<ul class=\"wp-block-list\">\n<li>Design artistique oriental, pr\u00e9sentant un charme culturel : Ce mod\u00e8le de vaisselle chinoise en gros s'inspire des fleurs chinoises traditionnelles et des images naturelles, v\u00e9hiculant une po\u00e9sie classique et une tranquillit\u00e9 spirituelle.<\/li>\n\n\n\n<li>Gla\u00e7ure chaude, toucher d\u00e9licat et confortable : Nos services de table en vrac ont une surface lisse comme le jade, des couleurs douces et \u00e9l\u00e9gantes, et am\u00e9liorent le plaisir visuel et tactile des repas.<\/li>\n\n\n\n<li>\u00c9l\u00e9gante correspondance des couleurs, adapt\u00e9e \u00e0 une vari\u00e9t\u00e9 de styles de tables \u00e0 manger : Notre vaisselle chinoise en gros utilise des tons clairs et des motifs doux pour cr\u00e9er une atmosph\u00e8re calme et artistique.<\/li>\n\n\n\n<li>Les articles sont assortis \u00e0 plusieurs cat\u00e9gories afin de r\u00e9pondre \u00e0 une grande vari\u00e9t\u00e9 de besoins : Nos services de table en vrac comprennent des assiettes, des bols \u00e0 soupe, des th\u00e9i\u00e8res, des tasses et des soucoupes, etc., qui conviennent \u00e0 de nombreux contextes tels que la maison, l'h\u00f4tel, le salon de th\u00e9, etc.<\/li>\n\n\n\n<li><strong>Prise en charge de la vente en gros, adapt\u00e9e \u00e0 une vari\u00e9t\u00e9 de canaux de vente :<\/strong> Cette vaisselle chinoise en gros peut \u00eatre utilis\u00e9e pour le d\u00e9veloppement de cadeaux, la vente au d\u00e9tail culturelle et cr\u00e9ative, la personnalisation de la marque, et constitue un choix id\u00e9al pour la vente en gros de vaisselle chinoise haut de gamme.<\/li>\n<\/ul>\n<\/div>\n\n\n\n<div class=\"wp-block-column is-layout-flow wp-block-column-is-layout-flow\" style=\"flex-basis:50%\">\n<figure class=\"wp-block-image size-full\"><img decoding=\"async\" width=\"800\" height=\"800\" src=\"https:\/\/www.linkceramics.com\/wp-content\/uploads\/2025\/09\/Delicate-Chinese-Crockery-Wholesale-Full-Dinner-Sets-Bulk-6.webp\" alt=\"D\u00e9licatesse-Chine-Croquerie-Grossiste-Sets-\u00e0-d\u00eener-complets-Bulk-6\" class=\"wp-image-2521\" srcset=\"https:\/\/www.linkceramics.com\/wp-content\/uploads\/2025\/09\/Delicate-Chinese-Crockery-Wholesale-Full-Dinner-Sets-Bulk-6.webp 800w, https:\/\/www.linkceramics.com\/wp-content\/uploads\/2025\/09\/Delicate-Chinese-Crockery-Wholesale-Full-Dinner-Sets-Bulk-6-300x300.webp 300w, https:\/\/www.linkceramics.com\/wp-content\/uploads\/2025\/09\/Delicate-Chinese-Crockery-Wholesale-Full-Dinner-Sets-Bulk-6-150x150.webp 150w, https:\/\/www.linkceramics.com\/wp-content\/uploads\/2025\/09\/Delicate-Chinese-Crockery-Wholesale-Full-Dinner-Sets-Bulk-6-768x768.webp 768w, https:\/\/www.linkceramics.com\/wp-content\/uploads\/2025\/09\/Delicate-Chinese-Crockery-Wholesale-Full-Dinner-Sets-Bulk-6-12x12.webp 12w, https:\/\/www.linkceramics.com\/wp-content\/uploads\/2025\/09\/Delicate-Chinese-Crockery-Wholesale-Full-Dinner-Sets-Bulk-6-600x600.webp 600w, https:\/\/www.linkceramics.com\/wp-content\/uploads\/2025\/09\/Delicate-Chinese-Crockery-Wholesale-Full-Dinner-Sets-Bulk-6-100x100.webp 100w\" sizes=\"(max-width: 800px) 100vw, 800px\" \/><\/figure>\n<\/div>\n<\/div>\n\n\n\n<p><\/p>","protected":false},"excerpt":{"rendered":"<div id=\"brxe-0ee1ca\" class=\"brxe-product-meta product_meta\">\n<p>Bienvenue sur le site d'achat de vaisselle en gros. Cette vaisselle chinoise en gros associe l'esth\u00e9tique orientale traditionnelle au pragmatisme moderne. Le gla\u00e7age chaud et l'assortiment de couleurs \u00e9l\u00e9gantes cr\u00e9ent une exp\u00e9rience visuelle de r\u00eave.<\/p>\n<\/div>\n<div id=\"brxe-8c5ca9\" class=\"brxe-product-short-description\">\n<div class=\"woocommerce-product-details__short-description\">\n<h2>Solecasa Vase en c\u00e9ramique wholesale Sp\u00e9cifications :<\/h2>\n<div id=\"brxe-e78fbc\" class=\"brxe-product-short-description brxe-text-basic\">\n<table border=\"0\" width=\"370\" cellspacing=\"0\" cellpadding=\"0\">\n<tbody>\n<tr>\n<td width=\"139\" height=\"18\">Fabricant<\/td>\n<td width=\"231\">SOLECASA<\/td>\n<\/tr>\n<tr>\n<td width=\"139\" height=\"18\">Nom de la collection<\/td>\n<td width=\"231\">R\u00eave de Dunhuang<\/td>\n<\/tr>\n<tr>\n<td width=\"139\" height=\"36\">Produits inclus<\/td>\n<td width=\"231\">Assiette, Bol, Plat \u00e0 tremper, Th\u00e9i\u00e8re, Tasse et soucoupe, Cuill\u00e8re<\/td>\n<\/tr>\n<tr>\n<td width=\"139\" height=\"18\">Mat\u00e9riau<\/td>\n<td width=\"231\">Porcelaine<\/td>\n<\/tr>\n<tr>\n<td width=\"139\" height=\"18\">Paquet<\/td>\n<td width=\"231\">Emballage en vrac<\/td>\n<\/tr>\n<tr>\n<td width=\"139\" height=\"18\">Unit\u00e9s de vente<\/td>\n<td width=\"231\">Article unique<\/td>\n<\/tr>\n<tr>\n<td width=\"139\" height=\"18\">MOQ<\/td>\n<td width=\"231\">Faible MOQ<\/td>\n<\/tr>\n<tr>\n<td width=\"139\" height=\"18\">\u00c9chantillon gratuit<\/td>\n<td width=\"231\">Disponible<\/td>\n<\/tr>\n<tr>\n<td width=\"139\" height=\"18\">Option personnalis\u00e9e<\/td>\n<td width=\"231\">Couleur\/Taille\/Glaze\/Logo\/Emballage<\/td>\n<\/tr>\n<\/tbody>\n<\/table>\n<\/div>\n<div id=\"brxe-93988a\" class=\"brxe-block\">\u00a0<\/div>\n<\/div>\n<\/div>\n<p><script src=\"chrome-extension:\/\/fpelahbljekknahkcaegamhcndkfpfnc\/iFrame.js\" type=\"text\/javascript\"><\/script><\/p>","protected":false},"featured_media":2520,"comment_status":"open","ping_status":"closed","template":"","meta":{"_acf_changed":false},"certification":[63,64,66,58,65,61,60,62,57],"product_brand":[],"product_cat":[34,18],"product_tag":[],"class_list":{"0":"post-2519","1":"product","2":"type-product","3":"status-publish","4":"has-post-thumbnail","6":"certification-amfori","7":"certification-bsci","8":"certification-cnas","9":"certification-fda","10":"certification-iaf","11":"certification-iso-14001","12":"certification-iso-45001","13":"certification-iso-9001","14":"certification-lfgb","15":"product_cat-custom-household-ceramics","16":"product_cat-ceramic-tableware-wholesale","18":"first","19":"instock","20":"shipping-taxable","21":"product-type-simple"},"acf":[],"_links":{"self":[{"href":"https:\/\/www.linkceramics.com\/fr\/wp-json\/wp\/v2\/product\/2519","targetHints":{"allow":["GET"]}}],"collection":[{"href":"https:\/\/www.linkceramics.com\/fr\/wp-json\/wp\/v2\/product"}],"about":[{"href":"https:\/\/www.linkceramics.com\/fr\/wp-json\/wp\/v2\/types\/product"}],"replies":[{"embeddable":true,"href":"https:\/\/www.linkceramics.com\/fr\/wp-json\/wp\/v2\/comments?post=2519"}],"wp:featuredmedia":[{"embeddable":true,"href":"https:\/\/www.linkceramics.com\/fr\/wp-json\/wp\/v2\/media\/2520"}],"wp:attachment":[{"href":"https:\/\/www.linkceramics.com\/fr\/wp-json\/wp\/v2\/media?parent=2519"}],"wp:term":[{"taxonomy":"certification","embeddable":true,"href":"https:\/\/www.linkceramics.com\/fr\/wp-json\/wp\/v2\/certification?post=2519"},{"taxonomy":"product_brand","embeddable":true,"href":"https:\/\/www.linkceramics.com\/fr\/wp-json\/wp\/v2\/product_brand?post=2519"},{"taxonomy":"product_cat","embeddable":true,"href":"https:\/\/www.linkceramics.com\/fr\/wp-json\/wp\/v2\/product_cat?post=2519"},{"taxonomy":"product_tag","embeddable":true,"href":"https:\/\/www.linkceramics.com\/fr\/wp-json\/wp\/v2\/product_tag?post=2519"}],"curies":[{"name":"wp","href":"https:\/\/api.w.org\/{rel}","templated":true}]}}