{"id":2528,"date":"2025-09-13T10:05:49","date_gmt":"2025-09-13T10:05:49","guid":{"rendered":"https:\/\/www.linkceramics.com\/?post_type=product&#038;p=2528"},"modified":"2025-09-16T06:39:06","modified_gmt":"2025-09-16T06:39:06","slug":"ceramic-vases-wholesale-2","status":"publish","type":"product","link":"https:\/\/www.linkceramics.com\/fr\/product\/ceramic-vases-wholesale-2\/","title":{"rendered":"Lovely Unique Ceramic Vases Wholesale, Decorative Vase Bulk (Vases d\u00e9coratifs en vrac)"},"content":{"rendered":"<div class=\"wp-block-columns is-layout-flex wp-container-core-columns-is-layout-9d6595d7 wp-block-columns-is-layout-flex\">\n<div class=\"wp-block-column is-layout-flow wp-block-column-is-layout-flow\" style=\"flex-basis:50%\">\n<h3 class=\"wp-block-heading\">Premium Lovely Unique Ceramic Vases Wholesale Caract\u00e9ristiques :<\/h3>\n\n\n\n<p><strong>Motif de lignes color\u00e9es, plein de sens artistique :<\/strong> Ces vases d\u00e9coratifs en c\u00e9ramique sont d\u00e9cor\u00e9s de lignes color\u00e9es vibrantes et rythmiques \u00e0 l'ext\u00e9rieur, riches en couleurs sans \u00eatre vulgaires, suivant les tendances d\u00e9coratives modernes, compatibles avec divers designs d'espace.<\/p>\n\n\n\n<p><strong>Diverses formes pour r\u00e9pondre \u00e0 des besoins de d\u00e9coration personnalis\u00e9s : <\/strong>Nos vases en c\u00e9ramique en vrac offrent une grande vari\u00e9t\u00e9 de formes de bouteilles, y compris rondes, coniques, irr\u00e9guli\u00e8res, etc., avec des styles uniques, qui peuvent \u00eatre dispos\u00e9es individuellement ou en groupes pour cr\u00e9er davantage le sens de la hi\u00e9rarchie de l'espace.<\/p>\n\n\n\n<p><strong>Cuisson c\u00e9ramique \u00e0 haute temp\u00e9rature, qualit\u00e9 stable :<\/strong> Nos vases d\u00e9coratifs en c\u00e9ramique sont fabriqu\u00e9s \u00e0 partir de mati\u00e8res premi\u00e8res en c\u00e9ramique de haute qualit\u00e9. Le processus de cuisson \u00e0 haute temp\u00e9rature permet d'obtenir une forme stable, une couleur durable, une durabilit\u00e9 et une r\u00e9sistance \u00e0 la d\u00e9coloration, ce qui est \u00e0 la fois pratique et d\u00e9coratif.<\/p>\n\n\n\n<p><strong>Convient \u00e0 diff\u00e9rents march\u00e9s :<\/strong> Ces vases en c\u00e9ramique en vrac sont vendus en gros et peuvent \u00eatre personnalis\u00e9s par OEM\/ODM. La couleur, le motif ou l'emballage peuvent \u00eatre personnalis\u00e9s en fonction des besoins du client et peuvent \u00eatre appliqu\u00e9s \u00e0 divers canaux de vente tels que la vente au d\u00e9tail, les cadeaux et la d\u00e9coration d'int\u00e9rieur.<\/p>\n<\/div>\n\n\n\n<div class=\"wp-block-column is-layout-flow wp-block-column-is-layout-flow\" style=\"flex-basis:50%\">\n<figure class=\"wp-block-image size-full\"><img decoding=\"async\" width=\"1200\" height=\"1200\" src=\"https:\/\/www.linkceramics.com\/wp-content\/uploads\/2025\/09\/lovely-unique-ceramic-vases-wholesale-decorative-vase-bulk-1.webp\" alt=\"lovely-unique-ceramic-vases-wholesale-decorative-vase-bulk-1\" class=\"wp-image-2529\" srcset=\"https:\/\/www.linkceramics.com\/wp-content\/uploads\/2025\/09\/lovely-unique-ceramic-vases-wholesale-decorative-vase-bulk-1.webp 1200w, https:\/\/www.linkceramics.com\/wp-content\/uploads\/2025\/09\/lovely-unique-ceramic-vases-wholesale-decorative-vase-bulk-1-300x300.webp 300w, https:\/\/www.linkceramics.com\/wp-content\/uploads\/2025\/09\/lovely-unique-ceramic-vases-wholesale-decorative-vase-bulk-1-150x150.webp 150w, https:\/\/www.linkceramics.com\/wp-content\/uploads\/2025\/09\/lovely-unique-ceramic-vases-wholesale-decorative-vase-bulk-1-768x768.webp 768w, https:\/\/www.linkceramics.com\/wp-content\/uploads\/2025\/09\/lovely-unique-ceramic-vases-wholesale-decorative-vase-bulk-1-12x12.webp 12w, https:\/\/www.linkceramics.com\/wp-content\/uploads\/2025\/09\/lovely-unique-ceramic-vases-wholesale-decorative-vase-bulk-1-600x600.webp 600w, https:\/\/www.linkceramics.com\/wp-content\/uploads\/2025\/09\/lovely-unique-ceramic-vases-wholesale-decorative-vase-bulk-1-100x100.webp 100w\" sizes=\"(max-width: 1200px) 100vw, 1200px\" \/><\/figure>\n<\/div>\n<\/div>","protected":false},"excerpt":{"rendered":"<div id=\"brxe-0ee1ca\" class=\"brxe-product-meta product_meta\">\n<div id=\"brxe-0ee1ca\" class=\"brxe-product-meta product_meta\">\n<div id=\"brxe-0ee1ca\" class=\"brxe-product-meta product_meta\">\n<p>Nous vous invitons \u00e0 acheter des vases en c\u00e9ramique en gros. Ces vases d\u00e9coratifs en c\u00e9ramique sont con\u00e7us avec des lignes color\u00e9es, des couleurs vives et \u00e9clatantes, des formes diverses et uniques, et sont d\u00e9coratifs et artistiques. Ils sont id\u00e9aux pour des espaces vari\u00e9s tels que la maison, le restaurant, l'exposition de fleurs.<\/p>\n<\/div>\n<\/div>\n<\/div>\n<div id=\"brxe-8c5ca9\" class=\"brxe-product-short-description\">\n<div class=\"woocommerce-product-details__short-description\">\n<h2>Vases en c\u00e9ramique uniques de premi\u00e8re qualit\u00e9 en gros Sp\u00e9cifications :<\/h2>\n<div id=\"brxe-8c5ca9\" class=\"brxe-product-short-description\">\n<div class=\"woocommerce-product-details__short-description\">\n<table border=\"0\" width=\"338\" cellspacing=\"0\" cellpadding=\"0\">\n<tbody>\n<tr>\n<td class=\"et3\" width=\"124\" height=\"18\">Fabricant<\/td>\n<td class=\"et3\" width=\"214\">Un foyer d'amour<\/td>\n<\/tr>\n<tr>\n<td class=\"et3\" width=\"124\" height=\"18\">Type de produit<\/td>\n<td class=\"et4\" width=\"214\">Vases \u00e0 fleurs<\/td>\n<\/tr>\n<tr>\n<td class=\"et3\" width=\"124\" height=\"18\">Mat\u00e9riau<\/td>\n<td class=\"et3\" width=\"214\">Porcelaine durable<\/td>\n<\/tr>\n<tr>\n<td class=\"et3\" width=\"124\" height=\"18\">Dimension<\/td>\n<td class=\"et3\" width=\"214\">Comme l'indique la photo de d\u00e9tail<\/td>\n<\/tr>\n<tr>\n<td class=\"et3\" width=\"124\" height=\"18\">Unit\u00e9s de vente<\/td>\n<td class=\"et3\" width=\"214\">Article unique<\/td>\n<\/tr>\n<tr>\n<td class=\"et3\" width=\"124\" height=\"18\">MOQ<\/td>\n<td class=\"et3\" width=\"214\">1200\/pcs par article<\/td>\n<\/tr>\n<tr>\n<td class=\"et3\" width=\"124\" height=\"18\">Option personnalis\u00e9e<\/td>\n<td class=\"et3\" width=\"214\">Couleur\/Taille\/Glaze\/Logo\/Emballage<\/td>\n<\/tr>\n<\/tbody>\n<\/table>\n<\/div>\n<\/div>\n<\/div>\n<\/div>","protected":false},"featured_media":2530,"comment_status":"open","ping_status":"closed","template":"","meta":{"_acf_changed":false},"certification":[63,64,66,58,65,61,60,62],"product_brand":[],"product_cat":[37,38,17],"product_tag":[],"class_list":{"0":"post-2528","1":"product","2":"type-product","3":"status-publish","4":"has-post-thumbnail","6":"certification-amfori","7":"certification-bsci","8":"certification-cnas","9":"certification-fda","10":"certification-iaf","11":"certification-iso-14001","12":"certification-iso-45001","13":"certification-iso-9001","14":"product_cat-decorative-ceramic-wholesale","15":"product_cat-custom-ceramic-ornament","16":"product_cat-ceramic-vases-wholesale","18":"first","19":"instock","20":"shipping-taxable","21":"product-type-simple"},"acf":[],"_links":{"self":[{"href":"https:\/\/www.linkceramics.com\/fr\/wp-json\/wp\/v2\/product\/2528","targetHints":{"allow":["GET"]}}],"collection":[{"href":"https:\/\/www.linkceramics.com\/fr\/wp-json\/wp\/v2\/product"}],"about":[{"href":"https:\/\/www.linkceramics.com\/fr\/wp-json\/wp\/v2\/types\/product"}],"replies":[{"embeddable":true,"href":"https:\/\/www.linkceramics.com\/fr\/wp-json\/wp\/v2\/comments?post=2528"}],"wp:featuredmedia":[{"embeddable":true,"href":"https:\/\/www.linkceramics.com\/fr\/wp-json\/wp\/v2\/media\/2530"}],"wp:attachment":[{"href":"https:\/\/www.linkceramics.com\/fr\/wp-json\/wp\/v2\/media?parent=2528"}],"wp:term":[{"taxonomy":"certification","embeddable":true,"href":"https:\/\/www.linkceramics.com\/fr\/wp-json\/wp\/v2\/certification?post=2528"},{"taxonomy":"product_brand","embeddable":true,"href":"https:\/\/www.linkceramics.com\/fr\/wp-json\/wp\/v2\/product_brand?post=2528"},{"taxonomy":"product_cat","embeddable":true,"href":"https:\/\/www.linkceramics.com\/fr\/wp-json\/wp\/v2\/product_cat?post=2528"},{"taxonomy":"product_tag","embeddable":true,"href":"https:\/\/www.linkceramics.com\/fr\/wp-json\/wp\/v2\/product_tag?post=2528"}],"curies":[{"name":"wp","href":"https:\/\/api.w.org\/{rel}","templated":true}]}}