{"id":2532,"date":"2025-09-13T10:46:09","date_gmt":"2025-09-13T10:46:09","guid":{"rendered":"https:\/\/www.linkceramics.com\/?post_type=product&#038;p=2532"},"modified":"2025-09-16T06:41:26","modified_gmt":"2025-09-16T06:41:26","slug":"ceramic-cookie-jars-wholesale","status":"publish","type":"product","link":"https:\/\/www.linkceramics.com\/fr\/product\/ceramic-cookie-jars-wholesale\/","title":{"rendered":"Pots \u00e0 biscuits en c\u00e9ramique Wholesale, Ceramic Canisters For Kitchen"},"content":{"rendered":"<div class=\"wp-block-columns is-layout-flex wp-container-core-columns-is-layout-9d6595d7 wp-block-columns-is-layout-flex\">\n<div class=\"wp-block-column is-layout-flow wp-block-column-is-layout-flow\" style=\"flex-basis:50%\">\n<h3 class=\"wp-block-heading\">Bocaux \u00e0 biscuits en c\u00e9ramique de premi\u00e8re qualit\u00e9 Caract\u00e9ristiques en gros :<\/h3>\n\n\n\n<p><strong>D'\u00e9l\u00e9gants motifs floraux et fruit\u00e9s illuminent l'espace de la cuisine : <\/strong>Ces bo\u00eetes \u00e0 biscuits en c\u00e9ramique pr\u00e9sentent d'\u00e9l\u00e9gants motifs floraux et fruitiers qui conf\u00e8rent une atmosph\u00e8re fra\u00eeche et vivante \u00e0 la cuisine. Elles sont \u00e9galement tr\u00e8s fonctionnelles et d\u00e9coratives.<\/p>\n\n\n\n<p><strong>C\u00e9ramique cuite \u00e0 haute temp\u00e9rature, saine et durable :<\/strong> Nos bo\u00eetes de cuisine en gros sont fabriqu\u00e9es en c\u00e9ramique de haute qualit\u00e9 cuite \u00e0 haute temp\u00e9rature, avec une bonne \u00e9tanch\u00e9it\u00e9 et sans odeur, et peuvent stocker en toute s\u00e9curit\u00e9 des produits secs tels que des biscuits, du th\u00e9 et des bonbons.<\/p>\n\n\n\n<p><strong>Base blanche classique, styles polyvalents et vari\u00e9s : <\/strong>Ces bo\u00eetes \u00e0 biscuits en c\u00e9ramique sont fabriqu\u00e9es \u00e0 partir d'une base \u00e9maill\u00e9e blanche avec de beaux motifs. Elles sont simples et d'aspect frais et s'accordent facilement avec des d\u00e9corations de cuisine modernes, champ\u00eatres, r\u00e9tro et autres.<\/p>\n\n\n\n<p><strong>Plusieurs capacit\u00e9s sont disponibles pour r\u00e9pondre aux diff\u00e9rents besoins de stockage :<\/strong> Nous fournissons des bo\u00eetes de cuisine en gros avec une vari\u00e9t\u00e9 de sp\u00e9cifications et de tailles, qui peuvent \u00eatre utilis\u00e9es pour emballer divers types de produits secs, ou peuvent \u00eatre assorties en tant qu'ensemble, convenant \u00e0 l'utilisation domestique ou \u00e0 la vente en gros au d\u00e9tail.<\/p>\n\n\n\n<p><strong>Convient \u00e0 diff\u00e9rents march\u00e9s :<\/strong> Ces articles de cuisine en c\u00e9ramique en vrac sont disponibles en gros et peuvent \u00eatre personnalis\u00e9s par OEM\/ODM. La couleur, le motif ou l'emballage peuvent \u00eatre personnalis\u00e9s en fonction des besoins du client et peuvent \u00eatre appliqu\u00e9s \u00e0 divers canaux de vente tels que les biscuits, les fruits secs et le th\u00e9.<\/p>\n<\/div>\n\n\n\n<div class=\"wp-block-column is-layout-flow wp-block-column-is-layout-flow\" style=\"flex-basis:50%\">\n<figure class=\"wp-block-image size-full\"><img decoding=\"async\" width=\"1200\" height=\"1200\" src=\"https:\/\/www.linkceramics.com\/wp-content\/uploads\/2025\/09\/Ceramic-Cookie-Jars-Wholesale-Ceramic-Canisters-For-Kitchen-1.webp\" alt=\"Ceramic-Cookie-Jars-Wholesale-Ceramic-Canisters-For-Kitchen-1\" class=\"wp-image-2533\" srcset=\"https:\/\/www.linkceramics.com\/wp-content\/uploads\/2025\/09\/Ceramic-Cookie-Jars-Wholesale-Ceramic-Canisters-For-Kitchen-1.webp 1200w, https:\/\/www.linkceramics.com\/wp-content\/uploads\/2025\/09\/Ceramic-Cookie-Jars-Wholesale-Ceramic-Canisters-For-Kitchen-1-300x300.webp 300w, https:\/\/www.linkceramics.com\/wp-content\/uploads\/2025\/09\/Ceramic-Cookie-Jars-Wholesale-Ceramic-Canisters-For-Kitchen-1-150x150.webp 150w, https:\/\/www.linkceramics.com\/wp-content\/uploads\/2025\/09\/Ceramic-Cookie-Jars-Wholesale-Ceramic-Canisters-For-Kitchen-1-768x768.webp 768w, https:\/\/www.linkceramics.com\/wp-content\/uploads\/2025\/09\/Ceramic-Cookie-Jars-Wholesale-Ceramic-Canisters-For-Kitchen-1-12x12.webp 12w, https:\/\/www.linkceramics.com\/wp-content\/uploads\/2025\/09\/Ceramic-Cookie-Jars-Wholesale-Ceramic-Canisters-For-Kitchen-1-600x600.webp 600w, https:\/\/www.linkceramics.com\/wp-content\/uploads\/2025\/09\/Ceramic-Cookie-Jars-Wholesale-Ceramic-Canisters-For-Kitchen-1-100x100.webp 100w\" sizes=\"(max-width: 1200px) 100vw, 1200px\" \/><\/figure>\n<\/div>\n<\/div>","protected":false},"excerpt":{"rendered":"<div id=\"brxe-0ee1ca\" class=\"brxe-product-meta product_meta\">\n<div id=\"brxe-0ee1ca\" class=\"brxe-product-meta product_meta\">\n<div id=\"brxe-0ee1ca\" class=\"brxe-product-meta product_meta\">\n<p>Bienvenue sur le site de vente en gros de bo\u00eetes \u00e0 biscuits pour la cuisine. Cette s\u00e9rie de bo\u00eetes \u00e0 biscuits en c\u00e9ramique est de forme \u00e9l\u00e9gante et convient au stockage de produits secs tels que les biscuits, les fruits secs et le th\u00e9. Elles sont non seulement pratiques, mais peuvent \u00e9galement \u00eatre utilis\u00e9es comme d\u00e9coration de cuisine.<\/p>\n<\/div>\n<\/div>\n<\/div>\n<div id=\"brxe-8c5ca9\" class=\"brxe-product-short-description\">\n<div class=\"woocommerce-product-details__short-description\">\n<h2>Vases en c\u00e9ramique uniques de premi\u00e8re qualit\u00e9 en gros Sp\u00e9cifications :<\/h2>\n<div id=\"brxe-8c5ca9\" class=\"brxe-product-short-description\">\n<div id=\"brxe-8c5ca9\" class=\"brxe-product-short-description\">\n<div class=\"woocommerce-product-details__short-description\">\n<table border=\"0\" width=\"338\" cellspacing=\"0\" cellpadding=\"0\">\n<tbody>\n<tr>\n<td width=\"124\" height=\"18\">Fabricant<\/td>\n<td width=\"214\">Un foyer d'amour<\/td>\n<\/tr>\n<tr>\n<td width=\"124\" height=\"18\">Nom de la collection<\/td>\n<td width=\"214\">Jolly Jars<\/td>\n<\/tr>\n<tr>\n<td width=\"124\" height=\"18\">Utilisation<\/td>\n<td width=\"214\">Maison, Restaurant, H\u00f4tel<\/td>\n<\/tr>\n<tr>\n<td width=\"124\" height=\"53\">Type de vaisselle<\/td>\n<td width=\"214\">Bo\u00eetes en c\u00e9ramique<\/td>\n<\/tr>\n<tr>\n<td width=\"124\" height=\"18\">Mat\u00e9riau<\/td>\n<td width=\"214\">Porcelaine durable<\/td>\n<\/tr>\n<tr>\n<td width=\"124\" height=\"18\">Dimension<\/td>\n<td width=\"214\">Comme l'indique la photo de d\u00e9tail<\/td>\n<\/tr>\n<tr>\n<td width=\"124\" height=\"18\">Unit\u00e9s de vente<\/td>\n<td width=\"214\">Article unique<\/td>\n<\/tr>\n<tr>\n<td width=\"124\" height=\"18\">MOQ<\/td>\n<td width=\"214\">1200\/pcs par article<\/td>\n<\/tr>\n<tr>\n<td width=\"124\" height=\"18\">Option personnalis\u00e9e<\/td>\n<td width=\"214\">Couleur\/Taille\/Glaze\/Logo\/Emballage<\/td>\n<\/tr>\n<\/tbody>\n<\/table>\n<\/div>\n<\/div>\n<\/div>\n<\/div>\n<\/div>","protected":false},"featured_media":2534,"comment_status":"open","ping_status":"closed","template":"","meta":{"_acf_changed":false},"certification":[63,64,66,58,65,61,60,62],"product_brand":[],"product_cat":[34,20],"product_tag":[],"class_list":{"0":"post-2532","1":"product","2":"type-product","3":"status-publish","4":"has-post-thumbnail","6":"certification-amfori","7":"certification-bsci","8":"certification-cnas","9":"certification-fda","10":"certification-iaf","11":"certification-iso-14001","12":"certification-iso-45001","13":"certification-iso-9001","14":"product_cat-custom-household-ceramics","15":"product_cat-ceramic-kitchenware-wholesale","17":"first","18":"instock","19":"shipping-taxable","20":"product-type-simple"},"acf":[],"_links":{"self":[{"href":"https:\/\/www.linkceramics.com\/fr\/wp-json\/wp\/v2\/product\/2532","targetHints":{"allow":["GET"]}}],"collection":[{"href":"https:\/\/www.linkceramics.com\/fr\/wp-json\/wp\/v2\/product"}],"about":[{"href":"https:\/\/www.linkceramics.com\/fr\/wp-json\/wp\/v2\/types\/product"}],"replies":[{"embeddable":true,"href":"https:\/\/www.linkceramics.com\/fr\/wp-json\/wp\/v2\/comments?post=2532"}],"wp:featuredmedia":[{"embeddable":true,"href":"https:\/\/www.linkceramics.com\/fr\/wp-json\/wp\/v2\/media\/2534"}],"wp:attachment":[{"href":"https:\/\/www.linkceramics.com\/fr\/wp-json\/wp\/v2\/media?parent=2532"}],"wp:term":[{"taxonomy":"certification","embeddable":true,"href":"https:\/\/www.linkceramics.com\/fr\/wp-json\/wp\/v2\/certification?post=2532"},{"taxonomy":"product_brand","embeddable":true,"href":"https:\/\/www.linkceramics.com\/fr\/wp-json\/wp\/v2\/product_brand?post=2532"},{"taxonomy":"product_cat","embeddable":true,"href":"https:\/\/www.linkceramics.com\/fr\/wp-json\/wp\/v2\/product_cat?post=2532"},{"taxonomy":"product_tag","embeddable":true,"href":"https:\/\/www.linkceramics.com\/fr\/wp-json\/wp\/v2\/product_tag?post=2532"}],"curies":[{"name":"wp","href":"https:\/\/api.w.org\/{rel}","templated":true}]}}