{"id":2543,"date":"2025-09-16T06:37:25","date_gmt":"2025-09-16T06:37:25","guid":{"rendered":"https:\/\/www.linkceramics.com\/?post_type=product&#038;p=2543"},"modified":"2025-09-16T06:37:27","modified_gmt":"2025-09-16T06:37:27","slug":"dinnerware-sets-wholesale","status":"publish","type":"product","link":"https:\/\/www.linkceramics.com\/fr\/product\/dinnerware-sets-wholesale\/","title":{"rendered":"Service de vaisselle unique Wholesale, Service de th\u00e9 en poterie personnalis\u00e9"},"content":{"rendered":"<div class=\"wp-block-columns is-layout-flex wp-container-core-columns-is-layout-9d6595d7 wp-block-columns-is-layout-flex\">\n<div class=\"wp-block-column is-layout-flow wp-block-column-is-layout-flow\" style=\"flex-basis:50%\">\n<h3 class=\"wp-block-heading\">Ensemble de vaisselle unique en gros Caract\u00e9ristiques :<\/h3>\n\n\n\n<p><strong>Aspect naturel de la poterie :<\/strong> Gr\u00e2ce \u00e0 la texture unique de la poterie naturelle, les services de vaisselle en gros pr\u00e9sentent un effet unique de sculpture \u00e0 la main, une qualit\u00e9 durable et une atmosph\u00e8re artistique.<\/p>\n\n\n\n<p><strong>Design purement peint \u00e0 la main : <\/strong>le service \u00e0 th\u00e9 en poterie personnalis\u00e9 est enti\u00e8rement peint \u00e0 la main, avec des couleurs riches, plus \u00e0 la mode et plus modernes, ce qui conf\u00e8re \u00e0 la vaisselle une valeur de collection haut de gamme.<\/p>\n\n\n\n<p><strong>Gla\u00e7age lisse et brillant :<\/strong> Le service \u00e0 th\u00e9 en poterie personnalis\u00e9 a une cuisson \u00e0 haute temp\u00e9rature, une gla\u00e7ure lisse, pr\u00e9sentant une sensation de haute qualit\u00e9 et de haut de gamme, la couleur est ferme et r\u00e9sistante \u00e0 l'usure.<\/p>\n\n\n\n<p><strong>Conception d'un ensemble complet de combinaisons : <\/strong>La vaisselle en gros comprend le m\u00eame style d'assiettes, de tasses et de soucoupes et de cuill\u00e8res, r\u00e9pondant ainsi \u00e0 l'ensemble des besoins des familles et des industries de la restauration.<\/p>\n\n\n\n<p><strong>Service de vaisselle unique et personnalis\u00e9 :<\/strong> Lianyuan propose diverses options de vente en gros de vaisselle personnalis\u00e9e en fonction des besoins de la marque ou des tendances de la mode, ce qui en fait un produit id\u00e9al pour un usage personnel ou commercial.<\/p>\n<\/div>\n\n\n\n<div class=\"wp-block-column is-layout-flow wp-block-column-is-layout-flow\" style=\"flex-basis:50%\">\n<figure class=\"wp-block-image size-full\"><img decoding=\"async\" width=\"5974\" height=\"3864\" src=\"https:\/\/www.linkceramics.com\/wp-content\/uploads\/2025\/09\/unique-dinnerware-sets-wholesale-custom-pottery-tea-set-1.webp\" alt=\"unique-dinnerware-sets-wholesale-custom-pottery-tea-set-1\" class=\"wp-image-2544\" srcset=\"https:\/\/www.linkceramics.com\/wp-content\/uploads\/2025\/09\/unique-dinnerware-sets-wholesale-custom-pottery-tea-set-1.webp 5974w, https:\/\/www.linkceramics.com\/wp-content\/uploads\/2025\/09\/unique-dinnerware-sets-wholesale-custom-pottery-tea-set-1-300x194.webp 300w, https:\/\/www.linkceramics.com\/wp-content\/uploads\/2025\/09\/unique-dinnerware-sets-wholesale-custom-pottery-tea-set-1-768x497.webp 768w, https:\/\/www.linkceramics.com\/wp-content\/uploads\/2025\/09\/unique-dinnerware-sets-wholesale-custom-pottery-tea-set-1-18x12.webp 18w, https:\/\/www.linkceramics.com\/wp-content\/uploads\/2025\/09\/unique-dinnerware-sets-wholesale-custom-pottery-tea-set-1-1200x776.webp 1200w, https:\/\/www.linkceramics.com\/wp-content\/uploads\/2025\/09\/unique-dinnerware-sets-wholesale-custom-pottery-tea-set-1-600x388.webp 600w\" sizes=\"(max-width: 5974px) 100vw, 5974px\" \/><\/figure>\n<\/div>\n<\/div>","protected":false},"excerpt":{"rendered":"<div class=\"D5aOJc vJwDU\">\n<div id=\"brxe-26696e\" class=\"brxe-product-short-description brxe-text-basic\">\n<div class=\"woocommerce-product-details__short-description\">\n<div class=\"D5aOJc vJwDU\">\n<p>Vaisselle unique en gros avec finition en gr\u00e8s naturel et magnifiques motifs peints \u00e0 la main. Cette collection compl\u00e8te de vaisselle (assiettes, bols et tasses) est moderne et pratique. Profitez d'un service personnalis\u00e9, de prix d'usine et d'une livraison efficace. Contactez-nous d\u00e8s maintenant pour passer votre commande en gros !<\/p>\n<\/div>\n<h2>Ensemble de vaisselle unique Param\u00e8tre :<\/h2>\n<table border=\"0\" width=\"618\" cellspacing=\"0\" cellpadding=\"0\">\n<tbody>\n<tr>\n<td width=\"180\" height=\"26\">Fabricant<\/td>\n<td width=\"438\">Lianyuan<\/td>\n<\/tr>\n<tr>\n<td height=\"26\">Type de produit<\/td>\n<td>Assiettes plates, tasses, soucoupes, cruches<\/td>\n<\/tr>\n<tr>\n<td height=\"26\">Mod\u00e8le<\/td>\n<td>Morden Digen<\/td>\n<\/tr>\n<tr>\n<td height=\"26\">Couleur<\/td>\n<td>Vert, bleu, marron, jaune,<\/td>\n<\/tr>\n<tr>\n<td height=\"26\">Mat\u00e9riau<\/td>\n<td>Porcelaine durable<\/td>\n<\/tr>\n<tr>\n<td height=\"26\">Artisanat<\/td>\n<td>Peint \u00e0 la main<\/td>\n<\/tr>\n<tr>\n<td height=\"26\">Application<\/td>\n<td>Passe au micro-ondes, au lave-vaisselle et au four<\/td>\n<\/tr>\n<tr>\n<td height=\"26\">Sur mesure<\/td>\n<td>Couleur\/Taille\/Logo\/Emballage<\/td>\n<\/tr>\n<\/tbody>\n<\/table>\n<\/div>\n<\/div>\n<div id=\"brxe-ae2c03\" class=\"brxe-product-meta product_meta\">\u00a0<\/div>\n<\/div>","protected":false},"featured_media":2547,"comment_status":"open","ping_status":"closed","template":"","meta":{"_acf_changed":false},"certification":[66,58,65,61,60,62,57],"product_brand":[],"product_cat":[34,18,19],"product_tag":[],"class_list":{"0":"post-2543","1":"product","2":"type-product","3":"status-publish","4":"has-post-thumbnail","6":"certification-cnas","7":"certification-fda","8":"certification-iaf","9":"certification-iso-14001","10":"certification-iso-45001","11":"certification-iso-9001","12":"certification-lfgb","13":"product_cat-custom-household-ceramics","14":"product_cat-ceramic-tableware-wholesale","15":"product_cat-ceramic-tea-set-wholesale","17":"first","18":"instock","19":"shipping-taxable","20":"product-type-simple"},"acf":[],"_links":{"self":[{"href":"https:\/\/www.linkceramics.com\/fr\/wp-json\/wp\/v2\/product\/2543","targetHints":{"allow":["GET"]}}],"collection":[{"href":"https:\/\/www.linkceramics.com\/fr\/wp-json\/wp\/v2\/product"}],"about":[{"href":"https:\/\/www.linkceramics.com\/fr\/wp-json\/wp\/v2\/types\/product"}],"replies":[{"embeddable":true,"href":"https:\/\/www.linkceramics.com\/fr\/wp-json\/wp\/v2\/comments?post=2543"}],"wp:featuredmedia":[{"embeddable":true,"href":"https:\/\/www.linkceramics.com\/fr\/wp-json\/wp\/v2\/media\/2547"}],"wp:attachment":[{"href":"https:\/\/www.linkceramics.com\/fr\/wp-json\/wp\/v2\/media?parent=2543"}],"wp:term":[{"taxonomy":"certification","embeddable":true,"href":"https:\/\/www.linkceramics.com\/fr\/wp-json\/wp\/v2\/certification?post=2543"},{"taxonomy":"product_brand","embeddable":true,"href":"https:\/\/www.linkceramics.com\/fr\/wp-json\/wp\/v2\/product_brand?post=2543"},{"taxonomy":"product_cat","embeddable":true,"href":"https:\/\/www.linkceramics.com\/fr\/wp-json\/wp\/v2\/product_cat?post=2543"},{"taxonomy":"product_tag","embeddable":true,"href":"https:\/\/www.linkceramics.com\/fr\/wp-json\/wp\/v2\/product_tag?post=2543"}],"curies":[{"name":"wp","href":"https:\/\/api.w.org\/{rel}","templated":true}]}}