{"id":2550,"date":"2025-09-16T07:01:18","date_gmt":"2025-09-16T07:01:18","guid":{"rendered":"https:\/\/www.linkceramics.com\/?post_type=product&#038;p=2550"},"modified":"2025-09-16T07:01:21","modified_gmt":"2025-09-16T07:01:21","slug":"wholesale-porcelain-tea-set","status":"publish","type":"product","link":"https:\/\/www.linkceramics.com\/fr\/product\/wholesale-porcelain-tea-set\/","title":{"rendered":"Wholesale Porcelain Tea Set, Elegant Floral Plate, Bowl, Cup"},"content":{"rendered":"<div class=\"wp-block-columns is-layout-flex wp-container-core-columns-is-layout-9d6595d7 wp-block-columns-is-layout-flex\">\n<div class=\"wp-block-column is-layout-flow wp-block-column-is-layout-flow\" style=\"flex-basis:50%\">\n<h3 class=\"wp-block-heading\">Service \u00e0 th\u00e9 en porcelaine en gros Caract\u00e9ristiques :<\/h3>\n\n\n\n<p><strong>\u00c9l\u00e9gante conception florale pastorale<br><\/strong>Le motif floral naturel des services \u00e0 th\u00e9 en porcelaine de gros, frais et \u00e9l\u00e9gant, s'accorde parfaitement avec le d\u00e9cor de table de style pastoral.<\/p>\n\n\n\n<p>D\u00e9coration en perles d'or<br>La d\u00e9coration en perles d'or sur le couvercle de la th\u00e9i\u00e8re est pratique \u00e0 utiliser comme poign\u00e9e, tout en ajoutant du luxe et des d\u00e9tails exquis \u00e0 l'ensemble.<\/p>\n\n\n\n<p><strong>Service complet de vaisselle et de th\u00e9<\/strong>:<br>Les services \u00e0 th\u00e9 en porcelaine de gros comprennent une th\u00e9i\u00e8re, une assiette, une tasse et une soucoupe, un sucre, un cr\u00e9mier et une tasse. Ils conviennent pour les go\u00fbters, les repas et d'autres occasions.<\/p>\n\n\n\n<p><strong>Un savoir-faire exquis<\/strong><br>Le service \u00e0 th\u00e9 personnalis\u00e9 associe le d\u00e9cor glac\u00e9 et la peinture \u00e0 la main, le gla\u00e7age lisse, ce qui rend le motif aussi brillant qu'\u00e0 l'\u00e9tat neuf. Certaines zones sont peintes \u00e0 la main pour souligner le sens artistique et le caract\u00e8re unique.<\/p>\n\n\n\n<p><strong>Mat\u00e9riau en porcelaine de haute qualit\u00e9<\/strong><br>Les services \u00e0 th\u00e9 en porcelaine utilisent une c\u00e9ramique durable, l\u00e9g\u00e8re mais r\u00e9sistante, avec une bonne capacit\u00e9 de conservation de la chaleur, adapt\u00e9e au th\u00e9 et aux boissons chaudes.<\/p>\n\n\n\n<p><strong>Positionnement des cadeaux haut de gamme<br><\/strong>Le service \u00e0 th\u00e9 personnalis\u00e9 a une apparence \u00e9l\u00e9gante et un emballage exquis. Il convient parfaitement comme cadeau de mariage, d'anniversaire ou de vacances.<\/p>\n<\/div>\n\n\n\n<div class=\"wp-block-column is-layout-flow wp-block-column-is-layout-flow\" style=\"flex-basis:50%\">\n<figure class=\"wp-block-image size-full\"><img decoding=\"async\" width=\"878\" height=\"706\" src=\"https:\/\/www.linkceramics.com\/wp-content\/uploads\/2025\/09\/wholesale-porcelain-tea-set-elegant-floral-plate-bowl-cup-2.webp\" alt=\"wholesale-porcelain-tea-set-elegant-floral-plate-bowl-cup-2\" class=\"wp-image-2553\" srcset=\"https:\/\/www.linkceramics.com\/wp-content\/uploads\/2025\/09\/wholesale-porcelain-tea-set-elegant-floral-plate-bowl-cup-2.webp 878w, https:\/\/www.linkceramics.com\/wp-content\/uploads\/2025\/09\/wholesale-porcelain-tea-set-elegant-floral-plate-bowl-cup-2-300x241.webp 300w, https:\/\/www.linkceramics.com\/wp-content\/uploads\/2025\/09\/wholesale-porcelain-tea-set-elegant-floral-plate-bowl-cup-2-768x618.webp 768w, https:\/\/www.linkceramics.com\/wp-content\/uploads\/2025\/09\/wholesale-porcelain-tea-set-elegant-floral-plate-bowl-cup-2-15x12.webp 15w, https:\/\/www.linkceramics.com\/wp-content\/uploads\/2025\/09\/wholesale-porcelain-tea-set-elegant-floral-plate-bowl-cup-2-600x482.webp 600w\" sizes=\"(max-width: 878px) 100vw, 878px\" \/><\/figure>\n<\/div>\n<\/div>","protected":false},"excerpt":{"rendered":"<div class=\"D5aOJc vJwDU\">\n<div id=\"brxe-26696e\" class=\"brxe-product-short-description brxe-text-basic\">\n<div class=\"woocommerce-product-details__short-description\">\n<div class=\"D5aOJc vJwDU\">\n<p>Services \u00e0 th\u00e9 et services de vaisselle en porcelaine personnalis\u00e9s et en gros, avec des motifs floraux verts et roses, adapt\u00e9s aux th\u00e9s de l'apr\u00e8s-midi haut de gamme, aux mariages et aux restaurants. Nous proposons des solutions de personnalisation OEM et ODM, garantissant une qualit\u00e9 sup\u00e9rieure et des certifications de s\u00e9curit\u00e9. Contactez-nous d\u00e8s aujourd'hui pour une demande de renseignements gratuite !<\/p>\n<\/div>\n<div id=\"brxe-26696e\" class=\"brxe-product-short-description brxe-text-basic\">\n<div class=\"woocommerce-product-details__short-description\">\n<h2>Service \u00e0 th\u00e9 en porcelaine Param\u00e8tre<\/h2>\n<table width=\"495\">\n<tbody>\n<tr>\n<td width=\"144\">Fabricant<\/td>\n<td width=\"351\">Lianyuan<\/td>\n<\/tr>\n<tr>\n<td>Type de produit<\/td>\n<td width=\"351\">Th\u00e9i\u00e8re, assiette, bol, tasse et soucoupe, sucre et cr\u00e9mier, tasse<\/td>\n<\/tr>\n<tr>\n<td>Mod\u00e8le<\/td>\n<td>Floral<\/td>\n<\/tr>\n<tr>\n<td>Couleur<\/td>\n<td>Multi-couleur<\/td>\n<\/tr>\n<tr>\n<td>Mat\u00e9riau<\/td>\n<td>Porcelaine durable<\/td>\n<\/tr>\n<tr>\n<td>Artisanat<\/td>\n<td>D\u00e9calcomanie et peinture \u00e0 la main<\/td>\n<\/tr>\n<tr>\n<td>Application<\/td>\n<td>Passe au micro-ondes, au lave-vaisselle et au four<\/td>\n<\/tr>\n<tr>\n<td>Sur mesure<\/td>\n<td>Couleur\/Taille\/Logo\/Emballage<\/td>\n<\/tr>\n<\/tbody>\n<\/table>\n<\/div>\n<\/div>\n<div id=\"brxe-ae2c03\" class=\"brxe-product-meta product_meta\">\u00a0<\/div>\n<\/div>\n<\/div>\n<\/div>","protected":false},"featured_media":2554,"comment_status":"open","ping_status":"closed","template":"","meta":{"_acf_changed":false},"certification":[66,58,65,61,60,62,57],"product_brand":[],"product_cat":[34,19],"product_tag":[],"class_list":{"0":"post-2550","1":"product","2":"type-product","3":"status-publish","4":"has-post-thumbnail","6":"certification-cnas","7":"certification-fda","8":"certification-iaf","9":"certification-iso-14001","10":"certification-iso-45001","11":"certification-iso-9001","12":"certification-lfgb","13":"product_cat-custom-household-ceramics","14":"product_cat-ceramic-tea-set-wholesale","16":"first","17":"instock","18":"shipping-taxable","19":"product-type-simple"},"acf":[],"_links":{"self":[{"href":"https:\/\/www.linkceramics.com\/fr\/wp-json\/wp\/v2\/product\/2550","targetHints":{"allow":["GET"]}}],"collection":[{"href":"https:\/\/www.linkceramics.com\/fr\/wp-json\/wp\/v2\/product"}],"about":[{"href":"https:\/\/www.linkceramics.com\/fr\/wp-json\/wp\/v2\/types\/product"}],"replies":[{"embeddable":true,"href":"https:\/\/www.linkceramics.com\/fr\/wp-json\/wp\/v2\/comments?post=2550"}],"wp:featuredmedia":[{"embeddable":true,"href":"https:\/\/www.linkceramics.com\/fr\/wp-json\/wp\/v2\/media\/2554"}],"wp:attachment":[{"href":"https:\/\/www.linkceramics.com\/fr\/wp-json\/wp\/v2\/media?parent=2550"}],"wp:term":[{"taxonomy":"certification","embeddable":true,"href":"https:\/\/www.linkceramics.com\/fr\/wp-json\/wp\/v2\/certification?post=2550"},{"taxonomy":"product_brand","embeddable":true,"href":"https:\/\/www.linkceramics.com\/fr\/wp-json\/wp\/v2\/product_brand?post=2550"},{"taxonomy":"product_cat","embeddable":true,"href":"https:\/\/www.linkceramics.com\/fr\/wp-json\/wp\/v2\/product_cat?post=2550"},{"taxonomy":"product_tag","embeddable":true,"href":"https:\/\/www.linkceramics.com\/fr\/wp-json\/wp\/v2\/product_tag?post=2550"}],"curies":[{"name":"wp","href":"https:\/\/api.w.org\/{rel}","templated":true}]}}