{"id":2730,"date":"2025-10-23T08:17:04","date_gmt":"2025-10-23T08:17:04","guid":{"rendered":"https:\/\/www.linkceramics.com\/?post_type=product&#038;p=2730"},"modified":"2025-10-23T08:17:07","modified_gmt":"2025-10-23T08:17:07","slug":"catering-dinnerware-wholesale","status":"publish","type":"product","link":"https:\/\/www.linkceramics.com\/fr\/product\/catering-dinnerware-wholesale\/","title":{"rendered":"Rustic Catering Dinnerware Wholesale With Overglaze Decal (vaisselle de traiteur rustique en gros avec d\u00e9calcomanie)"},"content":{"rendered":"<div class=\"wp-block-columns is-layout-flex wp-container-core-columns-is-layout-9d6595d7 wp-block-columns-is-layout-flex\">\n<div class=\"wp-block-column is-layout-flow wp-block-column-is-layout-flow\" style=\"flex-basis:50%\">\n<h3 class=\"wp-block-heading\">Premium Catering Dinnerware Wholesale Caract\u00e9ristiques :<\/h3>\n\n\n\n<ul class=\"wp-block-list\">\n<li><strong>Nature, style pastoral :<\/strong> Notre vaisselle de restauration en gros pr\u00e9sente un fond blanc cass\u00e9 doux et des motifs fins, offrant un style campagnard simple mais \u00e9l\u00e9gant, enrichissant l'ambiance g\u00e9n\u00e9rale de la table \u00e0 manger.<\/li>\n\n\n\n<li><strong>Mat\u00e9riau en porcelaine de qualit\u00e9 sup\u00e9rieure :<\/strong> Notre vaisselle de restauration en gros est fabriqu\u00e9e en argile porcelaine de haute qualit\u00e9, qui r\u00e9siste aux temp\u00e9ratures \u00e9lev\u00e9es et est durable, ce qui permet d'utiliser la vaisselle pendant une tr\u00e8s longue p\u00e9riode.<\/li>\n\n\n\n<li><strong>D\u00e9calcomanies en surgla\u00e7age :<\/strong> Nos services de table en vrac utilisent des d\u00e9calcomanies surglac\u00e9es respectueuses de l'environnement, avec des motifs exquis, des couleurs fermes, et ne sont pas faciles \u00e0 user et \u00e0 d\u00e9colorer.<\/li>\n\n\n\n<li><strong>Diversit\u00e9 des articles, souplesse d'adaptation : <\/strong>Nos sets de table en vrac offrent une vari\u00e9t\u00e9 de sp\u00e9cifications et d'articles fonctionnels pour r\u00e9pondre \u00e0 diff\u00e9rents sc\u00e9narios et besoins d'utilisation, et peuvent \u00eatre librement combin\u00e9s et assortis.<\/li>\n\n\n\n<li><strong>Convient \u00e0 la restauration et \u00e0 la vente au d\u00e9tail en gros :<\/strong> Cette vaisselle de restauration en gros convient aux lieux de restauration tels que les h\u00f4tels, les s\u00e9jours chez l'habitant et les caf\u00e9s. Elle peut \u00eatre personnalis\u00e9e par l'OEM et achet\u00e9e en gros.<\/li>\n<\/ul>\n<\/div>\n\n\n\n<div class=\"wp-block-column is-layout-flow wp-block-column-is-layout-flow\" style=\"flex-basis:50%\">\n<figure class=\"wp-block-image size-full\"><img decoding=\"async\" width=\"800\" height=\"800\" src=\"https:\/\/www.linkceramics.com\/wp-content\/uploads\/2025\/10\/rustic-catering-dinnerware-wholesale-with-overglaze-decal-2.webp\" alt=\"rustique-catering-dinnerware-wholesale-with-overglaze-decal-2\" class=\"wp-image-2732\" srcset=\"https:\/\/www.linkceramics.com\/wp-content\/uploads\/2025\/10\/rustic-catering-dinnerware-wholesale-with-overglaze-decal-2.webp 800w, https:\/\/www.linkceramics.com\/wp-content\/uploads\/2025\/10\/rustic-catering-dinnerware-wholesale-with-overglaze-decal-2-300x300.webp 300w, https:\/\/www.linkceramics.com\/wp-content\/uploads\/2025\/10\/rustic-catering-dinnerware-wholesale-with-overglaze-decal-2-150x150.webp 150w, https:\/\/www.linkceramics.com\/wp-content\/uploads\/2025\/10\/rustic-catering-dinnerware-wholesale-with-overglaze-decal-2-768x768.webp 768w, https:\/\/www.linkceramics.com\/wp-content\/uploads\/2025\/10\/rustic-catering-dinnerware-wholesale-with-overglaze-decal-2-12x12.webp 12w, https:\/\/www.linkceramics.com\/wp-content\/uploads\/2025\/10\/rustic-catering-dinnerware-wholesale-with-overglaze-decal-2-600x600.webp 600w, https:\/\/www.linkceramics.com\/wp-content\/uploads\/2025\/10\/rustic-catering-dinnerware-wholesale-with-overglaze-decal-2-100x100.webp 100w\" sizes=\"(max-width: 800px) 100vw, 800px\" \/><\/figure>\n<\/div>\n<\/div>\n\n\n\n<p><\/p>","protected":false},"excerpt":{"rendered":"<div id=\"brxe-0ee1ca\" class=\"brxe-product-meta product_meta\">\n<p>Bienvenue dans l'achat de services de table en gros. Ce produit en gros de vaisselle rustique blanc cass\u00e9 est un ensemble de plusieurs articles, tels que des assiettes, des bols, des tasses, des cuill\u00e8res et des porte-cuill\u00e8res, orn\u00e9s de fleurs fra\u00eeches et naturelles, donnant une \u00e9l\u00e9gance rurale chaleureuse et campagnarde. Il peut r\u00e9pondre aux besoins des restaurants et banquets haut de gamme et constitue un produit optimal pour votre activit\u00e9 de restauration.<\/p>\n<\/div>\n<div id=\"brxe-8c5ca9\" class=\"brxe-product-short-description\">\n<div class=\"woocommerce-product-details__short-description\">\n<h2>Vaisselle rustique de traiteur en gros Sp\u00e9cifications :<\/h2>\n<div id=\"brxe-e78fbc\">\n<table border=\"0\" width=\"370\" cellspacing=\"0\" cellpadding=\"0\">\n<tbody>\n<tr>\n<td width=\"139\" height=\"18\">Fabricant<\/td>\n<td width=\"231\">SOLECASA<\/td>\n<\/tr>\n<tr>\n<td width=\"139\" height=\"18\">Nom de la collection<\/td>\n<td width=\"231\">Un demi-acre de fleurs<\/td>\n<\/tr>\n<tr>\n<td width=\"139\" height=\"18\">Produits inclus<\/td>\n<td width=\"231\">Assiette, bol, tasse, cuill\u00e8re, bo\u00eete<\/td>\n<\/tr>\n<tr>\n<td width=\"139\" height=\"18\">Mat\u00e9riau<\/td>\n<td width=\"231\">Porcelaine<\/td>\n<\/tr>\n<tr>\n<td width=\"139\" height=\"18\">Paquet<\/td>\n<td width=\"231\">Emballage en vrac<\/td>\n<\/tr>\n<tr>\n<td width=\"139\" height=\"18\">Unit\u00e9s de vente<\/td>\n<td width=\"231\">Article unique<\/td>\n<\/tr>\n<tr>\n<td width=\"139\" height=\"18\">MOQ<\/td>\n<td width=\"231\">Faible MOQ<\/td>\n<\/tr>\n<tr>\n<td width=\"139\" height=\"18\">\u00c9chantillon gratuit<\/td>\n<td width=\"231\">Disponible<\/td>\n<\/tr>\n<tr>\n<td width=\"139\" height=\"18\">Option personnalis\u00e9e<\/td>\n<td width=\"231\">Couleur\/Taille\/Glaze\/Logo\/Emballage<\/td>\n<\/tr>\n<\/tbody>\n<\/table>\n<\/div>\n<div id=\"brxe-93988a\" class=\"brxe-block\">\u00a0<\/div>\n<\/div>\n<\/div>\n<p><script src=\"chrome-extension:\/\/fpelahbljekknahkcaegamhcndkfpfnc\/iFrame.js\" type=\"text\/javascript\"><\/script><\/p>","protected":false},"featured_media":2731,"comment_status":"open","ping_status":"closed","template":"","meta":{"_acf_changed":false},"certification":[63,64,66,58,65,61,60,62,57],"product_brand":[],"product_cat":[34,18],"product_tag":[],"class_list":{"0":"post-2730","1":"product","2":"type-product","3":"status-publish","4":"has-post-thumbnail","6":"certification-amfori","7":"certification-bsci","8":"certification-cnas","9":"certification-fda","10":"certification-iaf","11":"certification-iso-14001","12":"certification-iso-45001","13":"certification-iso-9001","14":"certification-lfgb","15":"product_cat-custom-household-ceramics","16":"product_cat-ceramic-tableware-wholesale","18":"first","19":"instock","20":"shipping-taxable","21":"product-type-simple"},"acf":[],"_links":{"self":[{"href":"https:\/\/www.linkceramics.com\/fr\/wp-json\/wp\/v2\/product\/2730","targetHints":{"allow":["GET"]}}],"collection":[{"href":"https:\/\/www.linkceramics.com\/fr\/wp-json\/wp\/v2\/product"}],"about":[{"href":"https:\/\/www.linkceramics.com\/fr\/wp-json\/wp\/v2\/types\/product"}],"replies":[{"embeddable":true,"href":"https:\/\/www.linkceramics.com\/fr\/wp-json\/wp\/v2\/comments?post=2730"}],"wp:featuredmedia":[{"embeddable":true,"href":"https:\/\/www.linkceramics.com\/fr\/wp-json\/wp\/v2\/media\/2731"}],"wp:attachment":[{"href":"https:\/\/www.linkceramics.com\/fr\/wp-json\/wp\/v2\/media?parent=2730"}],"wp:term":[{"taxonomy":"certification","embeddable":true,"href":"https:\/\/www.linkceramics.com\/fr\/wp-json\/wp\/v2\/certification?post=2730"},{"taxonomy":"product_brand","embeddable":true,"href":"https:\/\/www.linkceramics.com\/fr\/wp-json\/wp\/v2\/product_brand?post=2730"},{"taxonomy":"product_cat","embeddable":true,"href":"https:\/\/www.linkceramics.com\/fr\/wp-json\/wp\/v2\/product_cat?post=2730"},{"taxonomy":"product_tag","embeddable":true,"href":"https:\/\/www.linkceramics.com\/fr\/wp-json\/wp\/v2\/product_tag?post=2730"}],"curies":[{"name":"wp","href":"https:\/\/api.w.org\/{rel}","templated":true}]}}