{"id":2736,"date":"2025-10-23T08:38:27","date_gmt":"2025-10-23T08:38:27","guid":{"rendered":"https:\/\/www.linkceramics.com\/?post_type=product&#038;p=2736"},"modified":"2025-10-23T08:38:29","modified_gmt":"2025-10-23T08:38:29","slug":"dinner-set-wholesale","status":"publish","type":"product","link":"https:\/\/www.linkceramics.com\/fr\/product\/dinner-set-wholesale\/","title":{"rendered":"Service de table Wholesale, Handcrafted Feel Tableware Supply"},"content":{"rendered":"<div class=\"wp-block-columns is-layout-flex wp-container-core-columns-is-layout-9d6595d7 wp-block-columns-is-layout-flex\">\n<div class=\"wp-block-column is-layout-flow wp-block-column-is-layout-flow\" style=\"flex-basis:50%\">\n<h3 class=\"wp-block-heading\">Premium Dinner Set Wholesale Caract\u00e9ristiques :<\/h3>\n\n\n\n<ul class=\"wp-block-list\">\n<li><strong>Forme naturelle irr\u00e9guli\u00e8re : <\/strong>Tous les produits de ce service de table en gros ont des lignes organiques et une texture faite \u00e0 la main, avec une atmosph\u00e8re artistique unique.<\/li>\n\n\n\n<li><strong>Douceur des tons beiges et des motifs floraux :<\/strong> Cette vaisselle en c\u00e9ramique en vrac est parsem\u00e9e de petits motifs de fleurs rouges, ce qui lui conf\u00e8re une atmosph\u00e8re romantique, comme dans un jardin de printemps.<\/li>\n\n\n\n<li><strong>Ensemble complet :<\/strong> Ce service de table en gros comprend des bols, des assiettes et des tasses de diff\u00e9rentes tailles, parfaits pour les repas familiaux de tous les jours ainsi que pour les banquets et les rassemblements formels.<\/li>\n\n\n\n<li><strong>Gla\u00e7ure lisse, facile \u00e0 nettoyer et durable : <\/strong>Notre vaisselle en c\u00e9ramique en vrac est fabriqu\u00e9e en porcelaine de haute qualit\u00e9 et trait\u00e9e avec un \u00e9mail lisse, ce qui la rend belle et facile \u00e0 entretenir au quotidien.<\/li>\n\n\n\n<li><strong>Convient \u00e0 la vente en gros et \u00e0 la personnalisation :<\/strong> Notre service de table en gros permet un approvisionnement \u00e0 grande \u00e9chelle et peut personnaliser des motifs ou des combinaisons pour les marques, ce qui convient aux projets de vente au d\u00e9tail et de restauration.<\/li>\n<\/ul>\n<\/div>\n\n\n\n<div class=\"wp-block-column is-layout-flow wp-block-column-is-layout-flow\" style=\"flex-basis:50%\">\n<figure class=\"wp-block-image size-full\"><img decoding=\"async\" width=\"800\" height=\"800\" src=\"https:\/\/www.linkceramics.com\/wp-content\/uploads\/2025\/10\/porcelain-dinner-set-wholesale-handcrafted-feel-tableware-supply-1.webp\" alt=\"Service de table en porcelaine - vente en gros de vaisselle artisanale - fourniture-1\" class=\"wp-image-2737\" srcset=\"https:\/\/www.linkceramics.com\/wp-content\/uploads\/2025\/10\/porcelain-dinner-set-wholesale-handcrafted-feel-tableware-supply-1.webp 800w, https:\/\/www.linkceramics.com\/wp-content\/uploads\/2025\/10\/porcelain-dinner-set-wholesale-handcrafted-feel-tableware-supply-1-300x300.webp 300w, https:\/\/www.linkceramics.com\/wp-content\/uploads\/2025\/10\/porcelain-dinner-set-wholesale-handcrafted-feel-tableware-supply-1-150x150.webp 150w, https:\/\/www.linkceramics.com\/wp-content\/uploads\/2025\/10\/porcelain-dinner-set-wholesale-handcrafted-feel-tableware-supply-1-768x768.webp 768w, https:\/\/www.linkceramics.com\/wp-content\/uploads\/2025\/10\/porcelain-dinner-set-wholesale-handcrafted-feel-tableware-supply-1-12x12.webp 12w, https:\/\/www.linkceramics.com\/wp-content\/uploads\/2025\/10\/porcelain-dinner-set-wholesale-handcrafted-feel-tableware-supply-1-600x600.webp 600w, https:\/\/www.linkceramics.com\/wp-content\/uploads\/2025\/10\/porcelain-dinner-set-wholesale-handcrafted-feel-tableware-supply-1-100x100.webp 100w\" sizes=\"(max-width: 800px) 100vw, 800px\" \/><\/figure>\n<\/div>\n<\/div>\n\n\n\n<p><\/p>","protected":false},"excerpt":{"rendered":"<div id=\"brxe-0ee1ca\" class=\"brxe-product-meta product_meta\">\n<p>Nous vous invitons \u00e0 acheter de la vaisselle en c\u00e9ramique en gros. Ce service de table en gros est cr\u00e9\u00e9 dans la couleur primaire beige doux avec de petits motifs floraux, une forme irr\u00e9guli\u00e8re, une texture naturelle faite \u00e0 la main et un design subtil et unique, ce qui le rend appropri\u00e9 pour les banquets ou les r\u00e9unions de famille. Il peut \u00eatre personnalis\u00e9, ce qui permet d'obtenir un repas plus personnalis\u00e9.<\/p>\n<\/div>\n<div id=\"brxe-8c5ca9\" class=\"brxe-product-short-description\">\n<div class=\"woocommerce-product-details__short-description\">\n<h2>Set de table Wholesale Sp\u00e9cifications :<\/h2>\n<table border=\"0\" width=\"370\" cellspacing=\"0\" cellpadding=\"0\">\n<tbody>\n<tr>\n<td width=\"139\" height=\"18\">Fabricant<\/td>\n<td width=\"231\">SOLECASA<\/td>\n<\/tr>\n<tr>\n<td width=\"139\" height=\"18\">Nom de la collection<\/td>\n<td width=\"231\">Blossom Court<\/td>\n<\/tr>\n<tr>\n<td width=\"139\" height=\"36\">Produits inclus<\/td>\n<td width=\"231\">Assiette, Bol, Plat \u00e0 tremper, Cuill\u00e8re, Mug, Vase<\/td>\n<\/tr>\n<tr>\n<td width=\"139\" height=\"18\">Mat\u00e9riau<\/td>\n<td width=\"231\">Porcelaine<\/td>\n<\/tr>\n<tr>\n<td width=\"139\" height=\"18\">Paquet<\/td>\n<td width=\"231\">Emballage en vrac<\/td>\n<\/tr>\n<tr>\n<td width=\"139\" height=\"18\">Unit\u00e9s de vente<\/td>\n<td width=\"231\">Article unique<\/td>\n<\/tr>\n<tr>\n<td width=\"139\" height=\"18\">MOQ<\/td>\n<td width=\"231\">Faible MOQ<\/td>\n<\/tr>\n<tr>\n<td width=\"139\" height=\"18\">\u00c9chantillon gratuit<\/td>\n<td width=\"231\">Disponible<\/td>\n<\/tr>\n<tr>\n<td width=\"139\" height=\"18\">Option personnalis\u00e9e<\/td>\n<td width=\"231\">Couleur\/Taille\/Glaze\/Logo\/Emballage<\/td>\n<\/tr>\n<\/tbody>\n<\/table>\n<p><\/p>\n<div id=\"brxe-93988a\" class=\"brxe-block\">\u00a0<\/div>\n<\/div>\n<\/div>\n<p><script src=\"chrome-extension:\/\/fpelahbljekknahkcaegamhcndkfpfnc\/iFrame.js\" type=\"text\/javascript\"><\/script><\/p>","protected":false},"featured_media":2738,"comment_status":"open","ping_status":"closed","template":"","meta":{"_acf_changed":false},"certification":[63,64,66,58,65,61,60,62,57],"product_brand":[],"product_cat":[34,18],"product_tag":[],"class_list":{"0":"post-2736","1":"product","2":"type-product","3":"status-publish","4":"has-post-thumbnail","6":"certification-amfori","7":"certification-bsci","8":"certification-cnas","9":"certification-fda","10":"certification-iaf","11":"certification-iso-14001","12":"certification-iso-45001","13":"certification-iso-9001","14":"certification-lfgb","15":"product_cat-custom-household-ceramics","16":"product_cat-ceramic-tableware-wholesale","18":"first","19":"instock","20":"shipping-taxable","21":"product-type-simple"},"acf":[],"_links":{"self":[{"href":"https:\/\/www.linkceramics.com\/fr\/wp-json\/wp\/v2\/product\/2736","targetHints":{"allow":["GET"]}}],"collection":[{"href":"https:\/\/www.linkceramics.com\/fr\/wp-json\/wp\/v2\/product"}],"about":[{"href":"https:\/\/www.linkceramics.com\/fr\/wp-json\/wp\/v2\/types\/product"}],"replies":[{"embeddable":true,"href":"https:\/\/www.linkceramics.com\/fr\/wp-json\/wp\/v2\/comments?post=2736"}],"wp:featuredmedia":[{"embeddable":true,"href":"https:\/\/www.linkceramics.com\/fr\/wp-json\/wp\/v2\/media\/2738"}],"wp:attachment":[{"href":"https:\/\/www.linkceramics.com\/fr\/wp-json\/wp\/v2\/media?parent=2736"}],"wp:term":[{"taxonomy":"certification","embeddable":true,"href":"https:\/\/www.linkceramics.com\/fr\/wp-json\/wp\/v2\/certification?post=2736"},{"taxonomy":"product_brand","embeddable":true,"href":"https:\/\/www.linkceramics.com\/fr\/wp-json\/wp\/v2\/product_brand?post=2736"},{"taxonomy":"product_cat","embeddable":true,"href":"https:\/\/www.linkceramics.com\/fr\/wp-json\/wp\/v2\/product_cat?post=2736"},{"taxonomy":"product_tag","embeddable":true,"href":"https:\/\/www.linkceramics.com\/fr\/wp-json\/wp\/v2\/product_tag?post=2736"}],"curies":[{"name":"wp","href":"https:\/\/api.w.org\/{rel}","templated":true}]}}