{"id":2744,"date":"2025-10-23T09:11:27","date_gmt":"2025-10-23T09:11:27","guid":{"rendered":"https:\/\/www.linkceramics.com\/?post_type=product&#038;p=2744"},"modified":"2025-10-23T09:11:29","modified_gmt":"2025-10-23T09:11:29","slug":"ceramic-tableware-wholesale","status":"publish","type":"product","link":"https:\/\/www.linkceramics.com\/fr\/product\/ceramic-tableware-wholesale\/","title":{"rendered":"Solecasa Vaisselle en c\u00e9ramique peinte \u00e0 la main Approvisionnement en gros"},"content":{"rendered":"<div class=\"wp-block-columns is-layout-flex wp-container-core-columns-is-layout-9d6595d7 wp-block-columns-is-layout-flex\">\n<div class=\"wp-block-column is-layout-flow wp-block-column-is-layout-flow\" style=\"flex-basis:50%\">\n<h3 class=\"wp-block-heading\">Vaisselle en c\u00e9ramique de qualit\u00e9 sup\u00e9rieure Caract\u00e9ristiques :<\/h3>\n\n\n\n<ul class=\"wp-block-list\">\n<li><strong>Design contemporain simple : <\/strong>Notre vaisselle en c\u00e9ramique en vrac est con\u00e7ue avec des rayures bleues et rouges, des d\u00e9corations peintes \u00e0 la main, une forme concise et des couleurs \u00e9clatantes, et pr\u00f4ne la beaut\u00e9 de la vie contemporaine.<\/li>\n\n\n\n<li><strong>La combinaison de plusieurs pi\u00e8ces est pratique :<\/strong> Notre vente en gros de vaisselle en c\u00e9ramique comprend une vari\u00e9t\u00e9 de vaisselle de base pour r\u00e9pondre \u00e0 diff\u00e9rents besoins en mati\u00e8re de restauration.<\/li>\n\n\n\n<li><strong>Gla\u00e7age sans plomb et sans danger pour l'alimentation :<\/strong> Toute la vaisselle en vrac est compos\u00e9e d'\u00e9maux sans plomb et sans cadmium, respectueux de l'environnement, qui ont satisfait aux normes internationales de s\u00e9curit\u00e9 alimentaire telles que FDA et LFGB, pour des raisons de sant\u00e9 et de s\u00e9curit\u00e9.<\/li>\n\n\n\n<li><strong>Mat\u00e9riau c\u00e9ramique haute temp\u00e9rature :<\/strong> Notre vaisselle en c\u00e9ramique est cuite \u00e0 haute temp\u00e9rature, durable et r\u00e9sistante, s\u00fbre et pratique pour un usage quotidien.<\/li>\n\n\n\n<li><strong>Possibilit\u00e9 de vente en gros et de personnalisation :<\/strong> Nos articles de table en c\u00e9ramique en gros peuvent \u00eatre fournis en vrac et personnalis\u00e9s, et conviennent aux achats commerciaux et \u00e0 la vente de produits de marque.<\/li>\n<\/ul>\n<\/div>\n\n\n\n<div class=\"wp-block-column is-layout-flow wp-block-column-is-layout-flow\" style=\"flex-basis:50%\">\n<figure class=\"wp-block-image size-full\"><img decoding=\"async\" width=\"800\" height=\"800\" src=\"https:\/\/www.linkceramics.com\/wp-content\/uploads\/2025\/10\/solecasa-hand-painting-ceramic-tableware-wholesale-supply-4.webp\" alt=\"solecasa-hand-painting-ceramic-tableware-wholesale-supply-4\" class=\"wp-image-2747\" srcset=\"https:\/\/www.linkceramics.com\/wp-content\/uploads\/2025\/10\/solecasa-hand-painting-ceramic-tableware-wholesale-supply-4.webp 800w, https:\/\/www.linkceramics.com\/wp-content\/uploads\/2025\/10\/solecasa-hand-painting-ceramic-tableware-wholesale-supply-4-300x300.webp 300w, https:\/\/www.linkceramics.com\/wp-content\/uploads\/2025\/10\/solecasa-hand-painting-ceramic-tableware-wholesale-supply-4-150x150.webp 150w, https:\/\/www.linkceramics.com\/wp-content\/uploads\/2025\/10\/solecasa-hand-painting-ceramic-tableware-wholesale-supply-4-768x768.webp 768w, https:\/\/www.linkceramics.com\/wp-content\/uploads\/2025\/10\/solecasa-hand-painting-ceramic-tableware-wholesale-supply-4-12x12.webp 12w, https:\/\/www.linkceramics.com\/wp-content\/uploads\/2025\/10\/solecasa-hand-painting-ceramic-tableware-wholesale-supply-4-600x600.webp 600w, https:\/\/www.linkceramics.com\/wp-content\/uploads\/2025\/10\/solecasa-hand-painting-ceramic-tableware-wholesale-supply-4-100x100.webp 100w\" sizes=\"(max-width: 800px) 100vw, 800px\" \/><\/figure>\n<\/div>\n<\/div>\n\n\n\n<p><\/p>","protected":false},"excerpt":{"rendered":"<div id=\"brxe-0ee1ca\" class=\"brxe-product-meta product_meta\">\n<p>Bienvenue dans l'achat de vaisselle en vrac. Cette vaisselle en c\u00e9ramique en gros pr\u00e9sente un style concis et moderne et est d\u00e9cor\u00e9e de rayures bleues et rouges peintes \u00e0 la main. Les artisans peignent la vaisselle pi\u00e8ce par pi\u00e8ce, \u00e0 la main, cr\u00e9ant ainsi des couleurs vibrantes et un savoir-faire unique. Nous fournissons aux clients des marques et aux projets de restauration des solutions de haute qualit\u00e9 en mati\u00e8re de vaisselle en c\u00e9ramique.<\/p>\n<\/div>\n<div id=\"brxe-8c5ca9\" class=\"brxe-product-short-description\">\n<div class=\"woocommerce-product-details__short-description\">\n<h2>Vaisselle en c\u00e9ramique en gros Sp\u00e9cifications :<\/h2>\n<table border=\"0\" width=\"370\" cellspacing=\"0\" cellpadding=\"0\">\n<tbody>\n<tr>\n<td width=\"139\" height=\"18\">Fabricant<\/td>\n<td width=\"231\">SOLECASA<\/td>\n<\/tr>\n<tr>\n<td width=\"139\" height=\"18\">Nom de la collection<\/td>\n<td width=\"231\">Brooklyn<\/td>\n<\/tr>\n<tr>\n<td width=\"139\" height=\"36\">Produits inclus<\/td>\n<td width=\"231\">Assiette, Bol, Tasse et soucoupe, Plat \u00e0 tremper, Cuill\u00e8re<\/td>\n<\/tr>\n<tr>\n<td width=\"139\" height=\"18\">Mat\u00e9riau<\/td>\n<td width=\"231\">Porcelaine<\/td>\n<\/tr>\n<tr>\n<td width=\"139\" height=\"18\">Paquet<\/td>\n<td width=\"231\">Emballage en vrac<\/td>\n<\/tr>\n<tr>\n<td width=\"139\" height=\"18\">Unit\u00e9s de vente<\/td>\n<td width=\"231\">Article unique<\/td>\n<\/tr>\n<tr>\n<td width=\"139\" height=\"18\">MOQ<\/td>\n<td width=\"231\">Faible MOQ<\/td>\n<\/tr>\n<tr>\n<td width=\"139\" height=\"18\">\u00c9chantillon gratuit<\/td>\n<td width=\"231\">Disponible<\/td>\n<\/tr>\n<tr>\n<td width=\"139\" height=\"18\">Option personnalis\u00e9e<\/td>\n<td width=\"231\">Couleur\/Taille\/Glaze\/Logo\/Emballage<\/td>\n<\/tr>\n<\/tbody>\n<\/table>\n<div id=\"brxe-93988a\">\u00a0<\/div>\n<\/div>\n<\/div>","protected":false},"featured_media":2745,"comment_status":"open","ping_status":"closed","template":"","meta":{"_acf_changed":false},"certification":[63,64,66,58,65,61,60,62,57],"product_brand":[],"product_cat":[34,18],"product_tag":[],"class_list":{"0":"post-2744","1":"product","2":"type-product","3":"status-publish","4":"has-post-thumbnail","6":"certification-amfori","7":"certification-bsci","8":"certification-cnas","9":"certification-fda","10":"certification-iaf","11":"certification-iso-14001","12":"certification-iso-45001","13":"certification-iso-9001","14":"certification-lfgb","15":"product_cat-custom-household-ceramics","16":"product_cat-ceramic-tableware-wholesale","18":"first","19":"instock","20":"shipping-taxable","21":"product-type-simple"},"acf":[],"_links":{"self":[{"href":"https:\/\/www.linkceramics.com\/fr\/wp-json\/wp\/v2\/product\/2744","targetHints":{"allow":["GET"]}}],"collection":[{"href":"https:\/\/www.linkceramics.com\/fr\/wp-json\/wp\/v2\/product"}],"about":[{"href":"https:\/\/www.linkceramics.com\/fr\/wp-json\/wp\/v2\/types\/product"}],"replies":[{"embeddable":true,"href":"https:\/\/www.linkceramics.com\/fr\/wp-json\/wp\/v2\/comments?post=2744"}],"wp:featuredmedia":[{"embeddable":true,"href":"https:\/\/www.linkceramics.com\/fr\/wp-json\/wp\/v2\/media\/2745"}],"wp:attachment":[{"href":"https:\/\/www.linkceramics.com\/fr\/wp-json\/wp\/v2\/media?parent=2744"}],"wp:term":[{"taxonomy":"certification","embeddable":true,"href":"https:\/\/www.linkceramics.com\/fr\/wp-json\/wp\/v2\/certification?post=2744"},{"taxonomy":"product_brand","embeddable":true,"href":"https:\/\/www.linkceramics.com\/fr\/wp-json\/wp\/v2\/product_brand?post=2744"},{"taxonomy":"product_cat","embeddable":true,"href":"https:\/\/www.linkceramics.com\/fr\/wp-json\/wp\/v2\/product_cat?post=2744"},{"taxonomy":"product_tag","embeddable":true,"href":"https:\/\/www.linkceramics.com\/fr\/wp-json\/wp\/v2\/product_tag?post=2744"}],"curies":[{"name":"wp","href":"https:\/\/api.w.org\/{rel}","templated":true}]}}