{"id":2787,"date":"2025-11-13T03:29:36","date_gmt":"2025-11-13T03:29:36","guid":{"rendered":"https:\/\/www.linkceramics.com\/?post_type=product&#038;p=2787"},"modified":"2025-11-13T03:29:39","modified_gmt":"2025-11-13T03:29:39","slug":"bulk-ceramic-bathroom-accessories-set","status":"publish","type":"product","link":"https:\/\/www.linkceramics.com\/fr\/product\/bulk-ceramic-bathroom-accessories-set\/","title":{"rendered":"Factory Bulk Ceramic Bathroom Accessories Set 4 Piece"},"content":{"rendered":"<div class=\"wp-block-columns is-layout-flex wp-container-core-columns-is-layout-9d6595d7 wp-block-columns-is-layout-flex\">\n<div class=\"wp-block-column is-layout-flow wp-block-column-is-layout-flow\" style=\"flex-basis:50%\">\n<h3 class=\"wp-block-heading\">Caract\u00e9ristiques de l'ensemble d'accessoires de salle de bain en c\u00e9ramique en vrac<\/h3>\n\n\n\n<p><strong>Conception originale :<\/strong> Notre ensemble d'accessoires de salle de bain en c\u00e9ramique en vrac pr\u00e9sente un design distinctif de bocal Mason, qui refl\u00e8te un style moderne et un attrait classique.<\/p>\n\n\n\n<p><strong>Polyvalent : <\/strong>Le set d'accessoires de salle de bains se compose de quatre pi\u00e8ces utiles et essentielles : un distributeur de pompe \u00e0 savon, un porte-brosse \u00e0 dents, un verre\/jarre et un porte-savon.<\/p>\n\n\n\n<p><strong>S\u00e9lection de couleurs :<\/strong> L'ensemble d'accessoires de salle de bain en c\u00e9ramique est propos\u00e9 dans une vari\u00e9t\u00e9 de couleurs \u00e0 la mode, avec un assortiment de blanc, gris, beige\/taupe, et bleu clair\/vert menthe. Les couleurs montrent clairement que les objets s'adapteront \u00e0 tous les styles de salle de bains.<\/p>\n\n\n\n<p><strong>Fort :<\/strong> La c\u00e9ramique est un mat\u00e9riau extr\u00eamement durable qui r\u00e9siste \u00e0 la chaleur et aux chocs, ce qui la rend incassable et durable pour un usage quotidien.<\/p>\n\n\n\n<p><strong>Peu d'entretien :<\/strong> Il est facile de garder votre salle de bain propre et hygi\u00e9nique en utilisant notre ensemble d'accessoires de salle de bain en c\u00e9ramique en vrac. Nettoyez \u00e0 tout moment en utilisant simplement un chiffon humide pour une surface vermillon propre et fra\u00eeche jour apr\u00e8s jour.<\/p>\n<\/div>\n\n\n\n<div class=\"wp-block-column is-layout-flow wp-block-column-is-layout-flow\" style=\"flex-basis:50%\">\n<figure class=\"wp-block-image size-full\"><img decoding=\"async\" width=\"750\" height=\"750\" src=\"https:\/\/www.linkceramics.com\/wp-content\/uploads\/2025\/11\/factory-bulk-ceramic-bathroom-accessories-set-4-piece-5.webp\" alt=\"factory-bulk-ceramic-bathroom-accessories-set-4-piece-5factory-bulk-ceramic-bathroom-accessories-set-4-piece-5\" class=\"wp-image-2792\" srcset=\"https:\/\/www.linkceramics.com\/wp-content\/uploads\/2025\/11\/factory-bulk-ceramic-bathroom-accessories-set-4-piece-5.webp 750w, https:\/\/www.linkceramics.com\/wp-content\/uploads\/2025\/11\/factory-bulk-ceramic-bathroom-accessories-set-4-piece-5-300x300.webp 300w, https:\/\/www.linkceramics.com\/wp-content\/uploads\/2025\/11\/factory-bulk-ceramic-bathroom-accessories-set-4-piece-5-150x150.webp 150w, https:\/\/www.linkceramics.com\/wp-content\/uploads\/2025\/11\/factory-bulk-ceramic-bathroom-accessories-set-4-piece-5-12x12.webp 12w, https:\/\/www.linkceramics.com\/wp-content\/uploads\/2025\/11\/factory-bulk-ceramic-bathroom-accessories-set-4-piece-5-600x600.webp 600w, https:\/\/www.linkceramics.com\/wp-content\/uploads\/2025\/11\/factory-bulk-ceramic-bathroom-accessories-set-4-piece-5-100x100.webp 100w\" sizes=\"(max-width: 750px) 100vw, 750px\" \/><\/figure>\n<\/div>\n<\/div>","protected":false},"excerpt":{"rendered":"<p>N'h\u00e9sitez pas \u00e0 contacter Kedali pour l'achat en gros ou la personnalisation de cet ensemble d'accessoires de salle de bain en c\u00e9ramique Mason jar. Chaque ensemble comprend un porte-savon astucieusement con\u00e7u, un porte-brosse \u00e0 dents ouvert, un gobelet de rin\u00e7age et une pompe en acier inoxydable pour un distributeur de savon liquide. La quantit\u00e9 minimale de commande est de 800 ensembles.<\/p>\n<h2>Sp\u00e9cifications de l'ensemble d'accessoires de salle de bain en c\u00e9ramique en vrac<\/h2>\n<table class=\"alignleft\" width=\"635\">\n<tbody>\n<tr>\n<td width=\"147\">Marque<\/td>\n<td width=\"488\">KDL<\/td>\n<\/tr>\n<tr>\n<td width=\"147\">Mod\u00e8le<\/td>\n<td width=\"488\">DBS266-K466<\/td>\n<\/tr>\n<tr>\n<td width=\"147\">Nom<\/td>\n<td width=\"488\">Ensemble d'accessoires de salle de bain en c\u00e9ramique<\/td>\n<\/tr>\n<tr>\n<td width=\"147\">Couleur<\/td>\n<td width=\"488\">blanc<\/td>\n<\/tr>\n<tr>\n<td width=\"147\">Mat\u00e9riau<\/td>\n<td width=\"488\">c\u00e9ramique<\/td>\n<\/tr>\n<tr>\n<td width=\"147\">Application<\/td>\n<td width=\"488\">salle de bain\u00a0<\/td>\n<\/tr>\n<tr>\n<td width=\"147\">Dimensions<\/td>\n<td width=\"488\">Distributeur:7.7*7.7*18.5cm ; gobelet:7.7*7.7*12cm Porte-brosse \u00e0 dents:7.7*7.7*12cm ; porte-savon:13.2*8*1.7cm ;<\/td>\n<\/tr>\n<tr>\n<td width=\"147\">Poids brut (kg)<\/td>\n<td width=\"488\">2kg\/set<\/td>\n<\/tr>\n<tr>\n<td width=\"147\">Fonctionnalit\u00e9<\/td>\n<td width=\"488\">Sculpt\u00e9<\/td>\n<\/tr>\n<tr>\n<td width=\"147\">Quantit\u00e9 minimale de commande<\/td>\n<td width=\"488\">800sets<\/td>\n<\/tr>\n<\/tbody>\n<\/table>\n<p>&nbsp;<\/p>","protected":false},"featured_media":2788,"comment_status":"open","ping_status":"closed","template":"","meta":{"_acf_changed":true},"certification":[63,64,66,58,61,62],"product_brand":[],"product_cat":[35,22],"product_tag":[],"class_list":{"0":"post-2787","1":"product","2":"type-product","3":"status-publish","4":"has-post-thumbnail","6":"certification-amfori","7":"certification-bsci","8":"certification-cnas","9":"certification-fda","10":"certification-iso-14001","11":"certification-iso-9001","12":"product_cat-bathroom-ceramics-supply","13":"product_cat-ceramic-bathroom-set","15":"first","16":"instock","17":"shipping-taxable","18":"product-type-simple"},"acf":[],"_links":{"self":[{"href":"https:\/\/www.linkceramics.com\/fr\/wp-json\/wp\/v2\/product\/2787","targetHints":{"allow":["GET"]}}],"collection":[{"href":"https:\/\/www.linkceramics.com\/fr\/wp-json\/wp\/v2\/product"}],"about":[{"href":"https:\/\/www.linkceramics.com\/fr\/wp-json\/wp\/v2\/types\/product"}],"replies":[{"embeddable":true,"href":"https:\/\/www.linkceramics.com\/fr\/wp-json\/wp\/v2\/comments?post=2787"}],"wp:featuredmedia":[{"embeddable":true,"href":"https:\/\/www.linkceramics.com\/fr\/wp-json\/wp\/v2\/media\/2788"}],"wp:attachment":[{"href":"https:\/\/www.linkceramics.com\/fr\/wp-json\/wp\/v2\/media?parent=2787"}],"wp:term":[{"taxonomy":"certification","embeddable":true,"href":"https:\/\/www.linkceramics.com\/fr\/wp-json\/wp\/v2\/certification?post=2787"},{"taxonomy":"product_brand","embeddable":true,"href":"https:\/\/www.linkceramics.com\/fr\/wp-json\/wp\/v2\/product_brand?post=2787"},{"taxonomy":"product_cat","embeddable":true,"href":"https:\/\/www.linkceramics.com\/fr\/wp-json\/wp\/v2\/product_cat?post=2787"},{"taxonomy":"product_tag","embeddable":true,"href":"https:\/\/www.linkceramics.com\/fr\/wp-json\/wp\/v2\/product_tag?post=2787"}],"curies":[{"name":"wp","href":"https:\/\/api.w.org\/{rel}","templated":true}]}}