{"id":2793,"date":"2025-11-13T06:23:48","date_gmt":"2025-11-13T06:23:48","guid":{"rendered":"https:\/\/www.linkceramics.com\/?post_type=product&#038;p=2793"},"modified":"2025-11-13T06:23:50","modified_gmt":"2025-11-13T06:23:50","slug":"wholesale-ceramic-soap-dispensers","status":"publish","type":"product","link":"https:\/\/www.linkceramics.com\/fr\/product\/wholesale-ceramic-soap-dispensers\/","title":{"rendered":"Distributeurs de savon en c\u00e9ramique uniques en gros, fournitures de salle de bains"},"content":{"rendered":"<div class=\"wp-block-columns is-layout-flex wp-container-core-columns-is-layout-9d6595d7 wp-block-columns-is-layout-flex\">\n<div class=\"wp-block-column is-layout-flow wp-block-column-is-layout-flow\" style=\"flex-basis:50%\">\n<h3 class=\"wp-block-heading\">Caract\u00e9ristiques des distributeurs de savon en c\u00e9ramique en gros<\/h3>\n\n\n\n<p><strong>Conception originale :<\/strong> Contrairement aux distributeurs de savon en plastique standard, ces distributeurs de savon en c\u00e9ramique sont en c\u00e9ramique et ont des formes humaines abstraites originales qui contribuent au design, ce qui en fait des distributeurs de savon en c\u00e9ramique d\u00e9coratifs ainsi que des accessoires de salle de bain.<\/p>\n\n\n\n<p><strong>Mat\u00e9riau de qualit\u00e9 Sensation : <\/strong>Plut\u00f4t que des distributeurs de savon en plastique, ces distributeurs de savon en gros en c\u00e9ramique ont un poids de qualit\u00e9 sup\u00e9rieure et leur surface lisse et brillante est tr\u00e8s facile \u00e0 nettoyer.<\/p>\n\n\n\n<p><strong>R\u00e9utilisation : <\/strong>Bien que ces distributeurs de savon en c\u00e9ramique soient r\u00e9utilisables, ils constituent une solution durable \u00e0 long terme, car vous n'avez pas besoin de remplacer sans cesse ces bouteilles de savon en plastique jetables bon march\u00e9.<\/p>\n\n\n\n<p><strong>Utilisation pour de multiples liquides :<\/strong> Ces distributeurs de savon en c\u00e9ramique personnalis\u00e9s sont parfaits pour une vari\u00e9t\u00e9 de liquides (savon \u00e0 main, lotion, d\u00e9sinfectant pour les mains, ou m\u00eame gel douche\/shampoing), ce qui les rend polyvalents et acceptables pour toutes les salles de bains ou salles d'eau.<\/p>\n\n\n\n<p><strong>Usine OEM &amp; ODM :<\/strong> Kedali est l'un des principaux fabricants chinois d'accessoires de salle de bains. Nous offrons des services de personnalisation complets pour r\u00e9pondre aux besoins des clients, y compris la couleur, la forme, la taille et la conception de l'emballage, aidant ainsi les marques \u00e0 cr\u00e9er des produits uniques.<\/p>\n<\/div>\n\n\n\n<div class=\"wp-block-column is-layout-flow wp-block-column-is-layout-flow\" style=\"flex-basis:50%\">\n<figure class=\"wp-block-image size-full\"><img decoding=\"async\" width=\"800\" height=\"800\" src=\"https:\/\/www.linkceramics.com\/wp-content\/uploads\/2025\/11\/unique-wholesale-ceramic-soap-dispensers-bathroom-supplies-1.webp\" alt=\"unique-wholesale-ceramic-soap-dispensers-bathroom-supplies-1\" class=\"wp-image-2794\" srcset=\"https:\/\/www.linkceramics.com\/wp-content\/uploads\/2025\/11\/unique-wholesale-ceramic-soap-dispensers-bathroom-supplies-1.webp 800w, https:\/\/www.linkceramics.com\/wp-content\/uploads\/2025\/11\/unique-wholesale-ceramic-soap-dispensers-bathroom-supplies-1-300x300.webp 300w, https:\/\/www.linkceramics.com\/wp-content\/uploads\/2025\/11\/unique-wholesale-ceramic-soap-dispensers-bathroom-supplies-1-150x150.webp 150w, https:\/\/www.linkceramics.com\/wp-content\/uploads\/2025\/11\/unique-wholesale-ceramic-soap-dispensers-bathroom-supplies-1-768x768.webp 768w, https:\/\/www.linkceramics.com\/wp-content\/uploads\/2025\/11\/unique-wholesale-ceramic-soap-dispensers-bathroom-supplies-1-12x12.webp 12w, https:\/\/www.linkceramics.com\/wp-content\/uploads\/2025\/11\/unique-wholesale-ceramic-soap-dispensers-bathroom-supplies-1-600x600.webp 600w, https:\/\/www.linkceramics.com\/wp-content\/uploads\/2025\/11\/unique-wholesale-ceramic-soap-dispensers-bathroom-supplies-1-100x100.webp 100w\" sizes=\"(max-width: 800px) 100vw, 800px\" \/><\/figure>\n<\/div>\n<\/div>","protected":false},"excerpt":{"rendered":"<p>N'h\u00e9sitez pas \u00e0 contacter Kedali pour l'achat en gros ou la personnalisation de ces distributeurs de savon en c\u00e9ramique. Ces distributeurs pr\u00e9sentent des motifs abstraits uniques et sont disponibles en noir et en blanc. Ils servent non seulement d'\u0153uvre d'art sculpturale mais aussi de contenant \u00e9l\u00e9gant pour le savon \u00e0 main ou la lotion, ce qui les rend faciles \u00e0 utiliser. Contactez-nous pour obtenir un prix d'usine.<\/p>\n<h2>Sp\u00e9cifications des distributeurs de savon en c\u00e9ramique en gros<\/h2>\n<table width=\"235\">\n<tbody>\n<tr>\n<td width=\"69\">Marque<\/td>\n<td width=\"166\">KDL<\/td>\n<\/tr>\n<tr>\n<td width=\"69\">Mod\u00e8le<\/td>\n<td width=\"166\">BS545-1H<\/td>\n<\/tr>\n<tr>\n<td width=\"69\">Mat\u00e9riau<\/td>\n<td width=\"166\">c\u00e9ramique<\/td>\n<\/tr>\n<tr>\n<td width=\"69\">couleur<\/td>\n<td width=\"166\">blanc\/noir<\/td>\n<\/tr>\n<tr>\n<td width=\"69\">Application<\/td>\n<td width=\"166\">distributeur de savon<\/td>\n<\/tr>\n<tr>\n<td width=\"69\">Fonctionnalit\u00e9<\/td>\n<td width=\"166\">Glac\u00e9<\/td>\n<\/tr>\n<tr>\n<td width=\"69\">Dimensions<\/td>\n<td width=\"166\">8,7 \u00d7 4,3 \u00d7 19 0,26KG (sans la buse 13.5)<\/td>\n<\/tr>\n<tr>\n<td width=\"69\">Poids brut (kg)<\/td>\n<td width=\"166\">0.3<\/td>\n<\/tr>\n<tr>\n<td width=\"69\">Quantit\u00e9 minimale de commande<\/td>\n<td width=\"166\">800 pi\u00e8ces<\/td>\n<\/tr>\n<\/tbody>\n<\/table>\n<p>&nbsp;<\/p>","protected":false},"featured_media":2795,"comment_status":"open","ping_status":"closed","template":"","meta":{"_acf_changed":false},"certification":[63,64,66,58,61,62],"product_brand":[],"product_cat":[35,22],"product_tag":[],"class_list":{"0":"post-2793","1":"product","2":"type-product","3":"status-publish","4":"has-post-thumbnail","6":"certification-amfori","7":"certification-bsci","8":"certification-cnas","9":"certification-fda","10":"certification-iso-14001","11":"certification-iso-9001","12":"product_cat-bathroom-ceramics-supply","13":"product_cat-ceramic-bathroom-set","15":"first","16":"instock","17":"shipping-taxable","18":"product-type-simple"},"acf":[],"_links":{"self":[{"href":"https:\/\/www.linkceramics.com\/fr\/wp-json\/wp\/v2\/product\/2793","targetHints":{"allow":["GET"]}}],"collection":[{"href":"https:\/\/www.linkceramics.com\/fr\/wp-json\/wp\/v2\/product"}],"about":[{"href":"https:\/\/www.linkceramics.com\/fr\/wp-json\/wp\/v2\/types\/product"}],"replies":[{"embeddable":true,"href":"https:\/\/www.linkceramics.com\/fr\/wp-json\/wp\/v2\/comments?post=2793"}],"wp:featuredmedia":[{"embeddable":true,"href":"https:\/\/www.linkceramics.com\/fr\/wp-json\/wp\/v2\/media\/2795"}],"wp:attachment":[{"href":"https:\/\/www.linkceramics.com\/fr\/wp-json\/wp\/v2\/media?parent=2793"}],"wp:term":[{"taxonomy":"certification","embeddable":true,"href":"https:\/\/www.linkceramics.com\/fr\/wp-json\/wp\/v2\/certification?post=2793"},{"taxonomy":"product_brand","embeddable":true,"href":"https:\/\/www.linkceramics.com\/fr\/wp-json\/wp\/v2\/product_brand?post=2793"},{"taxonomy":"product_cat","embeddable":true,"href":"https:\/\/www.linkceramics.com\/fr\/wp-json\/wp\/v2\/product_cat?post=2793"},{"taxonomy":"product_tag","embeddable":true,"href":"https:\/\/www.linkceramics.com\/fr\/wp-json\/wp\/v2\/product_tag?post=2793"}],"curies":[{"name":"wp","href":"https:\/\/api.w.org\/{rel}","templated":true}]}}