{"id":2798,"date":"2025-11-13T07:08:03","date_gmt":"2025-11-13T07:08:03","guid":{"rendered":"https:\/\/www.linkceramics.com\/?post_type=product&#038;p=2798"},"modified":"2025-11-13T07:08:05","modified_gmt":"2025-11-13T07:08:05","slug":"wholesale-wall-mounted-cabinets-bathroom","status":"publish","type":"product","link":"https:\/\/www.linkceramics.com\/fr\/product\/wholesale-wall-mounted-cabinets-bathroom\/","title":{"rendered":"Brown Aluminum Wholesale Wall Mounted Cabinets Salle de bain"},"content":{"rendered":"<div class=\"wp-block-columns is-layout-flex wp-container-core-columns-is-layout-9d6595d7 wp-block-columns-is-layout-flex\">\n<div class=\"wp-block-column is-layout-flow wp-block-column-is-layout-flow\" style=\"flex-basis:50%\">\n<h3 class=\"wp-block-heading\">Wholesale Wall Mounted Cabinets Caract\u00e9ristiques de la salle de bain\uff1a<\/h3>\n\n\n\n<ul class=\"wp-block-list\">\n<li>Apparence moderne : ces armoires murales pour salle de bains sont dot\u00e9es d'une armoire principale \u00e0 deux niveaux mont\u00e9e sur le mur et install\u00e9e de mani\u00e8re suspendue pour minimiser les angles morts et am\u00e9liorer la propret\u00e9 de la salle de bains. Le miroir circulaire en verre, con\u00e7u dans une forme raffin\u00e9e et \u00e9l\u00e9gante, offre un reflet clair et agr\u00e9able. La vasque blanche, minimaliste et \u00e9pur\u00e9e, ajoute une touche de fra\u00eecheur \u00e0 la salle de bains, tout en s'harmonisant avec le style g\u00e9n\u00e9ral de la salle de bains.<\/li>\n\n\n\n<li><strong>Mat\u00e9riau durable : <\/strong>Ces armoires murales pour salle de bains sont fabriqu\u00e9es en aluminium, qui est r\u00e9sistant \u00e0 la corrosion et \u00e0 l'humidit\u00e9, ce qui le rend particuli\u00e8rement adapt\u00e9 \u00e0 l'environnement humide de la salle de bains, tout en \u00e9tant durable. La surface est trait\u00e9e avec d\u00e9licatesse et est lisse au toucher. Et surtout, elle est facile \u00e0 nettoyer, ce qui permet de garder le corps de l'armoire propre.<\/li>\n\n\n\n<li><strong>Grand espace de rangement :<\/strong> La structure \u00e0 double couche offre suffisamment d'espace de rangement. La couche inf\u00e9rieure peut contenir suffisamment de serviettes, d'articles de toilette ou d'autres articles n\u00e9cessaires, tandis que la couche sup\u00e9rieure vous permet de ranger tous vos articles de toilette quotidiens. Ce type de rangement est tr\u00e8s pratique pour un rangement ordonn\u00e9 dans la salle de bains et un acc\u00e8s facile, tout en r\u00e9pondant aux besoins de rangement quotidiens de la famille et en gardant la salle de bains propre et ordonn\u00e9e \u00e0 tout moment.<\/li>\n\n\n\n<li><strong>Fourniture directe par l'usine de Shouya : <\/strong>Nous fournissons des armoires de salle de bains en gros dans diff\u00e9rentes tailles et styles pour r\u00e9pondre aux besoins d'achat en gros volumes des h\u00f4tels, des appartements, des projets d'ing\u00e9nierie et des d\u00e9taillants.<\/li>\n<\/ul>\n<\/div>\n\n\n\n<div class=\"wp-block-column is-layout-flow wp-block-column-is-layout-flow\" style=\"flex-basis:50%\">\n<figure class=\"wp-block-image size-full\"><img decoding=\"async\" width=\"700\" height=\"700\" src=\"https:\/\/www.linkceramics.com\/wp-content\/uploads\/2025\/11\/brown-aluminum-wholesale-wall-mounted-cabinets-bathroom-1.webp\" alt=\"brown-aluminum-wholesale-wall-mounted-cabinets-bathroom-1\" class=\"wp-image-2800\" srcset=\"https:\/\/www.linkceramics.com\/wp-content\/uploads\/2025\/11\/brown-aluminum-wholesale-wall-mounted-cabinets-bathroom-1.webp 700w, https:\/\/www.linkceramics.com\/wp-content\/uploads\/2025\/11\/brown-aluminum-wholesale-wall-mounted-cabinets-bathroom-1-300x300.webp 300w, https:\/\/www.linkceramics.com\/wp-content\/uploads\/2025\/11\/brown-aluminum-wholesale-wall-mounted-cabinets-bathroom-1-150x150.webp 150w, https:\/\/www.linkceramics.com\/wp-content\/uploads\/2025\/11\/brown-aluminum-wholesale-wall-mounted-cabinets-bathroom-1-12x12.webp 12w, https:\/\/www.linkceramics.com\/wp-content\/uploads\/2025\/11\/brown-aluminum-wholesale-wall-mounted-cabinets-bathroom-1-600x600.webp 600w, https:\/\/www.linkceramics.com\/wp-content\/uploads\/2025\/11\/brown-aluminum-wholesale-wall-mounted-cabinets-bathroom-1-100x100.webp 100w\" sizes=\"(max-width: 700px) 100vw, 700px\" \/><\/figure>\n<\/div>\n<\/div>","protected":false},"excerpt":{"rendered":"<div id=\"brxe-0ee1ca\" class=\"brxe-product-meta product_meta\">\n<div id=\"brxe-0ee1ca\" class=\"brxe-product-meta product_meta\">\n<p>N'h\u00e9sitez pas \u00e0 contacter Shouya pour l'achat en gros ou la personnalisation de ces armoires murales de salle de bain avec un design double couche, en alliage d'aluminium durable, avec un miroir rond et une vasque au-dessus du comptoir, pour un design beau et pratique. Disponible en diff\u00e9rentes tailles pour la personnalisation et la vente en gros, adapt\u00e9 pour les h\u00f4tels, les appartements et les projets de construction. Contactez-nous pour un devis !<\/p>\n<h2>Wholesale Wall Mounted Cabinets Bathroom Attributes\uff1a<\/h2>\n<p><strong>Num\u00e9ro d'article :<\/strong> 2506YZ-80A<br \/><strong>Mat\u00e9riau de l'armoire :<\/strong> Aluminium<br \/><strong>Couleur de l'armoire :<\/strong> Marron<br \/><strong>Miroir :<\/strong> Miroir LED (3,5 mm\/3,8 mm), \u00e9clairage tricolore, d\u00e9sembuage par simple pression d'une touche, s\u00e9curis\u00e9 par un emballage en mousse multicouche.<br \/><strong>Type d'installation :<\/strong> Montage mural<br \/><strong>Dimensions (L\u00d7L\u00d7H) :<\/strong> 80x47x40 cm<br \/><strong>Poids brut :<\/strong> 30kg\/set<\/p>\n<h2>Personnalisation et services :<\/h2>\n<p><strong>OEM ET ODM<\/strong>: Pris en charge<br \/><strong>Conception<\/strong>: Gratuit<br \/><strong>Accessoires<\/strong>: Lavabos, miroirs, robinets et autres accessoires de salle de bains<br \/><strong>Emballage<\/strong>: Pr\u00eat \u00e0 monter<\/p>\n<\/div>\n<\/div>\n<p><script src=\"chrome-extension:\/\/fpelahbljekknahkcaegamhcndkfpfnc\/iFrame.js\" type=\"text\/javascript\"><\/script><\/p>\n<p><script src=\"chrome-extension:\/\/fpelahbljekknahkcaegamhcndkfpfnc\/iFrame.js\" type=\"text\/javascript\"><\/script><\/p>","protected":false},"featured_media":2801,"comment_status":"open","ping_status":"closed","template":"","meta":{"_acf_changed":false},"certification":[59,61,60,62],"product_brand":[],"product_cat":[35,83],"product_tag":[],"class_list":{"0":"post-2798","1":"product","2":"type-product","3":"status-publish","4":"has-post-thumbnail","6":"certification-ce","7":"certification-iso-14001","8":"certification-iso-45001","9":"certification-iso-9001","10":"product_cat-bathroom-ceramics-supply","11":"product_cat-wholesale-bathroom-vanity","13":"first","14":"instock","15":"shipping-taxable","16":"product-type-simple"},"acf":[],"_links":{"self":[{"href":"https:\/\/www.linkceramics.com\/fr\/wp-json\/wp\/v2\/product\/2798","targetHints":{"allow":["GET"]}}],"collection":[{"href":"https:\/\/www.linkceramics.com\/fr\/wp-json\/wp\/v2\/product"}],"about":[{"href":"https:\/\/www.linkceramics.com\/fr\/wp-json\/wp\/v2\/types\/product"}],"replies":[{"embeddable":true,"href":"https:\/\/www.linkceramics.com\/fr\/wp-json\/wp\/v2\/comments?post=2798"}],"wp:featuredmedia":[{"embeddable":true,"href":"https:\/\/www.linkceramics.com\/fr\/wp-json\/wp\/v2\/media\/2801"}],"wp:attachment":[{"href":"https:\/\/www.linkceramics.com\/fr\/wp-json\/wp\/v2\/media?parent=2798"}],"wp:term":[{"taxonomy":"certification","embeddable":true,"href":"https:\/\/www.linkceramics.com\/fr\/wp-json\/wp\/v2\/certification?post=2798"},{"taxonomy":"product_brand","embeddable":true,"href":"https:\/\/www.linkceramics.com\/fr\/wp-json\/wp\/v2\/product_brand?post=2798"},{"taxonomy":"product_cat","embeddable":true,"href":"https:\/\/www.linkceramics.com\/fr\/wp-json\/wp\/v2\/product_cat?post=2798"},{"taxonomy":"product_tag","embeddable":true,"href":"https:\/\/www.linkceramics.com\/fr\/wp-json\/wp\/v2\/product_tag?post=2798"}],"curies":[{"name":"wp","href":"https:\/\/api.w.org\/{rel}","templated":true}]}}