{"id":2816,"date":"2025-12-07T16:37:45","date_gmt":"2025-12-07T16:37:45","guid":{"rendered":"https:\/\/www.linkceramics.com\/?post_type=product&#038;p=2816"},"modified":"2025-12-19T01:10:38","modified_gmt":"2025-12-19T01:10:38","slug":"restaurant-crockery-wholesale","status":"publish","type":"product","link":"https:\/\/www.linkceramics.com\/fr\/product\/restaurant-crockery-wholesale\/","title":{"rendered":"Restaurant Crockery Wholesale, Plate Bowl Cup Sets In Bulk"},"content":{"rendered":"<div class=\"wp-block-columns is-layout-flex wp-container-core-columns-is-layout-9d6595d7 wp-block-columns-is-layout-flex\">\n<div class=\"wp-block-column is-layout-flow wp-block-column-is-layout-flow\" style=\"flex-basis:50%\">\n<h3 class=\"wp-block-heading\">Premium Restaurant Crockery Wholesale Caract\u00e9ristiques :<\/h3>\n\n\n\n<ul class=\"wp-block-list\">\n<li><strong>Design \u00e9l\u00e9gant : <\/strong>Cette vaisselle de restaurant en gros adopte des couleurs blanches et brunes assorties \u00e0 des roses et des motifs floraux verticaux, affichant un temp\u00e9rament romantique et r\u00e9tro, et am\u00e9liorant l'exp\u00e9rience globale du repas.<\/li>\n\n\n\n<li><strong>Combinaison de plusieurs pi\u00e8ces : <\/strong>Cet ensemble de vaisselle florale en gros comprend une vari\u00e9t\u00e9 de types pratiques pour r\u00e9pondre aux besoins de multiples sc\u00e9narios, des aliments de base aux boissons en passant par les desserts.<\/li>\n\n\n\n<li><strong>Mat\u00e9riaux en porcelaine de haute qualit\u00e9 : <\/strong>Notre vaisselle de restaurant en gros utilise des c\u00e9ramiques de haute qualit\u00e9, cuites \u00e0 haute temp\u00e9rature, durables et r\u00e9sistantes aux fissures, adapt\u00e9es \u00e0 une utilisation commerciale fr\u00e9quente.<\/li>\n\n\n\n<li><strong>Mat\u00e9riaux s\u00fbrs de qualit\u00e9 alimentaire :<\/strong> Notre vaisselle de restaurant en gros est sans plomb et sans cadmium, conforme aux normes internationales de s\u00e9curit\u00e9 au contact des aliments et adapt\u00e9e aux march\u00e9s mondiaux.<\/li>\n\n\n\n<li><strong>Convient pour les achats en gros : <\/strong>Nous proposons des services de vente en gros de vaisselle de restaurant, qui conviennent aux achats de gros volumes tels que les projets de restauration et les cha\u00eenes de marques, et qui permettent la personnalisation.<\/li>\n\n\n\n<li><strong>Services de personnalisation OEM\/ODM :<\/strong> La vaisselle florale en gros de Solecasa offre la possibilit\u00e9 de personnaliser le logo, les motifs, les couleurs et l'emballage afin d'aider les marques et les grossistes \u00e0 cr\u00e9er leur propre s\u00e9rie de vaisselle exclusive.<\/li>\n<\/ul>\n<\/div>\n\n\n\n<div class=\"wp-block-column is-layout-flow wp-block-column-is-layout-flow\" style=\"flex-basis:50%\">\n<figure class=\"wp-block-image size-full\"><img decoding=\"async\" width=\"800\" height=\"800\" src=\"https:\/\/www.linkceramics.com\/wp-content\/uploads\/2025\/12\/restaurant-crockery-wholesale-plate-bowl-cup-sets-in-bulk-1.webp\" alt=\"restaurant-crockery-wholesale-plate-bowl-cup-sets-in-bulk-1\" class=\"wp-image-2817\" srcset=\"https:\/\/www.linkceramics.com\/wp-content\/uploads\/2025\/12\/restaurant-crockery-wholesale-plate-bowl-cup-sets-in-bulk-1.webp 800w, https:\/\/www.linkceramics.com\/wp-content\/uploads\/2025\/12\/restaurant-crockery-wholesale-plate-bowl-cup-sets-in-bulk-1-300x300.webp 300w, https:\/\/www.linkceramics.com\/wp-content\/uploads\/2025\/12\/restaurant-crockery-wholesale-plate-bowl-cup-sets-in-bulk-1-150x150.webp 150w, https:\/\/www.linkceramics.com\/wp-content\/uploads\/2025\/12\/restaurant-crockery-wholesale-plate-bowl-cup-sets-in-bulk-1-768x768.webp 768w, https:\/\/www.linkceramics.com\/wp-content\/uploads\/2025\/12\/restaurant-crockery-wholesale-plate-bowl-cup-sets-in-bulk-1-12x12.webp 12w, https:\/\/www.linkceramics.com\/wp-content\/uploads\/2025\/12\/restaurant-crockery-wholesale-plate-bowl-cup-sets-in-bulk-1-600x600.webp 600w, https:\/\/www.linkceramics.com\/wp-content\/uploads\/2025\/12\/restaurant-crockery-wholesale-plate-bowl-cup-sets-in-bulk-1-100x100.webp 100w\" sizes=\"(max-width: 800px) 100vw, 800px\" \/><\/figure>\n<\/div>\n<\/div>\n\n\n\n<p><\/p>","protected":false},"excerpt":{"rendered":"<div id=\"brxe-0ee1ca\" class=\"brxe-product-meta product_meta\">\n<p>Bienvenue sur le site d'achat en gros d'assiettes, de bols et de tasses Solecasa. Cette vaisselle de restaurant en gros adopte un sch\u00e9ma de couleurs blanc et marron, agr\u00e9ment\u00e9 de roses exquises et de motifs floraux verticaux, cr\u00e9ant une atmosph\u00e8re naturelle et \u00e9l\u00e9gante. Elle conserve son \u00e9clat m\u00eame apr\u00e8s une utilisation prolong\u00e9e.<\/p>\n<h2>Vaisselle de restaurant en gros Sp\u00e9cifications :<\/h2>\n<\/div>\n<div id=\"brxe-8c5ca9\" class=\"brxe-product-short-description\">\n<div class=\"woocommerce-product-details__short-description\">\n<div id=\"brxe-e78fbc\">\n<table border=\"0\" width=\"370\" cellspacing=\"0\" cellpadding=\"0\">\n<tbody>\n<tr>\n<td width=\"139\" height=\"18\">Fabricant<\/td>\n<td width=\"231\">SOLECASA<\/td>\n<\/tr>\n<tr>\n<td width=\"139\" height=\"18\">Nom de la collection<\/td>\n<td width=\"231\">Rose brumeuse<\/td>\n<\/tr>\n<tr>\n<td width=\"139\" height=\"36\">Produits inclus<\/td>\n<td width=\"231\">Assiette, bol, th\u00e9i\u00e8re, tasse et soucoupe, cuill\u00e8re, pr\u00e9sentoir \u00e0 g\u00e2teaux, vase<\/td>\n<\/tr>\n<tr>\n<td width=\"139\" height=\"18\">Mat\u00e9riau<\/td>\n<td width=\"231\">Porcelaine<\/td>\n<\/tr>\n<tr>\n<td width=\"139\" height=\"18\">Paquet<\/td>\n<td width=\"231\">Emballage en vrac<\/td>\n<\/tr>\n<tr>\n<td width=\"139\" height=\"18\">Unit\u00e9s de vente<\/td>\n<td width=\"231\">Article unique<\/td>\n<\/tr>\n<tr>\n<td width=\"139\" height=\"18\">MOQ<\/td>\n<td width=\"231\">Faible MOQ<\/td>\n<\/tr>\n<tr>\n<td width=\"139\" height=\"18\">\u00c9chantillon gratuit<\/td>\n<td width=\"231\">Disponible<\/td>\n<\/tr>\n<tr>\n<td width=\"139\" height=\"18\">Option personnalis\u00e9e<\/td>\n<td width=\"231\">Couleur\/Taille\/Glaze\/Logo\/Emballage<\/td>\n<\/tr>\n<\/tbody>\n<\/table>\n<\/div>\n<div id=\"brxe-93988a\" class=\"brxe-block\">\u00a0<\/div>\n<p><\/p>\n<div id=\"brxe-93988a\">\u00a0<\/div>\n<\/div>\n<\/div>","protected":false},"featured_media":2821,"comment_status":"open","ping_status":"closed","template":"","meta":{"_acf_changed":false},"certification":[63,64,66,58,65,61,60,62,57],"product_brand":[],"product_cat":[34,18],"product_tag":[],"class_list":{"0":"post-2816","1":"product","2":"type-product","3":"status-publish","4":"has-post-thumbnail","6":"certification-amfori","7":"certification-bsci","8":"certification-cnas","9":"certification-fda","10":"certification-iaf","11":"certification-iso-14001","12":"certification-iso-45001","13":"certification-iso-9001","14":"certification-lfgb","15":"product_cat-custom-household-ceramics","16":"product_cat-ceramic-tableware-wholesale","18":"first","19":"instock","20":"shipping-taxable","21":"product-type-simple"},"acf":[],"_links":{"self":[{"href":"https:\/\/www.linkceramics.com\/fr\/wp-json\/wp\/v2\/product\/2816","targetHints":{"allow":["GET"]}}],"collection":[{"href":"https:\/\/www.linkceramics.com\/fr\/wp-json\/wp\/v2\/product"}],"about":[{"href":"https:\/\/www.linkceramics.com\/fr\/wp-json\/wp\/v2\/types\/product"}],"replies":[{"embeddable":true,"href":"https:\/\/www.linkceramics.com\/fr\/wp-json\/wp\/v2\/comments?post=2816"}],"wp:featuredmedia":[{"embeddable":true,"href":"https:\/\/www.linkceramics.com\/fr\/wp-json\/wp\/v2\/media\/2821"}],"wp:attachment":[{"href":"https:\/\/www.linkceramics.com\/fr\/wp-json\/wp\/v2\/media?parent=2816"}],"wp:term":[{"taxonomy":"certification","embeddable":true,"href":"https:\/\/www.linkceramics.com\/fr\/wp-json\/wp\/v2\/certification?post=2816"},{"taxonomy":"product_brand","embeddable":true,"href":"https:\/\/www.linkceramics.com\/fr\/wp-json\/wp\/v2\/product_brand?post=2816"},{"taxonomy":"product_cat","embeddable":true,"href":"https:\/\/www.linkceramics.com\/fr\/wp-json\/wp\/v2\/product_cat?post=2816"},{"taxonomy":"product_tag","embeddable":true,"href":"https:\/\/www.linkceramics.com\/fr\/wp-json\/wp\/v2\/product_tag?post=2816"}],"curies":[{"name":"wp","href":"https:\/\/api.w.org\/{rel}","templated":true}]}}