{"id":2824,"date":"2025-12-19T01:10:36","date_gmt":"2025-12-19T01:10:36","guid":{"rendered":"https:\/\/www.linkceramics.com\/?post_type=product&#038;p=2824"},"modified":"2026-03-12T06:57:28","modified_gmt":"2026-03-12T06:57:28","slug":"wholesale-casserole-dishes","status":"publish","type":"product","link":"https:\/\/www.linkceramics.com\/fr\/product\/wholesale-casserole-dishes\/","title":{"rendered":"Solecasa Grossiste Casseroles avec Couvercles, Faible MOQ"},"content":{"rendered":"<div class=\"wp-block-columns is-layout-flex wp-container-core-columns-is-layout-9d6595d7 wp-block-columns-is-layout-flex\">\n<div class=\"wp-block-column is-layout-flow wp-block-column-is-layout-flow\" style=\"flex-basis:50%\">\n<h3 class=\"wp-block-heading\">Caract\u00e9ristiques des plats \u00e0 gratin haut de gamme vendus en gros :<\/h3>\n\n\n\n<ul class=\"wp-block-list\">\n<li><strong>Design naturel et frais :<\/strong> Ces plats \u00e0 gratin beiges avec un motif floral vert cr\u00e9ent un style chaleureux et naturel, parfait pour une vari\u00e9t\u00e9 de cuisines et de tables \u00e0 manger.<\/li>\n\n\n\n<li><strong>Mat\u00e9riau hautement r\u00e9sistant \u00e0 la chaleur : <\/strong>Nos ustensiles de cuisine en c\u00e9ramique vendus en gros sont fabriqu\u00e9s \u00e0 partir d'une c\u00e9ramique hautement r\u00e9sistante \u00e0 la chaleur, s\u00fbre et pratique pour la cuisson au micro-ondes et au four.<\/li>\n\n\n\n<li><strong>Plusieurs options de capacit\u00e9 : <\/strong>Nos plats \u00e0 gratin vendus en gros sont disponibles en deux contenances, 1,6 L et 2,5 L, offrant une alternative pratique et polyvalente pour divers besoins culinaires \u00e0 la maison ou dans le commerce.<\/li>\n\n\n\n<li><strong>Conception assortie du couvercle : <\/strong>Nos plats \u00e0 gratin vendus en gros sont livr\u00e9s avec un couvercle en c\u00e9ramique assorti, qui permet de conserver efficacement l'humidit\u00e9 et la chaleur afin de rehausser la saveur des aliments cuits.<\/li>\n\n\n\n<li><strong>Convient aux march\u00e9s de gros et d'exportation : <\/strong>Conforme aux normes de s\u00e9curit\u00e9 alimentaire en vigueur dans plusieurs pays, convient aux circuits de vente au d\u00e9tail, \u00e0 l'h\u00f4tellerie et \u00e0 la restauration.<\/li>\n\n\n\n<li><strong>Stock disponible pour une livraison rapide et un faible MOQ : <\/strong>Nos plats \u00e0 gratin en gros sont disponibles en stock pour une livraison rapide et avec un faible minimum de commande, ce qui est id\u00e9al pour les petites commandes ou les commandes d'essai.<\/li>\n<\/ul>\n<\/div>\n\n\n\n<div class=\"wp-block-column is-layout-flow wp-block-column-is-layout-flow\" style=\"flex-basis:50%\">\n<figure class=\"wp-block-image size-full\"><img decoding=\"async\" width=\"1200\" height=\"1200\" src=\"https:\/\/www.linkceramics.com\/wp-content\/uploads\/2025\/12\/Solecasa-Wholesale-Casserole-Dishes-With-Lids-Low-MOQ-9.webp\" alt=\"Solecasa-Vente en gros-Plats \u00e0 gratin-Avec couvercles-MOQ faible-9\" class=\"wp-image-2827\" srcset=\"https:\/\/www.linkceramics.com\/wp-content\/uploads\/2025\/12\/Solecasa-Wholesale-Casserole-Dishes-With-Lids-Low-MOQ-9.webp 1200w, https:\/\/www.linkceramics.com\/wp-content\/uploads\/2025\/12\/Solecasa-Wholesale-Casserole-Dishes-With-Lids-Low-MOQ-9-300x300.webp 300w, https:\/\/www.linkceramics.com\/wp-content\/uploads\/2025\/12\/Solecasa-Wholesale-Casserole-Dishes-With-Lids-Low-MOQ-9-150x150.webp 150w\" sizes=\"(max-width: 1200px) 100vw, 1200px\" \/><\/figure>\n<\/div>\n<\/div>\n\n\n\n<p><\/p>","protected":false},"excerpt":{"rendered":"<div id=\"brxe-0ee1ca\" class=\"brxe-product-meta product_meta\">\n<p>Bienvenue pour acheter ces plats \u00e0 gratin beiges en gros, orn\u00e9s d'un motif floral vert. Tr\u00e8s r\u00e9sistants \u00e0 la chaleur, ils sont livr\u00e9s avec des couvercles pour faciliter la cuisson \u00e0 feu doux et la conservation de la chaleur. Disponibles en stock avec une quantit\u00e9 minimale de commande r\u00e9duite. Ils sont id\u00e9aux pour les d\u00e9taillants, les marques et les acheteurs du secteur de la restauration \u00e0 la recherche de solutions de cuisson durables et \u00e9l\u00e9gantes.<\/p>\n<h2>Sp\u00e9cifications des plats \u00e0 gratin vendus en gros :<\/h2>\n<\/div>\n<div id=\"brxe-8c5ca9\" class=\"brxe-product-short-description\">\n<div class=\"woocommerce-product-details__short-description\">\n<div id=\"brxe-e78fbc\">\n<table border=\"0\" width=\"370\" cellspacing=\"0\" cellpadding=\"0\">\n<tbody>\n<tr>\n<td width=\"139\" height=\"18\">Fabricant<\/td>\n<td width=\"231\">SOLECASA<\/td>\n<\/tr>\n<tr>\n<td width=\"139\" height=\"18\">Nom de la collection<\/td>\n<td width=\"231\">Rose brumeuse<\/td>\n<\/tr>\n<tr>\n<td width=\"139\" height=\"36\">Produits inclus<\/td>\n<td width=\"231\">Assiette, bol, th\u00e9i\u00e8re, tasse et soucoupe, cuill\u00e8re, pr\u00e9sentoir \u00e0 g\u00e2teaux, vase<\/td>\n<\/tr>\n<tr>\n<td width=\"139\" height=\"18\">Mat\u00e9riau<\/td>\n<td width=\"231\">Porcelaine<\/td>\n<\/tr>\n<tr>\n<td width=\"139\" height=\"18\">Paquet<\/td>\n<td width=\"231\">Emballage en vrac<\/td>\n<\/tr>\n<tr>\n<td width=\"139\" height=\"18\">Unit\u00e9s de vente<\/td>\n<td width=\"231\">Article unique<\/td>\n<\/tr>\n<tr>\n<td width=\"139\" height=\"18\">MOQ<\/td>\n<td width=\"231\">Faible MOQ<\/td>\n<\/tr>\n<tr>\n<td width=\"139\" height=\"18\">\u00c9chantillon gratuit<\/td>\n<td width=\"231\">Disponible<\/td>\n<\/tr>\n<tr>\n<td width=\"139\" height=\"18\">Option personnalis\u00e9e<\/td>\n<td width=\"231\">Couleur\/Taille\/Glaze\/Logo\/Emballage<\/td>\n<\/tr>\n<\/tbody>\n<\/table>\n<\/div>\n<div id=\"brxe-93988a\" class=\"brxe-block\">\u00a0<\/div>\n<p><\/p>\n<div id=\"brxe-93988a\">\u00a0<\/div>\n<\/div>\n<\/div>","protected":false},"featured_media":2826,"comment_status":"open","ping_status":"closed","template":"","meta":{"_acf_changed":false},"certification":[63,64,66,58,65,61,60,62,57],"product_brand":[],"product_cat":[34,20],"product_tag":[],"class_list":{"0":"post-2824","1":"product","2":"type-product","3":"status-publish","4":"has-post-thumbnail","6":"certification-amfori","7":"certification-bsci","8":"certification-cnas","9":"certification-fda","10":"certification-iaf","11":"certification-iso-14001","12":"certification-iso-45001","13":"certification-iso-9001","14":"certification-lfgb","15":"product_cat-custom-household-ceramics","16":"product_cat-ceramic-kitchenware-wholesale","18":"first","19":"instock","20":"shipping-taxable","21":"product-type-simple"},"acf":[],"_links":{"self":[{"href":"https:\/\/www.linkceramics.com\/fr\/wp-json\/wp\/v2\/product\/2824","targetHints":{"allow":["GET"]}}],"collection":[{"href":"https:\/\/www.linkceramics.com\/fr\/wp-json\/wp\/v2\/product"}],"about":[{"href":"https:\/\/www.linkceramics.com\/fr\/wp-json\/wp\/v2\/types\/product"}],"replies":[{"embeddable":true,"href":"https:\/\/www.linkceramics.com\/fr\/wp-json\/wp\/v2\/comments?post=2824"}],"wp:featuredmedia":[{"embeddable":true,"href":"https:\/\/www.linkceramics.com\/fr\/wp-json\/wp\/v2\/media\/2826"}],"wp:attachment":[{"href":"https:\/\/www.linkceramics.com\/fr\/wp-json\/wp\/v2\/media?parent=2824"}],"wp:term":[{"taxonomy":"certification","embeddable":true,"href":"https:\/\/www.linkceramics.com\/fr\/wp-json\/wp\/v2\/certification?post=2824"},{"taxonomy":"product_brand","embeddable":true,"href":"https:\/\/www.linkceramics.com\/fr\/wp-json\/wp\/v2\/product_brand?post=2824"},{"taxonomy":"product_cat","embeddable":true,"href":"https:\/\/www.linkceramics.com\/fr\/wp-json\/wp\/v2\/product_cat?post=2824"},{"taxonomy":"product_tag","embeddable":true,"href":"https:\/\/www.linkceramics.com\/fr\/wp-json\/wp\/v2\/product_tag?post=2824"}],"curies":[{"name":"wp","href":"https:\/\/api.w.org\/{rel}","templated":true}]}}