{"id":2835,"date":"2025-12-19T01:46:34","date_gmt":"2025-12-19T01:46:34","guid":{"rendered":"https:\/\/www.linkceramics.com\/?post_type=product&#038;p=2835"},"modified":"2025-12-19T02:33:52","modified_gmt":"2025-12-19T02:33:52","slug":"casserole-wholesale","status":"publish","type":"product","link":"https:\/\/www.linkceramics.com\/fr\/product\/casserole-wholesale\/","title":{"rendered":"Casserole \u00e0 haute r\u00e9sistance \u00e0 la chaleur Wholesale, Fast Delivery"},"content":{"rendered":"<div class=\"wp-block-columns is-layout-flex wp-container-core-columns-is-layout-9d6595d7 wp-block-columns-is-layout-flex\">\n<div class=\"wp-block-column is-layout-flow wp-block-column-is-layout-flow\" style=\"flex-basis:50%\">\n<h3 class=\"wp-block-heading\">Casserole de qualit\u00e9 sup\u00e9rieure Caract\u00e9ristiques de la vente en gros :<\/h3>\n\n\n\n<ul class=\"wp-block-list\">\n<li><strong>Conception classique des couleurs :<\/strong> Ces cocottes en gros aux motifs floraux bleu fonc\u00e9 poss\u00e8dent une \u00e9l\u00e9gance simple qui rehaussera l'apparence de toute salle \u00e0 manger ou cuisine.<\/li>\n\n\n\n<li><strong>Dissipation uniforme de la chaleur :<\/strong> Nos ustensiles de cuisine en c\u00e9ramique ont un corps \u00e9pais qui favorise un chauffage uniforme et emp\u00eache les points chauds, \u00e9vitant ainsi les br\u00fblures et am\u00e9liorant les r\u00e9sultats de cuisson et la texture des aliments. Passe au four, au micro-ondes et au chaud. Id\u00e9al pour la maison, le restaurant et la cuisine d'h\u00f4tel.<\/li>\n\n\n\n<li><strong>Vari\u00e9t\u00e9 pratique de capacit\u00e9s :<\/strong> Nos cocottes en gros sont disponibles dans les tailles exceptionnelles de 1,6L, 2,5L, 3,5L et 4,5L pour vos besoins quotidiens en mati\u00e8re de cuisine et de banquet.<\/li>\n\n\n\n<li><strong>Traitement de gla\u00e7age \u00e0 haute temp\u00e9rature :<\/strong> Notre cocotte en gros est recouverte d'un gla\u00e7age dense et lisse qui r\u00e9siste aux rayures et aux taches et n'absorbe pas facilement les odeurs, ce qui facilite le nettoyage et l'entretien. Sans danger pour la cuisson et le service de toutes sortes d'aliments chauds.<\/li>\n\n\n\n<li><strong>Prix direct d'usine : <\/strong>Nos ustensiles de cuisine en c\u00e9ramique sont fabriqu\u00e9s directement par Solecasa, ce qui permet de proposer des prix de gros comp\u00e9titifs. Nous proposons \u00e9galement des collaborations personnalis\u00e9es pour soutenir le d\u00e9veloppement de la marque.<\/li>\n\n\n\n<li><strong>Stock suffisant et livraison rapide : <\/strong>Notre grossiste en casseroles dispose de stocks ponctuels, prend en charge les commandes de petits lots et r\u00e9pond rapidement \u00e0 vos besoins d'achat.<\/li>\n<\/ul>\n<\/div>\n\n\n\n<div class=\"wp-block-column is-layout-flow wp-block-column-is-layout-flow\" style=\"flex-basis:50%\">\n<figure class=\"wp-block-image size-full\"><img decoding=\"async\" width=\"800\" height=\"800\" src=\"https:\/\/www.linkceramics.com\/wp-content\/uploads\/2025\/12\/highly-heat-resistant-casserole-wholesale-fast-delivery-3.webp\" alt=\"Casserole tr\u00e8s r\u00e9sistante \u00e0 la chaleur - livraison rapide en gros-3\" class=\"wp-image-2838\" srcset=\"https:\/\/www.linkceramics.com\/wp-content\/uploads\/2025\/12\/highly-heat-resistant-casserole-wholesale-fast-delivery-3.webp 800w, https:\/\/www.linkceramics.com\/wp-content\/uploads\/2025\/12\/highly-heat-resistant-casserole-wholesale-fast-delivery-3-300x300.webp 300w, https:\/\/www.linkceramics.com\/wp-content\/uploads\/2025\/12\/highly-heat-resistant-casserole-wholesale-fast-delivery-3-150x150.webp 150w, https:\/\/www.linkceramics.com\/wp-content\/uploads\/2025\/12\/highly-heat-resistant-casserole-wholesale-fast-delivery-3-768x768.webp 768w, https:\/\/www.linkceramics.com\/wp-content\/uploads\/2025\/12\/highly-heat-resistant-casserole-wholesale-fast-delivery-3-12x12.webp 12w, https:\/\/www.linkceramics.com\/wp-content\/uploads\/2025\/12\/highly-heat-resistant-casserole-wholesale-fast-delivery-3-600x600.webp 600w, https:\/\/www.linkceramics.com\/wp-content\/uploads\/2025\/12\/highly-heat-resistant-casserole-wholesale-fast-delivery-3-100x100.webp 100w\" sizes=\"(max-width: 800px) 100vw, 800px\" \/><\/figure>\n<\/div>\n<\/div>\n\n\n\n<p><\/p>","protected":false},"excerpt":{"rendered":"<div id=\"brxe-0ee1ca\" class=\"brxe-product-meta product_meta\">\n<p>Bienvenue \u00e0 l'achat en gros d'ustensiles de cuisine en c\u00e9ramique. Notre cocotte en gros pr\u00e9sente un \u00e9l\u00e9gant motif floral bleu fonc\u00e9 et se d\u00e9cline en quatre tailles pour r\u00e9pondre \u00e0 une grande vari\u00e9t\u00e9 de besoins culinaires. Elle offre une excellente r\u00e9sistance \u00e0 la chaleur et est livr\u00e9e en direct de l'usine, ce qui la rend id\u00e9ale pour les d\u00e9taillants, les restaurants et les propri\u00e9taires de marques.<\/p>\n<h2>Casserole Sp\u00e9cifications en gros :<\/h2>\n<\/div>\n<div id=\"brxe-8c5ca9\" class=\"brxe-product-short-description\">\n<div class=\"woocommerce-product-details__short-description\">\n<table border=\"0\" width=\"370\" cellspacing=\"0\" cellpadding=\"0\">\n<tbody>\n<tr>\n<td width=\"139\" height=\"18\">Fabricant<\/td>\n<td width=\"231\">SOLECASA<\/td>\n<\/tr>\n<tr>\n<td width=\"139\" height=\"18\">Collection Appartenance<\/td>\n<td width=\"231\">Bleu gamma<\/td>\n<\/tr>\n<tr>\n<td width=\"139\" height=\"18\">Type de produit<\/td>\n<td width=\"231\">Casserole en c\u00e9ramique r\u00e9sistante \u00e0 la chaleur<\/td>\n<\/tr>\n<tr>\n<td width=\"139\" height=\"36\">Num\u00e9ro de mod\u00e8le<\/td>\n<td width=\"231\">S9714560\/ S9714577<br \/>S9714584\/ S9714591<\/td>\n<\/tr>\n<tr>\n<td width=\"139\" height=\"18\">Mat\u00e9riau<\/td>\n<td width=\"231\">C\u00e9ramique<\/td>\n<\/tr>\n<tr>\n<td width=\"139\" height=\"71\">Dimension<\/td>\n<td width=\"231\">1.6L 17.5*22cm<br \/>2.5L 22*27cm<br \/>3.5L 25.2*31cm<br \/>4.5L 25*31cm<\/td>\n<\/tr>\n<tr>\n<td width=\"139\" height=\"18\">MOQ<\/td>\n<td width=\"231\">Faible MOQ<\/td>\n<\/tr>\n<tr>\n<td width=\"139\" height=\"18\">\u00c9chantillon gratuit<\/td>\n<td width=\"231\">Disponible<\/td>\n<\/tr>\n<tr>\n<td width=\"139\" height=\"18\">Option personnalis\u00e9e<\/td>\n<td width=\"231\">Couleur\/Taille\/Glaze\/Logo\/Emballage<\/td>\n<\/tr>\n<\/tbody>\n<\/table>\n<p><\/p>\n<div id=\"brxe-93988a\" class=\"brxe-block\">\u00a0<\/div>\n<p><\/p>\n<div id=\"brxe-93988a\">\u00a0<\/div>\n<\/div>\n<\/div>","protected":false},"featured_media":2836,"comment_status":"open","ping_status":"closed","template":"","meta":{"_acf_changed":false},"certification":[63,64,66,58,65,61,60,62,57],"product_brand":[],"product_cat":[34,20],"product_tag":[],"class_list":{"0":"post-2835","1":"product","2":"type-product","3":"status-publish","4":"has-post-thumbnail","6":"certification-amfori","7":"certification-bsci","8":"certification-cnas","9":"certification-fda","10":"certification-iaf","11":"certification-iso-14001","12":"certification-iso-45001","13":"certification-iso-9001","14":"certification-lfgb","15":"product_cat-custom-household-ceramics","16":"product_cat-ceramic-kitchenware-wholesale","18":"first","19":"instock","20":"shipping-taxable","21":"product-type-simple"},"acf":[],"_links":{"self":[{"href":"https:\/\/www.linkceramics.com\/fr\/wp-json\/wp\/v2\/product\/2835","targetHints":{"allow":["GET"]}}],"collection":[{"href":"https:\/\/www.linkceramics.com\/fr\/wp-json\/wp\/v2\/product"}],"about":[{"href":"https:\/\/www.linkceramics.com\/fr\/wp-json\/wp\/v2\/types\/product"}],"replies":[{"embeddable":true,"href":"https:\/\/www.linkceramics.com\/fr\/wp-json\/wp\/v2\/comments?post=2835"}],"wp:featuredmedia":[{"embeddable":true,"href":"https:\/\/www.linkceramics.com\/fr\/wp-json\/wp\/v2\/media\/2836"}],"wp:attachment":[{"href":"https:\/\/www.linkceramics.com\/fr\/wp-json\/wp\/v2\/media?parent=2835"}],"wp:term":[{"taxonomy":"certification","embeddable":true,"href":"https:\/\/www.linkceramics.com\/fr\/wp-json\/wp\/v2\/certification?post=2835"},{"taxonomy":"product_brand","embeddable":true,"href":"https:\/\/www.linkceramics.com\/fr\/wp-json\/wp\/v2\/product_brand?post=2835"},{"taxonomy":"product_cat","embeddable":true,"href":"https:\/\/www.linkceramics.com\/fr\/wp-json\/wp\/v2\/product_cat?post=2835"},{"taxonomy":"product_tag","embeddable":true,"href":"https:\/\/www.linkceramics.com\/fr\/wp-json\/wp\/v2\/product_tag?post=2835"}],"curies":[{"name":"wp","href":"https:\/\/api.w.org\/{rel}","templated":true}]}}