{"id":2840,"date":"2025-12-19T02:35:18","date_gmt":"2025-12-19T02:35:18","guid":{"rendered":"https:\/\/www.linkceramics.com\/?post_type=product&#038;p=2840"},"modified":"2025-12-19T02:35:21","modified_gmt":"2025-12-19T02:35:21","slug":"wholesale-casserole-dish","status":"publish","type":"product","link":"https:\/\/www.linkceramics.com\/fr\/product\/wholesale-casserole-dish\/","title":{"rendered":"Wholesale Casserole Dish, Heat-Resistant Cookware Supply"},"content":{"rendered":"<div class=\"wp-block-columns is-layout-flex wp-container-core-columns-is-layout-9d6595d7 wp-block-columns-is-layout-flex\">\n<div class=\"wp-block-column is-layout-flow wp-block-column-is-layout-flow\" style=\"flex-basis:50%\">\n<h3 class=\"wp-block-heading\">Casserole en gros de premi\u00e8re qualit\u00e9 Caract\u00e9ristiques :<\/h3>\n\n\n\n<ul class=\"wp-block-list\">\n<li><strong>Conception classique des couleurs :<\/strong> Ces cocottes en gros avec un motif de rose vintage poss\u00e8dent une \u00e9l\u00e9gance simple qui rehaussera l'apparence de toute salle \u00e0 manger ou cuisine.<\/li>\n\n\n\n<li><strong>Haute r\u00e9sistance \u00e0 la chaleur :<\/strong> Ces plats \u00e0 gratin sont fabriqu\u00e9s en c\u00e9ramique r\u00e9sistante \u00e0 la chaleur, qui peut supporter la cuisson \u00e0 haute temp\u00e9rature et le chauffage continu sans se fissurer ou se d\u00e9former facilement.<\/li>\n\n\n\n<li><strong>Bonne r\u00e9sistance aux chocs thermiques :<\/strong> Cet ustensile de cuisine en c\u00e9ramique est \u00e9galement tr\u00e8s performant dans l'alternance du chaud et du froid, ce qui permet de le faire passer directement du four \u00e0 la table.<\/li>\n\n\n\n<li><strong>Vari\u00e9t\u00e9 pratique de capacit\u00e9s :<\/strong> Nos cocottes en gros sont disponibles en 1,6 L, 2,5 L, 3,5 L et 4,5 L, parfaites pour la cuisine de tous les jours ou les grands banquets.<\/li>\n\n\n\n<li><strong>Prix direct d'usine : <\/strong>Nos ustensiles de cuisine en c\u00e9ramique sont fabriqu\u00e9s par Solecasa, qui propose des prix de gros comp\u00e9titifs. Nous proposons \u00e9galement des collaborations personnalis\u00e9es pour soutenir le d\u00e9veloppement des marques.<\/li>\n\n\n\n<li><strong>Stock suffisant et livraison rapide :<\/strong> Notre grossiste en plats \u00e0 gratin dispose de stocks ponctuels, prend en charge les commandes de petits lots et r\u00e9pond rapidement \u00e0 vos besoins d'achat.<\/li>\n<\/ul>\n<\/div>\n\n\n\n<div class=\"wp-block-column is-layout-flow wp-block-column-is-layout-flow\" style=\"flex-basis:50%\">\n<figure class=\"wp-block-image size-full\"><img decoding=\"async\" width=\"800\" height=\"800\" src=\"https:\/\/www.linkceramics.com\/wp-content\/uploads\/2025\/12\/wholesale-casserole-dish-heat-resistant-cookware-supply-3.webp\" alt=\"grossiste-casserole-plat-cuisine r\u00e9sistante \u00e0 la chaleur-approvisionnement-3\" class=\"wp-image-2843\" srcset=\"https:\/\/www.linkceramics.com\/wp-content\/uploads\/2025\/12\/wholesale-casserole-dish-heat-resistant-cookware-supply-3.webp 800w, https:\/\/www.linkceramics.com\/wp-content\/uploads\/2025\/12\/wholesale-casserole-dish-heat-resistant-cookware-supply-3-300x300.webp 300w, https:\/\/www.linkceramics.com\/wp-content\/uploads\/2025\/12\/wholesale-casserole-dish-heat-resistant-cookware-supply-3-150x150.webp 150w, https:\/\/www.linkceramics.com\/wp-content\/uploads\/2025\/12\/wholesale-casserole-dish-heat-resistant-cookware-supply-3-768x768.webp 768w, https:\/\/www.linkceramics.com\/wp-content\/uploads\/2025\/12\/wholesale-casserole-dish-heat-resistant-cookware-supply-3-12x12.webp 12w, https:\/\/www.linkceramics.com\/wp-content\/uploads\/2025\/12\/wholesale-casserole-dish-heat-resistant-cookware-supply-3-600x600.webp 600w, https:\/\/www.linkceramics.com\/wp-content\/uploads\/2025\/12\/wholesale-casserole-dish-heat-resistant-cookware-supply-3-100x100.webp 100w\" sizes=\"(max-width: 800px) 100vw, 800px\" \/><\/figure>\n<\/div>\n<\/div>\n\n\n\n<p><\/p>","protected":false},"excerpt":{"rendered":"<div id=\"brxe-0ee1ca\" class=\"brxe-product-meta product_meta\">\n<p>Bienvenue \u00e0 l'achat en gros d'ustensiles de cuisine en c\u00e9ramique. Notre cocotte en gros pr\u00e9sente un motif de rose vintage et est disponible en quatre tailles pour r\u00e9pondre \u00e0 une vari\u00e9t\u00e9 de besoins culinaires. Elle offre une excellente r\u00e9sistance \u00e0 la chaleur et est vendue directement \u00e0 l'usine avec une faible quantit\u00e9 minimale de commande.<\/p>\n<h2>Casserole en gros Sp\u00e9cifications :<\/h2>\n<\/div>\n<div id=\"brxe-8c5ca9\" class=\"brxe-product-short-description\">\n<div class=\"woocommerce-product-details__short-description\">\n<table border=\"0\" width=\"370\" cellspacing=\"0\" cellpadding=\"0\">\n<tbody>\n<tr>\n<td width=\"139\" height=\"18\">Fabricant<\/td>\n<td width=\"231\">SOLECASA<\/td>\n<\/tr>\n<tr>\n<td width=\"139\" height=\"18\">Collection Appartenance<\/td>\n<td width=\"231\">Rose brumeuse<\/td>\n<\/tr>\n<tr>\n<td width=\"139\" height=\"18\">Type de produit<\/td>\n<td width=\"231\">Casserole en c\u00e9ramique r\u00e9sistante \u00e0 la chaleur<\/td>\n<\/tr>\n<tr>\n<td width=\"139\" height=\"36\">Num\u00e9ro de mod\u00e8le<\/td>\n<td width=\"231\">\n<table width=\"79\">\n<tbody>\n<tr>\n<td width=\"79\">S9714249<\/td>\n<\/tr>\n<tr>\n<td>S9714256<\/td>\n<\/tr>\n<tr>\n<td>S9714263<\/td>\n<\/tr>\n<tr>\n<td>S9714270<\/td>\n<\/tr>\n<\/tbody>\n<\/table>\n<\/td>\n<\/tr>\n<tr>\n<td width=\"139\" height=\"18\">Mat\u00e9riau<\/td>\n<td width=\"231\">C\u00e9ramique<\/td>\n<\/tr>\n<tr>\n<td width=\"139\" height=\"71\">Dimension<\/td>\n<td width=\"231\">1.6L 17.5*22cm<br \/>2.5L 22*27cm<br \/>3.5L 25.2*31cm<br \/>4.5L 25*31cm<\/td>\n<\/tr>\n<tr>\n<td width=\"139\" height=\"18\">MOQ<\/td>\n<td width=\"231\">Faible MOQ<\/td>\n<\/tr>\n<tr>\n<td width=\"139\" height=\"18\">\u00c9chantillon gratuit<\/td>\n<td width=\"231\">Disponible<\/td>\n<\/tr>\n<tr>\n<td width=\"139\" height=\"18\">Option personnalis\u00e9e<\/td>\n<td width=\"231\">Couleur\/Taille\/Glaze\/Logo\/Emballage<\/td>\n<\/tr>\n<\/tbody>\n<\/table>\n<div id=\"brxe-93988a\" class=\"brxe-block\">\u00a0<\/div>\n<p><\/p>\n<div id=\"brxe-93988a\">\u00a0<\/div>\n<\/div>\n<\/div>","protected":false},"featured_media":2842,"comment_status":"open","ping_status":"closed","template":"","meta":{"_acf_changed":false},"certification":[63,64,66,58,65,61,60,62,57],"product_brand":[],"product_cat":[34,20],"product_tag":[],"class_list":{"0":"post-2840","1":"product","2":"type-product","3":"status-publish","4":"has-post-thumbnail","6":"certification-amfori","7":"certification-bsci","8":"certification-cnas","9":"certification-fda","10":"certification-iaf","11":"certification-iso-14001","12":"certification-iso-45001","13":"certification-iso-9001","14":"certification-lfgb","15":"product_cat-custom-household-ceramics","16":"product_cat-ceramic-kitchenware-wholesale","18":"first","19":"instock","20":"shipping-taxable","21":"product-type-simple"},"acf":[],"_links":{"self":[{"href":"https:\/\/www.linkceramics.com\/fr\/wp-json\/wp\/v2\/product\/2840","targetHints":{"allow":["GET"]}}],"collection":[{"href":"https:\/\/www.linkceramics.com\/fr\/wp-json\/wp\/v2\/product"}],"about":[{"href":"https:\/\/www.linkceramics.com\/fr\/wp-json\/wp\/v2\/types\/product"}],"replies":[{"embeddable":true,"href":"https:\/\/www.linkceramics.com\/fr\/wp-json\/wp\/v2\/comments?post=2840"}],"wp:featuredmedia":[{"embeddable":true,"href":"https:\/\/www.linkceramics.com\/fr\/wp-json\/wp\/v2\/media\/2842"}],"wp:attachment":[{"href":"https:\/\/www.linkceramics.com\/fr\/wp-json\/wp\/v2\/media?parent=2840"}],"wp:term":[{"taxonomy":"certification","embeddable":true,"href":"https:\/\/www.linkceramics.com\/fr\/wp-json\/wp\/v2\/certification?post=2840"},{"taxonomy":"product_brand","embeddable":true,"href":"https:\/\/www.linkceramics.com\/fr\/wp-json\/wp\/v2\/product_brand?post=2840"},{"taxonomy":"product_cat","embeddable":true,"href":"https:\/\/www.linkceramics.com\/fr\/wp-json\/wp\/v2\/product_cat?post=2840"},{"taxonomy":"product_tag","embeddable":true,"href":"https:\/\/www.linkceramics.com\/fr\/wp-json\/wp\/v2\/product_tag?post=2840"}],"curies":[{"name":"wp","href":"https:\/\/api.w.org\/{rel}","templated":true}]}}