{"id":2848,"date":"2025-12-19T03:20:45","date_gmt":"2025-12-19T03:20:45","guid":{"rendered":"https:\/\/www.linkceramics.com\/?post_type=product&#038;p=2848"},"modified":"2025-12-19T03:20:46","modified_gmt":"2025-12-19T03:20:46","slug":"custom-bathroom-vanities-cabinets","status":"publish","type":"product","link":"https:\/\/www.linkceramics.com\/fr\/product\/custom-bathroom-vanities-cabinets\/","title":{"rendered":"Meubles-lavabos sur mesure, Meuble-lavabo en gros, Meuble-lavabo blanc"},"content":{"rendered":"<div class=\"wp-block-columns is-layout-flex wp-container-core-columns-is-layout-9d6595d7 wp-block-columns-is-layout-flex\">\n<div class=\"wp-block-column is-layout-flow wp-block-column-is-layout-flow\" style=\"flex-basis:50%\">\n<h3 class=\"wp-block-heading\">Vanit\u00e9s de salle de bain sur mesure Caract\u00e9ristiques\uff1a<\/h3>\n\n\n\n<ul class=\"wp-block-list\">\n<li><strong>Mat\u00e9riau de haute qualit\u00e9 :<\/strong> Ces meubles-lavabos sur mesure sont fabriqu\u00e9s en alliage d'aluminium de haute qualit\u00e9, qui poss\u00e8de d'excellentes propri\u00e9t\u00e9s d'\u00e9tanch\u00e9it\u00e9, de r\u00e9sistance \u00e0 l'humidit\u00e9 et \u00e0 la corrosion, et sont l\u00e9gers mais solides et durables.<\/li>\n\n\n\n<li><strong>Aspect blanc polyvalent : <\/strong>La couleur g\u00e9n\u00e9rale est un blanc mat pur, qui est visuellement rafra\u00eechissant et soign\u00e9. Ces meubles-lavabos sur mesure s'int\u00e8grent facilement dans une vari\u00e9t\u00e9 de styles de d\u00e9coration, am\u00e9liorant l'impression g\u00e9n\u00e9rale de classe et de luminosit\u00e9 de l'espace.<\/li>\n\n\n\n<li><strong>Facile \u00e0 installer et \u00e0 entretenir :<\/strong> La conception structurelle raisonnable de ces armoires de toilette sur mesure facilite l'installation et le nettoyage quotidien, r\u00e9duisant ainsi les co\u00fbts d'ing\u00e9nierie et d'apr\u00e8s-vente.<\/li>\n\n\n\n<li><strong>Armoire de toilette cloisonn\u00e9e :<\/strong> L'armoire de toilette est compos\u00e9e d'une porte centrale et d'une grille ouverte des deux c\u00f4t\u00e9s. La porte centrale \u00e0 miroir dispose d'un espace de rangement int\u00e9gr\u00e9, qui convient au rangement des articles de toilette quotidiens ; les \u00e9tag\u00e8res multicouches des deux c\u00f4t\u00e9s sont class\u00e9es, faciles \u00e0 prendre, et l'effet d'affichage est plus beau.<\/li>\n\n\n\n<li><strong>Stockage de grande capacit\u00e9 :<\/strong> L'armoire principale adopte un design \u00e0 ouverture sym\u00e9trique, avec une apparence simple et des lignes douces. L'espace de rangement interne est suffisant pour accueillir des articles volumineux tels que les serviettes et les v\u00eatements, ce qui permet de faire face \u00e0 une utilisation quotidienne ou \u00e0 des sc\u00e9narios commerciaux fr\u00e9quents.<\/li>\n\n\n\n<li><strong>Miroir lumineux LED int\u00e9gr\u00e9 : <\/strong>L'armoire de toilette est \u00e9quip\u00e9e d'une bande lumineuse LED cach\u00e9e et d'un interrupteur \u00e0 effleurement pour fournir un \u00e9clairage doux, cr\u00e9er une atmosph\u00e8re confortable dans la salle de bains et am\u00e9liorer l'exp\u00e9rience de l'utilisateur.<\/li>\n\n\n\n<li><strong>Lavabo int\u00e9gr\u00e9 en c\u00e9ramique :<\/strong> Ces meubles de salle de bains personnalis\u00e9s sont assortis d'un lavabo en c\u00e9ramique \u00e0 la surface lisse et d\u00e9licate, r\u00e9sistant aux temp\u00e9ratures \u00e9lev\u00e9es et aux taches, facile \u00e0 nettoyer, ce qui am\u00e9liore le confort g\u00e9n\u00e9ral et la beaut\u00e9 de l'espace.<\/li>\n\n\n\n<li><strong>Support OEM\/ODM :<\/strong> Nous offrons des services OEM\/ODM tels que la personnalisation du logo, de la couleur, de la taille et des sp\u00e9cifications. Approvisionnement direct de l'usine, prix plus avantageux, approvisionnement stable, choix id\u00e9al pour les projets d'ing\u00e9nierie et les achats en gros.<\/li>\n<\/ul>\n<\/div>\n\n\n\n<div class=\"wp-block-column is-layout-flow wp-block-column-is-layout-flow\" style=\"flex-basis:50%\">\n<figure class=\"wp-block-image size-full\"><img decoding=\"async\" width=\"700\" height=\"700\" src=\"https:\/\/www.linkceramics.com\/wp-content\/uploads\/2025\/12\/custom-bathroom-vanities-cabinets-wholesale-white-vanity-1.webp\" alt=\"custom-bathroom-vanities-cabinets-wholesale-white-vanity-1\" class=\"wp-image-2849\" srcset=\"https:\/\/www.linkceramics.com\/wp-content\/uploads\/2025\/12\/custom-bathroom-vanities-cabinets-wholesale-white-vanity-1.webp 700w, https:\/\/www.linkceramics.com\/wp-content\/uploads\/2025\/12\/custom-bathroom-vanities-cabinets-wholesale-white-vanity-1-300x300.webp 300w, https:\/\/www.linkceramics.com\/wp-content\/uploads\/2025\/12\/custom-bathroom-vanities-cabinets-wholesale-white-vanity-1-150x150.webp 150w, https:\/\/www.linkceramics.com\/wp-content\/uploads\/2025\/12\/custom-bathroom-vanities-cabinets-wholesale-white-vanity-1-12x12.webp 12w, https:\/\/www.linkceramics.com\/wp-content\/uploads\/2025\/12\/custom-bathroom-vanities-cabinets-wholesale-white-vanity-1-600x600.webp 600w, https:\/\/www.linkceramics.com\/wp-content\/uploads\/2025\/12\/custom-bathroom-vanities-cabinets-wholesale-white-vanity-1-100x100.webp 100w\" sizes=\"(max-width: 700px) 100vw, 700px\" \/><\/figure>\n<\/div>\n<\/div>","protected":false},"excerpt":{"rendered":"<div id=\"brxe-0ee1ca\" class=\"brxe-product-meta product_meta\">\n<div id=\"brxe-0ee1ca\" class=\"brxe-product-meta product_meta\">\n<p>N'h\u00e9sitez pas \u00e0 contacter Shouya pour l'achat en gros de ces meubles de salle de bain personnalis\u00e9s, blanc \u00e9l\u00e9gant, grande taille, design flottant. Fabriqu\u00e9 en alliage d'aluminium de haute qualit\u00e9, avec un miroir LED et un \u00e9vier. L'usine fournit des produits de haute qualit\u00e9, fournit des solutions en gros, bienvenue \u00e0 la consultation en gros !<\/p>\n<h2>Vanit\u00e9s de salle de bain sur mesure Attributs\uff1a<\/h2>\n<p><strong>Num\u00e9ro d'article :<\/strong> HR6621-100<br \/><strong>Mat\u00e9riau de l'armoire :<\/strong> Aluminium<br \/><strong>Couleur de l'armoire :<\/strong> Blanc<br \/><strong>Miroir :<\/strong> Miroir LED (3,5 mm\/3,8 mm), \u00e9clairage tricolore, d\u00e9sembuage par simple pression d'une touche, s\u00e9curis\u00e9 par un emballage en mousse multicouche.<br \/><strong>Type d'installation :<\/strong> Montage mural<br \/><strong>Dimensions (L\u00d7L\u00d7H) :<\/strong> 100*40*48 cm<br \/><strong>Poids brut :<\/strong> 35kg\/set<\/p>\n<h2>Personnalisation et services :<\/h2>\n<p><strong>OEM ET ODM :<\/strong> Soutenu<br \/><strong>Conception :<\/strong> Gratuit<br \/><strong>Accessoires :<\/strong> Lavabos, miroirs, robinets et autres accessoires de salle de bains<br \/><strong>Emballage :<\/strong> Pr\u00eat \u00e0 assembler<\/p>\n<\/div>\n<\/div>","protected":false},"featured_media":2851,"comment_status":"open","ping_status":"closed","template":"","meta":{"_acf_changed":false},"certification":[59,61,60,62],"product_brand":[],"product_cat":[35,83],"product_tag":[],"class_list":{"0":"post-2848","1":"product","2":"type-product","3":"status-publish","4":"has-post-thumbnail","6":"certification-ce","7":"certification-iso-14001","8":"certification-iso-45001","9":"certification-iso-9001","10":"product_cat-bathroom-ceramics-supply","11":"product_cat-wholesale-bathroom-vanity","13":"first","14":"instock","15":"shipping-taxable","16":"product-type-simple"},"acf":[],"_links":{"self":[{"href":"https:\/\/www.linkceramics.com\/fr\/wp-json\/wp\/v2\/product\/2848","targetHints":{"allow":["GET"]}}],"collection":[{"href":"https:\/\/www.linkceramics.com\/fr\/wp-json\/wp\/v2\/product"}],"about":[{"href":"https:\/\/www.linkceramics.com\/fr\/wp-json\/wp\/v2\/types\/product"}],"replies":[{"embeddable":true,"href":"https:\/\/www.linkceramics.com\/fr\/wp-json\/wp\/v2\/comments?post=2848"}],"wp:featuredmedia":[{"embeddable":true,"href":"https:\/\/www.linkceramics.com\/fr\/wp-json\/wp\/v2\/media\/2851"}],"wp:attachment":[{"href":"https:\/\/www.linkceramics.com\/fr\/wp-json\/wp\/v2\/media?parent=2848"}],"wp:term":[{"taxonomy":"certification","embeddable":true,"href":"https:\/\/www.linkceramics.com\/fr\/wp-json\/wp\/v2\/certification?post=2848"},{"taxonomy":"product_brand","embeddable":true,"href":"https:\/\/www.linkceramics.com\/fr\/wp-json\/wp\/v2\/product_brand?post=2848"},{"taxonomy":"product_cat","embeddable":true,"href":"https:\/\/www.linkceramics.com\/fr\/wp-json\/wp\/v2\/product_cat?post=2848"},{"taxonomy":"product_tag","embeddable":true,"href":"https:\/\/www.linkceramics.com\/fr\/wp-json\/wp\/v2\/product_tag?post=2848"}],"curies":[{"name":"wp","href":"https:\/\/api.w.org\/{rel}","templated":true}]}}