{"id":2915,"date":"2026-01-07T07:13:09","date_gmt":"2026-01-07T07:13:09","guid":{"rendered":"https:\/\/www.linkceramics.com\/?post_type=product&#038;p=2915"},"modified":"2026-01-19T06:38:45","modified_gmt":"2026-01-19T06:38:45","slug":"custom-white-bathroom-sets","status":"publish","type":"product","link":"https:\/\/www.linkceramics.com\/fr\/product\/custom-white-bathroom-sets\/","title":{"rendered":"Ensemble de salle de bain blanc personnalis\u00e9, 4 pi\u00e8ces en c\u00e9ramique Accessoires de salle de bain"},"content":{"rendered":"<div class=\"wp-block-columns is-layout-flex wp-container-core-columns-is-layout-9d6595d7 wp-block-columns-is-layout-flex\">\n<div class=\"wp-block-column is-layout-flow wp-block-column-is-layout-flow\" style=\"flex-basis:50%\">\n<h3 class=\"wp-block-heading\">Caract\u00e9ristiques des ensembles de salle de bains blancs sur mesure<\/h3>\n\n\n\n<p><strong>Conception de la palette de couleurs platine, simple mais \u00e9l\u00e9gante : <\/strong>Il s'agit d'une \u00e9l\u00e9gante collection de salles de bains blanches qui se caract\u00e9rise par un aspect g\u00e9n\u00e9ral propre et lumineux gr\u00e2ce \u00e0 l'utilisation d'une couleur de base blanche classique, accompagn\u00e9e d'accents platine ou or.<\/p>\n\n\n\n<p><strong>Type de gla\u00e7ure, Shutta Glaze - c\u00e9ramique glac\u00e9e brillante :<\/strong> Gr\u00e2ce \u00e0 la m\u00e9thode d'\u00e9maillage brillant utilis\u00e9e pour les quatre produits, la texture de la c\u00e9ramique est tr\u00e8s lisse et r\u00e9sistante \u00e0 l'eau, qui ne se tache pas et ne se salit pas facilement.<\/p>\n\n\n\n<p><strong>Ensemble fonctionnel de quatre pi\u00e8ces, r\u00e9pondant \u00e0 tous vos besoins :<\/strong> Besoins en linge : Cet ensemble de 4 accessoires de salle de bains en c\u00e9ramique se compose g\u00e9n\u00e9ralement d'un distributeur de savon, d'un porte-brosse \u00e0 dents, d'un gobelet de lavage et d'un porte-savon. Il r\u00e9pond \u00e0 tous vos besoins gr\u00e2ce \u00e0 son design collectif.<\/p>\n\n\n\n<p><strong>Il existe plusieurs formes de porte-savon et des services de personnalisation sont propos\u00e9s :<\/strong> Le porte-savon est \u00e9galement disponible dans diff\u00e9rentes formes, telles que ronde, carr\u00e9e ou ovale. La personnalisation des moules ou de l'apparence peut \u00e9galement \u00eatre demand\u00e9e afin de rendre la gamme de produits plus identifiable pour les salles de bains blanches personnalis\u00e9es.<\/p>\n\n\n\n<p><strong>Cuisson de c\u00e9ramiques \u00e0 haute temp\u00e9rature, stable et durable, pas facile \u00e0 renverser : <\/strong>Les mat\u00e9riaux utilis\u00e9s dans l'ensemble sont des mat\u00e9riaux c\u00e9ramiques de haute densit\u00e9 cuits \u00e0 haute temp\u00e9rature, ce qui leur conf\u00e8re un poids moyen et une stabilit\u00e9 suffisante pour \u00e9viter de basculer facilement dans les h\u00f4tels et les maisons, en particulier \u00e0 haute fr\u00e9quence.<\/p>\n<\/div>\n\n\n\n<div class=\"wp-block-column is-layout-flow wp-block-column-is-layout-flow\" style=\"flex-basis:50%\">\n<figure class=\"wp-block-image size-full\"><img decoding=\"async\" width=\"3504\" height=\"3504\" src=\"https:\/\/www.linkceramics.com\/wp-content\/uploads\/2026\/01\/custom-white-bathroom-sets-4-piece-ceramic-bath-accessories-2.webp\" alt=\"custom-white-bathroom-sets-4-piece-ceramic-bath-accessories-2\" class=\"wp-image-2917\" srcset=\"https:\/\/www.linkceramics.com\/wp-content\/uploads\/2026\/01\/custom-white-bathroom-sets-4-piece-ceramic-bath-accessories-2.webp 3504w, https:\/\/www.linkceramics.com\/wp-content\/uploads\/2026\/01\/custom-white-bathroom-sets-4-piece-ceramic-bath-accessories-2-300x300.webp 300w, https:\/\/www.linkceramics.com\/wp-content\/uploads\/2026\/01\/custom-white-bathroom-sets-4-piece-ceramic-bath-accessories-2-150x150.webp 150w, https:\/\/www.linkceramics.com\/wp-content\/uploads\/2026\/01\/custom-white-bathroom-sets-4-piece-ceramic-bath-accessories-2-768x768.webp 768w, https:\/\/www.linkceramics.com\/wp-content\/uploads\/2026\/01\/custom-white-bathroom-sets-4-piece-ceramic-bath-accessories-2-12x12.webp 12w, https:\/\/www.linkceramics.com\/wp-content\/uploads\/2026\/01\/custom-white-bathroom-sets-4-piece-ceramic-bath-accessories-2-1200x1200.webp 1200w, https:\/\/www.linkceramics.com\/wp-content\/uploads\/2026\/01\/custom-white-bathroom-sets-4-piece-ceramic-bath-accessories-2-600x600.webp 600w, https:\/\/www.linkceramics.com\/wp-content\/uploads\/2026\/01\/custom-white-bathroom-sets-4-piece-ceramic-bath-accessories-2-100x100.webp 100w\" sizes=\"(max-width: 3504px) 100vw, 3504px\" \/><\/figure>\n<\/div>\n<\/div>","protected":false},"excerpt":{"rendered":"<p>Bienvenue sur le site de YIGEJIA pour acheter des ensembles de salle de bains blancs personnalis\u00e9s, comprenant d'\u00e9l\u00e9gants accessoires de salle de bains en c\u00e9ramique blanche avec une finition brillante. Fournis \u00e0 des prix de gros directs et avec des \u00e9chantillons gratuits, ils sont id\u00e9aux pour les marques OEM, les h\u00f4tels, les projets r\u00e9sidentiels et les achats en gros.<\/p>\n<h2>Param\u00e8tres des ensembles de salle de bains blancs sur mesure\uff1a<\/h2>\n<table>\n<tbody>\n<tr>\n<td>Fabricant<\/td>\n<td>Yigejia<\/td>\n<\/tr>\n<tr>\n<td>Type de produit<\/td>\n<td>Set d'accessoires de salle de bains<\/td>\n<\/tr>\n<tr>\n<td>Mat\u00e9riau<\/td>\n<td>C\u00e9ramique<\/td>\n<\/tr>\n<tr>\n<td>Couleur<\/td>\n<td>Or blanc<\/td>\n<\/tr>\n<tr>\n<td>L'ensemble comprend<\/td>\n<td>4 pi\u00e8ces<\/td>\n<\/tr>\n<tr>\n<td>Composants<\/td>\n<td>Distributeur de lotion, porte-brosse \u00e0 dents, porte-savon, gobelet<\/td>\n<\/tr>\n<tr>\n<td>Finition<\/td>\n<td>Finition brillante<\/td>\n<\/tr>\n<tr>\n<td>Application<\/td>\n<td>Maison, Salle de bain, H\u00f4tels, Appartements, Spa<\/td>\n<\/tr>\n<tr>\n<td>MOQ<\/td>\n<td>Faible MOQ<\/td>\n<\/tr>\n<tr>\n<td>\u00c9chantillon gratuit<\/td>\n<td>Disponible<\/td>\n<\/tr>\n<tr>\n<td>Sur mesure<\/td>\n<td>Couleur\/Taille\/Logo\/Emballage<\/td>\n<\/tr>\n<\/tbody>\n<\/table>\n<p>&nbsp;<\/p>","protected":false},"featured_media":2918,"comment_status":"open","ping_status":"closed","template":"","meta":{"_acf_changed":true},"certification":[59,61,60,62],"product_brand":[],"product_cat":[35,22],"product_tag":[],"class_list":{"0":"post-2915","1":"product","2":"type-product","3":"status-publish","4":"has-post-thumbnail","6":"certification-ce","7":"certification-iso-14001","8":"certification-iso-45001","9":"certification-iso-9001","10":"product_cat-bathroom-ceramics-supply","11":"product_cat-ceramic-bathroom-set","13":"first","14":"instock","15":"shipping-taxable","16":"product-type-simple"},"acf":[],"_links":{"self":[{"href":"https:\/\/www.linkceramics.com\/fr\/wp-json\/wp\/v2\/product\/2915","targetHints":{"allow":["GET"]}}],"collection":[{"href":"https:\/\/www.linkceramics.com\/fr\/wp-json\/wp\/v2\/product"}],"about":[{"href":"https:\/\/www.linkceramics.com\/fr\/wp-json\/wp\/v2\/types\/product"}],"replies":[{"embeddable":true,"href":"https:\/\/www.linkceramics.com\/fr\/wp-json\/wp\/v2\/comments?post=2915"}],"wp:featuredmedia":[{"embeddable":true,"href":"https:\/\/www.linkceramics.com\/fr\/wp-json\/wp\/v2\/media\/2918"}],"wp:attachment":[{"href":"https:\/\/www.linkceramics.com\/fr\/wp-json\/wp\/v2\/media?parent=2915"}],"wp:term":[{"taxonomy":"certification","embeddable":true,"href":"https:\/\/www.linkceramics.com\/fr\/wp-json\/wp\/v2\/certification?post=2915"},{"taxonomy":"product_brand","embeddable":true,"href":"https:\/\/www.linkceramics.com\/fr\/wp-json\/wp\/v2\/product_brand?post=2915"},{"taxonomy":"product_cat","embeddable":true,"href":"https:\/\/www.linkceramics.com\/fr\/wp-json\/wp\/v2\/product_cat?post=2915"},{"taxonomy":"product_tag","embeddable":true,"href":"https:\/\/www.linkceramics.com\/fr\/wp-json\/wp\/v2\/product_tag?post=2915"}],"curies":[{"name":"wp","href":"https:\/\/api.w.org\/{rel}","templated":true}]}}