{"id":2920,"date":"2026-01-07T07:39:18","date_gmt":"2026-01-07T07:39:18","guid":{"rendered":"https:\/\/www.linkceramics.com\/?post_type=product&#038;p=2920"},"modified":"2026-03-18T01:57:10","modified_gmt":"2026-03-18T01:57:10","slug":"kitchen-utensil-holder-wholesale","status":"publish","type":"product","link":"https:\/\/www.linkceramics.com\/fr\/product\/kitchen-utensil-holder-wholesale\/","title":{"rendered":"Pot \u00e0 ustensiles de cuisine en gros, Pot \u00e0 ustensiles en gr\u00e8s en vrac"},"content":{"rendered":"<div class=\"wp-block-columns is-layout-flex wp-container-core-columns-is-layout-9d6595d7 wp-block-columns-is-layout-flex\">\n<div class=\"wp-block-column is-layout-flow wp-block-column-is-layout-flow\" style=\"flex-basis:50%\">\n<h3 class=\"wp-block-heading\">Support d'ustensiles de cuisine de premi\u00e8re qualit\u00e9 Caract\u00e9ristiques en gros :<\/h3>\n\n\n\n<ul class=\"wp-block-list\">\n<li><strong>Flamingo Theme Design : <\/strong>Le motif de flamant rose avec des paillettes rouges sur une base en c\u00e9ramique rose p\u00e2le est un design mignon et vibrant sur ce porte-ustensiles de cuisine en gros. Ce design ing\u00e9nieux fait de ce porte-ustensiles de cuisine un outil pratique ainsi qu'un objet d\u00e9coratif pour illuminer votre cuisine, votre coin caf\u00e9 ou votre int\u00e9rieur.<\/li>\n\n\n\n<li><strong>Mat\u00e9riau c\u00e9ramique durable de haute qualit\u00e9 : <\/strong>Ce porte-ustensiles de cuisine en gros est fabriqu\u00e9 en c\u00e9ramique de haute qualit\u00e9, avec une texture solide et dense, adapt\u00e9e \u00e0 une durabilit\u00e9 \u00e0 long terme dans des environnements commerciaux ou domestiques.<\/li>\n\n\n\n<li><strong>Gla\u00e7age lisse, facile \u00e0 nettoyer :<\/strong> La surface \u00e9maill\u00e9e de ce porte-ustensiles de cuisine en gros est d\u00e9licate, r\u00e9sistante aux taches et aux rayures. Elle convient aux environnements de cuisine quotidiens et r\u00e9pond aux exigences pratiques des achats en gros.<\/li>\n\n\n\n<li><strong>Grande capacit\u00e9 :<\/strong> Notre pot \u00e0 ustensiles en gr\u00e8s a une forme cylindrique r\u00e9guli\u00e8re et un grand espace int\u00e9rieur, id\u00e9al pour ranger divers ustensiles de cuisine \u00e0 long manche (tels que spatules, cuill\u00e8res, fouets), de la vaisselle, ou comme r\u00e9cipient de rangement multifonctionnel pour les porte-stylos, les porte-pinceaux cosm\u00e9tiques, etc.<\/li>\n\n\n\n<li><strong>Stock suffisant et livraison rapide : <\/strong>Notre grossiste en porte-ustensiles de cuisine dispose de stocks ponctuels, prend en charge les commandes par petits lots et r\u00e9pond rapidement \u00e0 vos besoins d'achat.<\/li>\n<\/ul>\n<\/div>\n\n\n\n<div class=\"wp-block-column is-layout-flow wp-block-column-is-layout-flow\" style=\"flex-basis:50%\">\n<figure class=\"wp-block-image size-full\"><img decoding=\"async\" width=\"800\" height=\"800\" src=\"https:\/\/www.linkceramics.com\/wp-content\/uploads\/2026\/01\/kitchen-utensil-holder-wholesale-stoneware-utensil-jar-bulk-3.webp\" alt=\"porte-ustensiles-de-cuisine-porte-vaisselle-en-gros-vaisselle-jarre-utensiles-en-gros-bulk-3\" class=\"wp-image-2922\" srcset=\"https:\/\/www.linkceramics.com\/wp-content\/uploads\/2026\/01\/kitchen-utensil-holder-wholesale-stoneware-utensil-jar-bulk-3.webp 800w, https:\/\/www.linkceramics.com\/wp-content\/uploads\/2026\/01\/kitchen-utensil-holder-wholesale-stoneware-utensil-jar-bulk-3-300x300.webp 300w, https:\/\/www.linkceramics.com\/wp-content\/uploads\/2026\/01\/kitchen-utensil-holder-wholesale-stoneware-utensil-jar-bulk-3-150x150.webp 150w, https:\/\/www.linkceramics.com\/wp-content\/uploads\/2026\/01\/kitchen-utensil-holder-wholesale-stoneware-utensil-jar-bulk-3-768x768.webp 768w, https:\/\/www.linkceramics.com\/wp-content\/uploads\/2026\/01\/kitchen-utensil-holder-wholesale-stoneware-utensil-jar-bulk-3-12x12.webp 12w, https:\/\/www.linkceramics.com\/wp-content\/uploads\/2026\/01\/kitchen-utensil-holder-wholesale-stoneware-utensil-jar-bulk-3-600x600.webp 600w, https:\/\/www.linkceramics.com\/wp-content\/uploads\/2026\/01\/kitchen-utensil-holder-wholesale-stoneware-utensil-jar-bulk-3-100x100.webp 100w\" sizes=\"(max-width: 800px) 100vw, 800px\" \/><\/figure>\n<\/div>\n<\/div>\n\n\n\n<p><\/p>","protected":false},"excerpt":{"rendered":"<div id=\"brxe-0ee1ca\" class=\"brxe-product-meta product_meta\">\n<p>Bienvenue \u00e0 l'achat en gros du porte-ustensiles de cuisine flamant rose de l'usine de c\u00e9ramique Qunfa. Le pot en c\u00e9ramique est en forme de bo\u00eete droite avec un joli motif de flamant rose sur la surface. Ce pot \u00e0 ustensiles en gr\u00e8s a un grand espace, une construction solide et une finition \u00e9maill\u00e9e \u00e0 l'ext\u00e9rieur et \u00e0 l'int\u00e9rieur, ce qui le rend parfait pour la maison, le restaurant et l'h\u00f4tel pour ranger les ustensiles de cuisine.<\/p>\n<h2>Porte-ustensiles de cuisine Param\u00e8tre de gros :<\/h2>\n<table width=\"328\">\n<tbody>\n<tr>\n<td width=\"116\">Fabricant<\/td>\n<td width=\"211\">QUNFA<\/td>\n<\/tr>\n<tr>\n<td width=\"116\">Type de produit<\/td>\n<td>Porte-ustensiles<\/td>\n<\/tr>\n<tr>\n<td width=\"116\">Num\u00e9ro de mod\u00e8le<\/td>\n<td width=\"211\">19-0184-1\u00a0<\/td>\n<\/tr>\n<tr>\n<td width=\"116\">Mat\u00e9riau<\/td>\n<td width=\"211\">Gr\u00e8s<\/td>\n<\/tr>\n<tr>\n<td width=\"116\">Couleur<\/td>\n<td width=\"211\">Rose<\/td>\n<\/tr>\n<tr>\n<td width=\"116\">Dimension<\/td>\n<td width=\"211\">10*10*17.3cm<\/td>\n<\/tr>\n<tr>\n<td width=\"116\">MOQ<\/td>\n<td width=\"211\">1000pcs<\/td>\n<\/tr>\n<tr>\n<td width=\"116\">Sur mesure<\/td>\n<td width=\"211\">Couleur\/Taille\/Logo\/Emballage\/Forme<\/td>\n<\/tr>\n<\/tbody>\n<\/table>\n<\/div>","protected":false},"featured_media":2923,"comment_status":"open","ping_status":"closed","template":"","meta":{"_acf_changed":true},"certification":[63,64,66,89,58,65,61,60,62,57,88],"product_brand":[],"product_cat":[34,20],"product_tag":[],"class_list":{"0":"post-2920","1":"product","2":"type-product","3":"status-publish","4":"has-post-thumbnail","6":"certification-amfori","7":"certification-bsci","8":"certification-cnas","9":"certification-fcca","10":"certification-fda","11":"certification-iaf","12":"certification-iso-14001","13":"certification-iso-45001","14":"certification-iso-9001","15":"certification-lfgb","16":"certification-sgs","17":"product_cat-custom-household-ceramics","18":"product_cat-ceramic-kitchenware-wholesale","20":"first","21":"instock","22":"shipping-taxable","23":"product-type-simple"},"acf":[],"_links":{"self":[{"href":"https:\/\/www.linkceramics.com\/fr\/wp-json\/wp\/v2\/product\/2920","targetHints":{"allow":["GET"]}}],"collection":[{"href":"https:\/\/www.linkceramics.com\/fr\/wp-json\/wp\/v2\/product"}],"about":[{"href":"https:\/\/www.linkceramics.com\/fr\/wp-json\/wp\/v2\/types\/product"}],"replies":[{"embeddable":true,"href":"https:\/\/www.linkceramics.com\/fr\/wp-json\/wp\/v2\/comments?post=2920"}],"wp:featuredmedia":[{"embeddable":true,"href":"https:\/\/www.linkceramics.com\/fr\/wp-json\/wp\/v2\/media\/2923"}],"wp:attachment":[{"href":"https:\/\/www.linkceramics.com\/fr\/wp-json\/wp\/v2\/media?parent=2920"}],"wp:term":[{"taxonomy":"certification","embeddable":true,"href":"https:\/\/www.linkceramics.com\/fr\/wp-json\/wp\/v2\/certification?post=2920"},{"taxonomy":"product_brand","embeddable":true,"href":"https:\/\/www.linkceramics.com\/fr\/wp-json\/wp\/v2\/product_brand?post=2920"},{"taxonomy":"product_cat","embeddable":true,"href":"https:\/\/www.linkceramics.com\/fr\/wp-json\/wp\/v2\/product_cat?post=2920"},{"taxonomy":"product_tag","embeddable":true,"href":"https:\/\/www.linkceramics.com\/fr\/wp-json\/wp\/v2\/product_tag?post=2920"}],"curies":[{"name":"wp","href":"https:\/\/api.w.org\/{rel}","templated":true}]}}