{"id":2951,"date":"2026-01-19T02:10:36","date_gmt":"2026-01-19T02:10:36","guid":{"rendered":"https:\/\/www.linkceramics.com\/?post_type=product&#038;p=2951"},"modified":"2026-01-19T02:10:38","modified_gmt":"2026-01-19T02:10:38","slug":"tankless-smart-toilet-wholesale","status":"publish","type":"product","link":"https:\/\/www.linkceramics.com\/fr\/product\/tankless-smart-toilet-wholesale\/","title":{"rendered":"Tankless Smart Toilet Wholesale, Energy-Efficient Smart Toilet Supplier"},"content":{"rendered":"<div class=\"wp-block-columns is-layout-flex wp-container-core-columns-is-layout-9d6595d7 wp-block-columns-is-layout-flex\">\n<div class=\"wp-block-column is-layout-flow wp-block-column-is-layout-flow\" style=\"flex-basis:50%\">\n<h3 class=\"wp-block-heading\">Toilettes intelligentes sans r\u00e9servoir Caract\u00e9ristiques en gros\uff1a<\/h3>\n\n\n\n<p><strong>Ing\u00e9nierie avanc\u00e9e des syst\u00e8mes sans r\u00e9servoir : <\/strong>Les toilettes intelligentes sans r\u00e9servoir en gros pr\u00e9sentent un design minimaliste et bas qui permet de maximiser la surface de la salle de bains, ce qui les rend parfaites pour les appartements de luxe en hauteur.<\/p>\n\n\n\n<p><strong>Cadre de support en alliage :<\/strong> Le cadre de support en alliage \u00e0 haute r\u00e9sistance offre une excellente capacit\u00e9 de charge, assurant la stabilit\u00e9 et la s\u00e9curit\u00e9 pour les utilisateurs de tous types de corps.<\/p>\n\n\n\n<p><strong>Technologie de chauffage instantan\u00e9 : <\/strong>Les toilettes intelligentes sans r\u00e9servoir fournissent en gros de l'eau chaude en permanence sans les risques d'hygi\u00e8ne associ\u00e9s \u00e0 l'eau stagnante du r\u00e9servoir.<\/p>\n\n\n\n<p><strong>Syst\u00e8me de surpression \u00e0 basse pression : <\/strong>Les toilettes intelligentes sans r\u00e9servoir en gros sont \u00e9quip\u00e9es d'une pompe de surpression int\u00e9gr\u00e9e et silencieuse, garantissant une chasse d'eau puissante m\u00eame dans les quartiers urbains anciens ou les immeubles de grande hauteur (pression minimale de 0,05 MPa).<\/p>\n\n\n\n<p><strong>Fonctions modulaires intelligentes : <\/strong>Les toilettes intelligentes sans r\u00e9servoir en gros peuvent inclure des fonctions optionnelles telles qu'un si\u00e8ge chauffant, un s\u00e9choir \u00e0 air chaud, une chasse d'eau automatique et une d\u00e9sodorisation intelligente.<\/p>\n\n\n\n<p><strong>Installation globale Compatibilit\u00e9 :<\/strong> Prend en charge plusieurs tailles d'encastrement, types de sorties et syst\u00e8mes d'\u00e9vacuation, ce qui le rend adapt\u00e9 \u00e0 divers march\u00e9s internationaux.<\/p>\n\n\n\n<p>Polyvalence de l'installation double (adaptation flexible au projet)<\/p>\n\n\n\n<p>M\u00e9thode A : Installation d'un robinet d'arr\u00eat standard - Pour les installations traditionnelles d'alimentation en eau par une prise murale ou une prise au sol.<\/p>\n\n\n\n<p>M\u00e9thode B : R\u00e9servoir de chasse encastr\u00e9 avec raccord de tuyau - Sp\u00e9cialement con\u00e7u pour s'int\u00e9grer parfaitement aux syst\u00e8mes de r\u00e9servoirs de chasse encastr\u00e9s, offrant un aspect \u00e9l\u00e9gant et int\u00e9gr\u00e9 pour une conception architecturale moderne.<\/p>\n<\/div>\n\n\n\n<div class=\"wp-block-column is-layout-flow wp-block-column-is-layout-flow\" style=\"flex-basis:50%\">\n<figure class=\"wp-block-image size-full\"><img decoding=\"async\" width=\"1200\" height=\"1200\" src=\"https:\/\/www.linkceramics.com\/wp-content\/uploads\/2026\/01\/Morden-Tankless-Smart-Toilet-Wholesale-Energy-Efficient-Smart-Toilet-Manufacturer-2-1200x1200-1.webp\" alt=\"Morden-Tankless-Smart-Toilet-Wholesale-5\" class=\"wp-image-2956\" srcset=\"https:\/\/www.linkceramics.com\/wp-content\/uploads\/2026\/01\/Morden-Tankless-Smart-Toilet-Wholesale-Energy-Efficient-Smart-Toilet-Manufacturer-2-1200x1200-1.webp 1200w, https:\/\/www.linkceramics.com\/wp-content\/uploads\/2026\/01\/Morden-Tankless-Smart-Toilet-Wholesale-Energy-Efficient-Smart-Toilet-Manufacturer-2-1200x1200-1-300x300.webp 300w, https:\/\/www.linkceramics.com\/wp-content\/uploads\/2026\/01\/Morden-Tankless-Smart-Toilet-Wholesale-Energy-Efficient-Smart-Toilet-Manufacturer-2-1200x1200-1-150x150.webp 150w, https:\/\/www.linkceramics.com\/wp-content\/uploads\/2026\/01\/Morden-Tankless-Smart-Toilet-Wholesale-Energy-Efficient-Smart-Toilet-Manufacturer-2-1200x1200-1-768x768.webp 768w, https:\/\/www.linkceramics.com\/wp-content\/uploads\/2026\/01\/Morden-Tankless-Smart-Toilet-Wholesale-Energy-Efficient-Smart-Toilet-Manufacturer-2-1200x1200-1-12x12.webp 12w, https:\/\/www.linkceramics.com\/wp-content\/uploads\/2026\/01\/Morden-Tankless-Smart-Toilet-Wholesale-Energy-Efficient-Smart-Toilet-Manufacturer-2-1200x1200-1-600x600.webp 600w, https:\/\/www.linkceramics.com\/wp-content\/uploads\/2026\/01\/Morden-Tankless-Smart-Toilet-Wholesale-Energy-Efficient-Smart-Toilet-Manufacturer-2-1200x1200-1-100x100.webp 100w\" sizes=\"(max-width: 1200px) 100vw, 1200px\" \/><\/figure>\n<\/div>\n<\/div>\n\n\n\n<h2 class=\"wp-block-heading\">Toilette intelligente sans r\u00e9servoir Taille :<\/h2>\n\n\n\n<figure class=\"wp-block-table\"><table class=\"has-fixed-layout\"><tbody><tr><td class=\"has-text-align-center\" data-align=\"center\"><strong>Mod\u00e8le<\/strong><\/td><td class=\"has-text-align-center\" data-align=\"center\"><strong>Taille<\/strong><\/td><\/tr><tr><td class=\"has-text-align-center\" data-align=\"center\">2520<\/td><td class=\"has-text-align-center\" data-align=\"center\">600X385X420mm<\/td><\/tr><tr><td class=\"has-text-align-center\" data-align=\"center\">2521<\/td><td class=\"has-text-align-center\" data-align=\"center\">600X385X420mm<\/td><\/tr><\/tbody><\/table><\/figure>\n\n\n\n<figure class=\"wp-block-image\"><img decoding=\"async\" src=\"https:\/\/www.yilebathrooms.com\/wp-content\/uploads\/2026\/01\/Morden-Tankless-Smart-Toilet-Wholesale-Energy-Efficient-Smart-Toilet-Manufacturer-6.webp\" alt=\"Morden Tankless Smart Toilet Wholesale, fabricant de toilettes intelligentes \u00e9conomes en \u00e9nergie (6)\" class=\"wp-image-230\"\/><\/figure>","protected":false},"excerpt":{"rendered":"<div id=\"brxe-0ee1ca\" class=\"brxe-product-meta product_meta\">\n<div id=\"brxe-0ee1ca\" class=\"brxe-product-meta product_meta\">\n<p>Bienvenue sur le site d'achat en gros des toilettes intelligentes sans r\u00e9servoir Yile, dot\u00e9es de la technologie de chasse d'eau sans limite de pression. Cette unit\u00e9 \u00e9limine le besoin d'un r\u00e9servoir encombrant tout en garantissant une performance puissante dans n'importe quel environnement de construction. Il est id\u00e9al pour les projets commerciaux haut de gamme et les d\u00e9veloppements r\u00e9sidentiels minimalistes. Nous proposons des solutions personnalis\u00e9es et des prix d'usine. Contactez-nous pour un devis.<\/p>\n<h2>Sp\u00e9cifications techniques<\/h2>\n<table>\n<tbody>\n<tr>\n<th>Objet<\/th>\n<th>Sp\u00e9cifications<\/th>\n<\/tr>\n<tr>\n<td>Type affleurant<\/td>\n<td>Lavage (Tornado Silent Flush)<\/td>\n<\/tr>\n<tr>\n<td>Type de drainage<\/td>\n<td>Siphon en P \/ sortie arri\u00e8re<\/td>\n<\/tr>\n<tr>\n<td>Taille d'encastrement<\/td>\n<td>Siphon en P 180mm<\/td>\n<\/tr>\n<tr>\n<td>Tension\/Puissance<\/td>\n<td>110V-240V, 50\/60Hz (type de prise personnalisable)<\/td>\n<\/tr>\n<tr>\n<td>M\u00e9thode de chauffage<\/td>\n<td>Chauffage c\u00e9ramique instantan\u00e9 (eau chaude constante)<\/td>\n<\/tr>\n<tr>\n<td>M\u00e9thode de contr\u00f4le<\/td>\n<td>T\u00e9l\u00e9commande \/ bouton lat\u00e9ral \/ capteur au pied<\/td>\n<\/tr>\n<tr>\n<td>Mat\u00e9riau<\/td>\n<td>Corps en c\u00e9ramique antibact\u00e9rienne + housse de si\u00e8ge en UF\/PP<\/td>\n<\/tr>\n<tr>\n<td>Niveau d'\u00e9tanch\u00e9it\u00e9<\/td>\n<td>IPX4 (norme pour les composants \u00e9lectroniques)<\/td>\n<\/tr>\n<tr>\n<td>Personnalisation<\/td>\n<td>Logo, couleur, modules fonctionnels<\/td>\n<\/tr>\n<tr>\n<td>Certifications<\/td>\n<td>CE, RoHS, cUPC, WaterMark, SAA<\/td>\n<\/tr>\n<\/tbody>\n<\/table>\n<\/div>\n<\/div>","protected":false},"featured_media":2953,"comment_status":"open","ping_status":"closed","template":"","meta":{"_acf_changed":true},"certification":[59,86,84,85],"product_brand":[],"product_cat":[35,36],"product_tag":[],"class_list":{"0":"post-2951","1":"product","2":"type-product","3":"status-publish","4":"has-post-thumbnail","6":"certification-ce","7":"certification-saa","8":"certification-upc","9":"certification-watermark","10":"product_cat-bathroom-ceramics-supply","11":"product_cat-ceramic-toilet-wholesale","13":"first","14":"instock","15":"shipping-taxable","16":"product-type-simple"},"acf":[],"_links":{"self":[{"href":"https:\/\/www.linkceramics.com\/fr\/wp-json\/wp\/v2\/product\/2951","targetHints":{"allow":["GET"]}}],"collection":[{"href":"https:\/\/www.linkceramics.com\/fr\/wp-json\/wp\/v2\/product"}],"about":[{"href":"https:\/\/www.linkceramics.com\/fr\/wp-json\/wp\/v2\/types\/product"}],"replies":[{"embeddable":true,"href":"https:\/\/www.linkceramics.com\/fr\/wp-json\/wp\/v2\/comments?post=2951"}],"wp:featuredmedia":[{"embeddable":true,"href":"https:\/\/www.linkceramics.com\/fr\/wp-json\/wp\/v2\/media\/2953"}],"wp:attachment":[{"href":"https:\/\/www.linkceramics.com\/fr\/wp-json\/wp\/v2\/media?parent=2951"}],"wp:term":[{"taxonomy":"certification","embeddable":true,"href":"https:\/\/www.linkceramics.com\/fr\/wp-json\/wp\/v2\/certification?post=2951"},{"taxonomy":"product_brand","embeddable":true,"href":"https:\/\/www.linkceramics.com\/fr\/wp-json\/wp\/v2\/product_brand?post=2951"},{"taxonomy":"product_cat","embeddable":true,"href":"https:\/\/www.linkceramics.com\/fr\/wp-json\/wp\/v2\/product_cat?post=2951"},{"taxonomy":"product_tag","embeddable":true,"href":"https:\/\/www.linkceramics.com\/fr\/wp-json\/wp\/v2\/product_tag?post=2951"}],"curies":[{"name":"wp","href":"https:\/\/api.w.org\/{rel}","templated":true}]}}