{"id":2957,"date":"2026-01-19T06:38:13","date_gmt":"2026-01-19T06:38:13","guid":{"rendered":"https:\/\/www.linkceramics.com\/?post_type=product&#038;p=2957"},"modified":"2026-01-19T06:38:15","modified_gmt":"2026-01-19T06:38:15","slug":"ceramic-decal-bathroom-set-wholesale","status":"publish","type":"product","link":"https:\/\/www.linkceramics.com\/fr\/product\/ceramic-decal-bathroom-set-wholesale\/","title":{"rendered":"Set de salle de bain en c\u00e9ramique D\u00e9calque Wholesale, 4-Piece Bath Accessories"},"content":{"rendered":"<div class=\"wp-block-columns is-layout-flex wp-container-core-columns-is-layout-9d6595d7 wp-block-columns-is-layout-flex\">\n<div class=\"wp-block-column is-layout-flow wp-block-column-is-layout-flow\" style=\"flex-basis:50%\">\n<h3 class=\"wp-block-heading\">Caract\u00e9ristiques de l'ensemble de d\u00e9coration de salle de bain en c\u00e9ramique Wholesale<\/h3>\n\n\n\n<p><strong>D\u00e9calcomanie en c\u00e9ramique avec motif africain :<\/strong> En achetant cet ensemble de salle de bain en c\u00e9ramique, vous obtiendrez un design inspir\u00e9 de l'Afrique qui donnera \u00e0 votre salle de bain un environnement richement d\u00e9cor\u00e9 gr\u00e2ce \u00e0 ses caract\u00e9ristiques.<\/p>\n\n\n\n<p><strong>Ensemble fonctionnel de quatre pi\u00e8ces Arrangement : <\/strong>Cet ensemble de salle de bains en c\u00e9ramique est compos\u00e9 d'un distributeur de savon, d'un porte-brosse \u00e0 dents, d'un gobelet de rin\u00e7age et d'un porte-savon. Toutes les pi\u00e8ces sont dispos\u00e9es dans un style harmonieux, ce qui est utile pour le lavage et le rangement, rendant votre salle de bains plus propre et mieux organis\u00e9e.<\/p>\n\n\n\n<p><strong>Mat\u00e9riau c\u00e9ramique haute temp\u00e9rature :<\/strong> Gr\u00e2ce \u00e0 l'utilisation de c\u00e9ramiques de haute qualit\u00e9 cuites \u00e0 haute temp\u00e9rature, ce mat\u00e9riau est r\u00e9sistant \u00e0 l'usure et aux rayures, ce qui lui conf\u00e8re une longue dur\u00e9e de vie, contrairement aux mat\u00e9riaux en r\u00e9sine ou en plastique, qui ne sont pas tr\u00e8s r\u00e9sistants.<\/p>\n\n\n\n<p><strong>Facile \u00e0 nettoyer et \u00e0 entretenir :<\/strong> L'\u00e9mail utilis\u00e9 sur les surfaces les rend lisses et plates, ne laissant aucun espace pour l'accumulation de taches d'eau ou de salet\u00e9s. Le nettoyage de ces surfaces est plus facile.<\/p>\n\n\n\n<p><strong>Personnalisation et prix avantageux :<\/strong> En tant que fournisseur en gros d'ensemble de salle de bain avec d\u00e9calcomanie en c\u00e9ramique, nous sommes capables d'offrir des prix de gros fixes, des services OEM\/ODM et des \u00e9chantillons gratuits \u00e0 nos clients pour qu'ils v\u00e9rifient rapidement la qualit\u00e9 des produits et passent des commandes.<\/p>\n\n\n\n<p><strong>Largement applicable \u00e0 de multiples sc\u00e9narios :<\/strong> Cet ensemble de d\u00e9coration c\u00e9ramique pour salle de bains est largement applicable \u00e0 de multiples sc\u00e9narios, y compris les h\u00f4tels, les centres de vill\u00e9giature, les r\u00e9sidences de luxe, les projets d'appartements et les canaux de vente au d\u00e9tail.<\/p>\n<\/div>\n\n\n\n<div class=\"wp-block-column is-layout-flow wp-block-column-is-layout-flow\" style=\"flex-basis:50%\">\n<figure class=\"wp-block-image size-full\"><img decoding=\"async\" width=\"800\" height=\"800\" src=\"https:\/\/www.linkceramics.com\/wp-content\/uploads\/2026\/01\/ceramic-decal-bathroom-set-wholesale-4-piece-bath-accessory-2.webp\" alt=\"ceramic-decal-set-bathroom-set-wholesale-4-piece-bath-accessory-2\" class=\"wp-image-2959\" srcset=\"https:\/\/www.linkceramics.com\/wp-content\/uploads\/2026\/01\/ceramic-decal-bathroom-set-wholesale-4-piece-bath-accessory-2.webp 800w, https:\/\/www.linkceramics.com\/wp-content\/uploads\/2026\/01\/ceramic-decal-bathroom-set-wholesale-4-piece-bath-accessory-2-300x300.webp 300w, https:\/\/www.linkceramics.com\/wp-content\/uploads\/2026\/01\/ceramic-decal-bathroom-set-wholesale-4-piece-bath-accessory-2-150x150.webp 150w, https:\/\/www.linkceramics.com\/wp-content\/uploads\/2026\/01\/ceramic-decal-bathroom-set-wholesale-4-piece-bath-accessory-2-768x768.webp 768w, https:\/\/www.linkceramics.com\/wp-content\/uploads\/2026\/01\/ceramic-decal-bathroom-set-wholesale-4-piece-bath-accessory-2-12x12.webp 12w, https:\/\/www.linkceramics.com\/wp-content\/uploads\/2026\/01\/ceramic-decal-bathroom-set-wholesale-4-piece-bath-accessory-2-600x600.webp 600w, https:\/\/www.linkceramics.com\/wp-content\/uploads\/2026\/01\/ceramic-decal-bathroom-set-wholesale-4-piece-bath-accessory-2-100x100.webp 100w\" sizes=\"(max-width: 800px) 100vw, 800px\" \/><\/figure>\n<\/div>\n<\/div>","protected":false},"excerpt":{"rendered":"<p>Bienvenue sur le site de Yigejia pour acheter en gros un ensemble d'accessoires de salle de bain en c\u00e9ramique \u00e0 motifs africains. L'approvisionnement direct de l'usine offre des prix de gros stables, des options de personnalisation OEM et des \u00e9chantillons gratuits pour les commandes en gros.<\/p>\n<h2>Set de d\u00e9coration en c\u00e9ramique pour salle de bains Wholesale Parameter\uff1a<\/h2>\n<table>\n<tbody>\n<tr>\n<td>Fabricant<\/td>\n<td>Yigejia<\/td>\n<\/tr>\n<tr>\n<td>Type de produit<\/td>\n<td>Set d'accessoires de salle de bains<\/td>\n<\/tr>\n<tr>\n<td>Mat\u00e9riau<\/td>\n<td>C\u00e9ramique<\/td>\n<\/tr>\n<tr>\n<td>Couleur<\/td>\n<td>Orange<\/td>\n<\/tr>\n<tr>\n<td>L'ensemble comprend<\/td>\n<td>4 pi\u00e8ces<\/td>\n<\/tr>\n<tr>\n<td>Composants<\/td>\n<td>Distributeur de lotion, porte-brosse \u00e0 dents, porte-savon, gobelet<\/td>\n<\/tr>\n<tr>\n<td>Finition<\/td>\n<td>Autocollant<\/td>\n<\/tr>\n<tr>\n<td>Application<\/td>\n<td>Maison, Salle de bain, H\u00f4tels, Appartements, Spa<\/td>\n<\/tr>\n<tr>\n<td>MOQ<\/td>\n<td>Faible MOQ<\/td>\n<\/tr>\n<tr>\n<td>\u00c9chantillon gratuit<\/td>\n<td>Disponible<\/td>\n<\/tr>\n<tr>\n<td>Sur mesure<\/td>\n<td>Couleur\/Taille\/Logo\/Emballage<\/td>\n<\/tr>\n<\/tbody>\n<\/table>","protected":false},"featured_media":2958,"comment_status":"open","ping_status":"closed","template":"","meta":{"_acf_changed":true},"certification":[59,61,60,62],"product_brand":[],"product_cat":[35,22],"product_tag":[],"class_list":{"0":"post-2957","1":"product","2":"type-product","3":"status-publish","4":"has-post-thumbnail","6":"certification-ce","7":"certification-iso-14001","8":"certification-iso-45001","9":"certification-iso-9001","10":"product_cat-bathroom-ceramics-supply","11":"product_cat-ceramic-bathroom-set","13":"first","14":"instock","15":"shipping-taxable","16":"product-type-simple"},"acf":[],"_links":{"self":[{"href":"https:\/\/www.linkceramics.com\/fr\/wp-json\/wp\/v2\/product\/2957","targetHints":{"allow":["GET"]}}],"collection":[{"href":"https:\/\/www.linkceramics.com\/fr\/wp-json\/wp\/v2\/product"}],"about":[{"href":"https:\/\/www.linkceramics.com\/fr\/wp-json\/wp\/v2\/types\/product"}],"replies":[{"embeddable":true,"href":"https:\/\/www.linkceramics.com\/fr\/wp-json\/wp\/v2\/comments?post=2957"}],"wp:featuredmedia":[{"embeddable":true,"href":"https:\/\/www.linkceramics.com\/fr\/wp-json\/wp\/v2\/media\/2958"}],"wp:attachment":[{"href":"https:\/\/www.linkceramics.com\/fr\/wp-json\/wp\/v2\/media?parent=2957"}],"wp:term":[{"taxonomy":"certification","embeddable":true,"href":"https:\/\/www.linkceramics.com\/fr\/wp-json\/wp\/v2\/certification?post=2957"},{"taxonomy":"product_brand","embeddable":true,"href":"https:\/\/www.linkceramics.com\/fr\/wp-json\/wp\/v2\/product_brand?post=2957"},{"taxonomy":"product_cat","embeddable":true,"href":"https:\/\/www.linkceramics.com\/fr\/wp-json\/wp\/v2\/product_cat?post=2957"},{"taxonomy":"product_tag","embeddable":true,"href":"https:\/\/www.linkceramics.com\/fr\/wp-json\/wp\/v2\/product_tag?post=2957"}],"curies":[{"name":"wp","href":"https:\/\/api.w.org\/{rel}","templated":true}]}}