{"id":2964,"date":"2026-01-19T08:18:41","date_gmt":"2026-01-19T08:18:41","guid":{"rendered":"https:\/\/www.linkceramics.com\/?post_type=product&#038;p=2964"},"modified":"2026-01-19T08:18:43","modified_gmt":"2026-01-19T08:18:43","slug":"wholesale-ceramic-dinnerware-set-2","status":"publish","type":"product","link":"https:\/\/www.linkceramics.com\/fr\/product\/wholesale-ceramic-dinnerware-set-2\/","title":{"rendered":"Wholesale Ceramic Dinnerware Set of 4 Gothic Skeleton Style"},"content":{"rendered":"<div class=\"wp-block-columns is-layout-flex wp-container-core-columns-is-layout-9d6595d7 wp-block-columns-is-layout-flex\">\n<div class=\"wp-block-column is-layout-flow wp-block-column-is-layout-flow\" style=\"flex-basis:50%\">\n<h3 class=\"wp-block-heading\">Caract\u00e9ristiques de l'ensemble de vaisselle en c\u00e9ramique<\/h3>\n\n\n\n<p><strong>Style artistique esth\u00e9tique :<\/strong> Cet ensemble de vaisselle en c\u00e9ramique de gros est orn\u00e9 principalement de noir et de blanc avec des cr\u00e2nes et des motifs floraux, ce qui lui conf\u00e8re un aspect artistique et cr\u00e9atif.<\/p>\n\n\n\n<p><strong>Durabilit\u00e9 :<\/strong> Notre vaisselle en c\u00e9ramique de gros est en c\u00e9ramique de haute qualit\u00e9, r\u00e9sistante \u00e0 la chaleur et anticorrosion. Elle peut \u00eatre utilis\u00e9e dans la vie quotidienne sans d\u00e9formation ni fissure et convient pour une longue dur\u00e9e.<\/p>\n\n\n\n<p><strong>Pratique \u00e0 nettoyer :<\/strong> La surface unie de cette vaisselle en c\u00e9ramique permet d'\u00e9liminer facilement les graisses et les r\u00e9sidus alimentaires. Passe au lave-vaisselle (pour certains articles) pour un nettoyage quotidien facile.<\/p>\n\n\n\n<p><strong>Valeur culturelle et sentimentale :<\/strong> Le motif de la t\u00eate de mort incarne des symboles culturels tels que le jour des morts et Halloween. Ce service de table n'est pas seulement pratique, il v\u00e9hicule aussi un sentiment culturel.<\/p>\n\n\n\n<p><strong>Vari\u00e9t\u00e9 compl\u00e8te :<\/strong> Disponible en bols, assiettes, tasses \u00e0 caf\u00e9, mugs et autres, il r\u00e9pond aux besoins quotidiens en mati\u00e8re de repas, notamment pour servir du riz, des plats et du th\u00e9\/caf\u00e9. Il convient aussi bien \u00e0 la famille qu'aux invit\u00e9s.<\/p>\n<\/div>\n\n\n\n<div class=\"wp-block-column is-layout-flow wp-block-column-is-layout-flow\" style=\"flex-basis:50%\">\n<figure class=\"wp-block-image size-full\"><img decoding=\"async\" width=\"1600\" height=\"1600\" src=\"https:\/\/www.linkceramics.com\/wp-content\/uploads\/2026\/01\/wholesale-ceramic-dinnerware-set_skull-style-5.webp\" alt=\"vaisselle en c\u00e9ramique en gros - set de vaisselle en c\u00e9ramique - style mouette - 5\" class=\"wp-image-2969\" srcset=\"https:\/\/www.linkceramics.com\/wp-content\/uploads\/2026\/01\/wholesale-ceramic-dinnerware-set_skull-style-5.webp 1600w, https:\/\/www.linkceramics.com\/wp-content\/uploads\/2026\/01\/wholesale-ceramic-dinnerware-set_skull-style-5-300x300.webp 300w, https:\/\/www.linkceramics.com\/wp-content\/uploads\/2026\/01\/wholesale-ceramic-dinnerware-set_skull-style-5-150x150.webp 150w, https:\/\/www.linkceramics.com\/wp-content\/uploads\/2026\/01\/wholesale-ceramic-dinnerware-set_skull-style-5-768x768.webp 768w, https:\/\/www.linkceramics.com\/wp-content\/uploads\/2026\/01\/wholesale-ceramic-dinnerware-set_skull-style-5-12x12.webp 12w, https:\/\/www.linkceramics.com\/wp-content\/uploads\/2026\/01\/wholesale-ceramic-dinnerware-set_skull-style-5-1200x1200.webp 1200w, https:\/\/www.linkceramics.com\/wp-content\/uploads\/2026\/01\/wholesale-ceramic-dinnerware-set_skull-style-5-600x600.webp 600w, https:\/\/www.linkceramics.com\/wp-content\/uploads\/2026\/01\/wholesale-ceramic-dinnerware-set_skull-style-5-100x100.webp 100w\" sizes=\"(max-width: 1600px) 100vw, 1600px\" \/><\/figure>\n<\/div>\n<\/div>","protected":false},"excerpt":{"rendered":"<p>Contactez Kedali pour acheter cet ensemble de vaisselle en c\u00e9ramique au design gothique inspir\u00e9 d'un cr\u00e2ne. Il est unique et attrayant pour les utilisateurs finaux qui veulent se d\u00e9marquer. L'ensemble se compose d'une tasse \u00e0 th\u00e9 et d'une soucoupe, d'une grande tasse \u00e0 boire, d'une assiette et d'un bol. Cet article est id\u00e9al pour les magasins de cadeaux saisonniers et les ventes d'Halloween.<\/p>\n<h2>Sp\u00e9cifications de l'ensemble de vaisselle en c\u00e9ramique<\/h2>\n<table border=\"0\" width=\"363\" cellspacing=\"0\" cellpadding=\"0\">\n<tbody>\n<tr>\n<td width=\"107\" height=\"18\">Marque<\/td>\n<td width=\"256\">KDL<\/td>\n<\/tr>\n<tr>\n<td width=\"107\" height=\"18\">Mod\u00e8le<\/td>\n<td width=\"256\">TDS1161-10.5AH-B026<\/td>\n<\/tr>\n<tr>\n<td width=\"107\" height=\"18\">Mat\u00e9riau<\/td>\n<td width=\"256\">c\u00e9ramique<\/td>\n<\/tr>\n<tr>\n<td width=\"107\" height=\"18\">couleur<\/td>\n<td width=\"256\">noir<\/td>\n<\/tr>\n<tr>\n<td width=\"107\" height=\"18\">Application<\/td>\n<td width=\"256\">vaisselle<\/td>\n<\/tr>\n<tr>\n<td width=\"107\" height=\"18\">Fonctionnalit\u00e9<\/td>\n<td width=\"256\">d\u00e9calcomanie<\/td>\n<\/tr>\n<tr>\n<td width=\"107\" height=\"54\">Quantit\u00e9 minimale de commande<\/td>\n<td width=\"256\">800 jeux<\/td>\n<\/tr>\n<\/tbody>\n<\/table>\n<p>&nbsp;<\/p>","protected":false},"featured_media":2965,"comment_status":"open","ping_status":"closed","template":"","meta":{"_acf_changed":false},"certification":[63,64,66,58,61,60,62,87],"product_brand":[],"product_cat":[34,18],"product_tag":[],"class_list":{"0":"post-2964","1":"product","2":"type-product","3":"status-publish","4":"has-post-thumbnail","6":"certification-amfori","7":"certification-bsci","8":"certification-cnas","9":"certification-fda","10":"certification-iso-14001","11":"certification-iso-45001","12":"certification-iso-9001","13":"certification-wca","14":"product_cat-custom-household-ceramics","15":"product_cat-ceramic-tableware-wholesale","17":"first","18":"instock","19":"shipping-taxable","20":"product-type-simple"},"acf":[],"_links":{"self":[{"href":"https:\/\/www.linkceramics.com\/fr\/wp-json\/wp\/v2\/product\/2964","targetHints":{"allow":["GET"]}}],"collection":[{"href":"https:\/\/www.linkceramics.com\/fr\/wp-json\/wp\/v2\/product"}],"about":[{"href":"https:\/\/www.linkceramics.com\/fr\/wp-json\/wp\/v2\/types\/product"}],"replies":[{"embeddable":true,"href":"https:\/\/www.linkceramics.com\/fr\/wp-json\/wp\/v2\/comments?post=2964"}],"wp:featuredmedia":[{"embeddable":true,"href":"https:\/\/www.linkceramics.com\/fr\/wp-json\/wp\/v2\/media\/2965"}],"wp:attachment":[{"href":"https:\/\/www.linkceramics.com\/fr\/wp-json\/wp\/v2\/media?parent=2964"}],"wp:term":[{"taxonomy":"certification","embeddable":true,"href":"https:\/\/www.linkceramics.com\/fr\/wp-json\/wp\/v2\/certification?post=2964"},{"taxonomy":"product_brand","embeddable":true,"href":"https:\/\/www.linkceramics.com\/fr\/wp-json\/wp\/v2\/product_brand?post=2964"},{"taxonomy":"product_cat","embeddable":true,"href":"https:\/\/www.linkceramics.com\/fr\/wp-json\/wp\/v2\/product_cat?post=2964"},{"taxonomy":"product_tag","embeddable":true,"href":"https:\/\/www.linkceramics.com\/fr\/wp-json\/wp\/v2\/product_tag?post=2964"}],"curies":[{"name":"wp","href":"https:\/\/api.w.org\/{rel}","templated":true}]}}