{"id":2970,"date":"2026-01-19T09:04:38","date_gmt":"2026-01-19T09:04:38","guid":{"rendered":"https:\/\/www.linkceramics.com\/?post_type=product&#038;p=2970"},"modified":"2026-01-19T09:04:40","modified_gmt":"2026-01-19T09:04:40","slug":"wholesale-ceramic-butter-dishes","status":"publish","type":"product","link":"https:\/\/www.linkceramics.com\/fr\/product\/wholesale-ceramic-butter-dishes\/","title":{"rendered":"Grosses coupelles \u00e0 beurre en c\u00e9ramique, porte-beurre en forme de vache"},"content":{"rendered":"<div class=\"wp-block-columns is-layout-flex wp-container-core-columns-is-layout-9d6595d7 wp-block-columns-is-layout-flex\">\n<div class=\"wp-block-column is-layout-flow wp-block-column-is-layout-flow\" style=\"flex-basis:50%\">\n<h3 class=\"wp-block-heading\">Caract\u00e9ristiques des plats \u00e0 beurre en c\u00e9ramique en gros<\/h3>\n\n\n\n<p><strong>Mat\u00e9riau en c\u00e9ramique blanche de haute qualit\u00e9 : <\/strong>Ces beurriers en gros sont fabriqu\u00e9s en c\u00e9ramique de qualit\u00e9 sup\u00e9rieure, qui a une texture d\u00e9licate, est s\u00fbre et inodore, r\u00e9pond aux exigences en mati\u00e8re de contact avec les aliments et convient \u00e0 la conservation \u00e0 long terme du beurre.<\/p>\n\n\n\n<p><strong>Conception de la vache :<\/strong> Ces beurriers en c\u00e9ramique sont con\u00e7us avec une forme de vache en 3D, mignonne et cr\u00e9ative, brisant la monotonie des beurriers traditionnels et constituant un point visuel sur la table.<\/p>\n\n\n\n<p><strong>Polyvalence d'utilisation : <\/strong>Le plat rectangulaire convient aux b\u00e2tonnets de beurre standard et peut \u00e9galement \u00eatre utilis\u00e9 ind\u00e9pendamment pour servir d'autres petits articles tels que du pain, des huiles de trempage, des olives ou des amuse-gueule.<\/p>\n\n\n\n<p><strong>Facile \u00e0 nettoyer :<\/strong> La surface lisse et non poreuse en c\u00e9ramique peut \u00eatre lav\u00e9e au lave-vaisselle, ce qui facilite et acc\u00e9l\u00e8re le nettoyage.<\/p>\n\n\n\n<p><strong>Approvisionnement en vrac :<\/strong> Nous sommes un fabricant professionnel d'ustensiles de cuisine en c\u00e9ramique avec des lignes de production stables, fournissant des beurriers en vrac \u00e0 des prix d'usine.<\/p>\n<\/div>\n\n\n\n<div class=\"wp-block-column is-layout-flow wp-block-column-is-layout-flow\" style=\"flex-basis:50%\">\n<figure class=\"wp-block-image size-full\"><img decoding=\"async\" width=\"800\" height=\"800\" src=\"https:\/\/www.linkceramics.com\/wp-content\/uploads\/2026\/01\/wholesale-ceramic-butter-dishes-cow-shaped-butter-keeper-4.webp\" alt=\"Plats \u00e0 beurrer en c\u00e9ramique en gros - en forme de vache - en forme de gardien de beurrier - 4\" class=\"wp-image-2974\" srcset=\"https:\/\/www.linkceramics.com\/wp-content\/uploads\/2026\/01\/wholesale-ceramic-butter-dishes-cow-shaped-butter-keeper-4.webp 800w, https:\/\/www.linkceramics.com\/wp-content\/uploads\/2026\/01\/wholesale-ceramic-butter-dishes-cow-shaped-butter-keeper-4-300x300.webp 300w, https:\/\/www.linkceramics.com\/wp-content\/uploads\/2026\/01\/wholesale-ceramic-butter-dishes-cow-shaped-butter-keeper-4-150x150.webp 150w, https:\/\/www.linkceramics.com\/wp-content\/uploads\/2026\/01\/wholesale-ceramic-butter-dishes-cow-shaped-butter-keeper-4-768x768.webp 768w, https:\/\/www.linkceramics.com\/wp-content\/uploads\/2026\/01\/wholesale-ceramic-butter-dishes-cow-shaped-butter-keeper-4-12x12.webp 12w, https:\/\/www.linkceramics.com\/wp-content\/uploads\/2026\/01\/wholesale-ceramic-butter-dishes-cow-shaped-butter-keeper-4-600x600.webp 600w, https:\/\/www.linkceramics.com\/wp-content\/uploads\/2026\/01\/wholesale-ceramic-butter-dishes-cow-shaped-butter-keeper-4-100x100.webp 100w\" sizes=\"(max-width: 800px) 100vw, 800px\" \/><\/figure>\n<\/div>\n<\/div>","protected":false},"excerpt":{"rendered":"<p>N'h\u00e9sitez pas \u00e0 contacter Kedali pour l'achat en gros de beurriers en c\u00e9ramique. Cet \u00e9l\u00e9gant porte-beurre herm\u00e9tique permet non seulement de conserver la fra\u00eecheur et la saveur du beurre, mais aussi d'ajouter une touche ludique \u00e0 toute cuisine. Fabriqu\u00e9 en c\u00e9ramique s\u00fbre, durable et adapt\u00e9e aux micro-ondes, il allie fonctionnalit\u00e9 et attrait d\u00e9coratif, ce qui en fait un produit id\u00e9al pour la vente en gros.<\/p>\n<h2>Sp\u00e9cifications des plats \u00e0 beurre en c\u00e9ramique en gros<\/h2>\n<table width=\"235\">\n<tbody>\n<tr>\n<td width=\"69\">Marque<\/td>\n<td width=\"166\">KDL<\/td>\n<\/tr>\n<tr>\n<td width=\"69\">Mod\u00e8le<\/td>\n<td width=\"166\">TDP486-7<\/td>\n<\/tr>\n<tr>\n<td width=\"69\">Mat\u00e9riau<\/td>\n<td width=\"166\">c\u00e9ramique<\/td>\n<\/tr>\n<tr>\n<td width=\"69\">couleur<\/td>\n<td width=\"166\">blanc<\/td>\n<\/tr>\n<tr>\n<td width=\"69\">Application<\/td>\n<td width=\"166\">beurrier en c\u00e9ramique<\/td>\n<\/tr>\n<tr>\n<td width=\"69\">Fonctionnalit\u00e9<\/td>\n<td width=\"166\">sculpt\u00e9<\/td>\n<\/tr>\n<tr>\n<td width=\"69\">Dimensions<\/td>\n<td width=\"166\">couvercle : 15,8 \u00d7 8,3 \u00d7 9,7 cm<br data-start=\"24\" data-end=\"27\" \/>corps : SET : 18,5 \u00d7 10 \u00d7 11 cm<\/td>\n<\/tr>\n<tr>\n<td width=\"69\">Poids brut (kg)<\/td>\n<td width=\"166\">1kg<\/td>\n<\/tr>\n<tr>\n<td width=\"69\">Quantit\u00e9 minimale de commande<\/td>\n<td width=\"166\">800 jeux<\/td>\n<\/tr>\n<\/tbody>\n<\/table>","protected":false},"featured_media":2971,"comment_status":"open","ping_status":"closed","template":"","meta":{"_acf_changed":false},"certification":[63,64,66,58,61,60,62,87],"product_brand":[],"product_cat":[34,20],"product_tag":[],"class_list":{"0":"post-2970","1":"product","2":"type-product","3":"status-publish","4":"has-post-thumbnail","6":"certification-amfori","7":"certification-bsci","8":"certification-cnas","9":"certification-fda","10":"certification-iso-14001","11":"certification-iso-45001","12":"certification-iso-9001","13":"certification-wca","14":"product_cat-custom-household-ceramics","15":"product_cat-ceramic-kitchenware-wholesale","17":"first","18":"instock","19":"shipping-taxable","20":"product-type-simple"},"acf":[],"_links":{"self":[{"href":"https:\/\/www.linkceramics.com\/fr\/wp-json\/wp\/v2\/product\/2970","targetHints":{"allow":["GET"]}}],"collection":[{"href":"https:\/\/www.linkceramics.com\/fr\/wp-json\/wp\/v2\/product"}],"about":[{"href":"https:\/\/www.linkceramics.com\/fr\/wp-json\/wp\/v2\/types\/product"}],"replies":[{"embeddable":true,"href":"https:\/\/www.linkceramics.com\/fr\/wp-json\/wp\/v2\/comments?post=2970"}],"wp:featuredmedia":[{"embeddable":true,"href":"https:\/\/www.linkceramics.com\/fr\/wp-json\/wp\/v2\/media\/2971"}],"wp:attachment":[{"href":"https:\/\/www.linkceramics.com\/fr\/wp-json\/wp\/v2\/media?parent=2970"}],"wp:term":[{"taxonomy":"certification","embeddable":true,"href":"https:\/\/www.linkceramics.com\/fr\/wp-json\/wp\/v2\/certification?post=2970"},{"taxonomy":"product_brand","embeddable":true,"href":"https:\/\/www.linkceramics.com\/fr\/wp-json\/wp\/v2\/product_brand?post=2970"},{"taxonomy":"product_cat","embeddable":true,"href":"https:\/\/www.linkceramics.com\/fr\/wp-json\/wp\/v2\/product_cat?post=2970"},{"taxonomy":"product_tag","embeddable":true,"href":"https:\/\/www.linkceramics.com\/fr\/wp-json\/wp\/v2\/product_tag?post=2970"}],"curies":[{"name":"wp","href":"https:\/\/api.w.org\/{rel}","templated":true}]}}