{"id":2975,"date":"2026-01-19T09:21:45","date_gmt":"2026-01-19T09:21:45","guid":{"rendered":"https:\/\/www.linkceramics.com\/?post_type=product&#038;p=2975"},"modified":"2026-03-18T02:55:15","modified_gmt":"2026-03-18T02:55:15","slug":"ceramic-ramekins-wholesale","status":"publish","type":"product","link":"https:\/\/www.linkceramics.com\/fr\/product\/ceramic-ramekins-wholesale\/","title":{"rendered":"Ramequins ronds de 3 pouces en c\u00e9ramique avec impression en gros pour la cuisine"},"content":{"rendered":"<div class=\"wp-block-columns is-layout-flex wp-container-core-columns-is-layout-9d6595d7 wp-block-columns-is-layout-flex\">\n<div class=\"wp-block-column is-layout-flow wp-block-column-is-layout-flow\" style=\"flex-basis:50%\">\n<h3 class=\"wp-block-heading\">Ramequins ronds en c\u00e9ramique de premi\u00e8re qualit\u00e9 Caract\u00e9ristiques en gros :<\/h3>\n\n\n\n<ul class=\"wp-block-list\">\n<li><strong>Mat\u00e9riau c\u00e9ramique de haute qualit\u00e9 :<\/strong> Ces ramequins en c\u00e9ramique sont compos\u00e9s d'une c\u00e9ramique de haute qualit\u00e9, dense et solide, qui r\u00e9siste bien \u00e0 la chaleur et au froid et qui a une longue dur\u00e9e de vie.<\/li>\n\n\n\n<li><strong>Designs amusants et uniques :<\/strong> Ces ramequins en c\u00e9ramique pr\u00e9sentent en gros deux motifs : une version noire avec une t\u00eate de mort blanche et les mots \u201cBONE APP\u00c9TIT\u201d, et une version orange avec la silhouette d'un chat noir. Ces motifs uniques et amusants sont parfaits pour Halloween et\/ou les f\u00eates \u00e0 th\u00e8me.<\/li>\n\n\n\n<li><strong>Ustensile de cuisine multifonctionnel :<\/strong> Ces ramequins en c\u00e9ramique peuvent \u00eatre utilis\u00e9s non seulement comme moules pour les g\u00e2teaux, les mousses et autres desserts, mais aussi comme coupes \u00e0 pudding, saladiers et r\u00e9cipients pour les collations, offrant ainsi des utilisations polyvalentes.<\/li>\n\n\n\n<li><strong>Facile \u00e0 nettoyer et sans danger pour la cuisine :<\/strong> Ces ramequins en c\u00e9ramique de gros pr\u00e9sentent des surfaces int\u00e9rieures et ext\u00e9rieures lisses, faciles \u00e0 nettoyer. Ils passent au lave-vaisselle, au micro-ondes et au four, ce qui facilite le chauffage et le nettoyage.<\/li>\n\n\n\n<li><strong>Fourniture directe par l'usine : <\/strong>Nous nous approvisionnons directement aupr\u00e8s des usines de c\u00e9ramique, ce qui permet une production \u00e0 grande \u00e9chelle et une coop\u00e9ration \u00e0 long terme, et nous poss\u00e9dons des capacit\u00e9s stables de contr\u00f4le de la qualit\u00e9.<\/li>\n<\/ul>\n<\/div>\n\n\n\n<div class=\"wp-block-column is-layout-flow wp-block-column-is-layout-flow\" style=\"flex-basis:50%\">\n<figure class=\"wp-block-image size-full\"><img decoding=\"async\" width=\"800\" height=\"800\" src=\"https:\/\/www.linkceramics.com\/wp-content\/uploads\/2026\/01\/3-inch-ceramic-ramekins-wholesale-with-printed-for-kitchen-3.webp\" alt=\"3-inch-ceramic-ramekins-wholesale-with-prined-for-kitchen-3\" class=\"wp-image-2978\" srcset=\"https:\/\/www.linkceramics.com\/wp-content\/uploads\/2026\/01\/3-inch-ceramic-ramekins-wholesale-with-printed-for-kitchen-3.webp 800w, https:\/\/www.linkceramics.com\/wp-content\/uploads\/2026\/01\/3-inch-ceramic-ramekins-wholesale-with-printed-for-kitchen-3-300x300.webp 300w, https:\/\/www.linkceramics.com\/wp-content\/uploads\/2026\/01\/3-inch-ceramic-ramekins-wholesale-with-printed-for-kitchen-3-150x150.webp 150w, https:\/\/www.linkceramics.com\/wp-content\/uploads\/2026\/01\/3-inch-ceramic-ramekins-wholesale-with-printed-for-kitchen-3-768x768.webp 768w, https:\/\/www.linkceramics.com\/wp-content\/uploads\/2026\/01\/3-inch-ceramic-ramekins-wholesale-with-printed-for-kitchen-3-12x12.webp 12w, https:\/\/www.linkceramics.com\/wp-content\/uploads\/2026\/01\/3-inch-ceramic-ramekins-wholesale-with-printed-for-kitchen-3-600x600.webp 600w, https:\/\/www.linkceramics.com\/wp-content\/uploads\/2026\/01\/3-inch-ceramic-ramekins-wholesale-with-printed-for-kitchen-3-100x100.webp 100w\" sizes=\"(max-width: 800px) 100vw, 800px\" \/><\/figure>\n<\/div>\n<\/div>\n\n\n\n<p><\/p>","protected":false},"excerpt":{"rendered":"<div id=\"brxe-0ee1ca\" class=\"brxe-product-meta product_meta\">\n<p>Ces ramequins ronds de 3 pouces en c\u00e9ramique sont fabriqu\u00e9s en gr\u00e8s c\u00e9rame de haute qualit\u00e9. Ils sont robustes, durables et peuvent \u00eatre utilis\u00e9s au four \u00e0 micro-ondes, au four et au lave-vaisselle. L'impression personnalis\u00e9e est disponible ; ces ramequins en c\u00e9ramique personnalis\u00e9s en font un choix id\u00e9al pour les ustensiles de cuisine et les services de restauration en gros.<\/p>\n<h2>Ramequins ronds en c\u00e9ramique Param\u00e8tre de gros :<\/h2>\n<table border=\"0\" width=\"328\" cellspacing=\"0\" cellpadding=\"0\">\n<tbody>\n<tr>\n<td width=\"116\" height=\"16\">Fabricant<\/td>\n<td width=\"211\">QUNFA<\/td>\n<\/tr>\n<tr>\n<td width=\"116\" height=\"16\">Type de produit<\/td>\n<td width=\"211\">Ramequin<\/td>\n<\/tr>\n<tr>\n<td width=\"116\" height=\"16\">Num\u00e9ro de mod\u00e8le<\/td>\n<td width=\"211\">22-0161<\/td>\n<\/tr>\n<tr>\n<td width=\"116\" height=\"16\">Mat\u00e9riau<\/td>\n<td width=\"211\">Gr\u00e8s<\/td>\n<\/tr>\n<tr>\n<td width=\"116\" height=\"16\">Couleur<\/td>\n<td width=\"211\">Noir, Orange<\/td>\n<\/tr>\n<tr>\n<td width=\"116\" height=\"16\">Dimension<\/td>\n<td width=\"211\">7,6*7,6*5,1CM<\/td>\n<\/tr>\n<tr>\n<td width=\"116\" height=\"16\">MOQ<\/td>\n<td width=\"211\">1000pcs<\/td>\n<\/tr>\n<tr>\n<td width=\"116\" height=\"16\">Sur mesure<\/td>\n<td width=\"211\">Couleur\/Taille\/Logo\/Emballage\/Forme<\/td>\n<\/tr>\n<\/tbody>\n<\/table>\n<\/div>","protected":false},"featured_media":2976,"comment_status":"open","ping_status":"closed","template":"","meta":{"_acf_changed":true},"certification":[63,64,66,89,58,61,60,62,57,88],"product_brand":[],"product_cat":[34,20],"product_tag":[],"class_list":{"0":"post-2975","1":"product","2":"type-product","3":"status-publish","4":"has-post-thumbnail","6":"certification-amfori","7":"certification-bsci","8":"certification-cnas","9":"certification-fcca","10":"certification-fda","11":"certification-iso-14001","12":"certification-iso-45001","13":"certification-iso-9001","14":"certification-lfgb","15":"certification-sgs","16":"product_cat-custom-household-ceramics","17":"product_cat-ceramic-kitchenware-wholesale","19":"first","20":"instock","21":"shipping-taxable","22":"product-type-simple"},"acf":[],"_links":{"self":[{"href":"https:\/\/www.linkceramics.com\/fr\/wp-json\/wp\/v2\/product\/2975","targetHints":{"allow":["GET"]}}],"collection":[{"href":"https:\/\/www.linkceramics.com\/fr\/wp-json\/wp\/v2\/product"}],"about":[{"href":"https:\/\/www.linkceramics.com\/fr\/wp-json\/wp\/v2\/types\/product"}],"replies":[{"embeddable":true,"href":"https:\/\/www.linkceramics.com\/fr\/wp-json\/wp\/v2\/comments?post=2975"}],"wp:featuredmedia":[{"embeddable":true,"href":"https:\/\/www.linkceramics.com\/fr\/wp-json\/wp\/v2\/media\/2976"}],"wp:attachment":[{"href":"https:\/\/www.linkceramics.com\/fr\/wp-json\/wp\/v2\/media?parent=2975"}],"wp:term":[{"taxonomy":"certification","embeddable":true,"href":"https:\/\/www.linkceramics.com\/fr\/wp-json\/wp\/v2\/certification?post=2975"},{"taxonomy":"product_brand","embeddable":true,"href":"https:\/\/www.linkceramics.com\/fr\/wp-json\/wp\/v2\/product_brand?post=2975"},{"taxonomy":"product_cat","embeddable":true,"href":"https:\/\/www.linkceramics.com\/fr\/wp-json\/wp\/v2\/product_cat?post=2975"},{"taxonomy":"product_tag","embeddable":true,"href":"https:\/\/www.linkceramics.com\/fr\/wp-json\/wp\/v2\/product_tag?post=2975"}],"curies":[{"name":"wp","href":"https:\/\/api.w.org\/{rel}","templated":true}]}}