{"id":3027,"date":"2026-03-07T01:27:13","date_gmt":"2026-03-07T01:27:13","guid":{"rendered":"https:\/\/www.linkceramics.com\/?post_type=product&#038;p=3027"},"modified":"2026-03-07T01:27:14","modified_gmt":"2026-03-07T01:27:14","slug":"custom-ceramic-coffee-cups","status":"publish","type":"product","link":"https:\/\/www.linkceramics.com\/fr\/product\/custom-ceramic-coffee-cups\/","title":{"rendered":"Tasses \u00e0 caf\u00e9 en c\u00e9ramique personnalis\u00e9es, verres \u00e0 boire en vrac fabriqu\u00e9s \u00e0 la main en arabe"},"content":{"rendered":"<div class=\"wp-block-columns is-layout-flex wp-container-core-columns-is-layout-9d6595d7 wp-block-columns-is-layout-flex\">\n<div class=\"wp-block-column is-layout-flow wp-block-column-is-layout-flow\" style=\"flex-basis:50%\">\n<h3 class=\"wp-block-heading\">Tasses \u00e0 caf\u00e9 en c\u00e9ramique personnalis\u00e9es de premi\u00e8re qualit\u00e9 Caract\u00e9ristiques :<\/h3>\n\n\n\n<ul class=\"wp-block-list\">\n<li><strong>Tasses \u00e0 caf\u00e9 en c\u00e9ramique personnalis\u00e9es<\/strong> - Prise en charge de la personnalisation OEM\/ODM, y compris l'impression de logos, la conception de motifs et l'emballage pour la diff\u00e9renciation des marques.<\/li>\n\n\n\n<li><strong>Style arabe fait \u00e0 la main <\/strong>- Refl\u00e8te la culture traditionnelle du caf\u00e9 au Moyen-Orient avec un attrait artisanal, id\u00e9al pour une pr\u00e9sentation authentique.<\/li>\n\n\n\n<li><strong>C\u00e9ramique \u00e9maill\u00e9e de haute qualit\u00e9<\/strong> - Mat\u00e9riau c\u00e9ramique durable avec gla\u00e7ure lisse et s\u00fbre pour les aliments, qui am\u00e9liore l'utilisation et l'esth\u00e9tique.<\/li>\n\n\n\n<li><strong>Usage culturel et hospitalier<\/strong> - Convient pour servir le caf\u00e9 arabe dans les caf\u00e9s, les h\u00f4tels, les restaurants et les r\u00e9unions culturelles.<\/li>\n\n\n\n<li><strong>Approvisionnement en gros<\/strong> - Con\u00e7us pour des commandes importantes avec une qualit\u00e9 constante, ils r\u00e9pondent aux exigences des distributeurs et des importateurs.<\/li>\n\n\n\n<li><strong>Utilisation polyvalente des boissons<\/strong> - Id\u00e9al pour l'espresso, le caf\u00e9 arabe, le th\u00e9 et d'autres boissons chaudes dans les \u00e9tablissements commerciaux.<\/li>\n<\/ul>\n<\/div>\n\n\n\n<div class=\"wp-block-column is-layout-flow wp-block-column-is-layout-flow\" style=\"flex-basis:50%\">\n<figure class=\"wp-block-image size-full\"><img decoding=\"async\" width=\"1382\" height=\"1694\" src=\"https:\/\/www.linkceramics.com\/wp-content\/uploads\/2026\/03\/custom-ceramic-coffee-cups-arabic-hand-made-drinkware-bulk-5.webp\" alt=\"custom-ceramic-coffee-cups-arabic-hand-made-drinkware-bulk-5\" class=\"wp-image-3032\" srcset=\"https:\/\/www.linkceramics.com\/wp-content\/uploads\/2026\/03\/custom-ceramic-coffee-cups-arabic-hand-made-drinkware-bulk-5.webp 1382w, https:\/\/www.linkceramics.com\/wp-content\/uploads\/2026\/03\/custom-ceramic-coffee-cups-arabic-hand-made-drinkware-bulk-5-245x300.webp 245w, https:\/\/www.linkceramics.com\/wp-content\/uploads\/2026\/03\/custom-ceramic-coffee-cups-arabic-hand-made-drinkware-bulk-5-768x941.webp 768w, https:\/\/www.linkceramics.com\/wp-content\/uploads\/2026\/03\/custom-ceramic-coffee-cups-arabic-hand-made-drinkware-bulk-5-10x12.webp 10w, https:\/\/www.linkceramics.com\/wp-content\/uploads\/2026\/03\/custom-ceramic-coffee-cups-arabic-hand-made-drinkware-bulk-5-1200x1471.webp 1200w, https:\/\/www.linkceramics.com\/wp-content\/uploads\/2026\/03\/custom-ceramic-coffee-cups-arabic-hand-made-drinkware-bulk-5-600x735.webp 600w\" sizes=\"(max-width: 1382px) 100vw, 1382px\" \/><\/figure>\n<\/div>\n<\/div>\n\n\n\n<p><\/p>","protected":false},"excerpt":{"rendered":"<div id=\"brxe-0ee1ca\" class=\"brxe-product-meta product_meta\">\n<p>Les tasses \u00e0 caf\u00e9 en c\u00e9ramique personnalis\u00e9es de Qingfa sont dot\u00e9es d'un design de style arabe fait \u00e0 la main et fabriqu\u00e9es en c\u00e9ramique \u00e9maill\u00e9e de haute qualit\u00e9. Parfaites pour les caf\u00e9s, les h\u00f4tels, les \u00e9v\u00e9nements culturels et la vente au d\u00e9tail, ces tasses peuvent \u00eatre personnalis\u00e9es par OEM\/ODM pour les logos, les motifs et l'emballage dans les commandes en vrac.<\/p>\n<h2>Tasses \u00e0 caf\u00e9 en c\u00e9ramique personnalis\u00e9es Param\u00e8tre<\/h2>\n<table>\n<thead>\n<tr>\n<th>Fabricant<\/th>\n<th>Qingfa Ceramics<\/th>\n<\/tr>\n<\/thead>\n<tbody>\n<tr>\n<td>Nom du produit<\/td>\n<td>Tasses \u00e0 caf\u00e9 en c\u00e9ramique arabe faites \u00e0 la main \/ Tasses \u00e0 caf\u00e9 en c\u00e9ramique personnalis\u00e9es<\/td>\n<\/tr>\n<tr>\n<td>Mat\u00e9riau<\/td>\n<td>C\u00e9ramique \u00e9maill\u00e9e de haute qualit\u00e9<\/td>\n<\/tr>\n<tr>\n<td>Capacit\u00e9<\/td>\n<td>Environ 150 ml (taille typique d'une tasse arabe, personnalisable)<\/td>\n<\/tr>\n<tr>\n<td>Design \/ Style<\/td>\n<td>Tasse \u00e0 caf\u00e9 arabe faite \u00e0 la main avec des motifs traditionnels<\/td>\n<\/tr>\n<tr>\n<td>Finition de la surface<\/td>\n<td>Gla\u00e7age lisse, sans danger pour les aliments<\/td>\n<\/tr>\n<tr>\n<td>Options de couleur<\/td>\n<td>Options de gla\u00e7age et de motif personnalis\u00e9es disponibles<\/td>\n<\/tr>\n<tr>\n<td>Personnalisation<\/td>\n<td>Impression de logos, conception de surfaces, emballage, OEM\/ODM<\/td>\n<\/tr>\n<tr>\n<td>Poign\u00e9e<\/td>\n<td>Options avec ou sans poign\u00e9e disponibles<\/td>\n<\/tr>\n<tr>\n<td>Utilisation<\/td>\n<td>Caf\u00e9 arabe, espresso, th\u00e9 pour les caf\u00e9s, les h\u00f4tels, les \u00e9v\u00e9nements culturels, le commerce de d\u00e9tail<\/td>\n<\/tr>\n<tr>\n<td>Certifications<\/td>\n<td>FDA, LFGB, ISO (en fonction de la personnalisation)<\/td>\n<\/tr>\n<\/tbody>\n<\/table>\n<p>&nbsp;<\/p>\n<p>&nbsp;<\/p>\n<\/div>","protected":false},"featured_media":3028,"comment_status":"open","ping_status":"closed","template":"","meta":{"_acf_changed":true},"certification":[63,64,90,59,66,58,61,60,62,57,91],"product_brand":[],"product_cat":[34,19],"product_tag":[],"class_list":{"0":"post-3027","1":"product","2":"type-product","3":"status-publish","4":"has-post-thumbnail","6":"certification-amfori","7":"certification-bsci","8":"certification-ca-prop-65-compliant","9":"certification-ce","10":"certification-cnas","11":"certification-fda","12":"certification-iso-14001","13":"certification-iso-45001","14":"certification-iso-9001","15":"certification-lfgb","16":"certification-sedex","17":"product_cat-custom-household-ceramics","18":"product_cat-ceramic-tea-set-wholesale","20":"first","21":"instock","22":"shipping-taxable","23":"product-type-simple"},"acf":[],"_links":{"self":[{"href":"https:\/\/www.linkceramics.com\/fr\/wp-json\/wp\/v2\/product\/3027","targetHints":{"allow":["GET"]}}],"collection":[{"href":"https:\/\/www.linkceramics.com\/fr\/wp-json\/wp\/v2\/product"}],"about":[{"href":"https:\/\/www.linkceramics.com\/fr\/wp-json\/wp\/v2\/types\/product"}],"replies":[{"embeddable":true,"href":"https:\/\/www.linkceramics.com\/fr\/wp-json\/wp\/v2\/comments?post=3027"}],"wp:featuredmedia":[{"embeddable":true,"href":"https:\/\/www.linkceramics.com\/fr\/wp-json\/wp\/v2\/media\/3028"}],"wp:attachment":[{"href":"https:\/\/www.linkceramics.com\/fr\/wp-json\/wp\/v2\/media?parent=3027"}],"wp:term":[{"taxonomy":"certification","embeddable":true,"href":"https:\/\/www.linkceramics.com\/fr\/wp-json\/wp\/v2\/certification?post=3027"},{"taxonomy":"product_brand","embeddable":true,"href":"https:\/\/www.linkceramics.com\/fr\/wp-json\/wp\/v2\/product_brand?post=3027"},{"taxonomy":"product_cat","embeddable":true,"href":"https:\/\/www.linkceramics.com\/fr\/wp-json\/wp\/v2\/product_cat?post=3027"},{"taxonomy":"product_tag","embeddable":true,"href":"https:\/\/www.linkceramics.com\/fr\/wp-json\/wp\/v2\/product_tag?post=3027"}],"curies":[{"name":"wp","href":"https:\/\/api.w.org\/{rel}","templated":true}]}}