{"id":3033,"date":"2026-03-07T03:51:27","date_gmt":"2026-03-07T03:51:27","guid":{"rendered":"https:\/\/www.linkceramics.com\/?post_type=product&#038;p=3033"},"modified":"2026-03-07T03:51:29","modified_gmt":"2026-03-07T03:51:29","slug":"custom-white-ceramic-tea-pot-set","status":"publish","type":"product","link":"https:\/\/www.linkceramics.com\/fr\/product\/custom-white-ceramic-tea-pot-set\/","title":{"rendered":"Set de th\u00e9i\u00e8res en c\u00e9ramique blanche, Set de th\u00e9 et de tasses Wholesale"},"content":{"rendered":"<div class=\"wp-block-columns is-layout-flex wp-container-core-columns-is-layout-9d6595d7 wp-block-columns-is-layout-flex\">\n<div class=\"wp-block-column is-layout-flow wp-block-column-is-layout-flow\" style=\"flex-basis:50%\">\n<h3 class=\"wp-block-heading\">Set de th\u00e9i\u00e8res en c\u00e9ramique blanche de qualit\u00e9 sup\u00e9rieure Caract\u00e9ristiques :<\/h3>\n\n\n\n<ul class=\"wp-block-list\">\n<li><strong>Set de th\u00e9i\u00e8res en c\u00e9ramique blanche personnalis\u00e9<\/strong>\u00a0- Permet une personnalisation compl\u00e8te OEM\/ODM, y compris le logo, les accents de couleur et l'emballage pour r\u00e9pondre aux besoins de votre marque.<\/li>\n\n\n\n<li><strong>Ensemble complet de boissons<\/strong>\u00a0- Comprend une th\u00e9i\u00e8re et des tasses et soucoupes compl\u00e9mentaires pour un service de th\u00e9 coh\u00e9rent.<\/li>\n\n\n\n<li><strong>Construction en c\u00e9ramique de haute qualit\u00e9<\/strong>\u00a0- Fabriqu\u00e9 en porcelaine durable et s\u00fbre pour les aliments, avec une gla\u00e7ure lisse pour une utilisation quotidienne dans des environnements commerciaux.<\/li>\n\n\n\n<li><strong>Sc\u00e9narios d'utilisation polyvalents<\/strong>\u00a0- Parfait pour les h\u00f4tels, les caf\u00e9s, les restaurants et les magasins de d\u00e9tail, ainsi que pour les collections promotionnelles et les cadeaux.<\/li>\n\n\n\n<li><strong>Disponibilit\u00e9 en gros et en masse<\/strong>\u00a0- Con\u00e7us pour les commandes en gros, avec un contr\u00f4le de qualit\u00e9 coh\u00e9rent et des processus de production efficaces.<\/li>\n<\/ul>\n<\/div>\n\n\n\n<div class=\"wp-block-column is-layout-flow wp-block-column-is-layout-flow\" style=\"flex-basis:50%\">\n<figure class=\"wp-block-image size-full\"><img decoding=\"async\" width=\"1600\" height=\"770\" src=\"https:\/\/www.linkceramics.com\/wp-content\/uploads\/2026\/03\/custom-white-ceramic-tea-pot-set-tea-cup-set-wholesale-4.webp\" alt=\"custom-white-ceramic-tea-pot-set-tea-&amp;-cup-set-wholesale-4\" class=\"wp-image-3037\" srcset=\"https:\/\/www.linkceramics.com\/wp-content\/uploads\/2026\/03\/custom-white-ceramic-tea-pot-set-tea-cup-set-wholesale-4.webp 1600w, https:\/\/www.linkceramics.com\/wp-content\/uploads\/2026\/03\/custom-white-ceramic-tea-pot-set-tea-cup-set-wholesale-4-300x144.webp 300w, https:\/\/www.linkceramics.com\/wp-content\/uploads\/2026\/03\/custom-white-ceramic-tea-pot-set-tea-cup-set-wholesale-4-768x370.webp 768w, https:\/\/www.linkceramics.com\/wp-content\/uploads\/2026\/03\/custom-white-ceramic-tea-pot-set-tea-cup-set-wholesale-4-18x9.webp 18w, https:\/\/www.linkceramics.com\/wp-content\/uploads\/2026\/03\/custom-white-ceramic-tea-pot-set-tea-cup-set-wholesale-4-1200x578.webp 1200w, https:\/\/www.linkceramics.com\/wp-content\/uploads\/2026\/03\/custom-white-ceramic-tea-pot-set-tea-cup-set-wholesale-4-600x289.webp 600w\" sizes=\"(max-width: 1600px) 100vw, 1600px\" \/><\/figure>\n<\/div>\n<\/div>\n\n\n\n<figure class=\"wp-block-gallery has-nested-images columns-default is-cropped wp-block-gallery-1 is-layout-flex wp-block-gallery-is-layout-flex\">\n<figure class=\"wp-block-image size-large\"><img decoding=\"async\" width=\"750\" height=\"624\" data-id=\"3038\" src=\"https:\/\/www.linkceramics.com\/wp-content\/uploads\/2026\/03\/custom-white-ceramic-tea-pot-set-tea-cup-set-wholesale-5.webp\" alt=\"custom-white-ceramic-tea-pot-set-tea-&amp;-cup-set-wholesale-5\" class=\"wp-image-3038\" srcset=\"https:\/\/www.linkceramics.com\/wp-content\/uploads\/2026\/03\/custom-white-ceramic-tea-pot-set-tea-cup-set-wholesale-5.webp 750w, https:\/\/www.linkceramics.com\/wp-content\/uploads\/2026\/03\/custom-white-ceramic-tea-pot-set-tea-cup-set-wholesale-5-300x250.webp 300w, https:\/\/www.linkceramics.com\/wp-content\/uploads\/2026\/03\/custom-white-ceramic-tea-pot-set-tea-cup-set-wholesale-5-14x12.webp 14w, https:\/\/www.linkceramics.com\/wp-content\/uploads\/2026\/03\/custom-white-ceramic-tea-pot-set-tea-cup-set-wholesale-5-600x499.webp 600w\" sizes=\"(max-width: 750px) 100vw, 750px\" \/><\/figure>\n\n\n\n<figure class=\"wp-block-image size-large\"><img decoding=\"async\" width=\"750\" height=\"708\" data-id=\"3039\" src=\"https:\/\/www.linkceramics.com\/wp-content\/uploads\/2026\/03\/custom-white-ceramic-tea-pot-set-tea-cup-set-wholesale-6.webp\" alt=\"custom-white-ceramic-tea-pot-set-tea-&amp;-cup-set-wholesale-6\" class=\"wp-image-3039\" srcset=\"https:\/\/www.linkceramics.com\/wp-content\/uploads\/2026\/03\/custom-white-ceramic-tea-pot-set-tea-cup-set-wholesale-6.webp 750w, https:\/\/www.linkceramics.com\/wp-content\/uploads\/2026\/03\/custom-white-ceramic-tea-pot-set-tea-cup-set-wholesale-6-300x283.webp 300w, https:\/\/www.linkceramics.com\/wp-content\/uploads\/2026\/03\/custom-white-ceramic-tea-pot-set-tea-cup-set-wholesale-6-13x12.webp 13w, https:\/\/www.linkceramics.com\/wp-content\/uploads\/2026\/03\/custom-white-ceramic-tea-pot-set-tea-cup-set-wholesale-6-600x566.webp 600w\" sizes=\"(max-width: 750px) 100vw, 750px\" \/><\/figure>\n\n\n\n<figure class=\"wp-block-image size-large\"><img decoding=\"async\" width=\"750\" height=\"828\" data-id=\"3040\" src=\"https:\/\/www.linkceramics.com\/wp-content\/uploads\/2026\/03\/custom-white-ceramic-tea-pot-set-tea-cup-set-wholesale-7.webp\" alt=\"custom-white-ceramic-tea-pot-set-tea-&amp;-cup-set-wholesale-7\" class=\"wp-image-3040\" srcset=\"https:\/\/www.linkceramics.com\/wp-content\/uploads\/2026\/03\/custom-white-ceramic-tea-pot-set-tea-cup-set-wholesale-7.webp 750w, https:\/\/www.linkceramics.com\/wp-content\/uploads\/2026\/03\/custom-white-ceramic-tea-pot-set-tea-cup-set-wholesale-7-272x300.webp 272w, https:\/\/www.linkceramics.com\/wp-content\/uploads\/2026\/03\/custom-white-ceramic-tea-pot-set-tea-cup-set-wholesale-7-11x12.webp 11w, https:\/\/www.linkceramics.com\/wp-content\/uploads\/2026\/03\/custom-white-ceramic-tea-pot-set-tea-cup-set-wholesale-7-600x662.webp 600w\" sizes=\"(max-width: 750px) 100vw, 750px\" \/><\/figure>\n<\/figure>","protected":false},"excerpt":{"rendered":"<div id=\"brxe-0ee1ca\" class=\"brxe-product-meta product_meta\">\n<p>Nous vous invitons \u00e0 acheter l'ensemble de th\u00e9i\u00e8res en c\u00e9ramique blanche de Qingfa, qui allie l'\u00e9l\u00e9gance de la porcelaine blanche \u00e0 un design pratique. Id\u00e9al pour les caf\u00e9s, les h\u00f4tels, les restaurants et les commerces de d\u00e9tail, cet ensemble peut \u00eatre personnalis\u00e9 en OEM\/ODM, ce qui le rend parfait pour les services de th\u00e9 en vrac et les collections d'articles de boisson \u00e0 l'effigie d'une marque.<\/p>\n<h2>Set de th\u00e9i\u00e8res en c\u00e9ramique blanche personnalis\u00e9 Param\u00e8tre<\/h2>\n<table>\n<thead>\n<tr>\n<th>Fabricant<\/th>\n<th>Qingfa Ceramics<\/th>\n<\/tr>\n<\/thead>\n<tbody>\n<tr>\n<td>Nom du produit<\/td>\n<td>Service \u00e0 th\u00e9 \u00e9l\u00e9gant en porcelaine blanche \/ Service \u00e0 th\u00e9 personnalis\u00e9 en c\u00e9ramique blanche<\/td>\n<\/tr>\n<tr>\n<td>Mat\u00e9riau<\/td>\n<td>C\u00e9ramique de haute qualit\u00e9 \/ porcelaine blanche<\/td>\n<\/tr>\n<tr>\n<td>Composants<\/td>\n<td>Th\u00e9i\u00e8re + tasses et soucoupes assorties (configuration du set)<\/td>\n<\/tr>\n<tr>\n<td>Design \/ Style<\/td>\n<td>Service \u00e0 th\u00e9 classique en porcelaine blanche avec finition \u00e9l\u00e9gante<\/td>\n<\/tr>\n<tr>\n<td>Finition de la surface<\/td>\n<td>C\u00e9ramique \u00e9maill\u00e9e lisse, compatible avec les aliments<\/td>\n<\/tr>\n<tr>\n<td>Couleur<\/td>\n<td>Blanc pur (options d'accentuation personnalis\u00e9es disponibles)<\/td>\n<\/tr>\n<tr>\n<td>Capacit\u00e9<\/td>\n<td>Capacit\u00e9s de th\u00e9i\u00e8res et de tasses personnalis\u00e9es disponibles<\/td>\n<\/tr>\n<tr>\n<td>Personnalisation<\/td>\n<td>Impression de logos, conception de d\u00e9calcomanies, emballage, OEM\/ODM<\/td>\n<\/tr>\n<tr>\n<td>Utilisation<\/td>\n<td>Service de th\u00e9 et de boissons pour les caf\u00e9s, les restaurants, les h\u00f4tels et le commerce de d\u00e9tail<\/td>\n<\/tr>\n<tr>\n<td>Certifications<\/td>\n<td>FDA, LFGB, ISO (en fonction de la personnalisation)<\/td>\n<\/tr>\n<\/tbody>\n<\/table>\n<p>&nbsp;<\/p>\n<p>&nbsp;<\/p>\n<\/div>","protected":false},"featured_media":3034,"comment_status":"open","ping_status":"closed","template":"","meta":{"_acf_changed":true},"certification":[63,64,90,59,66,58,61,60,62,57,91],"product_brand":[],"product_cat":[34,19],"product_tag":[],"class_list":{"0":"post-3033","1":"product","2":"type-product","3":"status-publish","4":"has-post-thumbnail","6":"certification-amfori","7":"certification-bsci","8":"certification-ca-prop-65-compliant","9":"certification-ce","10":"certification-cnas","11":"certification-fda","12":"certification-iso-14001","13":"certification-iso-45001","14":"certification-iso-9001","15":"certification-lfgb","16":"certification-sedex","17":"product_cat-custom-household-ceramics","18":"product_cat-ceramic-tea-set-wholesale","20":"first","21":"instock","22":"shipping-taxable","23":"product-type-simple"},"acf":[],"_links":{"self":[{"href":"https:\/\/www.linkceramics.com\/fr\/wp-json\/wp\/v2\/product\/3033","targetHints":{"allow":["GET"]}}],"collection":[{"href":"https:\/\/www.linkceramics.com\/fr\/wp-json\/wp\/v2\/product"}],"about":[{"href":"https:\/\/www.linkceramics.com\/fr\/wp-json\/wp\/v2\/types\/product"}],"replies":[{"embeddable":true,"href":"https:\/\/www.linkceramics.com\/fr\/wp-json\/wp\/v2\/comments?post=3033"}],"wp:featuredmedia":[{"embeddable":true,"href":"https:\/\/www.linkceramics.com\/fr\/wp-json\/wp\/v2\/media\/3034"}],"wp:attachment":[{"href":"https:\/\/www.linkceramics.com\/fr\/wp-json\/wp\/v2\/media?parent=3033"}],"wp:term":[{"taxonomy":"certification","embeddable":true,"href":"https:\/\/www.linkceramics.com\/fr\/wp-json\/wp\/v2\/certification?post=3033"},{"taxonomy":"product_brand","embeddable":true,"href":"https:\/\/www.linkceramics.com\/fr\/wp-json\/wp\/v2\/product_brand?post=3033"},{"taxonomy":"product_cat","embeddable":true,"href":"https:\/\/www.linkceramics.com\/fr\/wp-json\/wp\/v2\/product_cat?post=3033"},{"taxonomy":"product_tag","embeddable":true,"href":"https:\/\/www.linkceramics.com\/fr\/wp-json\/wp\/v2\/product_tag?post=3033"}],"curies":[{"name":"wp","href":"https:\/\/api.w.org\/{rel}","templated":true}]}}