{"id":3041,"date":"2026-03-07T07:37:00","date_gmt":"2026-03-07T07:37:00","guid":{"rendered":"https:\/\/www.linkceramics.com\/?post_type=product&#038;p=3041"},"modified":"2026-03-07T07:37:01","modified_gmt":"2026-03-07T07:37:01","slug":"custom-ceramic-jars-in-bulk","status":"publish","type":"product","link":"https:\/\/www.linkceramics.com\/fr\/product\/custom-ceramic-jars-in-bulk\/","title":{"rendered":"Pots en c\u00e9ramique personnalis\u00e9s en vrac, R\u00e9cipients de parfum avec couvercle"},"content":{"rendered":"<div class=\"wp-block-columns is-layout-flex wp-container-core-columns-is-layout-9d6595d7 wp-block-columns-is-layout-flex\">\n<div class=\"wp-block-column is-layout-flow wp-block-column-is-layout-flow\" style=\"flex-basis:50%\">\n<h3 class=\"wp-block-heading\">Bocaux en c\u00e9ramique personnalis\u00e9s de premi\u00e8re qualit\u00e9 en vrac Caract\u00e9ristiques :<\/h3>\n\n\n\n<ul class=\"wp-block-list\">\n<li><strong>L'attrait esth\u00e9tique :<\/strong> Ces pots en c\u00e9ramique personnalis\u00e9s en vrac pr\u00e9sentent un style Wabi-sabi tr\u00e8s tendance avec une gla\u00e7ure mouchet\u00e9e unique qui ajoute une touche artisanale haut de gamme \u00e0 votre marque de bougies.<\/li>\n\n\n\n<li><strong>Couvercle fonctionnel :<\/strong> Comprend un couvercle en c\u00e9ramique assorti pour pr\u00e9server le parfum, \u00e9viter la poussi\u00e8re et \u00e9teindre les flammes en toute s\u00e9curit\u00e9 et sans fum\u00e9e.<\/li>\n\n\n\n<li><strong>La s\u00e9curit\u00e9 avant tout :<\/strong> Fabriqu\u00e9 en c\u00e9ramique de premi\u00e8re qualit\u00e9, cuite \u00e0 haute temp\u00e9rature, pour garantir une excellente r\u00e9sistance \u00e0 la chaleur et une durabilit\u00e9 pendant de longues dur\u00e9es de combustion.<\/li>\n\n\n\n<li><strong>Respectueux de l'environnement et r\u00e9utilisable :<\/strong> Con\u00e7u dans une optique de durabilit\u00e9, le pot peut \u00eatre r\u00e9utilis\u00e9, une fois la bougie termin\u00e9e, en tant que r\u00e9cipient de rangement \u00e9l\u00e9gant ou en tant que tasse.<\/li>\n\n\n\n<li><strong>Personnalisation B2B :<\/strong> Enti\u00e8rement personnalisable avec votre logo (laser ou d\u00e9calcomanie) et des couleurs Pantone sp\u00e9cifiques pour correspondre \u00e0 l'identit\u00e9 de votre marque.<\/li>\n<\/ul>\n<\/div>\n\n\n\n<div class=\"wp-block-column is-layout-flow wp-block-column-is-layout-flow\" style=\"flex-basis:50%\">\n<figure class=\"wp-block-image size-full\"><img decoding=\"async\" width=\"800\" height=\"800\" src=\"https:\/\/www.linkceramics.com\/wp-content\/uploads\/2026\/03\/custom-ceramic-jars-in-bulk-fragrance-containers-with-lid-3.webp\" alt=\"Pots en c\u00e9ramique personnalis\u00e9s avec couvercle-3\" class=\"wp-image-3044\" srcset=\"https:\/\/www.linkceramics.com\/wp-content\/uploads\/2026\/03\/custom-ceramic-jars-in-bulk-fragrance-containers-with-lid-3.webp 800w, https:\/\/www.linkceramics.com\/wp-content\/uploads\/2026\/03\/custom-ceramic-jars-in-bulk-fragrance-containers-with-lid-3-300x300.webp 300w, https:\/\/www.linkceramics.com\/wp-content\/uploads\/2026\/03\/custom-ceramic-jars-in-bulk-fragrance-containers-with-lid-3-150x150.webp 150w, https:\/\/www.linkceramics.com\/wp-content\/uploads\/2026\/03\/custom-ceramic-jars-in-bulk-fragrance-containers-with-lid-3-768x768.webp 768w, https:\/\/www.linkceramics.com\/wp-content\/uploads\/2026\/03\/custom-ceramic-jars-in-bulk-fragrance-containers-with-lid-3-12x12.webp 12w, https:\/\/www.linkceramics.com\/wp-content\/uploads\/2026\/03\/custom-ceramic-jars-in-bulk-fragrance-containers-with-lid-3-600x600.webp 600w, https:\/\/www.linkceramics.com\/wp-content\/uploads\/2026\/03\/custom-ceramic-jars-in-bulk-fragrance-containers-with-lid-3-100x100.webp 100w\" sizes=\"(max-width: 800px) 100vw, 800px\" \/><\/figure>\n<\/div>\n<\/div>","protected":false},"excerpt":{"rendered":"<div id=\"brxe-0ee1ca\" class=\"brxe-product-meta product_meta\">\n<p>Nous vous invitons \u00e0 acheter en gros des pots en c\u00e9ramique personnalis\u00e9s de Qingfa et \u00e0 rehausser votre marque. En tant que fabricant leader de pots en c\u00e9ramique, nous fournissons en gros des contenants de parfum personnalis\u00e9s avec des gla\u00e7ures mouchet\u00e9es uniques et l'impression de logos personnalis\u00e9s. Fourniture certifi\u00e9e FDA\/LFGB.<\/p>\n<h2>Param\u00e8tres des pots en c\u00e9ramique personnalis\u00e9s en vrac<\/h2>\n<table data-path-to-node=\"3\">\n<thead>\n<tr>\n<td>Objet<\/td>\n<td>Sp\u00e9cifications<\/td>\n<\/tr>\n<\/thead>\n<tbody>\n<tr>\n<td>Fabricant<\/td>\n<td>Qingfa Ceramics<\/td>\n<\/tr>\n<tr>\n<td>Nom du produit<\/td>\n<td>Photophore r\u00e9tro en c\u00e9ramique mouchet\u00e9e avec couvercle \/ R\u00e9cipient \u00e0 parfum personnalis\u00e9<\/td>\n<\/tr>\n<tr>\n<td>Mat\u00e9riau<\/td>\n<td>C\u00e9ramique \u00e9maill\u00e9e de haute qualit\u00e9 et r\u00e9sistante \u00e0 la chaleur<\/td>\n<\/tr>\n<tr>\n<td>Dimensions<\/td>\n<td>Haut : 9,4cm<\/td>\n<\/tr>\n<tr>\n<td>Design \/ Style<\/td>\n<td>Wabi-sabi minimaliste \/ style japonais r\u00e9tro avec finition mouchet\u00e9e<\/td>\n<\/tr>\n<tr>\n<td>Finition de la surface<\/td>\n<td>Gla\u00e7ure r\u00e9active lisse, r\u00e9sistante \u00e0 la chaleur et durable<\/td>\n<\/tr>\n<tr>\n<td>Type de couvercle<\/td>\n<td>Couvercle anti-poussi\u00e8re en c\u00e9ramique assorti (compatible avec l'extinction des fum\u00e9es)<\/td>\n<\/tr>\n<tr>\n<td>Options de couleur<\/td>\n<td>Beige naturel, blanc mouchet\u00e9 ou gla\u00e7ures personnalis\u00e9es de couleur Pantone<\/td>\n<\/tr>\n<tr>\n<td>Personnalisation<\/td>\n<td>Logo (laser\/d\u00e9calque), couleurs de gla\u00e7age personnalis\u00e9es, conception de motifs, emballage sur mesure<\/td>\n<\/tr>\n<tr>\n<td>Utilisation<\/td>\n<td>Fabrication de bougies parfum\u00e9es, aromath\u00e9rapie, rangement de d\u00e9coration d'int\u00e9rieur et cadeaux haut de gamme<\/td>\n<\/tr>\n<tr>\n<td>OEM \/ ODM<\/td>\n<td>Support complet (plus de 30 sp\u00e9cialistes en R&amp;D disponibles pour le d\u00e9veloppement de nouveaux moules)<\/td>\n<\/tr>\n<tr>\n<td>Certifications<\/td>\n<td>FDA, LFGB, ISO (en fonction des exigences de personnalisation)<\/td>\n<\/tr>\n<\/tbody>\n<\/table>\n<\/div>","protected":false},"featured_media":3043,"comment_status":"open","ping_status":"closed","template":"","meta":{"_acf_changed":true},"certification":[63,64,90,59,66,58,61,60,62,57,91],"product_brand":[],"product_cat":[37,16],"product_tag":[],"class_list":{"0":"post-3041","1":"product","2":"type-product","3":"status-publish","4":"has-post-thumbnail","6":"certification-amfori","7":"certification-bsci","8":"certification-ca-prop-65-compliant","9":"certification-ce","10":"certification-cnas","11":"certification-fda","12":"certification-iso-14001","13":"certification-iso-45001","14":"certification-iso-9001","15":"certification-lfgb","16":"certification-sedex","17":"product_cat-decorative-ceramic-wholesale","18":"product_cat-ceramic-candle-holder","20":"first","21":"instock","22":"shipping-taxable","23":"product-type-simple"},"acf":[],"_links":{"self":[{"href":"https:\/\/www.linkceramics.com\/fr\/wp-json\/wp\/v2\/product\/3041","targetHints":{"allow":["GET"]}}],"collection":[{"href":"https:\/\/www.linkceramics.com\/fr\/wp-json\/wp\/v2\/product"}],"about":[{"href":"https:\/\/www.linkceramics.com\/fr\/wp-json\/wp\/v2\/types\/product"}],"replies":[{"embeddable":true,"href":"https:\/\/www.linkceramics.com\/fr\/wp-json\/wp\/v2\/comments?post=3041"}],"wp:featuredmedia":[{"embeddable":true,"href":"https:\/\/www.linkceramics.com\/fr\/wp-json\/wp\/v2\/media\/3043"}],"wp:attachment":[{"href":"https:\/\/www.linkceramics.com\/fr\/wp-json\/wp\/v2\/media?parent=3041"}],"wp:term":[{"taxonomy":"certification","embeddable":true,"href":"https:\/\/www.linkceramics.com\/fr\/wp-json\/wp\/v2\/certification?post=3041"},{"taxonomy":"product_brand","embeddable":true,"href":"https:\/\/www.linkceramics.com\/fr\/wp-json\/wp\/v2\/product_brand?post=3041"},{"taxonomy":"product_cat","embeddable":true,"href":"https:\/\/www.linkceramics.com\/fr\/wp-json\/wp\/v2\/product_cat?post=3041"},{"taxonomy":"product_tag","embeddable":true,"href":"https:\/\/www.linkceramics.com\/fr\/wp-json\/wp\/v2\/product_tag?post=3041"}],"curies":[{"name":"wp","href":"https:\/\/api.w.org\/{rel}","templated":true}]}}