{"id":3055,"date":"2026-03-18T03:12:33","date_gmt":"2026-03-18T03:12:33","guid":{"rendered":"https:\/\/www.linkceramics.com\/?post_type=product&#038;p=3055"},"modified":"2026-03-18T03:12:34","modified_gmt":"2026-03-18T03:12:34","slug":"bell-flower-custom-dinnerware-sets","status":"publish","type":"product","link":"https:\/\/www.linkceramics.com\/fr\/product\/bell-flower-custom-dinnerware-sets\/","title":{"rendered":"Service de vaisselle personnalis\u00e9 Bell Flower, vaisselle en c\u00e9ramique pour l'h\u00f4tellerie"},"content":{"rendered":"<div class=\"wp-block-columns is-layout-flex wp-container-core-columns-is-layout-9d6595d7 wp-block-columns-is-layout-flex\">\n<div class=\"wp-block-column is-layout-flow wp-block-column-is-layout-flow\" style=\"flex-basis:50%\">\n<h3 class=\"wp-block-heading\">Premium Custom Dinnerware Sets Caract\u00e9ristiques :<\/h3>\n\n\n\n<ul class=\"wp-block-list\">\n<li><strong>Fleur de cloche classique :\u00a0<\/strong>Nos services de vaisselle personnalis\u00e9s sont con\u00e7us avec un motif classique de fleur de cloche, un design simple et classique, parfait pour les restaurants, les f\u00eates, les collections de d\u00e9tail et le march\u00e9 des cadeaux, avec un service OEM\/ODM.<\/li>\n\n\n\n<li><strong>Gr\u00e8s \u00e9cologique Mat\u00e9riau :<\/strong>\u00a0Ces services de vaisselle personnalis\u00e9s sont fabriqu\u00e9s \u00e0 partir de mati\u00e8res premi\u00e8res min\u00e9rales pures, naturelles et non toxiques, en accord avec les tendances environnementales mondiales. Ils sont non seulement propices \u00e0 l'image de la marque, mais r\u00e9pondent \u00e9galement aux exigences d'achat du march\u00e9 des produits verts haut de gamme.<\/li>\n\n\n\n<li><strong>Finition extr\u00eamement facile \u00e0 nettoyer :<\/strong>\u00a0Notre vaisselle en c\u00e9ramique en gros est con\u00e7ue pour les cuisines modernes et les services de restauration. La surface est dense et lisse, r\u00e9sistante aux taches d'huile et aux odeurs, et conserve un aspect propre et neuf pendant longtemps. Toute la vaisselle passe au lave-vaisselle, au micro-ondes et au four, ce qui permet de r\u00e9duire les co\u00fbts d'exploitation et d'entretien.<\/li>\n\n\n\n<li><strong>Vente directe en usine &amp; MOQ (1000) :<\/strong>\u00a0Nous fournissons en gros de la vaisselle en c\u00e9ramique \u00e0 des prix comp\u00e9titifs en supprimant les interm\u00e9diaires. La personnalisation est possible avec un MOQ de 1000 pi\u00e8ces, ce qui permet de soutenir la croissance rapide des petites et moyennes marques.<\/li>\n\n\n\n<li><strong>Tailles compl\u00e8tes pour les lots en gros :<\/strong>\u00a0Ces ensembles de vaisselle personnalis\u00e9s sont disponibles sous forme de bols, de tasses et d'assiettes de diff\u00e9rentes tailles. Cette vaisselle en c\u00e9ramique est parfaite pour les emballages en vrac, les lots de vente au d\u00e9tail et les solutions de vaisselle personnalis\u00e9es.<\/li>\n<\/ul>\n<\/div>\n\n\n\n<div class=\"wp-block-column is-layout-flow wp-block-column-is-layout-flow\" style=\"flex-basis:50%\">\n<figure class=\"wp-block-image size-full\"><img decoding=\"async\" width=\"800\" height=\"800\" src=\"https:\/\/www.linkceramics.com\/wp-content\/uploads\/2026\/03\/bell-flower-custom-dinnerware-sets-bulk-ceramic-tableware-5.webp\" alt=\"bell-flower-custom-dinnerware-sets-bulk-ceramic-tableware-5\" class=\"wp-image-3060\" srcset=\"https:\/\/www.linkceramics.com\/wp-content\/uploads\/2026\/03\/bell-flower-custom-dinnerware-sets-bulk-ceramic-tableware-5.webp 800w, https:\/\/www.linkceramics.com\/wp-content\/uploads\/2026\/03\/bell-flower-custom-dinnerware-sets-bulk-ceramic-tableware-5-300x300.webp 300w, https:\/\/www.linkceramics.com\/wp-content\/uploads\/2026\/03\/bell-flower-custom-dinnerware-sets-bulk-ceramic-tableware-5-150x150.webp 150w, https:\/\/www.linkceramics.com\/wp-content\/uploads\/2026\/03\/bell-flower-custom-dinnerware-sets-bulk-ceramic-tableware-5-768x768.webp 768w, https:\/\/www.linkceramics.com\/wp-content\/uploads\/2026\/03\/bell-flower-custom-dinnerware-sets-bulk-ceramic-tableware-5-12x12.webp 12w, https:\/\/www.linkceramics.com\/wp-content\/uploads\/2026\/03\/bell-flower-custom-dinnerware-sets-bulk-ceramic-tableware-5-600x600.webp 600w, https:\/\/www.linkceramics.com\/wp-content\/uploads\/2026\/03\/bell-flower-custom-dinnerware-sets-bulk-ceramic-tableware-5-100x100.webp 100w\" sizes=\"(max-width: 800px) 100vw, 800px\" \/><\/figure>\n<\/div>\n<\/div>\n\n\n\n<p><\/p>","protected":false},"excerpt":{"rendered":"<div id=\"brxe-0ee1ca\" class=\"brxe-product-meta product_meta\">\n<p>Bienvenue sur le site de l'usine de c\u00e9ramique Qunfa pour acheter des services de vaisselle personnalis\u00e9s avec un motif classique de fleur de cloche, fabriqu\u00e9s \u00e0 partir de gr\u00e8s de haute qualit\u00e9. Cette vaisselle en c\u00e9ramique de gros est con\u00e7ue pour les f\u00eates haut de gamme et les restaurants modernes, garantissant une r\u00e9sistance \u00e0 la chaleur et au froid et une conformit\u00e9 totale aux normes de s\u00e9curit\u00e9 du lave-vaisselle, du four \u00e0 micro-ondes et du four. Possibilit\u00e9 de personnalisation OEM\/ODM.<\/p>\n<div id=\"brxe-f24e70\" class=\"brxe-product-short-description brxe-text-basic\">\n<div class=\"woocommerce-product-details__short-description\">\n<h2>Param\u00e8tres des services de vaisselle personnalis\u00e9s<\/h2>\n<table width=\"328\">\n<tbody>\n<tr>\n<td width=\"116\">Fabricant<\/td>\n<td width=\"211\">QUNFA<\/td>\n<\/tr>\n<tr>\n<td width=\"116\">Type de produit<\/td>\n<td width=\"211\">Service de vaisselle<\/td>\n<\/tr>\n<tr>\n<td width=\"116\">Num\u00e9ro de mod\u00e8le<\/td>\n<td width=\"211\">2236-17\u00a0<\/td>\n<\/tr>\n<tr>\n<td width=\"116\">Mat\u00e9riau<\/td>\n<td width=\"211\">Gr\u00e8s<\/td>\n<\/tr>\n<tr>\n<td width=\"116\">Couleur<\/td>\n<td width=\"211\">Sur mesure<\/td>\n<\/tr>\n<tr>\n<td width=\"116\">Dimension<\/td>\n<td width=\"211\">5.6\u2033 bol rond:14.3*14.3*6.7cm<br \/>5.6\u2033 tasse ronde:14.5*11*10.7cm<br \/>Assiette en c\u00e9ramique 8\u201d : 20,3*20,3*1,9cm<br \/>Plaque en c\u00e9ramique 10.5\u201d : 26.7*26.7*3.5cm<\/td>\n<\/tr>\n<tr>\n<td width=\"116\">Mod\u00e8le<\/td>\n<td width=\"211\">Fleur de clochette<\/td>\n<\/tr>\n<tr>\n<td width=\"116\">MOQ<\/td>\n<td width=\"211\">1000pcs<\/td>\n<\/tr>\n<tr>\n<td width=\"116\">Sur mesure<\/td>\n<td width=\"211\">Couleur\/Taille\/Logo\/Emballage\/Forme<\/td>\n<\/tr>\n<\/tbody>\n<\/table>\n<\/div>\n<\/div>\n<div id=\"brxe-dcd6db\" class=\"brxe-block\">\u00a0<\/div>\n<\/div>","protected":false},"featured_media":3056,"comment_status":"open","ping_status":"closed","template":"","meta":{"_acf_changed":true},"certification":[63,64,66,89,58,61,60,62,57,88],"product_brand":[],"product_cat":[34,18],"product_tag":[],"class_list":{"0":"post-3055","1":"product","2":"type-product","3":"status-publish","4":"has-post-thumbnail","6":"certification-amfori","7":"certification-bsci","8":"certification-cnas","9":"certification-fcca","10":"certification-fda","11":"certification-iso-14001","12":"certification-iso-45001","13":"certification-iso-9001","14":"certification-lfgb","15":"certification-sgs","16":"product_cat-custom-household-ceramics","17":"product_cat-ceramic-tableware-wholesale","19":"first","20":"instock","21":"shipping-taxable","22":"product-type-simple"},"acf":[],"_links":{"self":[{"href":"https:\/\/www.linkceramics.com\/fr\/wp-json\/wp\/v2\/product\/3055","targetHints":{"allow":["GET"]}}],"collection":[{"href":"https:\/\/www.linkceramics.com\/fr\/wp-json\/wp\/v2\/product"}],"about":[{"href":"https:\/\/www.linkceramics.com\/fr\/wp-json\/wp\/v2\/types\/product"}],"replies":[{"embeddable":true,"href":"https:\/\/www.linkceramics.com\/fr\/wp-json\/wp\/v2\/comments?post=3055"}],"wp:featuredmedia":[{"embeddable":true,"href":"https:\/\/www.linkceramics.com\/fr\/wp-json\/wp\/v2\/media\/3056"}],"wp:attachment":[{"href":"https:\/\/www.linkceramics.com\/fr\/wp-json\/wp\/v2\/media?parent=3055"}],"wp:term":[{"taxonomy":"certification","embeddable":true,"href":"https:\/\/www.linkceramics.com\/fr\/wp-json\/wp\/v2\/certification?post=3055"},{"taxonomy":"product_brand","embeddable":true,"href":"https:\/\/www.linkceramics.com\/fr\/wp-json\/wp\/v2\/product_brand?post=3055"},{"taxonomy":"product_cat","embeddable":true,"href":"https:\/\/www.linkceramics.com\/fr\/wp-json\/wp\/v2\/product_cat?post=3055"},{"taxonomy":"product_tag","embeddable":true,"href":"https:\/\/www.linkceramics.com\/fr\/wp-json\/wp\/v2\/product_tag?post=3055"}],"curies":[{"name":"wp","href":"https:\/\/api.w.org\/{rel}","templated":true}]}}