{"id":316,"date":"2024-12-21T07:13:03","date_gmt":"2024-12-21T07:13:03","guid":{"rendered":"https:\/\/www.linkceramics.com\/?post_type=product&#038;p=316"},"modified":"2024-12-21T07:13:04","modified_gmt":"2024-12-21T07:13:04","slug":"ceramic-dishes-wholesale","status":"publish","type":"product","link":"https:\/\/www.linkceramics.com\/fr\/product\/ceramic-dishes-wholesale\/","title":{"rendered":"Bols en forme de lotus personnalis\u00e9s Plats en c\u00e9ramique Wholesale"},"content":{"rendered":"<div class=\"wp-block-columns is-layout-flex wp-container-core-columns-is-layout-9d6595d7 wp-block-columns-is-layout-flex\">\n<div class=\"wp-block-column is-layout-flow wp-block-column-is-layout-flow\" style=\"flex-basis:50%\">\n<h3 class=\"wp-block-heading\">Plats en c\u00e9ramique de premi\u00e8re qualit\u00e9 Caract\u00e9ristiques en gros :<\/h3>\n\n\n\n<ul class=\"wp-block-list\">\n<li><strong>Design unique en forme de lotus :&nbsp;<\/strong>Ces plats en c\u00e9ramique sont con\u00e7us en forme de lotus, ce qui est un gage d'\u00e9l\u00e9gance et d'art. Que ce soit pour les repas quotidiens ou les occasions sp\u00e9ciales, ils peuvent ajouter une touche unique \u00e0 votre table et am\u00e9liorer l'ensemble de l'exp\u00e9rience culinaire.<\/li>\n\n\n\n<li><strong>Options de tailles multiples :&nbsp;<\/strong>Nous proposons des bols en c\u00e9ramique personnalis\u00e9s dans une vari\u00e9t\u00e9 de tailles pour r\u00e9pondre aux diff\u00e9rents besoins de la restauration. Qu'il s'agisse d'un petit plat d'accompagnement, d'un grand plat principal ou d'un dessert, ces assiettes et bols en gros peuvent r\u00e9pondre de mani\u00e8re flexible aux besoins de service de diff\u00e9rents plats.<\/li>\n\n\n\n<li><strong>Service de vaisselle personnalis\u00e9e :&nbsp;<\/strong>Nous proposons des services de personnalisation pour les plats en c\u00e9ramique en gros. Vous pouvez choisir la couleur, le motif et la taille en fonction du style de votre marque ou du th\u00e8me de votre restaurant. Nos assiettes et bols en gros sont uniques et r\u00e9pondent \u00e0 vos besoins.<\/li>\n\n\n\n<li><strong>Mat\u00e9riau c\u00e9ramique de haute qualit\u00e9 :&nbsp;<\/strong>Ces bols en c\u00e9ramique personnalis\u00e9s sont fabriqu\u00e9s \u00e0 partir de mat\u00e9riaux c\u00e9ramiques de haute qualit\u00e9, durables et faciles \u00e0 nettoyer. Qu'il s'agisse de plats chauds ou froids, ils peuvent \u00eatre parfaitement servis et rester en bon \u00e9tat pendant l'utilisation quotidienne.<\/li>\n<\/ul>\n<\/div>\n\n\n\n<div class=\"wp-block-column is-layout-flow wp-block-column-is-layout-flow\" style=\"flex-basis:50%\">\n<figure class=\"wp-block-image size-full\"><img decoding=\"async\" width=\"1500\" height=\"1396\" src=\"https:\/\/www.linkceramics.com\/wp-content\/uploads\/2024\/11\/curved-arc-shaped-bowls-ceramic-tableware-wholesale-lotus-shaped-bowl-6.webp\" alt=\"bols en forme d&#039;arc incurv\u00e9-vaisselle en c\u00e9ramique-vaisselle en gros-bol en forme de lotus-6\" class=\"wp-image-319\" srcset=\"https:\/\/www.linkceramics.com\/wp-content\/uploads\/2024\/11\/curved-arc-shaped-bowls-ceramic-tableware-wholesale-lotus-shaped-bowl-6.webp 1500w, https:\/\/www.linkceramics.com\/wp-content\/uploads\/2024\/11\/curved-arc-shaped-bowls-ceramic-tableware-wholesale-lotus-shaped-bowl-6-300x279.webp 300w, https:\/\/www.linkceramics.com\/wp-content\/uploads\/2024\/11\/curved-arc-shaped-bowls-ceramic-tableware-wholesale-lotus-shaped-bowl-6-768x715.webp 768w, https:\/\/www.linkceramics.com\/wp-content\/uploads\/2024\/11\/curved-arc-shaped-bowls-ceramic-tableware-wholesale-lotus-shaped-bowl-6-1200x1117.webp 1200w, https:\/\/www.linkceramics.com\/wp-content\/uploads\/2024\/11\/curved-arc-shaped-bowls-ceramic-tableware-wholesale-lotus-shaped-bowl-6-600x558.webp 600w\" sizes=\"(max-width: 1500px) 100vw, 1500px\" \/><\/figure>\n<\/div>\n<\/div>\n\n\n\n<p><\/p>","protected":false},"excerpt":{"rendered":"<p>Bienvenue pour acheter des assiettes et des bols en gros. Cette vaisselle en c\u00e9ramique en gros en forme de lotus combine parfaitement un design unique avec une vari\u00e9t\u00e9 d'options de taille, convenant \u00e0 diverses occasions de restauration. Les mat\u00e9riaux c\u00e9ramiques de haute qualit\u00e9 garantissent la durabilit\u00e9 et les services de vaisselle personnalis\u00e9s r\u00e9pondent \u00e0 vos besoins.<\/p>\n<h2>Plats en c\u00e9ramique de qualit\u00e9 sup\u00e9rieure Sp\u00e9cifications :<\/h2>\n<table border=\"0\" width=\"542\" cellspacing=\"0\" cellpadding=\"0\">\n<tbody>\n<tr>\n<td width=\"271\" height=\"24\">Fabricant<\/td>\n<td width=\"271\">JINHUA<\/td>\n<\/tr>\n<tr>\n<td height=\"24\">Num\u00e9ro de mod\u00e8le<\/td>\n<td>JHD-03<\/td>\n<\/tr>\n<tr>\n<td height=\"24\">Conception<\/td>\n<td>Forme de lotus<\/td>\n<\/tr>\n<tr>\n<td height=\"24\">Mat\u00e9riau<\/td>\n<td>C\u00e9ramique<\/td>\n<\/tr>\n<tr>\n<td height=\"24\">Couleur<\/td>\n<td>Vert, brun<\/td>\n<\/tr>\n<tr>\n<td height=\"24\">Sur mesure<\/td>\n<td>Couleur\/Taille\/Logo\/Emballage<\/td>\n<\/tr>\n<tr>\n<td height=\"24\">MOQ<\/td>\n<td>500sets<\/td>\n<\/tr>\n<tr>\n<td rowspan=\"5\" height=\"120\">Dimension<\/td>\n<td>S:7.5*7.5*8.5<\/td>\n<\/tr>\n<tr>\n<td>M:9*8*8<\/td>\n<\/tr>\n<tr>\n<td>L:11*10.5*10<\/td>\n<\/tr>\n<tr>\n<td>XL:13*12*9<\/td>\n<\/tr>\n<tr>\n<td>XXL : 15*13*9<\/td>\n<\/tr>\n<tr>\n<td height=\"24\">N.W \/SET<\/td>\n<td>1,5\/set<\/td>\n<\/tr>\n<\/tbody>\n<\/table>","protected":false},"featured_media":323,"comment_status":"open","ping_status":"closed","template":"","meta":{"_acf_changed":true},"certification":[63,64,66,58,65,61,60,62,57],"product_brand":[],"product_cat":[34,20,18],"product_tag":[],"class_list":{"0":"post-316","1":"product","2":"type-product","3":"status-publish","4":"has-post-thumbnail","6":"certification-amfori","7":"certification-bsci","8":"certification-cnas","9":"certification-fda","10":"certification-iaf","11":"certification-iso-14001","12":"certification-iso-45001","13":"certification-iso-9001","14":"certification-lfgb","15":"product_cat-custom-household-ceramics","16":"product_cat-ceramic-kitchenware-wholesale","17":"product_cat-ceramic-tableware-wholesale","19":"first","20":"instock","21":"shipping-taxable","22":"product-type-simple"},"acf":[],"_links":{"self":[{"href":"https:\/\/www.linkceramics.com\/fr\/wp-json\/wp\/v2\/product\/316","targetHints":{"allow":["GET"]}}],"collection":[{"href":"https:\/\/www.linkceramics.com\/fr\/wp-json\/wp\/v2\/product"}],"about":[{"href":"https:\/\/www.linkceramics.com\/fr\/wp-json\/wp\/v2\/types\/product"}],"replies":[{"embeddable":true,"href":"https:\/\/www.linkceramics.com\/fr\/wp-json\/wp\/v2\/comments?post=316"}],"wp:featuredmedia":[{"embeddable":true,"href":"https:\/\/www.linkceramics.com\/fr\/wp-json\/wp\/v2\/media\/323"}],"wp:attachment":[{"href":"https:\/\/www.linkceramics.com\/fr\/wp-json\/wp\/v2\/media?parent=316"}],"wp:term":[{"taxonomy":"certification","embeddable":true,"href":"https:\/\/www.linkceramics.com\/fr\/wp-json\/wp\/v2\/certification?post=316"},{"taxonomy":"product_brand","embeddable":true,"href":"https:\/\/www.linkceramics.com\/fr\/wp-json\/wp\/v2\/product_brand?post=316"},{"taxonomy":"product_cat","embeddable":true,"href":"https:\/\/www.linkceramics.com\/fr\/wp-json\/wp\/v2\/product_cat?post=316"},{"taxonomy":"product_tag","embeddable":true,"href":"https:\/\/www.linkceramics.com\/fr\/wp-json\/wp\/v2\/product_tag?post=316"}],"curies":[{"name":"wp","href":"https:\/\/api.w.org\/{rel}","templated":true}]}}