{"id":325,"date":"2024-12-21T07:11:32","date_gmt":"2024-12-21T07:11:32","guid":{"rendered":"https:\/\/www.linkceramics.com\/?post_type=product&#038;p=325"},"modified":"2024-12-21T07:11:33","modified_gmt":"2024-12-21T07:11:33","slug":"ceramic-bakeware-set-wholesale","status":"publish","type":"product","link":"https:\/\/www.linkceramics.com\/fr\/product\/ceramic-bakeware-set-wholesale\/","title":{"rendered":"Ensemble d'ustensiles de cuisson en c\u00e9ramique, sans plomb et antiadh\u00e9sif, vendu en gros par le fournisseur de po\u00eales \u00e0 frire"},"content":{"rendered":"<div class=\"wp-block-columns is-layout-flex wp-container-core-columns-is-layout-9d6595d7 wp-block-columns-is-layout-flex\">\n<div class=\"wp-block-column is-layout-flow wp-block-column-is-layout-flow\" style=\"flex-basis:50%\">\n<h3 class=\"wp-block-heading\">Ensemble d'ustensiles de cuisson en c\u00e9ramique de premi\u00e8re qualit\u00e9 Caract\u00e9ristiques en gros :<\/h3>\n\n\n\n<ul class=\"wp-block-list\">\n<li><strong>Un fort attrait visuel :<\/strong>&nbsp;Cet ensemble d'ustensiles de cuisson en c\u00e9ramique utilise une gla\u00e7ure rouge classique, d'une couleur vive et d'un grand impact visuel, qui conf\u00e8re vitalit\u00e9 et \u00e9l\u00e9gance \u00e0 la cuisine. Il convient \u00e0 un usage quotidien et \u00e0 la pr\u00e9sentation de plats lors d'occasions sp\u00e9ciales.<\/li>\n\n\n\n<li><strong>Diff\u00e9rentes options de taille :<\/strong>&nbsp;Notre batterie de cuisine se d\u00e9cline en de nombreuses options de taille, qui correspondent \u00e0 diff\u00e9rentes \u00e9chelles de besoins en mati\u00e8re de cuisson des aliments. Qu'il s'agisse de petits desserts ou de grands plats principaux, vous trouverez toujours le bon mod\u00e8le de moule \u00e0 p\u00e2tisserie pour plus de flexibilit\u00e9 et de commodit\u00e9 lors de la cuisson.<\/li>\n\n\n\n<li><strong>Mat\u00e9riau sans plomb :&nbsp;<\/strong>Notre batterie de cuisine en c\u00e9ramique est fabriqu\u00e9e \u00e0 partir d'un mat\u00e9riau c\u00e9ramique sans plomb, qui peut garantir que pendant la cuisson \u00e0 haute temp\u00e9rature, aucune substance toxique n'est lib\u00e9r\u00e9e par les aliments pour une alimentation saine, offrant ainsi aux utilisateurs s\u00e9curit\u00e9 et s\u00fbret\u00e9.<\/li>\n\n\n\n<li><strong>Surface antiadh\u00e9sive, facile \u00e0 nettoyer :<\/strong>&nbsp;Le rev\u00eatement antiadh\u00e9sif de notre batterie de cuisine emp\u00eache les aliments de coller apr\u00e8s la cuisson, ce qui rend la cuisson facile et pratique. Cette conception de la surface antiadh\u00e9sive permet de gagner du temps lors du nettoyage et de conserver la qualit\u00e9 du moule \u00e0 p\u00e2tisserie pendant longtemps.<\/li>\n<\/ul>\n<\/div>\n\n\n\n<div class=\"wp-block-column is-layout-flow wp-block-column-is-layout-flow\" style=\"flex-basis:50%\">\n<figure class=\"wp-block-image size-full\"><img decoding=\"async\" width=\"750\" height=\"750\" src=\"https:\/\/www.linkceramics.com\/wp-content\/uploads\/2024\/11\/custom-baking-pans-wholesale-ceramic-bakeware-set-5.webp\" alt=\"custom-baking-pans-wholesale-ceramic-bakeware-set-5\" class=\"wp-image-344\" srcset=\"https:\/\/www.linkceramics.com\/wp-content\/uploads\/2024\/11\/custom-baking-pans-wholesale-ceramic-bakeware-set-5.webp 750w, https:\/\/www.linkceramics.com\/wp-content\/uploads\/2024\/11\/custom-baking-pans-wholesale-ceramic-bakeware-set-5-300x300.webp 300w, https:\/\/www.linkceramics.com\/wp-content\/uploads\/2024\/11\/custom-baking-pans-wholesale-ceramic-bakeware-set-5-150x150.webp 150w, https:\/\/www.linkceramics.com\/wp-content\/uploads\/2024\/11\/custom-baking-pans-wholesale-ceramic-bakeware-set-5-600x600.webp 600w, https:\/\/www.linkceramics.com\/wp-content\/uploads\/2024\/11\/custom-baking-pans-wholesale-ceramic-bakeware-set-5-100x100.webp 100w\" sizes=\"(max-width: 750px) 100vw, 750px\" \/><\/figure>\n<\/div>\n<\/div>","protected":false},"excerpt":{"rendered":"<p>Bienvenue sur le site du fournisseur de moules \u00e0 p\u00e2tisserie pour la cuisine. Cette batterie de cuisine classique en c\u00e9ramique \u00e9maill\u00e9e rouge est color\u00e9e pour ajouter de la couleur \u00e0 n'importe quel style de cuisine. En m\u00eame temps, il a aussi plusieurs options de taille qui peuvent r\u00e9pondre aux besoins diversifi\u00e9s des diff\u00e9rents cuisiniers. S\u00fbre et saine gr\u00e2ce au mat\u00e9riau c\u00e9ramique sans plomb et \u00e0 la conception antiadh\u00e9sive pour un nettoyage facile.<\/p>\n<h2>Ensemble d'ustensiles de cuisson en c\u00e9ramique de premi\u00e8re qualit\u00e9 Sp\u00e9cifications :<\/h2>\n<table border=\"0\" width=\"531\" cellspacing=\"0\" cellpadding=\"0\">\n<tbody>\n<tr>\n<td width=\"271\" height=\"24\">Fabricant<\/td>\n<td width=\"260\">JINHUA<\/td>\n<\/tr>\n<tr>\n<td width=\"271\" height=\"25\">Num\u00e9ro de mod\u00e8le<\/td>\n<td width=\"260\">JHK-03<\/td>\n<\/tr>\n<tr>\n<td width=\"271\" height=\"24\">Conception<\/td>\n<td width=\"260\">Forme rectangulaire<\/td>\n<\/tr>\n<tr>\n<td width=\"271\" height=\"24\">Mat\u00e9riau<\/td>\n<td width=\"260\">C\u00e9ramique<\/td>\n<\/tr>\n<tr>\n<td width=\"271\" height=\"24\">Couleur<\/td>\n<td width=\"260\">Rouge<\/td>\n<\/tr>\n<tr>\n<td width=\"271\" height=\"24\">Sur mesure<\/td>\n<td width=\"260\">Couleur\/Taille\/Logo\/Emballage<\/td>\n<\/tr>\n<tr>\n<td width=\"271\" height=\"24\">MOQ<\/td>\n<td width=\"260\">500sets<\/td>\n<\/tr>\n<tr>\n<td rowspan=\"3\" width=\"271\" height=\"72\">Dimension<\/td>\n<td width=\"260\">L : 37.5*24.5*9<\/td>\n<\/tr>\n<tr>\n<td width=\"260\">M : 30*22*8<\/td>\n<\/tr>\n<tr>\n<td width=\"260\">S : 23*18*7<\/td>\n<\/tr>\n<tr>\n<td width=\"271\" height=\"24\">N.W \/SET<\/td>\n<td width=\"260\">2.2\/set<\/td>\n<\/tr>\n<\/tbody>\n<\/table>","protected":false},"featured_media":330,"comment_status":"open","ping_status":"closed","template":"","meta":{"_acf_changed":true},"certification":[63,64,66,58,65,61,60,62,57],"product_brand":[],"product_cat":[34,20],"product_tag":[],"class_list":{"0":"post-325","1":"product","2":"type-product","3":"status-publish","4":"has-post-thumbnail","6":"certification-amfori","7":"certification-bsci","8":"certification-cnas","9":"certification-fda","10":"certification-iaf","11":"certification-iso-14001","12":"certification-iso-45001","13":"certification-iso-9001","14":"certification-lfgb","15":"product_cat-custom-household-ceramics","16":"product_cat-ceramic-kitchenware-wholesale","18":"first","19":"instock","20":"shipping-taxable","21":"product-type-simple"},"acf":[],"_links":{"self":[{"href":"https:\/\/www.linkceramics.com\/fr\/wp-json\/wp\/v2\/product\/325","targetHints":{"allow":["GET"]}}],"collection":[{"href":"https:\/\/www.linkceramics.com\/fr\/wp-json\/wp\/v2\/product"}],"about":[{"href":"https:\/\/www.linkceramics.com\/fr\/wp-json\/wp\/v2\/types\/product"}],"replies":[{"embeddable":true,"href":"https:\/\/www.linkceramics.com\/fr\/wp-json\/wp\/v2\/comments?post=325"}],"wp:featuredmedia":[{"embeddable":true,"href":"https:\/\/www.linkceramics.com\/fr\/wp-json\/wp\/v2\/media\/330"}],"wp:attachment":[{"href":"https:\/\/www.linkceramics.com\/fr\/wp-json\/wp\/v2\/media?parent=325"}],"wp:term":[{"taxonomy":"certification","embeddable":true,"href":"https:\/\/www.linkceramics.com\/fr\/wp-json\/wp\/v2\/certification?post=325"},{"taxonomy":"product_brand","embeddable":true,"href":"https:\/\/www.linkceramics.com\/fr\/wp-json\/wp\/v2\/product_brand?post=325"},{"taxonomy":"product_cat","embeddable":true,"href":"https:\/\/www.linkceramics.com\/fr\/wp-json\/wp\/v2\/product_cat?post=325"},{"taxonomy":"product_tag","embeddable":true,"href":"https:\/\/www.linkceramics.com\/fr\/wp-json\/wp\/v2\/product_tag?post=325"}],"curies":[{"name":"wp","href":"https:\/\/api.w.org\/{rel}","templated":true}]}}