{"id":346,"date":"2024-12-21T06:47:42","date_gmt":"2024-12-21T06:47:42","guid":{"rendered":"https:\/\/www.linkceramics.com\/?post_type=product&#038;p=346"},"modified":"2024-12-21T06:48:07","modified_gmt":"2024-12-21T06:48:07","slug":"wholesale-ceramic-bathroom-set","status":"publish","type":"product","link":"https:\/\/www.linkceramics.com\/fr\/product\/wholesale-ceramic-bathroom-set\/","title":{"rendered":"Set de salle de bain 4 pi\u00e8ces en c\u00e9ramique avec couvercles en bambou"},"content":{"rendered":"<div class=\"wp-block-columns is-layout-flex wp-container-core-columns-is-layout-9d6595d7 wp-block-columns-is-layout-flex\">\n<div class=\"wp-block-column is-layout-flow wp-block-column-is-layout-flow\">\n<h3 class=\"wp-block-heading\">Premium 4-Piece Wholesale Ceramic Bathroom Set Features :<\/h3>\n\n\n\n<ul class=\"wp-block-list\">\n<li><strong>Design moderne :<\/strong>\u00a0Ces sets de salle de bain en c\u00e9ramique 4 pi\u00e8ces pr\u00e9sentent un design minimaliste et moderne. Les tasses et les bouteilles de savon en c\u00e9ramique sont toutes deux des mod\u00e8les cylindriques classiques aux lignes douces, \u00e0 la fois simples et sophistiqu\u00e9es. De plus, le plateau en bambou ajoute une touche de texture naturelle \u00e0 cet ensemble moderne.<\/li>\n\n\n\n<li><strong>Couleurs polyvalentes :<\/strong>\u00a0Ces ensembles de salle de bains en gros sont disponibles en trois couleurs : blanc, noir et gris, ce qui permet de r\u00e9pondre aux besoins de d\u00e9coration de la salle de bains dans diff\u00e9rents styles. Le blanc est classique et polyvalent, le noir est simple et atmosph\u00e9rique, et le gris est \u00e0 la mode et \u00e9l\u00e9gant.<\/li>\n\n\n\n<li><strong>Mat\u00e9riau de premi\u00e8re qualit\u00e9 :<\/strong>\u00a0Ces sets de salle de bain en c\u00e9ramique 4 pi\u00e8ces sont fabriqu\u00e9s en c\u00e9ramique de haute qualit\u00e9 et en bois de bambou de premi\u00e8re qualit\u00e9. La c\u00e9ramique est lisse et d\u00e9licate, bien imperm\u00e9able et facile \u00e0 nettoyer.<\/li>\n\n\n\n<li><strong>Ensemble complet :<\/strong>\u00a0Ces sets de salle de bain en gros comprennent deux tasses en c\u00e9ramique et un distributeur de savon \u00e0 pompe en c\u00e9ramique, qui peuvent \u00eatre utilis\u00e9s pour placer des brosses \u00e0 dents, du dentifrice, du savon pour les mains, etc. Le plateau en bambou permet non seulement de supporter mais aussi de s\u00e9parer diff\u00e9rents objets, ce qui rend le plan de travail de la salle de bains plus ordonn\u00e9 et organis\u00e9.<\/li>\n<\/ul>\n<\/div>\n\n\n\n<div class=\"wp-block-column is-layout-flow wp-block-column-is-layout-flow\">\n<figure class=\"wp-block-image size-full\"><img decoding=\"async\" width=\"800\" height=\"800\" src=\"https:\/\/www.linkceramics.com\/wp-content\/uploads\/2024\/11\/4-Piece-Wholesale-Ceramic-Bathroom-Set-With-Bamboo-Accents-4.jpg\" alt=\"Ensemble de salle de bains en c\u00e9ramique 4 pi\u00e8ces avec accents en bambou-4\" class=\"wp-image-350\" srcset=\"https:\/\/www.linkceramics.com\/wp-content\/uploads\/2024\/11\/4-Piece-Wholesale-Ceramic-Bathroom-Set-With-Bamboo-Accents-4.jpg 800w, https:\/\/www.linkceramics.com\/wp-content\/uploads\/2024\/11\/4-Piece-Wholesale-Ceramic-Bathroom-Set-With-Bamboo-Accents-4-300x300.jpg 300w, https:\/\/www.linkceramics.com\/wp-content\/uploads\/2024\/11\/4-Piece-Wholesale-Ceramic-Bathroom-Set-With-Bamboo-Accents-4-150x150.jpg 150w, https:\/\/www.linkceramics.com\/wp-content\/uploads\/2024\/11\/4-Piece-Wholesale-Ceramic-Bathroom-Set-With-Bamboo-Accents-4-768x768.jpg 768w, https:\/\/www.linkceramics.com\/wp-content\/uploads\/2024\/11\/4-Piece-Wholesale-Ceramic-Bathroom-Set-With-Bamboo-Accents-4-600x600.jpg 600w, https:\/\/www.linkceramics.com\/wp-content\/uploads\/2024\/11\/4-Piece-Wholesale-Ceramic-Bathroom-Set-With-Bamboo-Accents-4-100x100.jpg 100w\" sizes=\"(max-width: 800px) 100vw, 800px\" \/><\/figure>\n<\/div>\n<\/div>","protected":false},"excerpt":{"rendered":"<div class=\"elementor-element elementor-element-12826c1 elementor-widget elementor-widget-text-editor\" data-id=\"12826c1\" data-element_type=\"widget\" data-widget_type=\"text-editor.default\">\n<div class=\"elementor-widget-container\">Bienvenue sur le site d'achat d'accessoires de salle de bains. Ces ensembles de salle de bains en c\u00e9ramique 4 pi\u00e8ces ont \u00e9t\u00e9 largement pl\u00e9biscit\u00e9s sur le march\u00e9 pour leur design moderne, leur mat\u00e9riau c\u00e9ramique de haute qualit\u00e9 et leur fonctionnalit\u00e9 pratique. Les c\u00e9ramiques noires, blanches et grises s'int\u00e8grent facilement \u00e0 tout style de d\u00e9coration de salle de bains. Ces ensembles peuvent \u00eatre achet\u00e9s en gros pour r\u00e9pondre aux besoins des clients commerciaux.<\/p>\n<h2>Ensemble de salle de bain en c\u00e9ramique Sp\u00e9cifications :<\/h2>\n<\/div>\n<\/div>\n<div class=\"elementor-element elementor-element-bef26dc elementor-widget elementor-widget-text-editor\" data-id=\"bef26dc\" data-element_type=\"widget\" data-widget_type=\"text-editor.default\">\n<div class=\"elementor-widget-container\">\n<table border=\"0\" width=\"476\" cellspacing=\"0\" cellpadding=\"0\">\n<tbody>\n<tr>\n<td class=\"et3\" width=\"187\" height=\"29\">Fabricant<\/td>\n<td class=\"et3\" width=\"289\">JINHUA<\/td>\n<\/tr>\n<tr>\n<td class=\"et3\" height=\"29\">Num\u00e9ro de mod\u00e8le<\/td>\n<td class=\"et3\">JHB37<\/td>\n<\/tr>\n<tr>\n<td class=\"et3\" height=\"29\">Conception<\/td>\n<td class=\"et3\">Ensemble de 4 pi\u00e8ces<\/td>\n<\/tr>\n<tr>\n<td class=\"et4\" height=\"29\">Mat\u00e9riau<\/td>\n<td class=\"et3\">C\u00e9ramique<\/td>\n<\/tr>\n<tr>\n<td class=\"et4\" height=\"29\">Couleur<\/td>\n<td class=\"et5\" width=\"289\">Blanc, noir, gris<\/td>\n<\/tr>\n<tr>\n<td class=\"et3\" height=\"29\">Sur mesure<\/td>\n<td class=\"et3\">Couleur\/Taille\/Logo\/Emballage<\/td>\n<\/tr>\n<tr>\n<td class=\"et3\" height=\"29\">MOQ<\/td>\n<td class=\"et3\">500sets<\/td>\n<\/tr>\n<tr>\n<td class=\"et3\" height=\"87\">Dimension<\/td>\n<td class=\"et5\" width=\"289\">\n<p>Coupe : 6.8*6.8*12cm<\/p>\n<p>Distributeur de savon : 7*7*18cm Plateau : 28.5*9*1cm<\/p>\n<\/td>\n<\/tr>\n<\/tbody>\n<\/table>\n<\/div>\n<\/div>","protected":false},"featured_media":352,"comment_status":"open","ping_status":"closed","template":"","meta":{"_acf_changed":false},"certification":[63,64,66,58,65,61,60,62,57],"product_brand":[],"product_cat":[22,35],"product_tag":[],"class_list":{"0":"post-346","1":"product","2":"type-product","3":"status-publish","4":"has-post-thumbnail","6":"certification-amfori","7":"certification-bsci","8":"certification-cnas","9":"certification-fda","10":"certification-iaf","11":"certification-iso-14001","12":"certification-iso-45001","13":"certification-iso-9001","14":"certification-lfgb","15":"product_cat-ceramic-bathroom-set","16":"product_cat-bathroom-ceramics-supply","18":"first","19":"instock","20":"shipping-taxable","21":"product-type-simple"},"acf":[],"_links":{"self":[{"href":"https:\/\/www.linkceramics.com\/fr\/wp-json\/wp\/v2\/product\/346","targetHints":{"allow":["GET"]}}],"collection":[{"href":"https:\/\/www.linkceramics.com\/fr\/wp-json\/wp\/v2\/product"}],"about":[{"href":"https:\/\/www.linkceramics.com\/fr\/wp-json\/wp\/v2\/types\/product"}],"replies":[{"embeddable":true,"href":"https:\/\/www.linkceramics.com\/fr\/wp-json\/wp\/v2\/comments?post=346"}],"wp:featuredmedia":[{"embeddable":true,"href":"https:\/\/www.linkceramics.com\/fr\/wp-json\/wp\/v2\/media\/352"}],"wp:attachment":[{"href":"https:\/\/www.linkceramics.com\/fr\/wp-json\/wp\/v2\/media?parent=346"}],"wp:term":[{"taxonomy":"certification","embeddable":true,"href":"https:\/\/www.linkceramics.com\/fr\/wp-json\/wp\/v2\/certification?post=346"},{"taxonomy":"product_brand","embeddable":true,"href":"https:\/\/www.linkceramics.com\/fr\/wp-json\/wp\/v2\/product_brand?post=346"},{"taxonomy":"product_cat","embeddable":true,"href":"https:\/\/www.linkceramics.com\/fr\/wp-json\/wp\/v2\/product_cat?post=346"},{"taxonomy":"product_tag","embeddable":true,"href":"https:\/\/www.linkceramics.com\/fr\/wp-json\/wp\/v2\/product_tag?post=346"}],"curies":[{"name":"wp","href":"https:\/\/api.w.org\/{rel}","templated":true}]}}