{"id":362,"date":"2024-12-10T02:43:32","date_gmt":"2024-12-10T02:43:32","guid":{"rendered":"https:\/\/www.linkceramics.com\/?post_type=product&#038;p=362"},"modified":"2025-03-08T07:27:07","modified_gmt":"2025-03-08T07:27:07","slug":"ceramic-candle-containers-wholesale","status":"publish","type":"product","link":"https:\/\/www.linkceramics.com\/fr\/product\/ceramic-candle-containers-wholesale\/","title":{"rendered":"Conteneurs \u00e0 bougie en c\u00e9ramique Wholesale, pots \u00e0 bougie vides Bulk"},"content":{"rendered":"<div class=\"wp-block-columns is-layout-flex wp-container-core-columns-is-layout-9d6595d7 wp-block-columns-is-layout-flex\">\n<div class=\"wp-block-column is-layout-flow wp-block-column-is-layout-flow\">\n<h3 class=\"wp-block-heading\">R\u00e9cipients pour bougies en c\u00e9ramique de qualit\u00e9 sup\u00e9rieure Caract\u00e9ristiques :<\/h3>\n\n\n\n<ul class=\"wp-block-list\">\n<li><strong>Formes g\u00e9om\u00e9triques irr\u00e9guli\u00e8res : <\/strong>Ces deux bougeoirs en c\u00e9ramique se distinguent des photophores cylindriques ordinaires par leurs formes g\u00e9om\u00e9triques irr\u00e9guli\u00e8res. L'un est carr\u00e9 avec des lignes douces et incurv\u00e9es, l'autre est en forme de fleur \u00e0 cinq p\u00e9tales avec des lignes lisses et variables. Cette forme irr\u00e9guli\u00e8re brise le moule du photophore ordinaire et ajoute de l'amusement et un sens du style.<\/li>\n\n\n\n<li><strong>Blanc mat Couleur : <\/strong>Ces photophores vides en vrac sont \u00e9galement propos\u00e9s en blanc mat pur, ce qui leur conf\u00e8re un aspect simple et \u00e9pur\u00e9. Cette couleur est assez polyvalente et s'adapte facilement \u00e0 de nombreux th\u00e8mes de d\u00e9coration. En outre, le photophore en c\u00e9ramique \u00e0 finition mate est encore plus sensible au toucher que le photophore brillant.<\/li>\n\n\n\n<li><strong>Mat\u00e9riau c\u00e9ramique de premi\u00e8re qualit\u00e9 : <\/strong>Ces r\u00e9cipients \u00e0 bougie uniques en c\u00e9ramique sont fabriqu\u00e9s en argile c\u00e9ramique de premi\u00e8re qualit\u00e9 pour une meilleure tol\u00e9rance \u00e0 la chaleur et une plus grande solidit\u00e9. Cela emp\u00eache les pots de se fissurer ou de se briser sous l'effet de la chaleur de la flamme d'une bougie, cr\u00e9ant ainsi un pot s\u00fbr et s\u00e9curis\u00e9 pour vos bougies.<\/li>\n\n\n\n<li><strong>R\u00e9utilisable et \u00e9cologique :<\/strong> Une fois la bougie termin\u00e9e, ces photophores vides uniques en vrac peuvent continuer \u00e0 \u00eatre joliment expos\u00e9s en tant qu'objets d\u00e9coratifs dans votre maison. La nature r\u00e9utilisable de ces pots favorise le d\u00e9veloppement durable. La r\u00e9utilisation des pots permet de r\u00e9duire les d\u00e9chets, ce qui en fait un choix respectueux de l'environnement pour les consommateurs conscients.<\/li>\n<\/ul>\n<\/div>\n\n\n\n<div class=\"wp-block-column is-layout-flow wp-block-column-is-layout-flow\">\n<figure class=\"wp-block-image size-full\"><img decoding=\"async\" width=\"736\" height=\"736\" src=\"https:\/\/www.linkceramics.com\/wp-content\/uploads\/2024\/11\/Custom-Unique-White-Ceramic-Candle-Jar-Empty-Ceramic-Vessel-Wholesale-3.webp\" alt=\"Custom-Unique-White-Ceramic-Candle-Jar-Empty-Ceramic-Vessel-Wholesale-3\" class=\"wp-image-364\" srcset=\"https:\/\/www.linkceramics.com\/wp-content\/uploads\/2024\/11\/Custom-Unique-White-Ceramic-Candle-Jar-Empty-Ceramic-Vessel-Wholesale-3.webp 736w, https:\/\/www.linkceramics.com\/wp-content\/uploads\/2024\/11\/Custom-Unique-White-Ceramic-Candle-Jar-Empty-Ceramic-Vessel-Wholesale-3-300x300.webp 300w, https:\/\/www.linkceramics.com\/wp-content\/uploads\/2024\/11\/Custom-Unique-White-Ceramic-Candle-Jar-Empty-Ceramic-Vessel-Wholesale-3-150x150.webp 150w, https:\/\/www.linkceramics.com\/wp-content\/uploads\/2024\/11\/Custom-Unique-White-Ceramic-Candle-Jar-Empty-Ceramic-Vessel-Wholesale-3-600x600.webp 600w, https:\/\/www.linkceramics.com\/wp-content\/uploads\/2024\/11\/Custom-Unique-White-Ceramic-Candle-Jar-Empty-Ceramic-Vessel-Wholesale-3-100x100.webp 100w\" sizes=\"(max-width: 736px) 100vw, 736px\" \/><\/figure>\n<\/div>\n<\/div>\n\n\n\n<p><\/p>","protected":false},"excerpt":{"rendered":"<div class=\"elementor-element elementor-element-12826c1 elementor-widget elementor-widget-text-editor\" data-id=\"12826c1\" data-element_type=\"widget\" data-widget_type=\"text-editor.default\">\n<div class=\"elementor-widget-container\">Nous vous invitons \u00e0 acheter des photophores vides en vrac. Nos r\u00e9cipients \u00e0 bougie en c\u00e9ramique en gros sont bien accueillis. Gr\u00e2ce aux avantages des formes g\u00e9om\u00e9triques irr\u00e9guli\u00e8res, du blanc pur, des mat\u00e9riaux de haute qualit\u00e9 et de la r\u00e9utilisation, ces photophores en c\u00e9ramique en gros sont un bon choix de produit pour les fabricants de bougies et les commer\u00e7ants, ayant plus de possibilit\u00e9s pour la d\u00e9coration \u00e0 diverses occasions.<\/p>\n<h2>R\u00e9cipients pour bougies en c\u00e9ramique Sp\u00e9cifications :<\/h2>\n<\/div>\n<\/div>\n<div data-id=\"bef26dc\" data-element_type=\"widget\" data-widget_type=\"text-editor.default\">\n<table border=\"0\" width=\"476\" cellspacing=\"0\" cellpadding=\"0\">\n<tbody>\n<tr>\n<td width=\"187\" height=\"29\">Fabricant<\/td>\n<td width=\"289\">JINHUA<\/td>\n<\/tr>\n<tr>\n<td height=\"29\">Num\u00e9ro de mod\u00e8le<\/td>\n<td>JHC40<\/td>\n<\/tr>\n<tr>\n<td height=\"29\">Conception<\/td>\n<td>Forme carr\u00e9e, forme de fleur<\/td>\n<\/tr>\n<tr>\n<td height=\"29\">Mat\u00e9riau<\/td>\n<td>C\u00e9ramique<\/td>\n<\/tr>\n<tr>\n<td height=\"29\">Couleur<\/td>\n<td width=\"289\">Blanc<\/td>\n<\/tr>\n<tr>\n<td height=\"29\">Sur mesure<\/td>\n<td>Couleur\/Taille\/Logo\/Emballage<\/td>\n<\/tr>\n<tr>\n<td height=\"29\">MOQ<\/td>\n<td>500pcs<\/td>\n<\/tr>\n<tr>\n<td height=\"58\">Dimension<\/td>\n<td width=\"289\">7*7*8.5cm 7*7*8cm<\/td>\n<\/tr>\n<\/tbody>\n<\/table>\n<\/div>","protected":false},"featured_media":363,"comment_status":"open","ping_status":"closed","template":"","meta":{"_acf_changed":false},"certification":[63,64,66,58,65,61,60,62,57],"product_brand":[],"product_cat":[37,16],"product_tag":[],"class_list":{"0":"post-362","1":"product","2":"type-product","3":"status-publish","4":"has-post-thumbnail","6":"certification-amfori","7":"certification-bsci","8":"certification-cnas","9":"certification-fda","10":"certification-iaf","11":"certification-iso-14001","12":"certification-iso-45001","13":"certification-iso-9001","14":"certification-lfgb","15":"product_cat-decorative-ceramic-wholesale","16":"product_cat-ceramic-candle-holder","18":"first","19":"instock","20":"shipping-taxable","21":"product-type-simple"},"acf":[],"_links":{"self":[{"href":"https:\/\/www.linkceramics.com\/fr\/wp-json\/wp\/v2\/product\/362","targetHints":{"allow":["GET"]}}],"collection":[{"href":"https:\/\/www.linkceramics.com\/fr\/wp-json\/wp\/v2\/product"}],"about":[{"href":"https:\/\/www.linkceramics.com\/fr\/wp-json\/wp\/v2\/types\/product"}],"replies":[{"embeddable":true,"href":"https:\/\/www.linkceramics.com\/fr\/wp-json\/wp\/v2\/comments?post=362"}],"wp:featuredmedia":[{"embeddable":true,"href":"https:\/\/www.linkceramics.com\/fr\/wp-json\/wp\/v2\/media\/363"}],"wp:attachment":[{"href":"https:\/\/www.linkceramics.com\/fr\/wp-json\/wp\/v2\/media?parent=362"}],"wp:term":[{"taxonomy":"certification","embeddable":true,"href":"https:\/\/www.linkceramics.com\/fr\/wp-json\/wp\/v2\/certification?post=362"},{"taxonomy":"product_brand","embeddable":true,"href":"https:\/\/www.linkceramics.com\/fr\/wp-json\/wp\/v2\/product_brand?post=362"},{"taxonomy":"product_cat","embeddable":true,"href":"https:\/\/www.linkceramics.com\/fr\/wp-json\/wp\/v2\/product_cat?post=362"},{"taxonomy":"product_tag","embeddable":true,"href":"https:\/\/www.linkceramics.com\/fr\/wp-json\/wp\/v2\/product_tag?post=362"}],"curies":[{"name":"wp","href":"https:\/\/api.w.org\/{rel}","templated":true}]}}