{"id":377,"date":"2024-12-10T02:41:42","date_gmt":"2024-12-10T02:41:42","guid":{"rendered":"https:\/\/www.linkceramics.com\/?post_type=product&#038;p=377"},"modified":"2024-12-10T02:42:03","modified_gmt":"2024-12-10T02:42:03","slug":"creme-brulee-ramekins-bulk","status":"publish","type":"product","link":"https:\/\/www.linkceramics.com\/fr\/product\/creme-brulee-ramekins-bulk\/","title":{"rendered":"Ramequins en c\u00e9ramique pour cr\u00e8me br\u00fbl\u00e9e Bulk, Restaurant Supply Ramekins"},"content":{"rendered":"<div class=\"wp-block-columns is-layout-flex wp-container-core-columns-is-layout-9d6595d7 wp-block-columns-is-layout-flex\">\n<div class=\"wp-block-column is-layout-flow wp-block-column-is-layout-flow\">\n<h3 class=\"wp-block-heading\">Ramequins Premium Creme Brulee en vrac Caract\u00e9ristiques :<\/h3>\n\n\n\n<ul class=\"wp-block-list\">\n<li><strong>Design \u00e9l\u00e9gant :\u00a0<\/strong>La face ext\u00e9rieure des ramequins \u00e0 cr\u00e8me br\u00fbl\u00e9e en c\u00e9ramique en vrac est orn\u00e9e de rayures verticales de style classique. Cela les rend plus beaux tout en augmentant la friction pour qu'ils soient plus faciles \u00e0 prendre en main. La s\u00e9rie de couleurs douces comprend, sans s'y limiter, le bleu ciel, le vert menthe, le violet, le rose, etc. Elles peuvent \u00eatre utilis\u00e9es non seulement en p\u00e2tisserie, mais aussi pour d\u00e9corer la table \u00e0 manger afin de rehausser l'exp\u00e9rience gastronomique.<\/li>\n\n\n\n<li><strong>Mat\u00e9riau c\u00e9ramique de premi\u00e8re qualit\u00e9 :\u00a0<\/strong>Nos ramequins avec couvercles sont fabriqu\u00e9s en argile c\u00e9ramique de haute qualit\u00e9 cuite \u00e0 haute temp\u00e9rature, r\u00e9sistante \u00e0 la chaleur, durable, non toxique et inoffensive, sans danger pour le contact avec les aliments. La surface lisse de la c\u00e9ramique ne colle pas aux aliments et est facile \u00e0 nettoyer.<\/li>\n\n\n\n<li><strong>Polyvalence :\u00a0<\/strong>Nos ramequins \u00e0 cr\u00e8me br\u00fbl\u00e9e en c\u00e9ramique avec couvercle peuvent \u00eatre utilis\u00e9s pour pr\u00e9parer de nombreux types de desserts tels que la cr\u00e8me br\u00fbl\u00e9e, le souffl\u00e9, le cheesecake, etc. et peuvent \u00e9galement \u00eatre utilis\u00e9s comme coupes \u00e0 glace, coupes \u00e0 cr\u00e8me p\u00e2tissi\u00e8re ou comme sauces \u00e0 tremper.<\/li>\n\n\n\n<li><strong>Pratique Couvercle :\u00a0<\/strong>Ces ramequins sont dot\u00e9s de couvercles herm\u00e9tiques qui emp\u00eachent efficacement la saveur des aliments de s'\u00e9chapper et permettent \u00e9galement de r\u00e9frig\u00e9rer ou de r\u00e9chauffer les aliments.<\/li>\n<\/ul>\n<\/div>\n\n\n\n<div class=\"wp-block-column is-layout-flow wp-block-column-is-layout-flow\">\n<figure class=\"wp-block-image size-full\"><img decoding=\"async\" width=\"800\" height=\"800\" src=\"https:\/\/www.linkceramics.com\/wp-content\/uploads\/2024\/11\/Bulk-Ceramic-Creme-Brulee-Ramekin-With-Lid-Wholesale-Souffle-Baking-Cup-6.webp\" alt=\"Bulk-Ceramic-Creme-Brulee-Ramekin-With-Lid-Wholesale-Souffle-Baking-Cup-6\" class=\"wp-image-382\" srcset=\"https:\/\/www.linkceramics.com\/wp-content\/uploads\/2024\/11\/Bulk-Ceramic-Creme-Brulee-Ramekin-With-Lid-Wholesale-Souffle-Baking-Cup-6.webp 800w, https:\/\/www.linkceramics.com\/wp-content\/uploads\/2024\/11\/Bulk-Ceramic-Creme-Brulee-Ramekin-With-Lid-Wholesale-Souffle-Baking-Cup-6-300x300.webp 300w, https:\/\/www.linkceramics.com\/wp-content\/uploads\/2024\/11\/Bulk-Ceramic-Creme-Brulee-Ramekin-With-Lid-Wholesale-Souffle-Baking-Cup-6-150x150.webp 150w, https:\/\/www.linkceramics.com\/wp-content\/uploads\/2024\/11\/Bulk-Ceramic-Creme-Brulee-Ramekin-With-Lid-Wholesale-Souffle-Baking-Cup-6-768x768.webp 768w, https:\/\/www.linkceramics.com\/wp-content\/uploads\/2024\/11\/Bulk-Ceramic-Creme-Brulee-Ramekin-With-Lid-Wholesale-Souffle-Baking-Cup-6-600x600.webp 600w, https:\/\/www.linkceramics.com\/wp-content\/uploads\/2024\/11\/Bulk-Ceramic-Creme-Brulee-Ramekin-With-Lid-Wholesale-Souffle-Baking-Cup-6-100x100.webp 100w\" sizes=\"(max-width: 800px) 100vw, 800px\" \/><\/figure>\n<\/div>\n<\/div>","protected":false},"excerpt":{"rendered":"<div class=\"elementor-element elementor-element-12826c1 elementor-widget elementor-widget-text-editor\" data-id=\"12826c1\" data-element_type=\"widget\" data-widget_type=\"text-editor.default\">\n<div class=\"elementor-widget-container\">Bienvenue sur le site d'achat en gros de ramequins pour restaurants. Ces ramequins \u00e0 cr\u00e8me br\u00fbl\u00e9e en c\u00e9ramique en vrac avec couvercles sont les premiers sur le march\u00e9 en raison de leurs couleurs vari\u00e9es, de leur apparence \u00e0 la mode, de leur mat\u00e9riau durable en c\u00e9ramique et de leur polyvalence. Ces ramequins sont pratiques et beaux, devenant ainsi un outil indispensable pour la cuisson dans une cuisine.<\/p>\n<h2>Ramequins Creme Brulee Sp\u00e9cifications :<\/h2>\n<\/div>\n<\/div>\n<table border=\"0\" width=\"531\" cellspacing=\"0\" cellpadding=\"0\">\n<tbody>\n<tr>\n<td width=\"271\" height=\"24\">Fabricant<\/td>\n<td width=\"260\">JINHUA<\/td>\n<\/tr>\n<tr>\n<td width=\"271\" height=\"25\">Num\u00e9ro de mod\u00e8le<\/td>\n<td width=\"260\">JHB37<\/td>\n<\/tr>\n<tr>\n<td width=\"271\" height=\"24\">Conception<\/td>\n<td width=\"260\">Forme ronde<\/td>\n<\/tr>\n<tr>\n<td width=\"271\" height=\"24\">Mat\u00e9riau<\/td>\n<td width=\"260\">C\u00e9ramique<\/td>\n<\/tr>\n<tr>\n<td width=\"271\" height=\"48\">Couleur<\/td>\n<td width=\"260\">Bleu ciel, vert menthe, rose, violet, jaune<\/td>\n<\/tr>\n<tr>\n<td width=\"271\" height=\"24\">Sur mesure<\/td>\n<td width=\"260\">Couleur\/Taille\/Logo\/Emballage<\/td>\n<\/tr>\n<tr>\n<td width=\"271\" height=\"24\">MOQ<\/td>\n<td width=\"260\">500sets<\/td>\n<\/tr>\n<tr>\n<td width=\"271\" height=\"24\">Dimension<\/td>\n<td width=\"260\">8,5*8,5*6cm<\/td>\n<\/tr>\n<\/tbody>\n<\/table>","protected":false},"featured_media":380,"comment_status":"open","ping_status":"closed","template":"","meta":{"_acf_changed":true},"certification":[63,64,66,58,65,61,60,62,57],"product_brand":[],"product_cat":[34,20],"product_tag":[],"class_list":{"0":"post-377","1":"product","2":"type-product","3":"status-publish","4":"has-post-thumbnail","6":"certification-amfori","7":"certification-bsci","8":"certification-cnas","9":"certification-fda","10":"certification-iaf","11":"certification-iso-14001","12":"certification-iso-45001","13":"certification-iso-9001","14":"certification-lfgb","15":"product_cat-custom-household-ceramics","16":"product_cat-ceramic-kitchenware-wholesale","18":"first","19":"instock","20":"shipping-taxable","21":"product-type-simple"},"acf":[],"_links":{"self":[{"href":"https:\/\/www.linkceramics.com\/fr\/wp-json\/wp\/v2\/product\/377","targetHints":{"allow":["GET"]}}],"collection":[{"href":"https:\/\/www.linkceramics.com\/fr\/wp-json\/wp\/v2\/product"}],"about":[{"href":"https:\/\/www.linkceramics.com\/fr\/wp-json\/wp\/v2\/types\/product"}],"replies":[{"embeddable":true,"href":"https:\/\/www.linkceramics.com\/fr\/wp-json\/wp\/v2\/comments?post=377"}],"wp:featuredmedia":[{"embeddable":true,"href":"https:\/\/www.linkceramics.com\/fr\/wp-json\/wp\/v2\/media\/380"}],"wp:attachment":[{"href":"https:\/\/www.linkceramics.com\/fr\/wp-json\/wp\/v2\/media?parent=377"}],"wp:term":[{"taxonomy":"certification","embeddable":true,"href":"https:\/\/www.linkceramics.com\/fr\/wp-json\/wp\/v2\/certification?post=377"},{"taxonomy":"product_brand","embeddable":true,"href":"https:\/\/www.linkceramics.com\/fr\/wp-json\/wp\/v2\/product_brand?post=377"},{"taxonomy":"product_cat","embeddable":true,"href":"https:\/\/www.linkceramics.com\/fr\/wp-json\/wp\/v2\/product_cat?post=377"},{"taxonomy":"product_tag","embeddable":true,"href":"https:\/\/www.linkceramics.com\/fr\/wp-json\/wp\/v2\/product_tag?post=377"}],"curies":[{"name":"wp","href":"https:\/\/api.w.org\/{rel}","templated":true}]}}