{"id":415,"date":"2024-12-10T02:34:22","date_gmt":"2024-12-10T02:34:22","guid":{"rendered":"https:\/\/www.linkceramics.com\/?post_type=product&#038;p=415"},"modified":"2024-12-10T02:34:24","modified_gmt":"2024-12-10T02:34:24","slug":"auto-grinding-and-polish-machine","status":"publish","type":"product","link":"https:\/\/www.linkceramics.com\/fr\/product\/auto-grinding-and-polish-machine\/","title":{"rendered":"Machine automatique \u00e0 meuler et \u00e0 polir la vaisselle en c\u00e9ramique"},"content":{"rendered":"<div class=\"wp-block-columns is-layout-flex wp-container-core-columns-is-layout-9d6595d7 wp-block-columns-is-layout-flex\">\n<div class=\"wp-block-column is-layout-flow wp-block-column-is-layout-flow\">\n<h3 class=\"wp-block-heading\"><strong>Machine de meulage et de polissage automatique Param\u00e8tres :<\/strong><\/h3>\n\n\n\n<figure class=\"wp-block-table\"><table class=\"has-fixed-layout\"><tbody><tr><td>Mod\u00e8le<\/td><td>130<\/td><td>105<\/td><\/tr><tr><td>Taille maximale de formage<\/td><td>0305mm<\/td><td>0270mm<\/td><\/tr><tr><td>Capacit\u00e9<\/td><td>20pcs\/m<\/td><td>20pcs\/m<\/td><\/tr><tr><td>Puissance (kw)<\/td><td>3,48kw\/380v<\/td><td>1,83kw\/380V<\/td><\/tr><tr><td>Dimension(lxwxh)<\/td><td>158x130x130(h)<\/td><td>130x105x130(h)<\/td><\/tr><tr><td>Stations<\/td><td>10<\/td><td>10<\/td><\/tr><\/tbody><\/table><\/figure>\n<\/div>\n\n\n\n<div class=\"wp-block-column is-layout-flow wp-block-column-is-layout-flow\">\n<figure class=\"wp-block-embed is-type-video is-provider-youtube wp-block-embed-youtube wp-embed-aspect-16-9 wp-has-aspect-ratio\"><div class=\"wp-block-embed__wrapper\">\n<iframe title=\"Machine automatique de meulage et de polissage de la vaisselle en c\u00e9ramique\" width=\"500\" height=\"281\" src=\"https:\/\/www.youtube.com\/embed\/4vGomwSVayg?start=4&#038;feature=oembed\" frameborder=\"0\" allow=\"accelerometer; autoplay; clipboard-write; encrypted-media; gyroscope; picture-in-picture; web-share\" referrerpolicy=\"strict-origin-when-cross-origin\" allowfullscreen><\/iframe>\n<\/div><\/figure>\n<\/div>\n<\/div>\n\n\n\n<h3 class=\"wp-block-heading\"><strong>Machine automatique de meulage et de polissage Caract\u00e9ristiques :<\/strong><\/h3>\n\n\n\n<p><strong>Am\u00e9lioration de la qualit\u00e9 des produits<\/strong>: R\u00e9alise des finitions de haute qualit\u00e9 en taillant et en polissant les bords et les bases de la vaisselle en c\u00e9ramique.<\/p>\n\n\n\n<p><strong>Haute efficacit\u00e9<\/strong>: \u00c9quip\u00e9 de deux t\u00eates de travail qui agissent simultan\u00e9ment sur les surfaces internes et externes.<\/p>\n\n\n\n<p><strong>Automatisation<\/strong>: Le syst\u00e8me enti\u00e8rement automatis\u00e9 rationalise le processus de finition, comporte des commandes simples et des r\u00e9glages automatiques qui le rendent facile \u00e0 utiliser.<\/p>\n\n\n\n<p><strong>R\u00e9duction des co\u00fbts de main-d'\u0153uvre<\/strong>: En automatisant le processus de broyage et de polissage, cette machine r\u00e9duit le besoin de travail manuel.<\/p>","protected":false},"excerpt":{"rendered":"<div class=\"elementor-element elementor-element-e8e3df8 elementor-widget elementor-widget-woocommerce-product-short-description\" data-id=\"e8e3df8\" data-element_type=\"widget\" data-widget_type=\"woocommerce-product-short-description.default\">\n<div class=\"elementor-widget-container\">\n<div class=\"woocommerce-product-details__short-description\">Ventes directes \u00e0 l'usine, solutions personnalis\u00e9es \u00e0 prix d'usine. Cette machine de meulage et de polissage automatique est utilis\u00e9e pour d\u00e9couper les bords de la boue sur les tasses, les bols, les assiettes, les tasses et les soucoupes.<\/p>\n<h2>Une solution unique pour les machines automatiques de meulage et de polissage :<\/h2>\n<ol>\n<li>Prix d'usine : En tant que fabricant de machines pour la c\u00e9ramique, nous fournissons des machines de coupe de l'argile rentables. N'h\u00e9sitez pas \u00e0 nous contacter pour obtenir le prix d'usine.<\/li>\n<li>Assistance technique : Fournir des conseils techniques professionnels et une installation m\u00e9canique, avec des guides vid\u00e9o pour garantir une utilisation rapide du produit.<\/li>\n<li>Pi\u00e8ces d\u00e9tach\u00e9es : Une gamme de pi\u00e8ces d\u00e9tach\u00e9es d'origine est disponible.<\/li>\n<li>Assistance apr\u00e8s-vente : Assistance en ligne 24 heures sur 24 pour s'assurer que vous \u00eates satisfait de la machine automatique de meulage et de polissage et qu'elle est utilis\u00e9e sans probl\u00e8me sur votre cha\u00eene de production.<\/li>\n<\/ol>\n<\/div>\n<\/div>\n<\/div>\n<div class=\"elementor-element elementor-element-713ad46 elementor-widget elementor-widget-text-editor\" data-id=\"713ad46\" data-element_type=\"widget\" data-widget_type=\"text-editor.default\">\n<div class=\"elementor-widget-container\">En tant que fabricant leader de machines pour la c\u00e9ramique, nous nous engageons \u00e0 fournir d'excellentes machines et services pour la fabrication de vaisselle en c\u00e9ramique afin d'assurer la r\u00e9ussite de nos clients.-Yutai<\/div>\n<\/div>","protected":false},"featured_media":417,"comment_status":"open","ping_status":"closed","template":"","meta":{"_acf_changed":true},"certification":[59,61,60,62],"product_brand":[],"product_cat":[39,40],"product_tag":[],"class_list":{"0":"post-415","1":"product","2":"type-product","3":"status-publish","4":"has-post-thumbnail","6":"certification-ce","7":"certification-iso-14001","8":"certification-iso-45001","9":"certification-iso-9001","10":"product_cat-ceramic-machinery","11":"product_cat-ceramic-machines","13":"first","14":"instock","15":"shipping-taxable","16":"product-type-simple"},"acf":[],"_links":{"self":[{"href":"https:\/\/www.linkceramics.com\/fr\/wp-json\/wp\/v2\/product\/415","targetHints":{"allow":["GET"]}}],"collection":[{"href":"https:\/\/www.linkceramics.com\/fr\/wp-json\/wp\/v2\/product"}],"about":[{"href":"https:\/\/www.linkceramics.com\/fr\/wp-json\/wp\/v2\/types\/product"}],"replies":[{"embeddable":true,"href":"https:\/\/www.linkceramics.com\/fr\/wp-json\/wp\/v2\/comments?post=415"}],"wp:featuredmedia":[{"embeddable":true,"href":"https:\/\/www.linkceramics.com\/fr\/wp-json\/wp\/v2\/media\/417"}],"wp:attachment":[{"href":"https:\/\/www.linkceramics.com\/fr\/wp-json\/wp\/v2\/media?parent=415"}],"wp:term":[{"taxonomy":"certification","embeddable":true,"href":"https:\/\/www.linkceramics.com\/fr\/wp-json\/wp\/v2\/certification?post=415"},{"taxonomy":"product_brand","embeddable":true,"href":"https:\/\/www.linkceramics.com\/fr\/wp-json\/wp\/v2\/product_brand?post=415"},{"taxonomy":"product_cat","embeddable":true,"href":"https:\/\/www.linkceramics.com\/fr\/wp-json\/wp\/v2\/product_cat?post=415"},{"taxonomy":"product_tag","embeddable":true,"href":"https:\/\/www.linkceramics.com\/fr\/wp-json\/wp\/v2\/product_tag?post=415"}],"curies":[{"name":"wp","href":"https:\/\/api.w.org\/{rel}","templated":true}]}}