{"id":426,"date":"2024-12-09T10:43:56","date_gmt":"2024-12-09T10:43:56","guid":{"rendered":"https:\/\/www.linkceramics.com\/?post_type=product&#038;p=426"},"modified":"2024-12-09T10:43:57","modified_gmt":"2024-12-09T10:43:57","slug":"glaze-line","status":"publish","type":"product","link":"https:\/\/www.linkceramics.com\/fr\/product\/glaze-line\/","title":{"rendered":"Ligne de gla\u00e7age automatique pour le gla\u00e7age c\u00e9ramique par pulv\u00e9risation"},"content":{"rendered":"<div class=\"wp-block-columns is-layout-flex wp-container-core-columns-is-layout-9d6595d7 wp-block-columns-is-layout-flex\">\n<div class=\"wp-block-column is-layout-flow wp-block-column-is-layout-flow\">\n<h3 class=\"wp-block-heading\"><strong>Ligne de gla\u00e7age<\/strong>\u00a0<strong>Caract\u00e9ristiques :<\/strong><\/h3>\n\n\n\n<p>En pr\u00e9chauffant le produit et en le faisant tourner pendant le processus de travail, la ligne de gla\u00e7age automatique est utilis\u00e9e pour pulv\u00e9riser le gla\u00e7age sous tous les angles du produit, ce qui convient \u00e0 toutes les porcelaines et aux os de Chine et aux dommages caus\u00e9s par la cuisson secondaire de la c\u00e9ramique, ainsi qu'aux dommages caus\u00e9s par la premi\u00e8re cuisson de la boue. La gla\u00e7ure pulv\u00e9ris\u00e9e est uniforme, tr\u00e8s efficace et r\u00e9duit les co\u00fbts de main-d'\u0153uvre.<\/p>\n<\/div>\n\n\n\n<div class=\"wp-block-column is-layout-flow wp-block-column-is-layout-flow\">\n<figure class=\"wp-block-image size-full\"><img decoding=\"async\" width=\"1014\" height=\"1014\" src=\"https:\/\/www.linkceramics.com\/wp-content\/uploads\/2024\/11\/auto-glaze-line3.webp\" alt=\"auto-glaze-line3\" class=\"wp-image-430\" srcset=\"https:\/\/www.linkceramics.com\/wp-content\/uploads\/2024\/11\/auto-glaze-line3.webp 1014w, https:\/\/www.linkceramics.com\/wp-content\/uploads\/2024\/11\/auto-glaze-line3-300x300.webp 300w, https:\/\/www.linkceramics.com\/wp-content\/uploads\/2024\/11\/auto-glaze-line3-150x150.webp 150w, https:\/\/www.linkceramics.com\/wp-content\/uploads\/2024\/11\/auto-glaze-line3-768x768.webp 768w, https:\/\/www.linkceramics.com\/wp-content\/uploads\/2024\/11\/auto-glaze-line3-600x600.webp 600w, https:\/\/www.linkceramics.com\/wp-content\/uploads\/2024\/11\/auto-glaze-line3-100x100.webp 100w\" sizes=\"(max-width: 1014px) 100vw, 1014px\" \/><\/figure>\n<\/div>\n<\/div>\n\n\n\n<div class=\"wp-block-columns is-layout-flex wp-container-core-columns-is-layout-9d6595d7 wp-block-columns-is-layout-flex\">\n<div class=\"wp-block-column is-layout-flow wp-block-column-is-layout-flow\">\n<h3 class=\"wp-block-heading\"><strong>Param\u00e8tres de la ligne de gla\u00e7age<\/strong><\/h3>\n\n\n\n<figure class=\"wp-block-table\"><table class=\"has-fixed-layout\"><tbody><tr><td>Mod\u00e8le<\/td><td>12<\/td><\/tr><tr><td>Taille maximale du formage (cm)<\/td><td>Dia 35 x 20cm (h)<\/td><\/tr><tr><td>Capacit\u00e9<\/td><td>900-1800pcs\/h<\/td><\/tr><tr><td>Puissance (kw)<\/td><td>15kw<\/td><\/tr><tr><td>Dimension(lxwxh)<\/td><td>11,5\u00d74,5\u00d73 m(h)<\/td><\/tr><tr><td>Poids (kgs)<\/td><td>5000<\/td><\/tr><\/tbody><\/table><\/figure>\n<\/div>\n\n\n\n<div class=\"wp-block-column is-layout-flow wp-block-column-is-layout-flow\">\n<figure class=\"wp-block-image size-full\"><img decoding=\"async\" width=\"730\" height=\"732\" src=\"https:\/\/www.linkceramics.com\/wp-content\/uploads\/2024\/11\/auto-glaze-line.webp\" alt=\"ligne de glacis automatique\" class=\"wp-image-429\" srcset=\"https:\/\/www.linkceramics.com\/wp-content\/uploads\/2024\/11\/auto-glaze-line.webp 730w, https:\/\/www.linkceramics.com\/wp-content\/uploads\/2024\/11\/auto-glaze-line-300x300.webp 300w, https:\/\/www.linkceramics.com\/wp-content\/uploads\/2024\/11\/auto-glaze-line-150x150.webp 150w, https:\/\/www.linkceramics.com\/wp-content\/uploads\/2024\/11\/auto-glaze-line-600x602.webp 600w, https:\/\/www.linkceramics.com\/wp-content\/uploads\/2024\/11\/auto-glaze-line-100x100.webp 100w\" sizes=\"(max-width: 730px) 100vw, 730px\" \/><\/figure>\n<\/div>\n<\/div>","protected":false},"excerpt":{"rendered":"<div class=\"elementor-element elementor-element-e8e3df8 elementor-widget elementor-widget-woocommerce-product-short-description\" data-id=\"e8e3df8\" data-element_type=\"widget\" data-widget_type=\"woocommerce-product-short-description.default\">\n<div class=\"elementor-widget-container\">\n<div class=\"woocommerce-product-details__short-description\">Ligne de gla\u00e7age automatique, pour r\u00e9aliser le pr\u00e9chauffage, la pulv\u00e9risation de gla\u00e7age et le processus de s\u00e9chage des produits c\u00e9ramiques. Yutai Ceramic Machine Factory propose des services de personnalisation et d'installation \u00e0 des prix pr\u00e9f\u00e9rentiels pour chaque client.<\/p>\n<h2>Une solution unique pour la ligne d'\u00e9maillage :<\/h2>\n<ol>\n<li>Prix d'usine : En tant que fabricant de machines \u00e0 c\u00e9ramique, nous fournissons une ligne d'\u00e9maillage rentable. N'h\u00e9sitez pas \u00e0 nous contacter pour obtenir le prix d'usine.<\/li>\n<li>Assistance technique : Fournir des conseils techniques professionnels et une installation m\u00e9canique, avec des guides vid\u00e9o pour garantir une utilisation rapide du produit.<\/li>\n<li>Pi\u00e8ces d\u00e9tach\u00e9es : Une gamme de pi\u00e8ces d\u00e9tach\u00e9es d'origine est disponible.<\/li>\n<li>Assistance apr\u00e8s-vente : Assistance en ligne 24 heures sur 24 pour s'assurer que vous \u00eates satisfait de la ligne d'\u00e9maillage et qu'elle est utilis\u00e9e sans probl\u00e8me sur votre ligne de production.<\/li>\n<\/ol>\n<\/div>\n<\/div>\n<\/div>\n<div class=\"elementor-element elementor-element-713ad46 elementor-widget elementor-widget-text-editor\" data-id=\"713ad46\" data-element_type=\"widget\" data-widget_type=\"text-editor.default\">\n<div class=\"elementor-widget-container\">En tant que fabricant leader de machines pour la c\u00e9ramique, nous nous engageons \u00e0 fournir d'excellentes machines et services pour la fabrication de vaisselle en c\u00e9ramique afin d'assurer la r\u00e9ussite de nos clients.-Yutai<\/div>\n<\/div>","protected":false},"featured_media":430,"comment_status":"open","ping_status":"closed","template":"","meta":{"_acf_changed":true},"certification":[59,61,60,62],"product_brand":[],"product_cat":[39,40],"product_tag":[],"class_list":{"0":"post-426","1":"product","2":"type-product","3":"status-publish","4":"has-post-thumbnail","6":"certification-ce","7":"certification-iso-14001","8":"certification-iso-45001","9":"certification-iso-9001","10":"product_cat-ceramic-machinery","11":"product_cat-ceramic-machines","13":"first","14":"instock","15":"shipping-taxable","16":"product-type-simple"},"acf":[],"_links":{"self":[{"href":"https:\/\/www.linkceramics.com\/fr\/wp-json\/wp\/v2\/product\/426","targetHints":{"allow":["GET"]}}],"collection":[{"href":"https:\/\/www.linkceramics.com\/fr\/wp-json\/wp\/v2\/product"}],"about":[{"href":"https:\/\/www.linkceramics.com\/fr\/wp-json\/wp\/v2\/types\/product"}],"replies":[{"embeddable":true,"href":"https:\/\/www.linkceramics.com\/fr\/wp-json\/wp\/v2\/comments?post=426"}],"wp:featuredmedia":[{"embeddable":true,"href":"https:\/\/www.linkceramics.com\/fr\/wp-json\/wp\/v2\/media\/430"}],"wp:attachment":[{"href":"https:\/\/www.linkceramics.com\/fr\/wp-json\/wp\/v2\/media?parent=426"}],"wp:term":[{"taxonomy":"certification","embeddable":true,"href":"https:\/\/www.linkceramics.com\/fr\/wp-json\/wp\/v2\/certification?post=426"},{"taxonomy":"product_brand","embeddable":true,"href":"https:\/\/www.linkceramics.com\/fr\/wp-json\/wp\/v2\/product_brand?post=426"},{"taxonomy":"product_cat","embeddable":true,"href":"https:\/\/www.linkceramics.com\/fr\/wp-json\/wp\/v2\/product_cat?post=426"},{"taxonomy":"product_tag","embeddable":true,"href":"https:\/\/www.linkceramics.com\/fr\/wp-json\/wp\/v2\/product_tag?post=426"}],"curies":[{"name":"wp","href":"https:\/\/api.w.org\/{rel}","templated":true}]}}