{"id":431,"date":"2024-12-09T10:25:44","date_gmt":"2024-12-09T10:25:44","guid":{"rendered":"https:\/\/www.linkceramics.com\/?post_type=product&#038;p=431"},"modified":"2024-12-09T10:25:45","modified_gmt":"2024-12-09T10:25:45","slug":"roller-kiln","status":"publish","type":"product","link":"https:\/\/www.linkceramics.com\/fr\/product\/roller-kiln\/","title":{"rendered":"Machine \u00e0 four \u00e0 rouleaux automatique pour la c\u00e9ramique Prix d'usine"},"content":{"rendered":"<div class=\"wp-block-columns is-layout-flex wp-container-core-columns-is-layout-9d6595d7 wp-block-columns-is-layout-flex\">\n<div class=\"wp-block-column is-layout-flow wp-block-column-is-layout-flow\">\n<h3 class=\"wp-block-heading\"><strong>Caract\u00e9ristiques du four \u00e0 rouleaux<\/strong><\/h3>\n\n\n\n<p>Contr\u00f4le pr\u00e9cis de la temp\u00e9rature : L'int\u00e9gration de la technologie de contr\u00f4le de la temp\u00e9rature par micro-ordinateur PID (Proportionnel-Int\u00e9gral-D\u00e9riv\u00e9) assure une r\u00e9gulation pr\u00e9cise et stable de la temp\u00e9rature tout au long du processus de cuisson.<\/p>\n\n\n\n<p>Rendement \u00e9lev\u00e9 : Gr\u00e2ce \u00e0 un fonctionnement continu et \u00e0 des cycles de cuisson contr\u00f4l\u00e9s, les fours \u00e0 rouleaux offrent un d\u00e9bit et une productivit\u00e9 \u00e9lev\u00e9s, ce qui permet une production \u00e0 grande \u00e9chelle avec un minimum de temps d'arr\u00eat.<\/p>\n<\/div>\n\n\n\n<div class=\"wp-block-column is-layout-flow wp-block-column-is-layout-flow\">\n<figure class=\"wp-block-image size-full\"><img decoding=\"async\" width=\"1280\" height=\"1280\" src=\"https:\/\/www.linkceramics.com\/wp-content\/uploads\/2024\/11\/roller-kiln3.webp\" alt=\"roller-kiln3\" class=\"wp-image-434\" srcset=\"https:\/\/www.linkceramics.com\/wp-content\/uploads\/2024\/11\/roller-kiln3.webp 1280w, https:\/\/www.linkceramics.com\/wp-content\/uploads\/2024\/11\/roller-kiln3-300x300.webp 300w, https:\/\/www.linkceramics.com\/wp-content\/uploads\/2024\/11\/roller-kiln3-150x150.webp 150w, https:\/\/www.linkceramics.com\/wp-content\/uploads\/2024\/11\/roller-kiln3-768x768.webp 768w, https:\/\/www.linkceramics.com\/wp-content\/uploads\/2024\/11\/roller-kiln3-1200x1200.webp 1200w, https:\/\/www.linkceramics.com\/wp-content\/uploads\/2024\/11\/roller-kiln3-600x600.webp 600w, https:\/\/www.linkceramics.com\/wp-content\/uploads\/2024\/11\/roller-kiln3-100x100.webp 100w\" sizes=\"(max-width: 1280px) 100vw, 1280px\" \/><\/figure>\n<\/div>\n<\/div>","protected":false},"excerpt":{"rendered":"<div class=\"elementor-element elementor-element-e8e3df8 elementor-widget elementor-widget-woocommerce-product-short-description\" data-id=\"e8e3df8\" data-element_type=\"widget\" data-widget_type=\"woocommerce-product-short-description.default\">\n<div class=\"elementor-widget-container\">\n<div class=\"woocommerce-product-details__short-description\">En tant que fabricant de fours \u00e0 rouleaux, Yutai fournit une assistance technique et des services de solutions personnalis\u00e9es. Des machines durables de haute qualit\u00e9 et un programme d'automatisation PID garantissent un contr\u00f4le pr\u00e9cis de la temp\u00e9rature et une production efficace.<\/p>\n<h2>Une solution unique pour les fours \u00e0 rouleaux :<\/h2>\n<ol>\n<li>Du sur-mesure personnalis\u00e9 : Prise en charge de pi\u00e8ces d'\u00e9quipement, d'accessoires et d'applications personnalis\u00e9s.<\/li>\n<li>Soutien \u00e0 la conception de l'agencement :  En fonction de la superficie de l'usine, du plan de production et de l'investissement en capital, nous fournissons des services professionnels de conception et d'agencement.<\/li>\n<li>Assistance technique et service : Des techniciens hautement qualifi\u00e9s assembleront vos machines et assureront la formation vid\u00e9o et l'assistance technique.<\/li>\n<\/ol>\n<\/div>\n<\/div>\n<\/div>\n<div class=\"elementor-element elementor-element-713ad46 elementor-widget elementor-widget-text-editor\" data-id=\"713ad46\" data-element_type=\"widget\" data-widget_type=\"text-editor.default\">\n<div class=\"elementor-widget-container\">En tant que fabricant leader de machines pour la c\u00e9ramique, nous nous engageons \u00e0 fournir d'excellentes machines et services pour la fabrication de vaisselle en c\u00e9ramique afin d'assurer la r\u00e9ussite de nos clients.-Yutai<\/div>\n<\/div>","protected":false},"featured_media":434,"comment_status":"open","ping_status":"closed","template":"","meta":{"_acf_changed":true},"certification":[59,61,60,62],"product_brand":[],"product_cat":[39,40],"product_tag":[],"class_list":{"0":"post-431","1":"product","2":"type-product","3":"status-publish","4":"has-post-thumbnail","6":"certification-ce","7":"certification-iso-14001","8":"certification-iso-45001","9":"certification-iso-9001","10":"product_cat-ceramic-machinery","11":"product_cat-ceramic-machines","13":"first","14":"instock","15":"shipping-taxable","16":"product-type-simple"},"acf":[],"_links":{"self":[{"href":"https:\/\/www.linkceramics.com\/fr\/wp-json\/wp\/v2\/product\/431","targetHints":{"allow":["GET"]}}],"collection":[{"href":"https:\/\/www.linkceramics.com\/fr\/wp-json\/wp\/v2\/product"}],"about":[{"href":"https:\/\/www.linkceramics.com\/fr\/wp-json\/wp\/v2\/types\/product"}],"replies":[{"embeddable":true,"href":"https:\/\/www.linkceramics.com\/fr\/wp-json\/wp\/v2\/comments?post=431"}],"wp:featuredmedia":[{"embeddable":true,"href":"https:\/\/www.linkceramics.com\/fr\/wp-json\/wp\/v2\/media\/434"}],"wp:attachment":[{"href":"https:\/\/www.linkceramics.com\/fr\/wp-json\/wp\/v2\/media?parent=431"}],"wp:term":[{"taxonomy":"certification","embeddable":true,"href":"https:\/\/www.linkceramics.com\/fr\/wp-json\/wp\/v2\/certification?post=431"},{"taxonomy":"product_brand","embeddable":true,"href":"https:\/\/www.linkceramics.com\/fr\/wp-json\/wp\/v2\/product_brand?post=431"},{"taxonomy":"product_cat","embeddable":true,"href":"https:\/\/www.linkceramics.com\/fr\/wp-json\/wp\/v2\/product_cat?post=431"},{"taxonomy":"product_tag","embeddable":true,"href":"https:\/\/www.linkceramics.com\/fr\/wp-json\/wp\/v2\/product_tag?post=431"}],"curies":[{"name":"wp","href":"https:\/\/api.w.org\/{rel}","templated":true}]}}