{"id":436,"date":"2024-12-09T10:14:55","date_gmt":"2024-12-09T10:14:55","guid":{"rendered":"https:\/\/www.linkceramics.com\/?post_type=product&#038;p=436"},"modified":"2024-12-09T10:24:38","modified_gmt":"2024-12-09T10:24:38","slug":"ceramic-pad-printer","status":"publish","type":"product","link":"https:\/\/www.linkceramics.com\/fr\/product\/ceramic-pad-printer\/","title":{"rendered":"Imprimante automatique de tampons c\u00e9ramiques 2-4 couleurs pour l'impression de c\u00e9ramiques"},"content":{"rendered":"<div class=\"wp-block-columns is-layout-flex wp-container-core-columns-is-layout-9d6595d7 wp-block-columns-is-layout-flex\">\n<div class=\"wp-block-column is-layout-flow wp-block-column-is-layout-flow\">\n<h3 class=\"wp-block-heading\"><strong>Caract\u00e9ristiques de l'imprimante \u00e0 tampon<\/strong><\/h3>\n\n\n\n<p>Polyvalence : Convient pour l'impression sur une vari\u00e9t\u00e9 de surfaces c\u00e9ramiques, y compris les formes plates, incurv\u00e9es et irr\u00e9guli\u00e8res, \u00e0 l'int\u00e9rieur et \u00e0 l'ext\u00e9rieur de la c\u00e9ramique. Il peut \u00e9galement \u00eatre utilis\u00e9 pour imprimer des tasses, des assiettes, des soufflets et d'autres plats en c\u00e9ramique.<\/p>\n\n\n\n<p>Impression multicolore et personnalisation : Il prend en charge les capacit\u00e9s d'impression multicolore, y compris les options 2 couleurs et 4 couleurs. Il est \u00e9galement possible de personnaliser les motifs et les dessins d'impression pour r\u00e9pondre aux besoins des clients et aux tendances du march\u00e9.<\/p>\n<\/div>\n\n\n\n<div class=\"wp-block-column is-layout-flow wp-block-column-is-layout-flow\">\n<figure class=\"wp-block-embed is-type-video is-provider-youtube wp-block-embed-youtube wp-embed-aspect-16-9 wp-has-aspect-ratio\"><div class=\"wp-block-embed__wrapper\">\n<iframe title=\"tampographie de plaques de poterie\" width=\"500\" height=\"281\" src=\"https:\/\/www.youtube.com\/embed\/TkmTveFmIrY?feature=oembed\" frameborder=\"0\" allow=\"accelerometer; autoplay; clipboard-write; encrypted-media; gyroscope; picture-in-picture; web-share\" referrerpolicy=\"strict-origin-when-cross-origin\" allowfullscreen><\/iframe>\n<\/div><\/figure>\n<\/div>\n<\/div>\n\n\n\n<div class=\"wp-block-columns is-layout-flex wp-container-core-columns-is-layout-9d6595d7 wp-block-columns-is-layout-flex\">\n<div class=\"wp-block-column is-layout-flow wp-block-column-is-layout-flow\">\n<h3 class=\"wp-block-heading\"><strong>Param\u00e8tres de l'imprimante \u00e0 tampon<\/strong><\/h3>\n\n\n\n<figure class=\"wp-block-table\"><table class=\"has-fixed-layout\"><tbody><tr><td>Mod\u00e8le<\/td><td>2 couleurs<\/td><td>4 couleurs<\/td><\/tr><tr><td>Hauteur d'impression<\/td><td>25-35cm<\/td><td>25-35cm<\/td><\/tr><tr><td>Zone d'impression maximale<\/td><td>40x40cm<\/td><td>40x40cm<\/td><\/tr><tr><td>Taille de la plaque d'encre<\/td><td>75\u00d755 cm<\/td><td>75\u00d755 cm<\/td><\/tr><tr><td>Puissance (kw)<\/td><td>1,5kw\/22ov<\/td><td>1,5 kW<\/td><\/tr><tr><td>Dimension(lxwxh)<\/td><td>200x65x220cm(h)<\/td><td>220x130x220cm(h)<\/td><\/tr><tr><td>Vitesse<\/td><td>600-800pcs\/h<\/td><td>600-800pcs\/h<\/td><\/tr><tr><td>Poids (kgs)<\/td><td>500 kg<\/td><td>1200 kg<\/td><\/tr><\/tbody><\/table><\/figure>\n<\/div>\n\n\n\n<div class=\"wp-block-column is-layout-flow wp-block-column-is-layout-flow\">\n<figure class=\"wp-block-image size-full\"><img decoding=\"async\" width=\"1276\" height=\"1276\" src=\"https:\/\/www.linkceramics.com\/wp-content\/uploads\/2024\/11\/pad-printer5.webp\" alt=\"tampon-imprimante5\" class=\"wp-image-445\" srcset=\"https:\/\/www.linkceramics.com\/wp-content\/uploads\/2024\/11\/pad-printer5.webp 1276w, https:\/\/www.linkceramics.com\/wp-content\/uploads\/2024\/11\/pad-printer5-300x300.webp 300w, https:\/\/www.linkceramics.com\/wp-content\/uploads\/2024\/11\/pad-printer5-150x150.webp 150w, https:\/\/www.linkceramics.com\/wp-content\/uploads\/2024\/11\/pad-printer5-768x768.webp 768w, https:\/\/www.linkceramics.com\/wp-content\/uploads\/2024\/11\/pad-printer5-1200x1200.webp 1200w, https:\/\/www.linkceramics.com\/wp-content\/uploads\/2024\/11\/pad-printer5-600x600.webp 600w, https:\/\/www.linkceramics.com\/wp-content\/uploads\/2024\/11\/pad-printer5-100x100.webp 100w\" sizes=\"(max-width: 1276px) 100vw, 1276px\" \/><\/figure>\n<\/div>\n<\/div>\n\n\n\n<p><\/p>","protected":false},"excerpt":{"rendered":"<div class=\"elementor-element elementor-element-e8e3df8 elementor-widget elementor-widget-woocommerce-product-short-description\" data-id=\"e8e3df8\" data-element_type=\"widget\" data-widget_type=\"woocommerce-product-short-description.default\">\n<div class=\"elementor-widget-container\">\n<div class=\"woocommerce-product-details__short-description\">Machine de tampographie c\u00e9ramique avec 2 \u00e0 4 choix de couleurs, adapt\u00e9e \u00e0 l'impression de tasses, de bols et de plaques en c\u00e9ramique. Nous proposons des prix d'usine et des services techniques personnalis\u00e9s.<\/p>\n<h2>Une solution unique pour les imprimantes \u00e0 tampon :<\/h2>\n<ol>\n<li>Personnalisation : Prise en charge de pi\u00e8ces d'\u00e9quipement, d'accessoires et d'applications personnalis\u00e9s.<\/li>\n<li>Conseils en mati\u00e8re d'agencement de l'\u00e9quipement :  En fonction de la superficie de l'usine, du plan de production et de l'investissement en capital, nous fournissons des conseils professionnels sur l'agencement de l'\u00e9quipement d'impression.<\/li>\n<li>Assistance technique : Nous offrons une assistance technique permanente pour r\u00e9pondre \u00e0 tous les probl\u00e8mes ou questions qui peuvent se poser pendant l'utilisation de la machine.<\/li>\n<\/ol>\n<\/div>\n<\/div>\n<\/div>\n<div class=\"elementor-element elementor-element-713ad46 elementor-widget elementor-widget-text-editor\" data-id=\"713ad46\" data-element_type=\"widget\" data-widget_type=\"text-editor.default\">\n<div class=\"elementor-widget-container\">En tant que fabricant leader de machines pour la c\u00e9ramique, nous nous engageons \u00e0 fournir d'excellentes machines et services pour la fabrication de vaisselle en c\u00e9ramique afin d'assurer la r\u00e9ussite de nos clients.-Yutai<\/div>\n<\/div>","protected":false},"featured_media":445,"comment_status":"open","ping_status":"closed","template":"","meta":{"_acf_changed":true},"certification":[59,61,60,62],"product_brand":[],"product_cat":[39,40],"product_tag":[],"class_list":{"0":"post-436","1":"product","2":"type-product","3":"status-publish","4":"has-post-thumbnail","6":"certification-ce","7":"certification-iso-14001","8":"certification-iso-45001","9":"certification-iso-9001","10":"product_cat-ceramic-machinery","11":"product_cat-ceramic-machines","13":"first","14":"instock","15":"shipping-taxable","16":"product-type-simple"},"acf":[],"_links":{"self":[{"href":"https:\/\/www.linkceramics.com\/fr\/wp-json\/wp\/v2\/product\/436","targetHints":{"allow":["GET"]}}],"collection":[{"href":"https:\/\/www.linkceramics.com\/fr\/wp-json\/wp\/v2\/product"}],"about":[{"href":"https:\/\/www.linkceramics.com\/fr\/wp-json\/wp\/v2\/types\/product"}],"replies":[{"embeddable":true,"href":"https:\/\/www.linkceramics.com\/fr\/wp-json\/wp\/v2\/comments?post=436"}],"wp:featuredmedia":[{"embeddable":true,"href":"https:\/\/www.linkceramics.com\/fr\/wp-json\/wp\/v2\/media\/445"}],"wp:attachment":[{"href":"https:\/\/www.linkceramics.com\/fr\/wp-json\/wp\/v2\/media?parent=436"}],"wp:term":[{"taxonomy":"certification","embeddable":true,"href":"https:\/\/www.linkceramics.com\/fr\/wp-json\/wp\/v2\/certification?post=436"},{"taxonomy":"product_brand","embeddable":true,"href":"https:\/\/www.linkceramics.com\/fr\/wp-json\/wp\/v2\/product_brand?post=436"},{"taxonomy":"product_cat","embeddable":true,"href":"https:\/\/www.linkceramics.com\/fr\/wp-json\/wp\/v2\/product_cat?post=436"},{"taxonomy":"product_tag","embeddable":true,"href":"https:\/\/www.linkceramics.com\/fr\/wp-json\/wp\/v2\/product_tag?post=436"}],"curies":[{"name":"wp","href":"https:\/\/api.w.org\/{rel}","templated":true}]}}