{"id":447,"date":"2024-12-09T09:54:39","date_gmt":"2024-12-09T09:54:39","guid":{"rendered":"https:\/\/www.linkceramics.com\/?post_type=product&#038;p=447"},"modified":"2024-12-09T09:54:40","modified_gmt":"2024-12-09T09:54:40","slug":"ceramic-bottom-grinder","status":"publish","type":"product","link":"https:\/\/www.linkceramics.com\/fr\/product\/ceramic-bottom-grinder\/","title":{"rendered":"Moulin \u00e0 fond en c\u00e9ramique Mugs Bols Polissage lisse en direct de l'usine"},"content":{"rendered":"<div class=\"wp-block-columns is-layout-flex wp-container-core-columns-is-layout-9d6595d7 wp-block-columns-is-layout-flex\">\n<div class=\"wp-block-column is-layout-flow wp-block-column-is-layout-flow\">\n<h3 class=\"wp-block-heading\"><strong>Caract\u00e9ristiques du broyeur de fond en c\u00e9ramique<\/strong><\/h3>\n\n\n\n<p>Meulage de pr\u00e9cision : Sp\u00e9cialement con\u00e7u pour les fonds c\u00e9ramiques afin de garantir des surfaces lisses et r\u00e9guli\u00e8res, am\u00e9liorant ainsi la qualit\u00e9 et l'aspect du produit.<\/p>\n\n\n\n<p>Efficacit\u00e9 de production \u00e9lev\u00e9e : Le processus de broyage automatis\u00e9 am\u00e9liore l'efficacit\u00e9 de la production, en r\u00e9duisant les interventions manuelles et les co\u00fbts de temps.<\/p>\n\n\n\n<p>R\u00e9glable : Profondeur et vitesse de broyage r\u00e9glables pour r\u00e9pondre aux besoins individuels des clients pour diff\u00e9rents produits.<\/p>\n<\/div>\n\n\n\n<div class=\"wp-block-column is-layout-flow wp-block-column-is-layout-flow\">\n<figure class=\"wp-block-embed is-type-video is-provider-youtube wp-block-embed-youtube wp-embed-aspect-16-9 wp-has-aspect-ratio\"><div class=\"wp-block-embed__wrapper\">\n<iframe title=\"Comment rendre le fond de la c\u00e9ramique lisse ?\" width=\"500\" height=\"281\" src=\"https:\/\/www.youtube.com\/embed\/W_4sH7umxI0?feature=oembed\" frameborder=\"0\" allow=\"accelerometer; autoplay; clipboard-write; encrypted-media; gyroscope; picture-in-picture; web-share\" referrerpolicy=\"strict-origin-when-cross-origin\" allowfullscreen><\/iframe>\n<\/div><\/figure>\n<\/div>\n<\/div>\n\n\n\n<div class=\"wp-block-columns is-layout-flex wp-container-core-columns-is-layout-9d6595d7 wp-block-columns-is-layout-flex\">\n<div class=\"wp-block-column is-layout-flow wp-block-column-is-layout-flow\">\n<h3 class=\"wp-block-heading\"><strong>Param\u00e8tres du broyeur de fond en c\u00e9ramique<\/strong><\/h3>\n\n\n\n<figure class=\"wp-block-table\"><table class=\"has-fixed-layout\"><tbody><tr><td colspan=\"2\">Mod\u00e8le<\/td><td>400<\/td><\/tr><tr><td colspan=\"2\">Diam\u00e8tre de la maille (cm)<\/td><td>75x90x80cm(h)<\/td><\/tr><tr><td colspan=\"2\">Puissance (kw)<\/td><td>200W<\/td><\/tr><tr><td colspan=\"2\">Poids (kgs)<\/td><td>50 kg<\/td><\/tr><\/tbody><\/table><\/figure>\n<\/div>\n\n\n\n<div class=\"wp-block-column is-layout-flow wp-block-column-is-layout-flow\">\n<figure class=\"wp-block-image size-full\"><img decoding=\"async\" width=\"640\" height=\"640\" src=\"https:\/\/www.linkceramics.com\/wp-content\/uploads\/2024\/11\/ceramic-bottom-grinder7.webp\" alt=\"broyeur de fond en c\u00e9ramique7\" class=\"wp-image-453\" srcset=\"https:\/\/www.linkceramics.com\/wp-content\/uploads\/2024\/11\/ceramic-bottom-grinder7.webp 640w, https:\/\/www.linkceramics.com\/wp-content\/uploads\/2024\/11\/ceramic-bottom-grinder7-300x300.webp 300w, https:\/\/www.linkceramics.com\/wp-content\/uploads\/2024\/11\/ceramic-bottom-grinder7-150x150.webp 150w, https:\/\/www.linkceramics.com\/wp-content\/uploads\/2024\/11\/ceramic-bottom-grinder7-600x600.webp 600w, https:\/\/www.linkceramics.com\/wp-content\/uploads\/2024\/11\/ceramic-bottom-grinder7-100x100.webp 100w\" sizes=\"(max-width: 640px) 100vw, 640px\" \/><\/figure>\n<\/div>\n<\/div>","protected":false},"excerpt":{"rendered":"<div class=\"elementor-element elementor-element-e8e3df8 elementor-widget elementor-widget-woocommerce-product-short-description\" data-id=\"e8e3df8\" data-element_type=\"widget\" data-widget_type=\"woocommerce-product-short-description.default\">\n<div class=\"elementor-widget-container\">\n<div class=\"woocommerce-product-details__short-description\">Le broyeur de fond de c\u00e9ramique manuel est utilis\u00e9 pour broyer et tailler le fond des assiettes, bols, tasses, soucoupes, etc. en c\u00e9ramique cuite, avec un dispositif de circulation de l'eau pour \u00e9viter la poussi\u00e8re.<\/p>\n<h2>Une solution unique pour le broyeur de fond en c\u00e9ramique :<\/h2>\n<ol>\n<li>Du sur-mesure personnalis\u00e9 : Prise en charge de pi\u00e8ces d'\u00e9quipement, d'accessoires et d'applications personnalis\u00e9s.<\/li>\n<li>Soutien \u00e0 la formation : Fournir une formation \u00e0 l'utilisation et une assistance technique pour s'assurer que les clients peuvent utiliser et entretenir l'\u00e9quipement de mani\u00e8re efficace.<\/li>\n<li>Fourniture de pi\u00e8ces d\u00e9tach\u00e9es : Fournir des services de fourniture de pi\u00e8ces d\u00e9tach\u00e9es d'origine afin que les clients puissent avoir acc\u00e8s \u00e0 tout moment \u00e0 des pi\u00e8ces d\u00e9tach\u00e9es et \u00e0 des consommables de haute qualit\u00e9.<\/li>\n<\/ol>\n<\/div>\n<\/div>\n<\/div>\n<div class=\"elementor-element elementor-element-713ad46 elementor-widget elementor-widget-text-editor\" data-id=\"713ad46\" data-element_type=\"widget\" data-widget_type=\"text-editor.default\">\n<div class=\"elementor-widget-container\">En tant que fabricant leader de machines pour la c\u00e9ramique, nous nous engageons \u00e0 fournir d'excellentes machines et services pour la fabrication de vaisselle en c\u00e9ramique afin d'assurer la r\u00e9ussite de nos clients.-Yutai<\/div>\n<\/div>","protected":false},"featured_media":453,"comment_status":"open","ping_status":"closed","template":"","meta":{"_acf_changed":true},"certification":[59,61,60,62],"product_brand":[],"product_cat":[39,40],"product_tag":[],"class_list":{"0":"post-447","1":"product","2":"type-product","3":"status-publish","4":"has-post-thumbnail","6":"certification-ce","7":"certification-iso-14001","8":"certification-iso-45001","9":"certification-iso-9001","10":"product_cat-ceramic-machinery","11":"product_cat-ceramic-machines","13":"first","14":"instock","15":"shipping-taxable","16":"product-type-simple"},"acf":[],"_links":{"self":[{"href":"https:\/\/www.linkceramics.com\/fr\/wp-json\/wp\/v2\/product\/447","targetHints":{"allow":["GET"]}}],"collection":[{"href":"https:\/\/www.linkceramics.com\/fr\/wp-json\/wp\/v2\/product"}],"about":[{"href":"https:\/\/www.linkceramics.com\/fr\/wp-json\/wp\/v2\/types\/product"}],"replies":[{"embeddable":true,"href":"https:\/\/www.linkceramics.com\/fr\/wp-json\/wp\/v2\/comments?post=447"}],"wp:featuredmedia":[{"embeddable":true,"href":"https:\/\/www.linkceramics.com\/fr\/wp-json\/wp\/v2\/media\/453"}],"wp:attachment":[{"href":"https:\/\/www.linkceramics.com\/fr\/wp-json\/wp\/v2\/media?parent=447"}],"wp:term":[{"taxonomy":"certification","embeddable":true,"href":"https:\/\/www.linkceramics.com\/fr\/wp-json\/wp\/v2\/certification?post=447"},{"taxonomy":"product_brand","embeddable":true,"href":"https:\/\/www.linkceramics.com\/fr\/wp-json\/wp\/v2\/product_brand?post=447"},{"taxonomy":"product_cat","embeddable":true,"href":"https:\/\/www.linkceramics.com\/fr\/wp-json\/wp\/v2\/product_cat?post=447"},{"taxonomy":"product_tag","embeddable":true,"href":"https:\/\/www.linkceramics.com\/fr\/wp-json\/wp\/v2\/product_tag?post=447"}],"curies":[{"name":"wp","href":"https:\/\/api.w.org\/{rel}","templated":true}]}}