{"id":456,"date":"2024-12-09T09:51:47","date_gmt":"2024-12-09T09:51:47","guid":{"rendered":"https:\/\/www.linkceramics.com\/?post_type=product&#038;p=456"},"modified":"2024-12-09T09:51:48","modified_gmt":"2024-12-09T09:51:48","slug":"wholesale-parrot-figurines","status":"publish","type":"product","link":"https:\/\/www.linkceramics.com\/fr\/product\/wholesale-parrot-figurines\/","title":{"rendered":"Exquises figurines de perroquet vintage en gros : Objets de collection d\u00e9coratifs uniques pour la maison et le jardin"},"content":{"rendered":"<h3 class=\"wp-block-heading\">Param\u00e8tres des Figurines de perroquet en gros<\/h3>\n\n\n\n<figure class=\"wp-block-table\"><table class=\"has-fixed-layout\"><tbody><tr><td>Mod\u00e8le<\/td><td>Nom du produit<\/td><td>Couleur<\/td><td>Mat\u00e9riau<\/td><td>Utilisations<\/td><td>Dimensions<\/td><td>Poids<\/td><\/tr><tr><td>E37129-H885-A01<\/td><td>Gentleman Perroquet<\/td><td>Antique Rough Brown<\/td><td>R\u00e9sine<\/td><td>d\u00e9coration int\u00e9rieure, salon<\/td><td>13.5X12X38cm<\/td><td>1,4kg\/PC<\/td><\/tr><\/tbody><\/table><\/figure>\n\n\n\n<div class=\"wp-block-columns is-layout-flex wp-container-core-columns-is-layout-9d6595d7 wp-block-columns-is-layout-flex\">\n<div class=\"wp-block-column is-layout-flow wp-block-column-is-layout-flow\">\n<figure class=\"wp-block-image size-full\"><img decoding=\"async\" width=\"768\" height=\"640\" src=\"https:\/\/www.linkceramics.com\/wp-content\/uploads\/2024\/11\/vintage-parrot-figurine-4-768x640-1.jpg\" alt=\"grossiste-parrot-figurines-4\" class=\"wp-image-458\" srcset=\"https:\/\/www.linkceramics.com\/wp-content\/uploads\/2024\/11\/vintage-parrot-figurine-4-768x640-1.jpg 768w, https:\/\/www.linkceramics.com\/wp-content\/uploads\/2024\/11\/vintage-parrot-figurine-4-768x640-1-300x250.jpg 300w, https:\/\/www.linkceramics.com\/wp-content\/uploads\/2024\/11\/vintage-parrot-figurine-4-768x640-1-600x500.jpg 600w\" sizes=\"(max-width: 768px) 100vw, 768px\" \/><\/figure>\n<\/div>\n\n\n\n<div class=\"wp-block-column is-layout-flow wp-block-column-is-layout-flow\">\n<figure class=\"wp-block-image size-full\"><img decoding=\"async\" width=\"768\" height=\"640\" src=\"https:\/\/www.linkceramics.com\/wp-content\/uploads\/2024\/11\/vintage-parrot-figurine-5-768x640-1.jpg\" alt=\"grossiste-parrot-figurines-2\" class=\"wp-image-459\" srcset=\"https:\/\/www.linkceramics.com\/wp-content\/uploads\/2024\/11\/vintage-parrot-figurine-5-768x640-1.jpg 768w, https:\/\/www.linkceramics.com\/wp-content\/uploads\/2024\/11\/vintage-parrot-figurine-5-768x640-1-300x250.jpg 300w, https:\/\/www.linkceramics.com\/wp-content\/uploads\/2024\/11\/vintage-parrot-figurine-5-768x640-1-600x500.jpg 600w\" sizes=\"(max-width: 768px) 100vw, 768px\" \/><\/figure>\n<\/div>\n<\/div>","protected":false},"excerpt":{"rendered":"<p>Explorez notre collection unique de figurines de perroquet vintage en gros, chacune fabriqu\u00e9e \u00e0 partir de mat\u00e9riaux de premi\u00e8re qualit\u00e9 pour garantir la durabilit\u00e9 et la facilit\u00e9 d'entretien. Avec un savoir-faire m\u00e9ticuleux et des couleurs vives, elles sont parfaites pour tout style d'int\u00e9rieur ou d'ext\u00e9rieur. En tant que fabricant de d\u00e9coration d'int\u00e9rieur en c\u00e9ramique, nous offrons un support de personnalisation aux acheteurs B2B, o\u00f9 l'obtention de la taille, de la couleur ou du design sp\u00e9cifique dont vous avez besoin peut am\u00e9liorer l'attrait de votre marchandise et stimuler la croissance des ventes. Contactez-nous pour en savoir plus sur les informations relatives aux produits.<\/p>\n<h2>Caract\u00e9ristiques des figurines de perroquets en gros<\/h2>\n<p><strong>Forme originale :<\/strong> La conception de la figurine de perroquet sur une souche d'arbre la rendra naturelle et harmonieuse. Une telle conception augmentera non seulement le sens tridimensionnel de la sculpture, mais la rendra \u00e9galement plus vivante et int\u00e9ressante.<br \/><strong>Durabilit\u00e9 :<\/strong> Cette figurine de perroquet vintage est fabriqu\u00e9e en r\u00e9sine de haute qualit\u00e9, qui pr\u00e9sente une excellente durabilit\u00e9 et une r\u00e9sistance \u00e0 la corrosion. Ses propri\u00e9t\u00e9s d'imperm\u00e9abilit\u00e9 et de r\u00e9sistance aux intemp\u00e9ries lui permettent de rester aussi belle que neuve, quelles que soient les conditions climatiques.<br \/><strong>Un savoir-faire exquis :<\/strong> Les plumes du perroquet sont tr\u00e8s finement d\u00e9taill\u00e9es et pr\u00e9sentent un ton blanc naturel, ce qui rend la sculpture plus artistique et r\u00e9aliste dans son ensemble.<br \/><strong>Service sur mesure :<\/strong> En tant que fabricant leader de d\u00e9coration int\u00e9rieure en Chine, nous offrons des options de personnalisation illimit\u00e9es pour r\u00e9pondre \u00e0 vos besoins et pr\u00e9f\u00e9rences uniques. Qu'il s'agisse de tailles, de couleurs ou de mat\u00e9riaux sp\u00e9cifiques, ou encore de motifs uniques, nous veillons \u00e0 ce que chaque produit r\u00e9ponde \u00e0 vos attentes.<\/p>","protected":false},"featured_media":457,"comment_status":"open","ping_status":"closed","template":"","meta":{"_acf_changed":true},"certification":[63,64,66,65,61,60,62],"product_brand":[],"product_cat":[37,38],"product_tag":[],"class_list":{"0":"post-456","1":"product","2":"type-product","3":"status-publish","4":"has-post-thumbnail","6":"certification-amfori","7":"certification-bsci","8":"certification-cnas","9":"certification-iaf","10":"certification-iso-14001","11":"certification-iso-45001","12":"certification-iso-9001","13":"product_cat-decorative-ceramic-wholesale","14":"product_cat-custom-ceramic-ornament","16":"first","17":"instock","18":"shipping-taxable","19":"product-type-simple"},"acf":[],"_links":{"self":[{"href":"https:\/\/www.linkceramics.com\/fr\/wp-json\/wp\/v2\/product\/456","targetHints":{"allow":["GET"]}}],"collection":[{"href":"https:\/\/www.linkceramics.com\/fr\/wp-json\/wp\/v2\/product"}],"about":[{"href":"https:\/\/www.linkceramics.com\/fr\/wp-json\/wp\/v2\/types\/product"}],"replies":[{"embeddable":true,"href":"https:\/\/www.linkceramics.com\/fr\/wp-json\/wp\/v2\/comments?post=456"}],"wp:featuredmedia":[{"embeddable":true,"href":"https:\/\/www.linkceramics.com\/fr\/wp-json\/wp\/v2\/media\/457"}],"wp:attachment":[{"href":"https:\/\/www.linkceramics.com\/fr\/wp-json\/wp\/v2\/media?parent=456"}],"wp:term":[{"taxonomy":"certification","embeddable":true,"href":"https:\/\/www.linkceramics.com\/fr\/wp-json\/wp\/v2\/certification?post=456"},{"taxonomy":"product_brand","embeddable":true,"href":"https:\/\/www.linkceramics.com\/fr\/wp-json\/wp\/v2\/product_brand?post=456"},{"taxonomy":"product_cat","embeddable":true,"href":"https:\/\/www.linkceramics.com\/fr\/wp-json\/wp\/v2\/product_cat?post=456"},{"taxonomy":"product_tag","embeddable":true,"href":"https:\/\/www.linkceramics.com\/fr\/wp-json\/wp\/v2\/product_tag?post=456"}],"curies":[{"name":"wp","href":"https:\/\/api.w.org\/{rel}","templated":true}]}}