{"id":467,"date":"2024-12-09T09:42:58","date_gmt":"2024-12-09T09:42:58","guid":{"rendered":"https:\/\/www.linkceramics.com\/?post_type=product&#038;p=467"},"modified":"2024-12-09T09:42:59","modified_gmt":"2024-12-09T09:42:59","slug":"custom-art-deco-plant-pot","status":"publish","type":"product","link":"https:\/\/www.linkceramics.com\/fr\/product\/custom-art-deco-plant-pot\/","title":{"rendered":"Grand pot de fleurs Vintage Art D\u00e9co : Designs uniques pour une d\u00e9coration int\u00e9rieure et ext\u00e9rieure \u00e9l\u00e9gante"},"content":{"rendered":"<h3 class=\"wp-block-heading\">Param\u00e8tres du pot \u00e0 plantes Art d\u00e9co<\/h3>\n\n\n\n<figure class=\"wp-block-table\"><table class=\"has-fixed-layout\"><tbody><tr><td>Mod\u00e8le<\/td><td>Nom du produit<\/td><td>Couleur<\/td><td>Mat\u00e9riau<\/td><td>Utilisations<\/td><td>Dimensions<\/td><td>Poids<\/td><\/tr><tr><td>J37579-H911-A01<\/td><td>Jardini\u00e8re en fibre-ciment&nbsp;<\/td><td>Pourpre fonc\u00e9 antique<\/td><td>Fibre-ciment<\/td><td>d\u00e9coration int\u00e9rieure, salon, jardin<\/td><td>D:32.5X47.5cm<\/td><td>6.9kg\/PC<\/td><\/tr><tr><td>J37579-H911-A02<\/td><td>Jardini\u00e8re en fibre-ciment&nbsp;<\/td><td>Pourpre fonc\u00e9 antique<\/td><td>Fibre-ciment<\/td><td>d\u00e9coration int\u00e9rieure, salon, jardin<\/td><td>D:29X39cm<\/td><td>5.6kg\/PC<\/td><\/tr><\/tbody><\/table><\/figure>\n\n\n\n<div class=\"wp-block-columns is-layout-flex wp-container-core-columns-is-layout-9d6595d7 wp-block-columns-is-layout-flex\">\n<div class=\"wp-block-column is-layout-flow wp-block-column-is-layout-flow\">\n<figure class=\"wp-block-image size-full\"><img decoding=\"async\" width=\"1500\" height=\"1249\" src=\"https:\/\/www.linkceramics.com\/wp-content\/uploads\/2024\/11\/art-deco-plant-pot-1.jpg\" alt=\"art-deco-plant-pot-1\" class=\"wp-image-468\" srcset=\"https:\/\/www.linkceramics.com\/wp-content\/uploads\/2024\/11\/art-deco-plant-pot-1.jpg 1500w, https:\/\/www.linkceramics.com\/wp-content\/uploads\/2024\/11\/art-deco-plant-pot-1-300x250.jpg 300w, https:\/\/www.linkceramics.com\/wp-content\/uploads\/2024\/11\/art-deco-plant-pot-1-768x639.jpg 768w, https:\/\/www.linkceramics.com\/wp-content\/uploads\/2024\/11\/art-deco-plant-pot-1-1200x999.jpg 1200w, https:\/\/www.linkceramics.com\/wp-content\/uploads\/2024\/11\/art-deco-plant-pot-1-600x500.jpg 600w\" sizes=\"(max-width: 1500px) 100vw, 1500px\" \/><\/figure>\n<\/div>\n\n\n\n<div class=\"wp-block-column is-layout-flow wp-block-column-is-layout-flow\">\n<figure class=\"wp-block-image size-full\"><img decoding=\"async\" width=\"768\" height=\"639\" src=\"https:\/\/www.linkceramics.com\/wp-content\/uploads\/2024\/11\/art-deco-plant-pot-3-768x639-1.jpg\" alt=\"art-deco-plant-pot-3-768x639\" class=\"wp-image-469\" srcset=\"https:\/\/www.linkceramics.com\/wp-content\/uploads\/2024\/11\/art-deco-plant-pot-3-768x639-1.jpg 768w, https:\/\/www.linkceramics.com\/wp-content\/uploads\/2024\/11\/art-deco-plant-pot-3-768x639-1-300x250.jpg 300w, https:\/\/www.linkceramics.com\/wp-content\/uploads\/2024\/11\/art-deco-plant-pot-3-768x639-1-600x499.jpg 600w\" sizes=\"(max-width: 768px) 100vw, 768px\" \/><\/figure>\n<\/div>\n<\/div>","protected":false},"excerpt":{"rendered":"<p data-pm-slice=\"0 0 []\">Ce pot \u00e0 plantes personnalisable pr\u00e9sente un design r\u00e9tro, alliant parfaitement \u00e9l\u00e9gance et praticit\u00e9. Fabriqu\u00e9 \u00e0 partir de mat\u00e9riaux en fibrociment de haute qualit\u00e9, il garantit durabilit\u00e9 et praticit\u00e9, ce qui en fait un choix id\u00e9al pour les amateurs de jardinage et les clients commerciaux.<\/p>\n<h2>Caract\u00e9ristiques du pot \u00e0 plantes Art Deco<\/h2>\n<p><strong>Imitation de la texture de la pierre naturelle :<\/strong> La surface de ce pot \u00e0 plantes art d\u00e9co pr\u00e9sente une texture rugueuse unique, qui rappelle la simplicit\u00e9 et la texture de la pierre naturelle. Cette texture et ce toucher naturels ajoutent non seulement \u00e0 l'authenticit\u00e9 du produit, mais sont \u00e9galement parfaits pour les amateurs de jardinage qui recherchent la beaut\u00e9 naturelle.<br \/><strong>Style r\u00e9tro :<\/strong> La conception unique de l'apparence incorpore un style r\u00e9tro fort, montrant une beaut\u00e9 classique. Qu'il s'agisse de maisons modernes ou de d\u00e9corations classiques, il peut \u00eatre facilement int\u00e9gr\u00e9 pour rehausser le style et l'atmosph\u00e8re de l'espace.<br \/><strong>Un sens aigu de l'art :<\/strong> La texture irr\u00e9guli\u00e8re et la surface marbr\u00e9e ajoutent une forte atmosph\u00e8re artistique au pot de fleurs vintage, lui conf\u00e9rant un charme unique comme une \u0153uvre d'art, convenant aux jardins, aux cours et \u00e0 la d\u00e9coration int\u00e9rieure.<br \/><strong>Structure stable :<\/strong> Notre pot \u00e0 plantes adopte une forme lourde et solide, et sa stabilit\u00e9 garantit un environnement de croissance s\u00fbr pour les plantes. Sa bonne durabilit\u00e9 lui permet de rester en bon \u00e9tat pendant longtemps dans des conditions ext\u00e9rieures. Il r\u00e9siste au vent et au soleil, ce qui permet \u00e0 vos plantes de prosp\u00e9rer dans diverses conditions m\u00e9t\u00e9orologiques.<br \/><strong>Service de pot de fleurs personnalis\u00e9 OEM et ODM :<\/strong> Nous proposons des services flexibles d'OEM et d'ODM pour les pots de fleurs personnalis\u00e9s. Nous proposons une large gamme de mat\u00e9riaux et de proc\u00e9d\u00e9s, notamment le ciment coul\u00e9, le fibrociment et l'argile. Que vous ayez besoin d'une taille, d'une couleur ou d'une texture sp\u00e9cifique, notre \u00e9quipe peut vous aider \u00e0 cr\u00e9er un pot de fleurs unique et personnalis\u00e9.<\/p>","protected":false},"featured_media":470,"comment_status":"open","ping_status":"closed","template":"","meta":{"_acf_changed":true},"certification":[63,64,66,65,61,60,62],"product_brand":[],"product_cat":[37,38,17],"product_tag":[],"class_list":{"0":"post-467","1":"product","2":"type-product","3":"status-publish","4":"has-post-thumbnail","6":"certification-amfori","7":"certification-bsci","8":"certification-cnas","9":"certification-iaf","10":"certification-iso-14001","11":"certification-iso-45001","12":"certification-iso-9001","13":"product_cat-decorative-ceramic-wholesale","14":"product_cat-custom-ceramic-ornament","15":"product_cat-ceramic-vases-wholesale","17":"first","18":"instock","19":"shipping-taxable","20":"product-type-simple"},"acf":[],"_links":{"self":[{"href":"https:\/\/www.linkceramics.com\/fr\/wp-json\/wp\/v2\/product\/467","targetHints":{"allow":["GET"]}}],"collection":[{"href":"https:\/\/www.linkceramics.com\/fr\/wp-json\/wp\/v2\/product"}],"about":[{"href":"https:\/\/www.linkceramics.com\/fr\/wp-json\/wp\/v2\/types\/product"}],"replies":[{"embeddable":true,"href":"https:\/\/www.linkceramics.com\/fr\/wp-json\/wp\/v2\/comments?post=467"}],"wp:featuredmedia":[{"embeddable":true,"href":"https:\/\/www.linkceramics.com\/fr\/wp-json\/wp\/v2\/media\/470"}],"wp:attachment":[{"href":"https:\/\/www.linkceramics.com\/fr\/wp-json\/wp\/v2\/media?parent=467"}],"wp:term":[{"taxonomy":"certification","embeddable":true,"href":"https:\/\/www.linkceramics.com\/fr\/wp-json\/wp\/v2\/certification?post=467"},{"taxonomy":"product_brand","embeddable":true,"href":"https:\/\/www.linkceramics.com\/fr\/wp-json\/wp\/v2\/product_brand?post=467"},{"taxonomy":"product_cat","embeddable":true,"href":"https:\/\/www.linkceramics.com\/fr\/wp-json\/wp\/v2\/product_cat?post=467"},{"taxonomy":"product_tag","embeddable":true,"href":"https:\/\/www.linkceramics.com\/fr\/wp-json\/wp\/v2\/product_tag?post=467"}],"curies":[{"name":"wp","href":"https:\/\/api.w.org\/{rel}","templated":true}]}}