{"id":473,"date":"2024-12-09T09:31:17","date_gmt":"2024-12-09T09:31:17","guid":{"rendered":"https:\/\/www.linkceramics.com\/?post_type=product&#038;p=473"},"modified":"2024-12-09T09:31:18","modified_gmt":"2024-12-09T09:31:18","slug":"wholesale-customizable-plant-pot","status":"publish","type":"product","link":"https:\/\/www.linkceramics.com\/fr\/product\/wholesale-customizable-plant-pot\/","title":{"rendered":"Wholesale Terracotta Customizable Plant Pots for Elegant Garden Decor (Pots de plantes personnalisables en terre cuite pour une d\u00e9coration de jardin \u00e9l\u00e9gante)"},"content":{"rendered":"<h3 class=\"wp-block-heading\">Param\u00e8tres du pot de fleur personnalisable<\/h3>\n\n\n\n<figure class=\"wp-block-table\"><table class=\"has-fixed-layout\"><tbody><tr><td>Mod\u00e8le<\/td><td>Nom du produit<\/td><td>Couleur<\/td><td>Mat\u00e9riau<\/td><td>Utilisations<\/td><td>Dimensions<\/td><td>Poids<\/td><\/tr><tr><td>G33514-H910-A01<\/td><td>Pot \u00e0 plantes antique personnalisable<\/td><td>Antique fonc\u00e9<\/td><td>Terre cuite<\/td><td>d\u00e9coration int\u00e9rieure, salon, jardin<\/td><td>D:21X17cm<\/td><td>2.2kg\/PC<\/td><\/tr><tr><td>G33514-H910-A02<\/td><td>Pot \u00e0 plantes antique personnalisable<\/td><td>Antique fonc\u00e9<\/td><td>Terre cuite<\/td><td>d\u00e9coration int\u00e9rieure, salon, jardin<\/td><td>D:17X13.5cm<\/td><td>1,4kg\/PC<\/td><\/tr><tr><td>G33514-H910-A03<\/td><td>Pot \u00e0 plantes antique personnalisable<\/td><td>Antique fonc\u00e9<\/td><td>Terre cuite<\/td><td>d\u00e9coration int\u00e9rieure, salon, jardin<\/td><td>D:13.5X11cm<\/td><td>0,9kg\/PC<\/td><\/tr><\/tbody><\/table><\/figure>\n\n\n\n<div class=\"wp-block-columns is-layout-flex wp-container-core-columns-is-layout-9d6595d7 wp-block-columns-is-layout-flex\">\n<div class=\"wp-block-column is-layout-flow wp-block-column-is-layout-flow\">\n<figure class=\"wp-block-image size-full\"><img decoding=\"async\" width=\"1560\" height=\"1300\" src=\"https:\/\/www.linkceramics.com\/wp-content\/uploads\/2024\/11\/Wholesale-Customizable-Flower-Pots-1.webp\" alt=\"Grossiste-Pots de fleurs personnalisables-1\" class=\"wp-image-474\" srcset=\"https:\/\/www.linkceramics.com\/wp-content\/uploads\/2024\/11\/Wholesale-Customizable-Flower-Pots-1.webp 1560w, https:\/\/www.linkceramics.com\/wp-content\/uploads\/2024\/11\/Wholesale-Customizable-Flower-Pots-1-300x250.webp 300w, https:\/\/www.linkceramics.com\/wp-content\/uploads\/2024\/11\/Wholesale-Customizable-Flower-Pots-1-768x640.webp 768w, https:\/\/www.linkceramics.com\/wp-content\/uploads\/2024\/11\/Wholesale-Customizable-Flower-Pots-1-1200x1000.webp 1200w, https:\/\/www.linkceramics.com\/wp-content\/uploads\/2024\/11\/Wholesale-Customizable-Flower-Pots-1-600x500.webp 600w\" sizes=\"(max-width: 1560px) 100vw, 1560px\" \/><\/figure>\n<\/div>\n\n\n\n<div class=\"wp-block-column is-layout-flow wp-block-column-is-layout-flow\">\n<figure class=\"wp-block-image size-full\"><img decoding=\"async\" width=\"768\" height=\"640\" src=\"https:\/\/www.linkceramics.com\/wp-content\/uploads\/2024\/11\/Wholesale-Customizable-Flower-Pots-5-768x640-1.webp\" alt=\"Grossiste-Pots de fleurs personnalisables-5-768x640\" class=\"wp-image-478\" srcset=\"https:\/\/www.linkceramics.com\/wp-content\/uploads\/2024\/11\/Wholesale-Customizable-Flower-Pots-5-768x640-1.webp 768w, https:\/\/www.linkceramics.com\/wp-content\/uploads\/2024\/11\/Wholesale-Customizable-Flower-Pots-5-768x640-1-300x250.webp 300w, https:\/\/www.linkceramics.com\/wp-content\/uploads\/2024\/11\/Wholesale-Customizable-Flower-Pots-5-768x640-1-600x500.webp 600w\" sizes=\"(max-width: 768px) 100vw, 768px\" \/><\/figure>\n<\/div>\n<\/div>","protected":false},"excerpt":{"rendered":"<p data-pm-slice=\"0 0 []\">Les pots \u00e0 plantes personnalisables en gros r\u00e9pondent non seulement aux besoins des achats \u00e0 grande \u00e9chelle, mais gagnent \u00e9galement une large faveur gr\u00e2ce \u00e0 notre service de personnalisation unique. Le design en grain de bois gris de ce pot \u00e0 plantes r\u00e9tro peut \u00eatre bien int\u00e9gr\u00e9 dans l'atmosph\u00e8re g\u00e9n\u00e9rale du jardin. En pla\u00e7ant des pots de diff\u00e9rentes tailles dans des positions diff\u00e9rentes, on peut cr\u00e9er un riche sens de la hi\u00e9rarchie. Il convient \u00e0 un usage personnel et familial et est plus parfaitement adapt\u00e9 aux h\u00f4tels et aux jardins. N'h\u00e9sitez pas \u00e0 nous contacter pour tout achat.<\/p>\n<h2>Caract\u00e9ristiques du pot de fleurs personnalisable<\/h2>\n<p><strong>Aspect naturel :<\/strong> La surface du pot en terre cuite adopte une texture semblable \u00e0 celle du bois, et la combinaison de diff\u00e9rentes nuances de gris lui conf\u00e8re un aspect naturel et rustique, qui convient parfaitement \u00e0 diff\u00e9rents styles de d\u00e9coration int\u00e9rieure ou ext\u00e9rieure.<br \/><strong>Am\u00e9liore l'effet de d\u00e9coration du jardin :<\/strong> Le design en grain de bois gris de ce pot en terre cuite est facile \u00e0 assortir \u00e0 d'autres \u00e9l\u00e9ments du jardin (tels que la pierre, le bois, le m\u00e9tal, etc.). Associ\u00e9 \u00e0 des d\u00e9corations telles que des si\u00e8ges de jardin, des cl\u00f4tures ou des sculptures, il peut cr\u00e9er un effet visuel harmonieux et unifi\u00e9.<br \/>Durabilit\u00e9 : Ces pots \u00e0 plantes personnalisables sont fabriqu\u00e9s en terre cuite de haute qualit\u00e9, qui pr\u00e9sente une bonne durabilit\u00e9 et des propri\u00e9t\u00e9s antivieillissement.<br \/><strong>Plusieurs options de taille :<\/strong> Le produit propose trois tailles diff\u00e9rentes de pots de fleurs pour r\u00e9pondre aux besoins de plantation et de d\u00e9coration. Qu'il s'agisse de grandes plantes ou de petites plantes grasses, vous trouverez un pot de la bonne taille.<br \/><strong>Options personnalis\u00e9es :<\/strong> Nous proposons des services de pots de fleurs personnalis\u00e9s. Les clients peuvent choisir diff\u00e9rentes tailles, couleurs, textures, etc. en fonction de leurs besoins et pr\u00e9f\u00e9rences pour cr\u00e9er un pot unique.<\/p>","protected":false},"featured_media":475,"comment_status":"open","ping_status":"closed","template":"","meta":{"_acf_changed":true},"certification":[63,64,66,65,61,60,62],"product_brand":[],"product_cat":[37,38,17],"product_tag":[],"class_list":{"0":"post-473","1":"product","2":"type-product","3":"status-publish","4":"has-post-thumbnail","6":"certification-amfori","7":"certification-bsci","8":"certification-cnas","9":"certification-iaf","10":"certification-iso-14001","11":"certification-iso-45001","12":"certification-iso-9001","13":"product_cat-decorative-ceramic-wholesale","14":"product_cat-custom-ceramic-ornament","15":"product_cat-ceramic-vases-wholesale","17":"first","18":"instock","19":"shipping-taxable","20":"product-type-simple"},"acf":[],"_links":{"self":[{"href":"https:\/\/www.linkceramics.com\/fr\/wp-json\/wp\/v2\/product\/473","targetHints":{"allow":["GET"]}}],"collection":[{"href":"https:\/\/www.linkceramics.com\/fr\/wp-json\/wp\/v2\/product"}],"about":[{"href":"https:\/\/www.linkceramics.com\/fr\/wp-json\/wp\/v2\/types\/product"}],"replies":[{"embeddable":true,"href":"https:\/\/www.linkceramics.com\/fr\/wp-json\/wp\/v2\/comments?post=473"}],"wp:featuredmedia":[{"embeddable":true,"href":"https:\/\/www.linkceramics.com\/fr\/wp-json\/wp\/v2\/media\/475"}],"wp:attachment":[{"href":"https:\/\/www.linkceramics.com\/fr\/wp-json\/wp\/v2\/media?parent=473"}],"wp:term":[{"taxonomy":"certification","embeddable":true,"href":"https:\/\/www.linkceramics.com\/fr\/wp-json\/wp\/v2\/certification?post=473"},{"taxonomy":"product_brand","embeddable":true,"href":"https:\/\/www.linkceramics.com\/fr\/wp-json\/wp\/v2\/product_brand?post=473"},{"taxonomy":"product_cat","embeddable":true,"href":"https:\/\/www.linkceramics.com\/fr\/wp-json\/wp\/v2\/product_cat?post=473"},{"taxonomy":"product_tag","embeddable":true,"href":"https:\/\/www.linkceramics.com\/fr\/wp-json\/wp\/v2\/product_tag?post=473"}],"curies":[{"name":"wp","href":"https:\/\/api.w.org\/{rel}","templated":true}]}}